{"id":1508,"date":"2023-06-01T10:43:59","date_gmt":"2023-06-01T10:43:59","guid":{"rendered":"https:\/\/wp.icmm.csic.es\/nanocarma\/?page_id=1508"},"modified":"2023-06-01T10:48:57","modified_gmt":"2023-06-01T10:48:57","slug":"jose-maria-alonso-rodriguez","status":"publish","type":"page","link":"https:\/\/wp.icmm.csic.es\/nanocarma\/?page_id=1508","title":{"rendered":"Jos\u00e9 Mar\u00eda Alonso Rodr\u00edguez"},"content":{"rendered":"<p>Staff Scientist<br \/>\nemail: jm.a.r.0 [at] csic.es<\/p>\n<p>Cient\u00edfico Titular<br \/>\nCorreo electr\u00f3nico: jm.a.r.0 [at] csic.es<\/p>\n","protected":false},"excerpt":{"rendered":"<p>Staff Scientist email: jm.a.r.0 [at] csic.es Cient\u00edfico Titular Correo electr\u00f3nico: jm.a.r.0 [at] csic.es<\/p>\n","protected":false},"author":77,"featured_media":0,"parent":1272,"menu_order":0,"comment_status":"closed","ping_status":"closed","template":"","meta":{"ngg_post_thumbnail":0,"footnotes":""},"class_list":["post-1508","page","type-page","status-publish","hentry"],"_links":{"self":[{"href":"https:\/\/wp.icmm.csic.es\/nanocarma\/index.php?rest_route=\/wp\/v2\/pages\/1508","targetHints":{"allow":["GET"]}}],"collection":[{"href":"https:\/\/wp.icmm.csic.es\/nanocarma\/index.php?rest_route=\/wp\/v2\/pages"}],"about":[{"href":"https:\/\/wp.icmm.csic.es\/nanocarma\/index.php?rest_route=\/wp\/v2\/types\/page"}],"author":[{"embeddable":true,"href":"https:\/\/wp.icmm.csic.es\/nanocarma\/index.php?rest_route=\/wp\/v2\/users\/77"}],"replies":[{"embeddable":true,"href":"https:\/\/wp.icmm.csic.es\/nanocarma\/index.php?rest_route=%2Fwp%2Fv2%2Fcomments&post=1508"}],"version-history":[{"count":3,"href":"https:\/\/wp.icmm.csic.es\/nanocarma\/index.php?rest_route=\/wp\/v2\/pages\/1508\/revisions"}],"predecessor-version":[{"id":1511,"href":"https:\/\/wp.icmm.csic.es\/nanocarma\/index.php?rest_route=\/wp\/v2\/pages\/1508\/revisions\/1511"}],"up":[{"embeddable":true,"href":"https:\/\/wp.icmm.csic.es\/nanocarma\/index.php?rest_route=\/wp\/v2\/pages\/1272"}],"wp:attachment":[{"href":"https:\/\/wp.icmm.csic.es\/nanocarma\/index.php?rest_route=%2Fwp%2Fv2%2Fmedia&parent=1508"}],"curies":[{"name":"wp","href":"https:\/\/api.w.org\/{rel}","templated":true}]}}