{"id":278,"date":"2011-05-05T17:30:57","date_gmt":"2011-05-05T15:30:57","guid":{"rendered":"http:\/\/www.icmm.csic.es\/Nanocarma\/?page_id=278"},"modified":"2011-05-05T17:30:57","modified_gmt":"2011-05-05T15:30:57","slug":"curso-tem-y-raman","status":"publish","type":"page","link":"https:\/\/wp.icmm.csic.es\/nanocarma\/?page_id=278","title":{"rendered":"Course on Microscopy in Materiales Science: TEM and Raman"},"content":{"rendered":"<p><!--:en--><img loading=\"lazy\" decoding=\"async\" src=\"..\/..\/nanocarma\/csicsmll.gif\" border=\"0\" alt=\"CSIC logo\" width=\"58\" height=\"81\" \/> Curso de especializaci\u00f3n del CSIC<\/p>\n<h3>T\u00e9cnicas de Microscop\u00eda en Ciencia de Materiales: Microscop\u00eda Electr\u00f3nica de Transmisi\u00f3n (TEM) y Micro-Raman<\/h3>\n<h3>Resumen del contenido y objetivos del curso<\/h3>\n<p style=\"text-align: justify\">En este  curso se da una visi\u00f3n amplia y actualizada del estado del arte en el  campo de las\u00a0 microscopias avanzadas aplicadas al estudio de materiales y  nanociencia. En particular se tratar\u00e1n la Microscop\u00eda Electr\u00f3nica de  transmisi\u00f3n (TEM) junto con la Micro-espectroscop\u00eda Raman. La  microscop\u00eda electr\u00f3nica de transmisi\u00f3n, especialmente de alta resoluci\u00f3n  (HRTEM) proporciona informaci\u00f3n sobre la estructura de los materiales  con una resoluci\u00f3n espacial de 0,15-0,3 nm. Para ello se utilizan  im\u00e1genes en el espacio real junto con diagramas de difracci\u00f3n de  electrones, que dan informaci\u00f3n sobre morfolog\u00eda, tama\u00f1o de part\u00edcula,  orientaci\u00f3n, grado de cristalinidad y perfiles de distribuci\u00f3n de  tama\u00f1o. Adem\u00e1s, se puede obtener informaci\u00f3n adicional mediante t\u00e9cnicas  asociadas como la espectroscop\u00eda de dispersi\u00f3n de energ\u00eda de rayos X  (X-EDS) y la espectroscop\u00eda de p\u00e9rdida de energ\u00eda de electrones (EELS).  Los espectros obtenidos proporcionan informaci\u00f3n qu\u00edmica y electr\u00f3nica  de los materiales estudiados. La espectroscopia Raman es una t\u00e9cnica  anal\u00edtica no destructiva que proporciona informaci\u00f3n sobre el tipo de  enlace qu\u00edmico y la microestructura de los materiales. Asimismo es  posible obtener la orientaci\u00f3n, el estado de desorden, las tensiones  residuales, la aparici\u00f3n de nuevas fases cristalogr\u00e1ficas, etc. La  resoluci\u00f3n espacial es inferior a un micr\u00f3metro.<\/p>\n<h3>Programa<\/h3>\n<p>Temario<br \/>\nIntroducci\u00f3n a la microscop\u00eda en Ciencia y Tecnolog\u00eda de Materiales:<br \/>\nI) Microscop\u00eda electr\u00f3nica de transmisi\u00f3n (TEM)<br \/>\n-Microscop\u00eda \u00f3ptica y electr\u00f3nica. Electrones versus luz.<br \/>\n-Tipos de microscopios electr\u00f3nicos.<br \/>\n-Obtenci\u00f3n de un haz de electrones. Dispersi\u00f3n el\u00e1stica. Dispersi\u00f3n inel\u00e1stica.<br \/>\n-Difracci\u00f3n de electrones.Interpretaci\u00f3n.<br \/>\n-Obtenci\u00f3n de im\u00e1genes: Mecanismos de contraste. Concepto de alta resoluci\u00f3n. -Interpretaci\u00f3n de im\u00e1genes. M\u00e9todos<br \/>\npara la interpretaci\u00f3n de im\u00e1genes.<br \/>\n-T\u00e9cnicas de difracci\u00f3n: aspectos comparativos (rayos-X, neutrones, electrones)<br \/>\n-T\u00e9cnicas asociadas: X-EDS, EFTEM, EELS.<br \/>\n-Preparaci\u00f3n de muestras: Materiales homog\u00e9neos. Materiales inhomog\u00e9neos: secciones planas y secciones<br \/>\ntransversales.<br \/>\n-Ejemplos pr\u00e1cticos en diferentes materiales.<br \/>\n-Bibliograf\u00eda<\/p>\n<p>II) Microscop\u00eda Raman<br \/>\n-Introducci\u00f3n: Esparcimiento de la luz. Efecto Raman.<br \/>\n-Espectroscop\u00eda Raman: Instrumentaci\u00f3n<br \/>\n-Ejemplos pr\u00e1cticos en diferentes materiales. Interpretaci\u00f3n<br \/>\n-Microscop\u00eda Raman: Resoluci\u00f3n espacial. T\u00e9cnicas de campo cercano<br \/>\n-Aplicaciones a distintos campos<br \/>\n-Bibliograf\u00eda<\/p>\n<table border=\"0\" cellspacing=\"0\" cellpadding=\"30\" width=\"100%\" align=\"left\">\n<tbody>\n<tr>\n<td><strong>Directora<\/strong>:<\/td>\n<td><a href=\"http:\/\/www.icmm.csic.es\/Nanocarma\/?page_id=85\">Pilar Herrero Fern\u00e1ndez<\/a><\/td>\n<\/tr>\n<tr>\n<td><strong>Subdirector<\/strong>:<\/td>\n<td><a href=\"http:\/\/www.icmm.csic.es\/Nanocarma\/?page_id=90\">\u00c1ngel R. Landa C\u00e1novas<\/a><\/td>\n<\/tr>\n<tr>\n<td><strong>Profesores<\/strong>:<\/td>\n<td><a href=\"http:\/\/www.icmm.csic.es\/Nanocarma\/?page_id=85\">Pilar Herrero Fern\u00e1ndez<\/a><br \/>\n<a href=\"http:\/\/www.icmm.csic.es\/Nanocarma\/?page_id=90\">\u00c1ngel R. Landa C\u00e1novas<\/a><br \/>\n<a href=\"http:\/\/www.icmm.csic.es\/Nanocarma\/?page_id=88\">Fernando Agull\u00f3-Rueda<\/a><br \/>\n<a href=\"http:\/\/www.icmm.csic.es\/Nanocarma\/?page_id=93\">Jorge Hern\u00e1ndez-Velasco<\/a><br \/>\n<a href=\"http:\/\/www.mater.upm.es\/Directorio\/PDI\/TU\/Perez.asp\">Jos\u00e9 P\u00e9rez Rigueiro<\/a> (UPM)<br \/>\n<a href=\"http:\/\/www.cnme.es\/index.php?option=com_contact&amp;view=contact&amp;id=4:javier-garcia-garcia&amp;catid=15&amp;Itemid=133\">Javier Garc\u00eda Garc\u00eda<\/a> (UCM) (invitado)<\/td>\n<\/tr>\n<tr>\n<td><strong>Requisitos<\/strong>:<\/td>\n<td>Licenciatura o ingenier\u00eda<\/td>\n<\/tr>\n<tr>\n<td><strong>Idioma del curso<\/strong>:<\/td>\n<td>Espa\u00f1ol<\/td>\n<\/tr>\n<tr>\n<td><strong>Importe<\/strong>:<\/td>\n<td>200 \u20ac<\/td>\n<\/tr>\n<tr>\n<td><strong>Formulario de inscripci\u00f3n<\/strong>:<\/td>\n<td><a href=\"https:\/\/wp.icmm.csic.es\/nanocarma\/wp-content\/uploads\/sites\/38\/2014\/05\/FormularioInscripcionMicroscopia.doc\">MS Word<\/a><br \/>\n<a href=\"https:\/\/wp.icmm.csic.es\/nanocarma\/wp-content\/uploads\/sites\/38\/2014\/05\/FormularioInscripcionMicroscopia.odt\">Open\/Libre Office<\/a><br \/>\n<a href=\"https:\/\/wp.icmm.csic.es\/nanocarma\/wp-content\/uploads\/sites\/38\/2014\/05\/FormularioInscripcionMicroscopia.pdf\">PDF<\/a><\/td>\n<\/tr>\n<tr>\n<td><strong>Instrucciones de pago<\/strong>:<\/td>\n<td>Los alumnos deben realizar una transferencia de 200 \u20ac al Instituto de Ciencia de Materiales de Madrid (ICMM-CSIC).<br \/>\nN\u00famero de cuenta destino: 0049 5662 44 2110174727<br \/>\nEntidad: Banco Santander<br \/>\nConcepto: Curso Microscop\u00eda TEM y Raman.<br \/>\nOrdenante: Nombre del alumno<\/td>\n<\/tr>\n<tr>\n<td><strong>Duraci\u00f3n<\/strong>:<\/td>\n<td>20 horas.<\/td>\n<\/tr>\n<tr>\n<td><strong>Horario<\/strong>:<\/td>\n<td>15:00&#8211;19:00 horas.<\/td>\n<\/tr>\n<tr>\n<td><strong>Fechas<\/strong>:<\/td>\n<td>2&#8211;6 de junio de 2014<\/td>\n<\/tr>\n<tr>\n<td><strong>Lugar<\/strong>:<\/td>\n<td>Sala de Seminarios,   \t\t\t\t\t\tInstituto de Ciencia de Materiales de Madrid (ICMM-CSIC).<\/td>\n<\/tr>\n<\/tbody>\n<\/table>\n<p><!--:--><!--:es--><img loading=\"lazy\" decoding=\"async\" src=\"..\/..\/nanocarma\/csicsmll.gif\" border=\"0\" alt=\"CSIC logo\" width=\"58\" height=\"81\" \/> Curso de especializaci\u00f3n del CSIC<\/p>\n<h3>T\u00e9cnicas de Microscop\u00eda en Ciencia de Materiales: Microscop\u00eda Electr\u00f3nica de Transmisi\u00f3n (TEM) y Micro-Raman<\/h3>\n<h3>Resumen del contenido y objetivos del curso<\/h3>\n<p style=\"text-align: justify\">En este  curso se da una visi\u00f3n amplia y actualizada del estado del arte en el  campo de las  microscopias avanzadas aplicadas al estudio de materiales y  nanociencia. En particular se tratar\u00e1n la Microscop\u00eda Electr\u00f3nica de  transmisi\u00f3n (TEM) junto con la Micro-espectroscop\u00eda Raman. La  microscop\u00eda electr\u00f3nica de transmisi\u00f3n, especialmente de alta resoluci\u00f3n  (HRTEM) proporciona informaci\u00f3n sobre la estructura de los materiales  con una resoluci\u00f3n espacial de 0,15-0,3 nm. Para ello se utilizan  im\u00e1genes en el espacio real junto con diagramas de difracci\u00f3n de  electrones, que dan informaci\u00f3n sobre morfolog\u00eda, tama\u00f1o de part\u00edcula,  orientaci\u00f3n, grado de cristalinidad y perfiles de distribuci\u00f3n de  tama\u00f1o. Adem\u00e1s, se puede obtener informaci\u00f3n adicional mediante t\u00e9cnicas  asociadas como la espectroscop\u00eda de dispersi\u00f3n de energ\u00eda de rayos X  (X-EDS) y la espectroscop\u00eda de p\u00e9rdida de energ\u00eda de electrones (EELS).  Los espectros obtenidos proporcionan informaci\u00f3n qu\u00edmica y electr\u00f3nica  de los materiales estudiados. La espectroscopia Raman es una t\u00e9cnica  anal\u00edtica no destructiva que proporciona informaci\u00f3n sobre el tipo de  enlace qu\u00edmico y la microestructura de los materiales. Asimismo es  posible obtener la orientaci\u00f3n, el estado de desorden, las tensiones  residuales, la aparici\u00f3n de nuevas fases cristalogr\u00e1ficas, etc. La  resoluci\u00f3n espacial es inferior a un micr\u00f3metro.<\/p>\n<h3>Programa<\/h3>\n<p>Temario<br \/>\nIntroducci\u00f3n a la microscop\u00eda en Ciencia y Tecnolog\u00eda de Materiales:<br \/>\nI) Microscop\u00eda electr\u00f3nica de transmisi\u00f3n (TEM)<br \/>\n-Microscop\u00eda \u00f3ptica y electr\u00f3nica. Electrones versus luz.<br \/>\n-Tipos de microscopios electr\u00f3nicos.<br \/>\n-Obtenci\u00f3n de un haz de electrones. Dispersi\u00f3n el\u00e1stica. Dispersi\u00f3n inel\u00e1stica.<br \/>\n-Difracci\u00f3n de electrones.Interpretaci\u00f3n.<br \/>\n-Obtenci\u00f3n de im\u00e1genes: Mecanismos de contraste. Concepto de alta resoluci\u00f3n. -Interpretaci\u00f3n de im\u00e1genes. M\u00e9todos<br \/>\npara la interpretaci\u00f3n de im\u00e1genes.<br \/>\n-T\u00e9cnicas de difracci\u00f3n: aspectos comparativos (rayos-X, neutrones, electrones)<br \/>\n-T\u00e9cnicas asociadas: X-EDS, EFTEM, EELS.<br \/>\n-Preparaci\u00f3n de muestras: Materiales homog\u00e9neos. Materiales inhomog\u00e9neos: secciones planas y secciones<br \/>\ntransversales.<br \/>\n-Ejemplos pr\u00e1cticos en diferentes materiales.<br \/>\n-Bibliograf\u00eda<\/p>\n<p>II) Microscop\u00eda Raman<br \/>\n-Introducci\u00f3n: Esparcimiento de la luz. Efecto Raman.<br \/>\n-Espectroscop\u00eda Raman: Instrumentaci\u00f3n<br \/>\n-Ejemplos pr\u00e1cticos en diferentes materiales. Interpretaci\u00f3n<br \/>\n-Microscop\u00eda Raman: Resoluci\u00f3n espacial. T\u00e9cnicas de campo cercano<br \/>\n-Aplicaciones a distintos campos<br \/>\n-Bibliograf\u00eda<\/p>\n<table border=\"0\" cellspacing=\"0\" cellpadding=\"30\" width=\"100%\" align=\"left\">\n<tbody>\n<tr>\n<td><strong>Directora<\/strong>:<\/td>\n<td><a href=\"http:\/\/www.icmm.csic.es\/Nanocarma\/?page_id=85\">Pilar Herrero Fern\u00e1ndez<\/a><\/td>\n<\/tr>\n<tr>\n<td><strong>Subdirector<\/strong>:<\/td>\n<td><a href=\"http:\/\/www.icmm.csic.es\/Nanocarma\/?page_id=90\">\u00c1ngel R. Landa C\u00e1novas<\/a><\/td>\n<\/tr>\n<tr>\n<td><strong>Profesores<\/strong>:<\/td>\n<td><a href=\"http:\/\/www.icmm.csic.es\/Nanocarma\/?page_id=85\">Pilar Herrero Fern\u00e1ndez<\/a><br \/>\n<a href=\"http:\/\/www.icmm.csic.es\/Nanocarma\/?page_id=90\">\u00c1ngel R. Landa C\u00e1novas<\/a><br \/>\n<a href=\"http:\/\/www.icmm.csic.es\/Nanocarma\/?page_id=88\">Fernando Agull\u00f3-Rueda<\/a><br \/>\n<a href=\"http:\/\/www.icmm.csic.es\/Nanocarma\/?page_id=93\">Jorge Hern\u00e1ndez-Velasco<\/a><br \/>\n<a href=\"http:\/\/www.mater.upm.es\/Directorio\/PDI\/TU\/Perez.asp\">Jos\u00e9 P\u00e9rez Rigueiro<\/a> (UPM)<br \/>\n<a href=\"http:\/\/www.cnme.es\/index.php?option=com_contact&amp;view=contact&amp;id=4:javier-garcia-garcia&amp;catid=15&amp;Itemid=133\">Javier Garc\u00eda Garc\u00eda<\/a> (UCM) (invitado)<\/td>\n<\/tr>\n<tr>\n<td><strong>Requisitos<\/strong>:<\/td>\n<td>Licenciatura o ingenier\u00eda<\/td>\n<\/tr>\n<tr>\n<td><strong>Idioma del curso<\/strong>:<\/td>\n<td>Espa\u00f1ol<\/td>\n<\/tr>\n<tr>\n<td><strong>Importe<\/strong>:<\/td>\n<td>200 \u20ac<\/td>\n<\/tr>\n<tr>\n<td><strong>Formulario de inscripci\u00f3n<\/strong>:<\/td>\n<td><a href=\"https:\/\/wp.icmm.csic.es\/nanocarma\/wp-content\/uploads\/sites\/38\/2014\/05\/FormularioInscripcionMicroscopia.doc\">MS Word<\/a><br \/>\n<a href=\"https:\/\/wp.icmm.csic.es\/nanocarma\/wp-content\/uploads\/sites\/38\/2014\/05\/FormularioInscripcionMicroscopia.odt\">Open\/Libre Office<\/a><br \/>\n<a href=\"https:\/\/wp.icmm.csic.es\/nanocarma\/wp-content\/uploads\/sites\/38\/2014\/05\/FormularioInscripcionMicroscopia.pdf\">PDF<\/a><\/td>\n<\/tr>\n<tr>\n<td><strong>Instrucciones de pago<\/strong>:<\/td>\n<td>Los alumnos deben realizar una transferencia de 200 \u20ac al Instituto de Ciencia de Materiales de Madrid (ICMM-CSIC).<br \/>\nN\u00famero de cuenta destino: 0049 5662 44 2110174727<br \/>\nEntidad: Banco Santander<br \/>\nConcepto: Curso Microscop\u00eda TEM y Raman.<br \/>\nOrdenante: Nombre del alumno<\/td>\n<\/tr>\n<tr>\n<td><strong>Duraci\u00f3n<\/strong>:<\/td>\n<td>20 horas.<\/td>\n<\/tr>\n<tr>\n<td><strong>Horario<\/strong>:<\/td>\n<td>15:00&#8211;19:00 horas.<\/td>\n<\/tr>\n<tr>\n<td><strong>Fechas<\/strong>:<\/td>\n<td>2&#8211;6 de junio de 2014<\/td>\n<\/tr>\n<tr>\n<td><strong>Lugar<\/strong>:<\/td>\n<td>Sala de Seminarios,   \t\t\t\t\t\tInstituto de Ciencia de Materiales de Madrid (ICMM-CSIC).<\/td>\n<\/tr>\n<\/tbody>\n<\/table>\n<p><!--:--><\/p>\n","protected":false},"excerpt":{"rendered":"<p>Curso de especializaci\u00f3n del CSIC T\u00e9cnicas de Microscop\u00eda en Ciencia de Materiales: Microscop\u00eda Electr\u00f3nica de Transmisi\u00f3n (TEM) y Micro-Raman Resumen del contenido y objetivos del curso En este curso se da una visi\u00f3n amplia y actualizada del estado del arte &hellip; <a href=\"https:\/\/wp.icmm.csic.es\/nanocarma\/?page_id=278\">Sigue leyendo <span class=\"meta-nav\">&rarr;<\/span><\/a><\/p>\n","protected":false},"author":1,"featured_media":0,"parent":43,"menu_order":0,"comment_status":"closed","ping_status":"open","template":"","meta":{"ngg_post_thumbnail":0,"footnotes":""},"class_list":["post-278","page","type-page","status-publish","hentry"],"_links":{"self":[{"href":"https:\/\/wp.icmm.csic.es\/nanocarma\/index.php?rest_route=\/wp\/v2\/pages\/278","targetHints":{"allow":["GET"]}}],"collection":[{"href":"https:\/\/wp.icmm.csic.es\/nanocarma\/index.php?rest_route=\/wp\/v2\/pages"}],"about":[{"href":"https:\/\/wp.icmm.csic.es\/nanocarma\/index.php?rest_route=\/wp\/v2\/types\/page"}],"author":[{"embeddable":true,"href":"https:\/\/wp.icmm.csic.es\/nanocarma\/index.php?rest_route=\/wp\/v2\/users\/1"}],"replies":[{"embeddable":true,"href":"https:\/\/wp.icmm.csic.es\/nanocarma\/index.php?rest_route=%2Fwp%2Fv2%2Fcomments&post=278"}],"version-history":[{"count":0,"href":"https:\/\/wp.icmm.csic.es\/nanocarma\/index.php?rest_route=\/wp\/v2\/pages\/278\/revisions"}],"up":[{"embeddable":true,"href":"https:\/\/wp.icmm.csic.es\/nanocarma\/index.php?rest_route=\/wp\/v2\/pages\/43"}],"wp:attachment":[{"href":"https:\/\/wp.icmm.csic.es\/nanocarma\/index.php?rest_route=%2Fwp%2Fv2%2Fmedia&parent=278"}],"curies":[{"name":"wp","href":"https:\/\/api.w.org\/{rel}","templated":true}]}}