{"id":64,"date":"2011-05-01T22:23:54","date_gmt":"2011-05-01T20:23:54","guid":{"rendered":"http:\/\/www.icmm.csic.es\/Nanocarma\/?page_id=64"},"modified":"2011-05-01T22:23:54","modified_gmt":"2011-05-01T20:23:54","slug":"research","status":"publish","type":"page","link":"https:\/\/wp.icmm.csic.es\/nanocarma\/?page_id=64","title":{"rendered":"Research"},"content":{"rendered":"<p><!--:en--><\/p>\n<h2>Research themes<\/h2>\n<ul>\n<li>Nanomaterials<\/li>\n<li> Materials for energy<\/li>\n<li> Semiconductor nanostructures<\/li>\n<li> Carbon nanostructures<\/li>\n<li> Materials characterization<\/li>\n<li> Transmission electron microscopy (TEM)<\/li>\n<li> Raman and optical microspectroscopy<\/li>\n<li> Neutron diffraction<\/li>\n<\/ul>\n<h2>Experimental techniques<\/h2>\n<p>See the <a href=\"http:\/\/www.icmm.csic.es\/Nanocarma\/?page_id=35\">Techniques<\/a> page for more information.<\/p>\n<h2>Research collaborations<\/h2>\n<p>See the <a href=\"http:\/\/www.icmm.csic.es\/Nanocarma\/?page_id=39\">Collaborations<\/a> page for more information.<br \/>\n<!--:--><!--:es--><\/p>\n<h2>Temas de Investigaci\u00f3n<\/h2>\n<ul>\n<li>Nanomateriales<\/li>\n<li>Materiales para la energ\u00eda<\/li>\n<li>Nanoestructuras semiconductoras<\/li>\n<li>Nanoestructuras de carbono<\/li>\n<li>Caracterizaci\u00f3n de materiales<\/li>\n<li>Microscop\u00eda electr\u00f3nica de transmisi\u00f3n (TEM)<\/li>\n<li>Microespectroscop\u00eda Raman y \u00f3ptica<\/li>\n<li>Difracci\u00f3n de neutrones<\/li>\n<\/ul>\n<h2>T\u00e9cnicas experimentales<\/h2>\n<p>Visita la p\u00e1gina de <a href=\"http:\/\/www.icmm.csic.es\/Nanocarma\/?page_id=35\">T\u00e9cnicas<\/a> para obtener m\u00e1s informaci\u00f3n.<\/p>\n<h2>Colaboraciones cient\u00edficas<\/h2>\n<p>Visita la p\u00e1gina de <a href=\"http:\/\/www.icmm.csic.es\/Nanocarma\/?page_id=39\">Colaboraciones<\/a>.<br \/>\n<!--:--><\/p>\n","protected":false},"excerpt":{"rendered":"<p>Research themes Nanomaterials Materials for energy Semiconductor nanostructures Carbon nanostructures Materials characterization Transmission electron microscopy (TEM) Raman and optical microspectroscopy Neutron diffraction Experimental techniques See the Techniques page for more information. Research collaborations See the Collaborations page for more information. &hellip; <a href=\"https:\/\/wp.icmm.csic.es\/nanocarma\/?page_id=64\">Sigue leyendo <span class=\"meta-nav\">&rarr;<\/span><\/a><\/p>\n","protected":false},"author":1,"featured_media":0,"parent":0,"menu_order":20,"comment_status":"closed","ping_status":"closed","template":"","meta":{"ngg_post_thumbnail":0,"footnotes":""},"class_list":["post-64","page","type-page","status-publish","hentry"],"_links":{"self":[{"href":"https:\/\/wp.icmm.csic.es\/nanocarma\/index.php?rest_route=\/wp\/v2\/pages\/64","targetHints":{"allow":["GET"]}}],"collection":[{"href":"https:\/\/wp.icmm.csic.es\/nanocarma\/index.php?rest_route=\/wp\/v2\/pages"}],"about":[{"href":"https:\/\/wp.icmm.csic.es\/nanocarma\/index.php?rest_route=\/wp\/v2\/types\/page"}],"author":[{"embeddable":true,"href":"https:\/\/wp.icmm.csic.es\/nanocarma\/index.php?rest_route=\/wp\/v2\/users\/1"}],"replies":[{"embeddable":true,"href":"https:\/\/wp.icmm.csic.es\/nanocarma\/index.php?rest_route=%2Fwp%2Fv2%2Fcomments&post=64"}],"version-history":[{"count":0,"href":"https:\/\/wp.icmm.csic.es\/nanocarma\/index.php?rest_route=\/wp\/v2\/pages\/64\/revisions"}],"wp:attachment":[{"href":"https:\/\/wp.icmm.csic.es\/nanocarma\/index.php?rest_route=%2Fwp%2Fv2%2Fmedia&parent=64"}],"curies":[{"name":"wp","href":"https:\/\/api.w.org\/{rel}","templated":true}]}}