{"id":745,"date":"2012-04-11T18:48:22","date_gmt":"2012-04-11T16:48:22","guid":{"rendered":"http:\/\/www.icmm.csic.es\/Nanocarma\/?page_id=745"},"modified":"2012-04-11T18:48:22","modified_gmt":"2012-04-11T16:48:22","slug":"paloma-vilanova-martinez","status":"publish","type":"page","link":"https:\/\/wp.icmm.csic.es\/nanocarma\/?page_id=745","title":{"rendered":"Paloma Vilanova Mart\u00ednez"},"content":{"rendered":"<p><!--:en--><a href=\"https:\/\/wp.icmm.csic.es\/nanocarma\/wp-content\/uploads\/sites\/38\/2012\/04\/PalomaVilanovaMartinez2012sm.jpg\"><img loading=\"lazy\" decoding=\"async\" class=\"alignleft size-full wp-image-746\" title=\"Paloma Vilanova\" src=\"https:\/\/wp.icmm.csic.es\/nanocarma\/wp-content\/uploads\/sites\/38\/2012\/04\/PalomaVilanovaMartinez2012sm.jpg\" alt=\"Paloma Vilanova\" width=\"66\" height=\"80\" \/><\/a>Research contract<br \/>\nemail: palomavilanova [at] icmm.csic.es<\/p>\n<p style=\"text-align: justify\">Paloma Vilanova-Mart\u00ednez graduated in Chemistry from the\u00a0<a href=\"http:\/\/www.uam.es\/\">Autonomous University of Madrid<\/a>. She has worked at 3M Spain, Coca-Cola Spain and Coca-Cola Europe in Brussels. Now she is working on the study of the micro- and nanostructural flexibility of mixed oxides with interest in catalysis (Project FlexOCat).<\/p>\n<p><!--:--><\/p>\n<p><!--:es--><a href=\"https:\/\/wp.icmm.csic.es\/nanocarma\/wp-content\/uploads\/sites\/38\/2012\/04\/PalomaVilanovaMartinez2012sm.jpg\"><img loading=\"lazy\" decoding=\"async\" class=\"alignleft size-full wp-image-746\" title=\"Paloma Vilanova\" src=\"https:\/\/wp.icmm.csic.es\/nanocarma\/wp-content\/uploads\/sites\/38\/2012\/04\/PalomaVilanovaMartinez2012sm.jpg\" alt=\"Paloma Vilanova\" width=\"66\" height=\"80\" \/><\/a>Titulada Superior Contratada en Proyecto<br \/>\nCorreo electr\u00f3nico: palomavilanova [arroba] icmm.csic.es<\/p>\n<p style=\"text-align: justify\">Paloma Vilanova-Mart\u00ednez se licenci\u00f3 en Qu\u00edmica por la <a href=\"http:\/\/www.uam.es\/\">Universidad Aut\u00f3noma de Madrid<\/a>. Ha trabajado en 3M Spain, Coca-Cola Spain y Coca-Cola Europe en Bruselas. Ahora est\u00e1 trabajando en el estudio de la flexibilidad micro- y nanoestructural de \u00f3xidos mixtos con inter\u00e9s en cat\u00e1lisis (Proyecto FlexOCat).<\/p>\n<p><!--:--><\/p>\n","protected":false},"excerpt":{"rendered":"<p>Research contract email: palomavilanova [at] icmm.csic.es Paloma Vilanova-Mart\u00ednez graduated in Chemistry from the\u00a0Autonomous University of Madrid. She has worked at 3M Spain, Coca-Cola Spain and Coca-Cola Europe in Brussels. Now she is working on the study of the micro- and &hellip; <a href=\"https:\/\/wp.icmm.csic.es\/nanocarma\/?page_id=745\">Sigue leyendo <span class=\"meta-nav\">&rarr;<\/span><\/a><\/p>\n","protected":false},"author":1,"featured_media":0,"parent":1272,"menu_order":50,"comment_status":"closed","ping_status":"open","template":"","meta":{"ngg_post_thumbnail":0,"footnotes":""},"class_list":["post-745","page","type-page","status-publish","hentry"],"_links":{"self":[{"href":"https:\/\/wp.icmm.csic.es\/nanocarma\/index.php?rest_route=\/wp\/v2\/pages\/745","targetHints":{"allow":["GET"]}}],"collection":[{"href":"https:\/\/wp.icmm.csic.es\/nanocarma\/index.php?rest_route=\/wp\/v2\/pages"}],"about":[{"href":"https:\/\/wp.icmm.csic.es\/nanocarma\/index.php?rest_route=\/wp\/v2\/types\/page"}],"author":[{"embeddable":true,"href":"https:\/\/wp.icmm.csic.es\/nanocarma\/index.php?rest_route=\/wp\/v2\/users\/1"}],"replies":[{"embeddable":true,"href":"https:\/\/wp.icmm.csic.es\/nanocarma\/index.php?rest_route=%2Fwp%2Fv2%2Fcomments&post=745"}],"version-history":[{"count":0,"href":"https:\/\/wp.icmm.csic.es\/nanocarma\/index.php?rest_route=\/wp\/v2\/pages\/745\/revisions"}],"up":[{"embeddable":true,"href":"https:\/\/wp.icmm.csic.es\/nanocarma\/index.php?rest_route=\/wp\/v2\/pages\/1272"}],"wp:attachment":[{"href":"https:\/\/wp.icmm.csic.es\/nanocarma\/index.php?rest_route=%2Fwp%2Fv2%2Fmedia&parent=745"}],"curies":[{"name":"wp","href":"https:\/\/api.w.org\/{rel}","templated":true}]}}