{"id":88,"date":"2011-05-01T22:52:25","date_gmt":"2011-05-01T20:52:25","guid":{"rendered":"http:\/\/www.icmm.csic.es\/Nanocarma\/?page_id=88"},"modified":"2021-01-26T14:24:56","modified_gmt":"2021-01-26T14:24:56","slug":"f-agullo-rueda","status":"publish","type":"page","link":"https:\/\/wp.icmm.csic.es\/nanocarma\/?page_id=88","title":{"rendered":"Fernando Agull\u00f3-Rueda"},"content":{"rendered":"<p><!--:en--><a href=\"https:\/\/wp.icmm.csic.es\/nanocarma\/wp-content\/uploads\/sites\/38\/2011\/04\/FAR.jpg\"><img loading=\"lazy\" decoding=\"async\" class=\"alignleft size-full wp-image-101\" title=\"FernandoAgulloRueda\" src=\"https:\/\/wp.icmm.csic.es\/nanocarma\/wp-content\/uploads\/sites\/38\/2011\/04\/FAR.jpg\" alt=\"Fernando Agull\u00f3-Rueda\" width=\"61\" height=\"80\" \/><\/a><a href=\"..\/?page_id=88\"><\/a>Senior Scientist<br \/>\nemail: far [at] icmm.csic.es<br \/>\nPersonal web page: <a href=\"http:\/\/www.fagullo.com\">http:\/\/www.fagullo.com<\/a><\/p>\n<p style=\"text-align: justify\">Fernando Agull\u00f3-Rueda graduated in Physics from the <a href=\"http:\/\/www.uam.es\/\">Autonomous University of Madrid<\/a> in 1982. In 1986 he obtained his Ph. D. in Physics from the same university. He spent several years at <a href=\"http:\/\/www.watson.ibm.com\/\">IBM T. J. Watson Research Center<\/a> (USA), <a href=\"http:\/\/www.uni-hamburg.de\/\">University of Hamburg<\/a> and <a href=\"http:\/\/www.mpi-stuttgart.mpg.de\/\">Max-Planck Institute for Solid State Research<\/a> (Germany). He joined the Materials Science Institute of Madrid in 1988 and became a Senior Research Scientist in 2006. He established the <a href=\"https:\/\/www.icmm.csic.es\/Fagullo\/lab\/\">Raman Microscopy Laboratory<\/a> in 1995. He has published more than 129 papers in peered reviewed journals and has coauthored several monographies and book chapters on materials science.<\/p>\n<p style=\"text-align: justify\"><a href=\"http:\/\/www.fagullo.com\">More information on the personal web page<\/a>.<\/p>\n<p style=\"text-align: justify\">\n<p style=\"text-align: justify\">\n<p><!--:--><!--:es--><\/p>\n<p><a href=\"https:\/\/wp.icmm.csic.es\/nanocarma\/wp-content\/uploads\/sites\/38\/2011\/04\/FAR.jpg\"><img loading=\"lazy\" decoding=\"async\" class=\"alignleft size-full wp-image-101\" title=\"FernandoAgulloRueda\" src=\"https:\/\/wp.icmm.csic.es\/nanocarma\/wp-content\/uploads\/sites\/38\/2011\/04\/FAR.jpg\" alt=\"Fernando Agull\u00f3-Rueda\" width=\"61\" height=\"80\" \/><\/a><a href=\"..\/?page_id=88\"><\/a>Investigador Cient\u00edfico<br \/>\nCorreo electr\u00f3nico: far [arroba] icmm.csic.es<br \/>\nP\u00e1gina web personal: <a href=\"http:\/\/www.fagullo.com\">http:\/\/www.fagullo.com<\/a><\/p>\n<p style=\"text-align: justify\">Fernando Agull\u00f3-Rueda se gradu\u00f3 en Ciencias F\u00edsicas por la <a href=\"http:\/\/www.uam.es\/\">Universidad Aut\u00f3noma de Madrid<\/a> en 1982. En 1986 obtuvo el t\u00edtulo de Doctor en Ciencias F\u00edsicas por la misma universidad. Estuvo varios a\u00f1os en el <a href=\"http:\/\/www.watson.ibm.com\/\">Centro de Investigaci\u00f3n de IBM T. J. Watson<\/a> (EE.UU.), la <a href=\"http:\/\/www.uni-hamburg.de\/\">Universidad de Hamburgo<\/a> y el <a href=\"http:\/\/www.mpi-stuttgart.mpg.de\/\">Instituto Max-Planck de Investigaci\u00f3n en Estado S\u00f3lido<\/a> (Alemania). Entr\u00f3 en el Instituto de Ciencia de Materiales de Madrid en 1988 como Colaborador Cient\u00edfico y obtuvo la plaza de Investigador Cient\u00edfico en 2006. Cre\u00f3 el <a href=\"https:\/\/www.icmm.csic.es\/Fagullo\/lab\/\">Laboratorio de Microscop\u00eda Raman<\/a> en 1995. Ha publicado m\u00e1s de 129 art\u00edculos en revistas cient\u00edficas con arbitraje y es coautor de varias monograf\u00edas y cap\u00edtulos de libros en ciencia de materiales.<\/p>\n<p style=\"text-align: justify\"><a href=\"http:\/\/www.fagullo.com\">M\u00e1s informaci\u00f3n en la p\u00e1gina personal<\/a>.<\/p>\n<p style=\"text-align: justify\">\n<p><!--:--><\/p>\n","protected":false},"excerpt":{"rendered":"<p>Senior Scientist email: far [at] icmm.csic.es Personal web page: http:\/\/www.fagullo.com Fernando Agull\u00f3-Rueda graduated in Physics from the Autonomous University of Madrid in 1982. In 1986 he obtained his Ph. D. in Physics from the same university. He spent several years &hellip; <a href=\"https:\/\/wp.icmm.csic.es\/nanocarma\/?page_id=88\">Sigue leyendo <span class=\"meta-nav\">&rarr;<\/span><\/a><\/p>\n","protected":false},"author":1,"featured_media":0,"parent":1272,"menu_order":10,"comment_status":"closed","ping_status":"open","template":"","meta":{"ngg_post_thumbnail":0,"footnotes":""},"class_list":["post-88","page","type-page","status-publish","hentry"],"_links":{"self":[{"href":"https:\/\/wp.icmm.csic.es\/nanocarma\/index.php?rest_route=\/wp\/v2\/pages\/88","targetHints":{"allow":["GET"]}}],"collection":[{"href":"https:\/\/wp.icmm.csic.es\/nanocarma\/index.php?rest_route=\/wp\/v2\/pages"}],"about":[{"href":"https:\/\/wp.icmm.csic.es\/nanocarma\/index.php?rest_route=\/wp\/v2\/types\/page"}],"author":[{"embeddable":true,"href":"https:\/\/wp.icmm.csic.es\/nanocarma\/index.php?rest_route=\/wp\/v2\/users\/1"}],"replies":[{"embeddable":true,"href":"https:\/\/wp.icmm.csic.es\/nanocarma\/index.php?rest_route=%2Fwp%2Fv2%2Fcomments&post=88"}],"version-history":[{"count":3,"href":"https:\/\/wp.icmm.csic.es\/nanocarma\/index.php?rest_route=\/wp\/v2\/pages\/88\/revisions"}],"predecessor-version":[{"id":1376,"href":"https:\/\/wp.icmm.csic.es\/nanocarma\/index.php?rest_route=\/wp\/v2\/pages\/88\/revisions\/1376"}],"up":[{"embeddable":true,"href":"https:\/\/wp.icmm.csic.es\/nanocarma\/index.php?rest_route=\/wp\/v2\/pages\/1272"}],"wp:attachment":[{"href":"https:\/\/wp.icmm.csic.es\/nanocarma\/index.php?rest_route=%2Fwp%2Fv2%2Fmedia&parent=88"}],"curies":[{"name":"wp","href":"https:\/\/api.w.org\/{rel}","templated":true}]}}