{"id":26,"date":"2024-03-04T14:52:38","date_gmt":"2024-03-04T13:52:38","guid":{"rendered":"https:\/\/wp.icmm.csic.es\/nanoworkshop2025\/?page_id=26"},"modified":"2025-02-20T17:06:29","modified_gmt":"2025-02-20T16:06:29","slug":"chair-and-commitees","status":"publish","type":"page","link":"https:\/\/wp.icmm.csic.es\/nanoworkshop2025\/chair-and-commitees\/","title":{"rendered":"Chair and committees"},"content":{"rendered":"<p><strong>Conference Chairs:<\/strong><\/p>\n<p>Ana Borr\u00e1s (<em>Spanish National Research Council, Sevilla, Spain)<\/em><\/p>\n<p>Lidia Mart\u00ednez (<em>Spanish National Research Council, Madrid, Spain)<\/em><\/p>\n<p>Alexander Vahl (<em>Kiel University, Kiel, Germany<\/em>)<\/p>\n<p><strong>Local committee:<\/strong><\/p>\n<p>Carmen L\u00f3pez Santos (Universidad de Sevilla, Spain)<\/p>\n<p>Juan R. S\u00e1nchez Valencia (CSIC, Sevilla, Spain)<\/p>\n<p>Nerea de Tena (<em>CSIC, Sevilla, Spain)<\/em><\/p>\n<p>Director of UNIA LA R\u00e1bida (La R\u00e1bida, Huelva, Spain)<\/p>\n<p><strong>Conference office:<\/strong><\/p>\n<p>Anal\u00eda P\u00e9rez (ASEVA)<\/p>\n<p><strong>International organizing committee:<\/strong><\/p>\n<p>Stephan Barcikowski (<em>University of Duisburg-Essen, Essen, Germany<\/em>)<\/p>\n<p>Hynek Biederman (<em>Charles University, Prague, Czech Republic<\/em>)<\/p>\n<p>Marcela Bilek (<em>University of Sydney, Sydney, Australia<\/em>)<\/p>\n<p>Walter Caseri (<em>ETH Z\u00fcrich, Z\u00fcrich, Switzerland<\/em>)<\/p>\n<p>Andrey Choukourov (<em>Charles University, Prague, Czech Republic<\/em>)<\/p>\n<p>Mady Elbahri (<em>Aalto University, Helsinki, Finland<\/em>)<\/p>\n<p><span lang=\"EN-US\">Franz Faupel (<em>Kiel University, Kiel, Germany<\/em>)<br \/>\n<\/span><\/p>\n<p>Maarit Karpinnen (<em>Aalto University, Helsinki, Finland<\/em>)<\/p>\n<p>Antonella Milella (<em>University of Bari Aldo Moro, Bari, Italy<\/em>)<\/p>\n<p>Devesh Kumar Avasthi (<em>UPES Dehradun, India<\/em>)<\/p>\n<p>Kremena Makasheva (<em>Laboratoire Plasma et Conversion d\u2019\u00c9nergie (LAPLACE), Toulouse, France<\/em>)<\/p>\n<p>Stephanos Konstantinidis (<em>University of Mons, Belgium<\/em>)<\/p>\n<p>Paolo Milani (<em>University of Milan, Milan, Ital<\/em>y)<\/p>\n<p>Minoru Mizuhata (<em>Kobe University, Kobe , Japan<\/em>)<\/p>\n<p>Peter M\u00fcller-Buschbaum (<em>TU Munich, Munich, Germany<\/em>)<\/p>\n<p>Stephan Roth (<em>DESY, Hamburg, Germany<\/em>)<\/p>\n<p>Rony Snyders (<em>University of Mons, Mons, Belgium<\/em>)<\/p>\n<p>Andrea Tao (<em>University of California, USA<\/em>)<\/p>\n<p>Yogesh K. Vijay (<em>Amity University, Noida, India<\/em>)<\/p>\n","protected":false},"excerpt":{"rendered":"<p>Conference Chairs: Ana Borr\u00e1s (Spanish National Research Council, Sevilla, Spain) Lidia Mart\u00ednez (Spanish National Research Council, Madrid, Spain) Alexander Vahl (Kiel University, Kiel, Germany) Local committee: Carmen L\u00f3pez Santos (Universidad de Sevilla, Spain) Juan R. S\u00e1nchez Valencia (CSIC, Sevilla, Spain) Nerea de Tena (CSIC, Sevilla, Spain) Director of UNIA LA R\u00e1bida (La R\u00e1bida, Huelva, Spain) &hellip; <a href=\"https:\/\/wp.icmm.csic.es\/nanoworkshop2025\/chair-and-commitees\/\" class=\"more-link\">Continue reading <span class=\"screen-reader-text\">Chair and committees<\/span> <span class=\"meta-nav\">&rarr;<\/span><\/a><\/p>\n","protected":false},"author":115,"featured_media":0,"parent":0,"menu_order":0,"comment_status":"closed","ping_status":"closed","template":"","meta":{"footnotes":""},"class_list":["post-26","page","type-page","status-publish","hentry"],"yoast_head":"<!-- This site is optimized with the Yoast SEO plugin v27.2 - https:\/\/yoast.com\/product\/yoast-seo-wordpress\/ -->\n<title>Chair and committees - Nanoworkshop 2025<\/title>\n<meta name=\"robots\" content=\"index, follow, max-snippet:-1, max-image-preview:large, max-video-preview:-1\" \/>\n<link rel=\"canonical\" href=\"https:\/\/wp.icmm.csic.es\/nanoworkshop2025\/chair-and-commitees\/\" \/>\n<meta property=\"og:locale\" content=\"en_GB\" \/>\n<meta property=\"og:type\" content=\"article\" \/>\n<meta property=\"og:title\" content=\"Chair and committees - Nanoworkshop 2025\" \/>\n<meta property=\"og:description\" content=\"Conference Chairs: Ana Borr\u00e1s (Spanish National Research Council, Sevilla, Spain) Lidia Mart\u00ednez (Spanish National Research Council, Madrid, Spain) Alexander Vahl (Kiel University, Kiel, Germany) Local committee: Carmen L\u00f3pez Santos (Universidad de Sevilla, Spain) Juan R. S\u00e1nchez Valencia (CSIC, Sevilla, Spain) Nerea de Tena (CSIC, Sevilla, Spain) Director of UNIA LA R\u00e1bida (La R\u00e1bida, Huelva, Spain) &hellip; Continue reading Chair and committees &rarr;\" \/>\n<meta property=\"og:url\" content=\"https:\/\/wp.icmm.csic.es\/nanoworkshop2025\/chair-and-commitees\/\" \/>\n<meta property=\"og:site_name\" content=\"Nanoworkshop 2025\" \/>\n<meta property=\"article:modified_time\" content=\"2025-02-20T16:06:29+00:00\" \/>\n<meta name=\"twitter:card\" content=\"summary_large_image\" \/>\n<meta name=\"twitter:label1\" content=\"Estimated reading time\" \/>\n\t<meta name=\"twitter:data1\" content=\"1 minute\" \/>\n<script type=\"application\/ld+json\" class=\"yoast-schema-graph\">{\"@context\":\"https:\/\/schema.org\",\"@graph\":[{\"@type\":\"WebPage\",\"@id\":\"https:\/\/wp.icmm.csic.es\/nanoworkshop2025\/chair-and-commitees\/\",\"url\":\"https:\/\/wp.icmm.csic.es\/nanoworkshop2025\/chair-and-commitees\/\",\"name\":\"Chair and committees - Nanoworkshop 2025\",\"isPartOf\":{\"@id\":\"https:\/\/wp.icmm.csic.es\/nanoworkshop2025\/#website\"},\"datePublished\":\"2024-03-04T13:52:38+00:00\",\"dateModified\":\"2025-02-20T16:06:29+00:00\",\"breadcrumb\":{\"@id\":\"https:\/\/wp.icmm.csic.es\/nanoworkshop2025\/chair-and-commitees\/#breadcrumb\"},\"inLanguage\":\"en-GB\",\"potentialAction\":[{\"@type\":\"ReadAction\",\"target\":[\"https:\/\/wp.icmm.csic.es\/nanoworkshop2025\/chair-and-commitees\/\"]}]},{\"@type\":\"BreadcrumbList\",\"@id\":\"https:\/\/wp.icmm.csic.es\/nanoworkshop2025\/chair-and-commitees\/#breadcrumb\",\"itemListElement\":[{\"@type\":\"ListItem\",\"position\":1,\"name\":\"Home\",\"item\":\"https:\/\/wp.icmm.csic.es\/nanoworkshop2025\/\"},{\"@type\":\"ListItem\",\"position\":2,\"name\":\"Chair and committees\"}]},{\"@type\":\"WebSite\",\"@id\":\"https:\/\/wp.icmm.csic.es\/nanoworkshop2025\/#website\",\"url\":\"https:\/\/wp.icmm.csic.es\/nanoworkshop2025\/\",\"name\":\"Nanoworkshop 2025\",\"description\":\"12th International Workshop on Functional Nanocomposites\",\"potentialAction\":[{\"@type\":\"SearchAction\",\"target\":{\"@type\":\"EntryPoint\",\"urlTemplate\":\"https:\/\/wp.icmm.csic.es\/nanoworkshop2025\/?s={search_term_string}\"},\"query-input\":{\"@type\":\"PropertyValueSpecification\",\"valueRequired\":true,\"valueName\":\"search_term_string\"}}],\"inLanguage\":\"en-GB\"}]}<\/script>\n<!-- \/ Yoast SEO plugin. -->","yoast_head_json":{"title":"Chair and committees - Nanoworkshop 2025","robots":{"index":"index","follow":"follow","max-snippet":"max-snippet:-1","max-image-preview":"max-image-preview:large","max-video-preview":"max-video-preview:-1"},"canonical":"https:\/\/wp.icmm.csic.es\/nanoworkshop2025\/chair-and-commitees\/","og_locale":"en_GB","og_type":"article","og_title":"Chair and committees - Nanoworkshop 2025","og_description":"Conference Chairs: Ana Borr\u00e1s (Spanish National Research Council, Sevilla, Spain) Lidia Mart\u00ednez (Spanish National Research Council, Madrid, Spain) Alexander Vahl (Kiel University, Kiel, Germany) Local committee: Carmen L\u00f3pez Santos (Universidad de Sevilla, Spain) Juan R. S\u00e1nchez Valencia (CSIC, Sevilla, Spain) Nerea de Tena (CSIC, Sevilla, Spain) Director of UNIA LA R\u00e1bida (La R\u00e1bida, Huelva, Spain) &hellip; Continue reading Chair and committees &rarr;","og_url":"https:\/\/wp.icmm.csic.es\/nanoworkshop2025\/chair-and-commitees\/","og_site_name":"Nanoworkshop 2025","article_modified_time":"2025-02-20T16:06:29+00:00","twitter_card":"summary_large_image","twitter_misc":{"Estimated reading time":"1 minute"},"schema":{"@context":"https:\/\/schema.org","@graph":[{"@type":"WebPage","@id":"https:\/\/wp.icmm.csic.es\/nanoworkshop2025\/chair-and-commitees\/","url":"https:\/\/wp.icmm.csic.es\/nanoworkshop2025\/chair-and-commitees\/","name":"Chair and committees - Nanoworkshop 2025","isPartOf":{"@id":"https:\/\/wp.icmm.csic.es\/nanoworkshop2025\/#website"},"datePublished":"2024-03-04T13:52:38+00:00","dateModified":"2025-02-20T16:06:29+00:00","breadcrumb":{"@id":"https:\/\/wp.icmm.csic.es\/nanoworkshop2025\/chair-and-commitees\/#breadcrumb"},"inLanguage":"en-GB","potentialAction":[{"@type":"ReadAction","target":["https:\/\/wp.icmm.csic.es\/nanoworkshop2025\/chair-and-commitees\/"]}]},{"@type":"BreadcrumbList","@id":"https:\/\/wp.icmm.csic.es\/nanoworkshop2025\/chair-and-commitees\/#breadcrumb","itemListElement":[{"@type":"ListItem","position":1,"name":"Home","item":"https:\/\/wp.icmm.csic.es\/nanoworkshop2025\/"},{"@type":"ListItem","position":2,"name":"Chair and committees"}]},{"@type":"WebSite","@id":"https:\/\/wp.icmm.csic.es\/nanoworkshop2025\/#website","url":"https:\/\/wp.icmm.csic.es\/nanoworkshop2025\/","name":"Nanoworkshop 2025","description":"12th International Workshop on Functional Nanocomposites","potentialAction":[{"@type":"SearchAction","target":{"@type":"EntryPoint","urlTemplate":"https:\/\/wp.icmm.csic.es\/nanoworkshop2025\/?s={search_term_string}"},"query-input":{"@type":"PropertyValueSpecification","valueRequired":true,"valueName":"search_term_string"}}],"inLanguage":"en-GB"}]}},"_links":{"self":[{"href":"https:\/\/wp.icmm.csic.es\/nanoworkshop2025\/wp-json\/wp\/v2\/pages\/26","targetHints":{"allow":["GET"]}}],"collection":[{"href":"https:\/\/wp.icmm.csic.es\/nanoworkshop2025\/wp-json\/wp\/v2\/pages"}],"about":[{"href":"https:\/\/wp.icmm.csic.es\/nanoworkshop2025\/wp-json\/wp\/v2\/types\/page"}],"author":[{"embeddable":true,"href":"https:\/\/wp.icmm.csic.es\/nanoworkshop2025\/wp-json\/wp\/v2\/users\/115"}],"replies":[{"embeddable":true,"href":"https:\/\/wp.icmm.csic.es\/nanoworkshop2025\/wp-json\/wp\/v2\/comments?post=26"}],"version-history":[{"count":11,"href":"https:\/\/wp.icmm.csic.es\/nanoworkshop2025\/wp-json\/wp\/v2\/pages\/26\/revisions"}],"predecessor-version":[{"id":266,"href":"https:\/\/wp.icmm.csic.es\/nanoworkshop2025\/wp-json\/wp\/v2\/pages\/26\/revisions\/266"}],"wp:attachment":[{"href":"https:\/\/wp.icmm.csic.es\/nanoworkshop2025\/wp-json\/wp\/v2\/media?parent=26"}],"curies":[{"name":"wp","href":"https:\/\/api.w.org\/{rel}","templated":true}]}}