{"id":73,"date":"2014-06-05T11:36:12","date_gmt":"2014-06-05T11:36:12","guid":{"rendered":"http:\/\/www.icmm.csic.es\/nmr\/?page_id=73"},"modified":"2021-06-22T10:57:37","modified_gmt":"2021-06-22T08:57:37","slug":"workers-2","status":"publish","type":"page","link":"https:\/\/wp.icmm.csic.es\/nmr\/service\/workers-2\/","title":{"rendered":"Workers"},"content":{"rendered":"<p><strong>Scientific Directors<\/strong><\/p>\n<ul>\n<li>Dr. Jes\u00fas Sanz L\u00e1zaro (<a href=\"mailto:jsanz@icmm.csic.es\"><span style=\"text-decoration: underline\">jsanz at icmm.csic.es<\/span><\/a>)<\/li>\n<li>Dra. Isabel Sobrados de la Plaza (<a href=\"mailto:isobrado@icmm.csic.es\"><span style=\"text-decoration: underline\">isobrado at icmm.csic.es<\/span><\/a>)<\/li>\n<\/ul>\n<p><strong>Technician<\/strong><\/p>\n<ul>\n<li>Dra. Virginia Diez G\u00f3mez (<a href=\"virginia.diez@icmm.csic.es\"><span style=\"text-decoration: underline\">virginia.diez at icmm.csic.es<\/span><\/a>)<\/li>\n<\/ul>\n<p><strong>Training Technician<\/strong><\/p>\n<p><strong>Former Technicians<\/strong><\/p>\n<ul>\n<li>Dra. Cristina Ruiz Santa Quiteria G\u00f3mez (<a href=\"cristina.rsantaquiteria@csic.es\"><span style=\"text-decoration: underline\">cristina.rsantaquiteria at csic.es<\/span><\/a>)<\/li>\n<li>Ing. Ver\u00f3nica L\u00f3pez Herrero<\/li>\n<li>Ing. Estefan\u00eda Toledano Barroso<\/li>\n<li>Ing. Sandra Mart\u00ednez Chaparro<\/li>\n<\/ul>\n","protected":false},"excerpt":{"rendered":"<p>Scientific Directors Dr. Jes\u00fas Sanz L\u00e1zaro (jsanz at icmm.csic.es) Dra. Isabel Sobrados de la Plaza (isobrado at icmm.csic.es) Technician Dra. Virginia Diez G\u00f3mez (virginia.diez at icmm.csic.es) Training Technician Former Technicians Dra. Cristina Ruiz Santa Quiteria G\u00f3mez (cristina.rsantaquiteria at csic.es) Ing.<\/p>\n","protected":false},"author":70,"featured_media":0,"parent":43,"menu_order":5,"comment_status":"closed","ping_status":"closed","template":"","meta":{"ngg_post_thumbnail":0,"footnotes":""},"class_list":["post-73","page","type-page","status-publish","hentry"],"_links":{"self":[{"href":"https:\/\/wp.icmm.csic.es\/nmr\/wp-json\/wp\/v2\/pages\/73","targetHints":{"allow":["GET"]}}],"collection":[{"href":"https:\/\/wp.icmm.csic.es\/nmr\/wp-json\/wp\/v2\/pages"}],"about":[{"href":"https:\/\/wp.icmm.csic.es\/nmr\/wp-json\/wp\/v2\/types\/page"}],"author":[{"embeddable":true,"href":"https:\/\/wp.icmm.csic.es\/nmr\/wp-json\/wp\/v2\/users\/70"}],"replies":[{"embeddable":true,"href":"https:\/\/wp.icmm.csic.es\/nmr\/wp-json\/wp\/v2\/comments?post=73"}],"version-history":[{"count":2,"href":"https:\/\/wp.icmm.csic.es\/nmr\/wp-json\/wp\/v2\/pages\/73\/revisions"}],"predecessor-version":[{"id":452,"href":"https:\/\/wp.icmm.csic.es\/nmr\/wp-json\/wp\/v2\/pages\/73\/revisions\/452"}],"up":[{"embeddable":true,"href":"https:\/\/wp.icmm.csic.es\/nmr\/wp-json\/wp\/v2\/pages\/43"}],"wp:attachment":[{"href":"https:\/\/wp.icmm.csic.es\/nmr\/wp-json\/wp\/v2\/media?parent=73"}],"curies":[{"name":"wp","href":"https:\/\/api.w.org\/{rel}","templated":true}]}}