{"id":1364,"date":"2019-08-12T15:32:02","date_gmt":"2019-08-12T13:32:02","guid":{"rendered":"https:\/\/wp.icmm.csic.es\/npqsic\/?page_id=1364"},"modified":"2019-09-01T16:48:31","modified_gmt":"2019-09-01T14:48:31","slug":"2017-2","status":"publish","type":"page","link":"https:\/\/wp.icmm.csic.es\/npqsic\/publications\/2017-2\/","title":{"rendered":"2017"},"content":{"rendered":"<p><a href=\"https:\/\/journals.aps.org\/prl\/abstract\/10.1103\/PhysRevLett.119.196802\"><strong>Dispersive Readout of Adiabatic Phases<\/strong><\/a><br \/>\nSigmund Kohler<br \/>\n<span style=\"color: #8eaebd\">Phys. Rev. Lett. 119, 196802 (2017)<\/span><\/p>\n<p><a href=\"https:\/\/journals.aps.org\/prb\/abstract\/10.1103\/PhysRevB.96.125438\"><strong>Signatures of a 4\u03c0-periodic supercurrent in the voltage response of capacitively shunted topological Josephson junctions&nbsp;<\/strong><\/a><br \/>\nJordi Pic\u00f3-Cort\u00e9s, Fernando Dom\u00ednguez, and Gloria Platero<br \/>\n<span style=\"color: #8eaebd\">Phys. Rev. B 96, 125438 (2017)<\/span><\/p>\n<p><a href=\"https:\/\/journals.aps.org\/prb\/abstract\/10.1103\/PhysRevB.96.075305\"><strong>Chiral Maxwell demon in a quantum Hall system with a localized impurity<\/strong><\/a><br \/>\nGuillem Rossell\u00f3, Rosa L\u00f3pez, and Gloria Platero<em>&nbsp;<\/em><br \/>\n<span style=\"color: #8eaebd\">Phys. Rev. B 96,075305 (2017)<\/span><\/p>\n<p><a href=\"https:\/\/journals.aps.org\/prb\/abstract\/10.1103\/PhysRevB.96.045408\"><strong>Doublon lifetimes in dissipative enviroments<\/strong><\/a><br \/>\nM. Bello, G. Platero and S. Kohler<br \/>\n<span style=\"color: #8eaebd\">&nbsp;Phys. Rev. B, 96, 045408 (2017)<\/span><\/p>\n<p><a href=\"https:\/\/journals.aps.org\/prl\/abstract\/10.1103\/PhysRevLett.118.197702\"><strong>Topologically Enforced Bifurcations in Superconducting Circuits&nbsp;<\/strong><\/a><br \/>\nG. Engelhardt, M. Benito, G. Platero and T. Brandes&nbsp;<br \/>\n<span style=\"color: #8eaebd\">Phys. Rev, Lett., 118, 197702 (2017)<\/span><\/p>\n<p><a href=\"https:\/\/journals.aps.org\/prb\/abstract\/10.1103\/PhysRevB.95.094303\"><strong>Sublattice Dynamics and Quantum State Transfer of Doublons in Two-Dimensional Lattices&nbsp;<\/strong><\/a><br \/>\nM. Bello, C.E. Creffield and G. Platero<br \/>\n<span style=\"color: #8eaebd\">Phys. Rev. B, 95, 094303 (2017)<\/span><\/p>\n<p><a href=\"http:\/\/journals.aps.org\/prb\/abstract\/10.1103\/PhysRevB.95.075301\"><strong>Coherent Long-Range Thermoelectrics in Nonadiabatic Driven Quantum Systems&nbsp;<\/strong><\/a><br \/>\nFernando Gallego-Marcos and Gloria Platero<br \/>\n<span style=\"color: #8eaebd\">Phys. Rev. B&nbsp;<strong>95<\/strong>, 075301 (2017)<\/span><\/p>\n","protected":false},"excerpt":{"rendered":"<p>Dispersive Readout of Adiabatic Phases Sigmund Kohler Phys. Rev. Lett. 119, 196802 (2017) Signatures of a 4\u03c0-periodic supercurrent in the voltage response of capacitively shunted topological Josephson junctions&nbsp; Jordi Pic\u00f3-Cort\u00e9s, Fernando Dom\u00ednguez, and Gloria Platero Phys. Rev. B 96, 125438 (2017) Chiral Maxwell demon in a quantum Hall system with&#8230;<\/p>\n<p class=\"continue-reading-button\"> <a class=\"continue-reading-link\" href=\"https:\/\/wp.icmm.csic.es\/npqsic\/publications\/2017-2\/\">Continue reading<i class=\"crycon-right-dir\"><\/i><\/a><\/p>\n","protected":false},"author":36,"featured_media":0,"parent":23,"menu_order":0,"comment_status":"closed","ping_status":"closed","template":"","meta":{"ngg_post_thumbnail":0,"footnotes":""},"class_list":["post-1364","page","type-page","status-publish","hentry"],"_links":{"self":[{"href":"https:\/\/wp.icmm.csic.es\/npqsic\/wp-json\/wp\/v2\/pages\/1364","targetHints":{"allow":["GET"]}}],"collection":[{"href":"https:\/\/wp.icmm.csic.es\/npqsic\/wp-json\/wp\/v2\/pages"}],"about":[{"href":"https:\/\/wp.icmm.csic.es\/npqsic\/wp-json\/wp\/v2\/types\/page"}],"author":[{"embeddable":true,"href":"https:\/\/wp.icmm.csic.es\/npqsic\/wp-json\/wp\/v2\/users\/36"}],"replies":[{"embeddable":true,"href":"https:\/\/wp.icmm.csic.es\/npqsic\/wp-json\/wp\/v2\/comments?post=1364"}],"version-history":[{"count":6,"href":"https:\/\/wp.icmm.csic.es\/npqsic\/wp-json\/wp\/v2\/pages\/1364\/revisions"}],"predecessor-version":[{"id":1456,"href":"https:\/\/wp.icmm.csic.es\/npqsic\/wp-json\/wp\/v2\/pages\/1364\/revisions\/1456"}],"up":[{"embeddable":true,"href":"https:\/\/wp.icmm.csic.es\/npqsic\/wp-json\/wp\/v2\/pages\/23"}],"wp:attachment":[{"href":"https:\/\/wp.icmm.csic.es\/npqsic\/wp-json\/wp\/v2\/media?parent=1364"}],"curies":[{"name":"wp","href":"https:\/\/api.w.org\/{rel}","templated":true}]}}