{"id":1366,"date":"2019-08-12T15:32:58","date_gmt":"2019-08-12T13:32:58","guid":{"rendered":"https:\/\/wp.icmm.csic.es\/npqsic\/?page_id=1366"},"modified":"2019-08-31T17:47:54","modified_gmt":"2019-08-31T15:47:54","slug":"2016-2","status":"publish","type":"page","link":"https:\/\/wp.icmm.csic.es\/npqsic\/publications\/2016-2\/","title":{"rendered":"2016"},"content":{"rendered":"<p><a href=\"http:\/\/journals.aps.org\/prl\/abstract\/10.1103\/PhysRevLett.117.045302\"><strong>Topological Instabilities in ac-Driven Bosonic Systems<\/strong><\/a><br \/>\nG. Engelhardt, M. Benito, G. Platero, and T. Brandes<br \/>\n<span style=\"color: #8eaebd\">&nbsp;Phys. Rev. Lett.&nbsp;<strong>117<\/strong>, 045302(2016).<br \/>\n<\/span><span style=\"color: #8eaebd\"><br \/>\n<\/span><a href=\"https:\/\/iopscience.iop.org\/article\/10.1088\/0957-4484\/27\/45\/454002\/meta\"><strong>Transport, Shot Noise and Topology in AC-Driven Dimer Arrays<\/strong><\/a><br \/>\n&nbsp;M. Niklas, M. Benito, S. Kohler and G. Platero<em><br \/>\n<\/em><span style=\"color: #8eaebd\">Nanotechnology, 27, 454002 (2016)<\/span><\/p>\n<p><a href=\"https:\/\/journals.aps.org\/prb\/abstract\/10.1103\/PhysRevB.94.115404\"><strong>Dissipative long-range entanglement generation between electronic spins<br \/>\n<\/strong><\/a>M. Benito, M.J.A. Schuetz, J.I. Cirac, G.Platero and G. Giedke<br \/>\n<span style=\"color: #8eaebd\">Phys. Rev. B, 94, 115404 (2016)<\/span><\/p>\n<p><a href=\"http:\/\/journals.aps.org\/prb\/abstract\/10.1103\/PhysRevB.94.035442\"><strong>Channel Blockade in a Two-Path Triple-Quantum-Dot System<\/strong><\/a><br \/>\nMonika Kotzian, Fernando Gallego-Marcos, Gloria Platero and Rolf J. Haug,&nbsp;<em><br \/>\n<\/em><span style=\"color: #8eaebd\">&nbsp;Phys. Rev. B&nbsp;<strong>94<\/strong>, 035442 (2016).<\/span><\/p>\n<p><a href=\"http:\/\/journals.aps.org\/prb\/abstract\/10.1103\/PhysRevB.93.205431\"><strong>Generic helical edge states due to Rashba spin-orbit coupling in a topological insulator&nbsp;<\/strong><\/a><br \/>\nLaura Ortiz, Rafael A. Molina, Gloria Platero, and Anders Mathias Lunde<br \/>\nPhys. Rev. B&nbsp;<strong>93<\/strong>, 205431<\/p>\n<p><strong><a href=\"http:\/\/journals.aps.org\/prb\/abstract\/10.1103\/PhysRevB.93.115432\">Edge-state blockade of transport in quantum dot arrays<\/a><\/strong><br \/>\nM\u00f3nica Benito, Michael Niklas, Gloria Platero, and Sigmund Kohler,&nbsp;<br \/>\n<span style=\"color: #8eaebd\">Phys. Rev. B&nbsp;<strong>93<\/strong>, 115432<\/span><\/p>\n<p><a href=\"http:\/\/www.nature.com\/articles\/srep22562\"><strong>Long-range doublon transfer in a dimer chain induced by topology and ac fields,&nbsp;<\/strong><\/a><br \/>\nMiguel Bello, Charles E. Creffield and Gloria Platero<br \/>\nScientific Reports&nbsp;<strong>6<\/strong>, 22562<\/p>\n<p><a href=\"http:\/\/journals.aps.org\/pra\/abstract\/10.1103\/PhysRevA.93.023846\"><strong>Degenerate parametric oscillation in quantum membrane optomechanics&nbsp;<\/strong><\/a><br \/>\nM\u00f3nica Benito, Carlos S\u00e1nchez Mu\u00f1oz, and Carlos Navarrete-Benlloch<br \/>\n<span style=\"color: #8eaebd\">Phys. Rev. A&nbsp;<strong>93<\/strong>, 023846<\/span><\/p>\n<p><a href=\"http:\/\/journals.aps.org\/prb\/abstract\/10.1103\/PhysRevB.93.075424\"><strong>Coupled Landau-Zener-St\u00fcckelberg quantum dot interferometers&nbsp;<\/strong><\/a><br \/>\nFernando Gallego-Marcos, Rafael S\u00e1nchez and Gloria Platero<br \/>\n<span style=\"color: #8eaebd\">Phys. Rev. B&nbsp;<strong>93<\/strong>, 075424<\/span><\/p>\n","protected":false},"excerpt":{"rendered":"<p>Topological Instabilities in ac-Driven Bosonic Systems G. Engelhardt, M. Benito, G. Platero, and T. Brandes &nbsp;Phys. Rev. Lett.&nbsp;117, 045302(2016). Transport, Shot Noise and Topology in AC-Driven Dimer Arrays &nbsp;M. Niklas, M. Benito, S. Kohler and G. Platero Nanotechnology, 27, 454002 (2016) Dissipative long-range entanglement generation between electronic spins M. Benito,&#8230;<\/p>\n<p class=\"continue-reading-button\"> <a class=\"continue-reading-link\" href=\"https:\/\/wp.icmm.csic.es\/npqsic\/publications\/2016-2\/\">Continue reading<i class=\"crycon-right-dir\"><\/i><\/a><\/p>\n","protected":false},"author":36,"featured_media":0,"parent":23,"menu_order":0,"comment_status":"closed","ping_status":"closed","template":"","meta":{"ngg_post_thumbnail":0,"footnotes":""},"class_list":["post-1366","page","type-page","status-publish","hentry"],"_links":{"self":[{"href":"https:\/\/wp.icmm.csic.es\/npqsic\/wp-json\/wp\/v2\/pages\/1366","targetHints":{"allow":["GET"]}}],"collection":[{"href":"https:\/\/wp.icmm.csic.es\/npqsic\/wp-json\/wp\/v2\/pages"}],"about":[{"href":"https:\/\/wp.icmm.csic.es\/npqsic\/wp-json\/wp\/v2\/types\/page"}],"author":[{"embeddable":true,"href":"https:\/\/wp.icmm.csic.es\/npqsic\/wp-json\/wp\/v2\/users\/36"}],"replies":[{"embeddable":true,"href":"https:\/\/wp.icmm.csic.es\/npqsic\/wp-json\/wp\/v2\/comments?post=1366"}],"version-history":[{"count":5,"href":"https:\/\/wp.icmm.csic.es\/npqsic\/wp-json\/wp\/v2\/pages\/1366\/revisions"}],"predecessor-version":[{"id":1449,"href":"https:\/\/wp.icmm.csic.es\/npqsic\/wp-json\/wp\/v2\/pages\/1366\/revisions\/1449"}],"up":[{"embeddable":true,"href":"https:\/\/wp.icmm.csic.es\/npqsic\/wp-json\/wp\/v2\/pages\/23"}],"wp:attachment":[{"href":"https:\/\/wp.icmm.csic.es\/npqsic\/wp-json\/wp\/v2\/media?parent=1366"}],"curies":[{"name":"wp","href":"https:\/\/api.w.org\/{rel}","templated":true}]}}