{"id":1430,"date":"2019-08-29T17:28:48","date_gmt":"2019-08-29T15:28:48","guid":{"rendered":"https:\/\/wp.icmm.csic.es\/npqsic\/?page_id=1430"},"modified":"2019-08-31T17:27:07","modified_gmt":"2019-08-31T15:27:07","slug":"2014-v2","status":"publish","type":"page","link":"https:\/\/wp.icmm.csic.es\/npqsic\/publications\/2014-v2\/","title":{"rendered":"2014"},"content":{"rendered":"<p><a href=\"http:\/\/journals.aps.org\/prb\/abstract\/10.1103\/PhysRevB.90.205127\"><strong>Floquet engineering of long-range p-wave superconductivity<\/strong><\/a><br \/>\nM\u00f3nica Benito, \u00c1lvaro G\u00f3mez-Le\u00f3n, Victor Bastidas, Tobias Brandes and Gloria Plateroo<br \/>\n<span style=\"color: #8eaebd\">Phys. Rev. B&nbsp;<strong>90<\/strong>, 205127<\/span><\/p>\n<p><a href=\"http:\/\/journals.aps.org\/pra\/abstract\/10.1103\/PhysRevA.90.033614\"><strong>Nonequilibrium relaxation transport of ultracold atoms<\/strong><\/a><br \/>\nFernando Gallego-Marcos, Gloria Platero, Christian Nietner, Gernot Schaller, and Tobias Brandes<br \/>\n<span style=\"color: #8eaebd\">&nbsp;Phys. Rev. A&nbsp;<strong>90<\/strong>, 033614<\/span><\/p>\n<p><a href=\"http:\/\/journals.aps.org\/prb\/abstract\/10.1103\/PhysRevB.89.205408\"><strong>Engineering anomalous quantum Hall plateaus and antichiral states with ac fields<\/strong><\/a><br \/>\n\u00c1lvaro G\u00f3mez-Le\u00f3n, Pierre Delplace and Gloria Platero<br \/>\n<span style=\"color: #8eaebd\">&nbsp;Phys. Rev. B&nbsp;<strong>89<\/strong>, 205408<\/span><\/p>\n<p><a href=\"http:\/\/journals.aps.org\/prl\/abstract\/10.1103\/PhysRevLett.112.176803\"><strong>Long-Range Spin Transfer in Triple Quantum Dots<\/strong><\/a><br \/>\nR. S\u00e1nchez, G. Granger, L. Gaudreau, A. Kam, M. Pioro-Ladri\u00e8re, S.\u2009A. Studenikin, P. Zawadzki, A.\u2009S. Sachrajda, and G. Platero<br \/>\n<span style=\"color: #8eaebd\">&nbsp;Phys. Rev. Lett.&nbsp;<strong>112<\/strong>, 176803<\/span><\/p>\n<p><a href=\"http:\/\/journals.aps.org\/prl\/abstract\/10.1103\/PhysRevLett.112.156801\"><strong>Floquet Fractional Chern Insulators<\/strong><\/a><br \/>\nAdolfo G. Grushin, \u00c1lvaro G\u00f3mez-Le\u00f3n and Titus Neupert<br \/>\n<span style=\"color: #8eaebd\">&nbsp;Phys. Rev. Lett.&nbsp;<strong>112<\/strong>, 156801<\/span><\/p>\n<p><a href=\"http:\/\/journals.aps.org\/prb\/abstract\/10.1103\/PhysRevB.89.161402\"><strong>Superexchange blockade in triple quantum dots<\/strong><\/a><br \/>\nRafael&nbsp;S\u00e1nchez, Fernando Gallego-Marcos and Gloria Platero<br \/>\n<span style=\"color: #8eaebd\">&nbsp;Phys. Rev. B&nbsp;<strong>89<\/strong>, 161402(R)<\/span><\/p>\n<p><a href=\"http:\/\/journals.aps.org\/prb\/abstract\/10.1103\/PhysRevB.89.045426\"><strong>Unidirectional direct current in coupled nanomechanical resonators by tunable symmetry breaking<\/strong><\/a><br \/>\nM. Prada, G. Platero and D. Pfannkuche<br \/>\n<span style=\"color: #8eaebd\">Phys. Rev. B&nbsp;<strong>89<\/strong>, 045426 (2014)<\/span><\/p>\n<p>&nbsp;<\/p>\n","protected":false},"excerpt":{"rendered":"<p>Floquet engineering of long-range p-wave superconductivity M\u00f3nica Benito, \u00c1lvaro G\u00f3mez-Le\u00f3n, Victor Bastidas, Tobias Brandes and Gloria Plateroo Phys. Rev. B&nbsp;90, 205127 Nonequilibrium relaxation transport of ultracold atoms Fernando Gallego-Marcos, Gloria Platero, Christian Nietner, Gernot Schaller, and Tobias Brandes &nbsp;Phys. Rev. A&nbsp;90, 033614 Engineering anomalous quantum Hall plateaus and antichiral states&#8230;<\/p>\n<p class=\"continue-reading-button\"> <a class=\"continue-reading-link\" href=\"https:\/\/wp.icmm.csic.es\/npqsic\/publications\/2014-v2\/\">Continue reading<i class=\"crycon-right-dir\"><\/i><\/a><\/p>\n","protected":false},"author":36,"featured_media":0,"parent":23,"menu_order":0,"comment_status":"closed","ping_status":"closed","template":"","meta":{"ngg_post_thumbnail":0,"footnotes":""},"class_list":["post-1430","page","type-page","status-publish","hentry"],"_links":{"self":[{"href":"https:\/\/wp.icmm.csic.es\/npqsic\/wp-json\/wp\/v2\/pages\/1430","targetHints":{"allow":["GET"]}}],"collection":[{"href":"https:\/\/wp.icmm.csic.es\/npqsic\/wp-json\/wp\/v2\/pages"}],"about":[{"href":"https:\/\/wp.icmm.csic.es\/npqsic\/wp-json\/wp\/v2\/types\/page"}],"author":[{"embeddable":true,"href":"https:\/\/wp.icmm.csic.es\/npqsic\/wp-json\/wp\/v2\/users\/36"}],"replies":[{"embeddable":true,"href":"https:\/\/wp.icmm.csic.es\/npqsic\/wp-json\/wp\/v2\/comments?post=1430"}],"version-history":[{"count":4,"href":"https:\/\/wp.icmm.csic.es\/npqsic\/wp-json\/wp\/v2\/pages\/1430\/revisions"}],"predecessor-version":[{"id":1442,"href":"https:\/\/wp.icmm.csic.es\/npqsic\/wp-json\/wp\/v2\/pages\/1430\/revisions\/1442"}],"up":[{"embeddable":true,"href":"https:\/\/wp.icmm.csic.es\/npqsic\/wp-json\/wp\/v2\/pages\/23"}],"wp:attachment":[{"href":"https:\/\/wp.icmm.csic.es\/npqsic\/wp-json\/wp\/v2\/media?parent=1430"}],"curies":[{"name":"wp","href":"https:\/\/api.w.org\/{rel}","templated":true}]}}