{"id":1629,"date":"2020-01-02T21:04:46","date_gmt":"2020-01-02T20:04:46","guid":{"rendered":"https:\/\/wp.icmm.csic.es\/npqsic\/?page_id=1629"},"modified":"2023-06-27T11:56:12","modified_gmt":"2023-06-27T09:56:12","slug":"visitors-2","status":"publish","type":"page","link":"https:\/\/wp.icmm.csic.es\/npqsic\/our-people\/visitors-2\/","title":{"rendered":"Visitors &amp; Collaborators"},"content":{"rendered":"<div id=\"pl-1629\"  class=\"panel-layout\" ><div id=\"pg-1629-0\"  class=\"panel-grid panel-no-style\" ><div id=\"pgc-1629-0-0\"  class=\"panel-grid-cell\" ><div id=\"panel-1629-0-0-0\" class=\"so-panel widget widget_sow-headline panel-first-child\" data-index=\"0\" ><div\n\t\t\t\n\t\t\tclass=\"so-widget-sow-headline so-widget-sow-headline-default-98dc6fff397f-1629\"\n\t\t\t\n\t\t><div class=\"sow-headline-container \">\n\t\t\t\t\t\t\t<h3 class=\"sow-headline\">\n\t\t\t\t\t\tCollaborators\t\t\t\t\t\t<\/h3>\n\t\t\t\t\t\t\t\t\t\t\t<div class=\"decoration\">\n\t\t\t\t\t\t<div class=\"decoration-inside\"><\/div>\n\t\t\t\t\t<\/div>\n\t\t\t\t\t<\/div>\n<\/div><\/div><div id=\"panel-1629-0-0-1\" class=\"so-panel widget widget_sow-headline\" data-index=\"1\" ><div\n\t\t\t\n\t\t\tclass=\"so-widget-sow-headline so-widget-sow-headline-default-299d70f40e1f-1629\"\n\t\t\t\n\t\t><div class=\"sow-headline-container \">\n\t\t\t\t\t\t\t<h5 class=\"sow-headline\">\n\t\t\t\t\t\tInternational Collaborators\t\t\t\t\t\t<\/h5>\n\t\t\t\t\t\t\t\t\t\t\t<div class=\"decoration\">\n\t\t\t\t\t\t<div class=\"decoration-inside\"><\/div>\n\t\t\t\t\t<\/div>\n\t\t\t\t\t<\/div>\n<\/div><\/div><div id=\"panel-1629-0-0-2\" class=\"so-panel widget widget_sow-editor\" data-index=\"2\" ><div\n\t\t\t\n\t\t\tclass=\"so-widget-sow-editor so-widget-sow-editor-base\"\n\t\t\t\n\t\t>\n<div class=\"siteorigin-widget-tinymce textwidget\">\n\t<ul>\n<li>Dr. Engelhardt (Beijing Computational Science Research Center, China)<\/li>\n<li>Prof. J. Cao, (MIT, USA)<\/li>\n<li>Prof. H.Q. Xu (Lund University, Sweden; Beijing University, China)<\/li>\n<li>Dr. A. Sachrajda (National Research Council, Ottawa, Canada)<\/li>\n<li>Prof. M. Grifoni (Regensburg University, Germany)<\/li>\n<li>Prof. K. Richter (Regensburg University, Germany)<\/li>\n<li>Prof. D. Weiss (Regensburg University, Germany)<\/li>\n<li>Dr. R. Hussein (Konstanz University, Germany)<\/li>\n<li>Dr. M. Benito (Konstanz University, Germany)<\/li>\n<li>Prof. C. Demorais (Utrecht University, Holland)<\/li>\n<li>Prof. J. I. Cirac (Max Planck Institute of Quantum Optics, Germany)<\/li>\n<li>Prof. R. Haug ( Hannover University, Germany)<\/li>\n<li>Prof. J. Petta ( Princeton University, USA)<\/li>\n<li>Dr. S. Ludwig (Paul Drude Institute in Berlin, Germany)<\/li>\n<li>Prof. R. Blick ( Hamburg University, Germany)<\/li>\n<li>Dr. M. Prada (Hamburg University, Germany)<\/li>\n<\/ul>\n<\/div>\n<\/div><\/div><div id=\"panel-1629-0-0-3\" class=\"so-panel widget widget_sow-headline\" data-index=\"3\" ><div\n\t\t\t\n\t\t\tclass=\"so-widget-sow-headline so-widget-sow-headline-default-299d70f40e1f-1629\"\n\t\t\t\n\t\t><div class=\"sow-headline-container \">\n\t\t\t\t\t\t\t<h5 class=\"sow-headline\">\n\t\t\t\t\t\tCollaborators in Spain\t\t\t\t\t\t<\/h5>\n\t\t\t\t\t\t\t\t\t\t\t<div class=\"decoration\">\n\t\t\t\t\t\t<div class=\"decoration-inside\"><\/div>\n\t\t\t\t\t<\/div>\n\t\t\t\t\t<\/div>\n<\/div><\/div><div id=\"panel-1629-0-0-4\" class=\"so-panel widget widget_sow-editor panel-last-child\" data-index=\"4\" ><div\n\t\t\t\n\t\t\tclass=\"so-widget-sow-editor so-widget-sow-editor-base\"\n\t\t\t\n\t\t>\n<div class=\"siteorigin-widget-tinymce textwidget\">\n\t<ul>\n<li>Dr. Y. Ban (Universidad del Pa\u00eds Vasco, UPV)<\/li>\n<li>Prof. X. Chen (Universidad del Pa\u00eds Vasco, UPV)<\/li>\n<li>Prof. G. Giedke (Universidad del Pa\u00eds Vasco, UPV)<\/li>\n<li>Dr. R. L\u00f3pez (Instituto de F\u00edsica Interdisciplinar y Sistemas Complejos, IFISC-CSIC)<\/li>\n<li>Prof. F. Dom\u00ednguez-Adame (Universidad Complutense de Madrid, UCM)<\/li>\n<li>Dr. C. E. Creffield ( Universidad Complutense de Madrid, UCM)<\/li>\n<li>Dr. A. Gonz\u00e1lez Tudela (Instituto de F\u00edsica Te\u00f3rica, IFF-CSIC)<\/li>\n<li>R. Molina (Instituto de Estructura de la Materia, IEM-CSIC)&nbsp;<\/li>\n<\/ul>\n<\/div>\n<\/div><\/div><\/div><\/div><div id=\"pg-1629-1\"  class=\"panel-grid panel-no-style\" ><div id=\"pgc-1629-1-0\"  class=\"panel-grid-cell\" ><div id=\"panel-1629-1-0-0\" class=\"so-panel widget widget_sow-headline panel-first-child\" data-index=\"5\" ><div\n\t\t\t\n\t\t\tclass=\"so-widget-sow-headline so-widget-sow-headline-default-98dc6fff397f-1629\"\n\t\t\t\n\t\t><div class=\"sow-headline-container \">\n\t\t\t\t\t\t\t<h3 class=\"sow-headline\">\n\t\t\t\t\t\tVisitors (since Dec. 2019)\t\t\t\t\t\t<\/h3>\n\t\t\t\t\t\t\t\t\t\t\t<div class=\"decoration\">\n\t\t\t\t\t\t<div class=\"decoration-inside\"><\/div>\n\t\t\t\t\t<\/div>\n\t\t\t\t\t<\/div>\n<\/div><\/div><div id=\"panel-1629-1-0-1\" class=\"so-panel widget widget_sow-editor\" data-index=\"6\" ><div\n\t\t\t\n\t\t\tclass=\"so-widget-sow-editor so-widget-sow-editor-base\"\n\t\t\t\n\t\t>\n<div class=\"siteorigin-widget-tinymce textwidget\">\n\t<ul>\n<li>Milena Grifoni, Institute for Theoretical Physics, University of Regensburg (Dec. 2019)<\/li>\n<li>Klaus Ritcher, Institute for Theoretical Physics, University of Regensburg (Jan. 2019)<\/li>\n<\/ul>\n<\/div>\n<\/div><\/div><div id=\"panel-1629-1-0-2\" class=\"so-panel widget widget_sow-social-media-buttons panel-last-child\" data-index=\"7\" ><div\n\t\t\t\n\t\t\tclass=\"so-widget-sow-social-media-buttons so-widget-sow-social-media-buttons-flat-e7b7b3e181d4-1629\"\n\t\t\t\n\t\t>\n\n<div class=\"social-media-button-container\">\n\t\n\t\t<a \n\t\tclass=\"ow-button-hover sow-social-media-button-x-twitter-0 sow-social-media-button\" title=\"NOVEL PLATFORMS AND NANO-DEVICES FOR QUANTUM SIMULATION AND COMPUTATION en X Twitter\" aria-label=\"NOVEL PLATFORMS AND NANO-DEVICES FOR QUANTUM SIMULATION AND COMPUTATION en X Twitter\" target=\"_blank\" rel=\"noopener noreferrer\" href=\"https:\/\/twitter.com\/\" \t\t>\n\t\t\t<span>\n\t\t\t\t\t\t\t\t<span class=\"sow-icon-fontawesome sow-fab\" data-sow-icon=\"&#xe61b;\"\n\t\t \n\t\taria-hidden=\"true\"><\/span>\t\t\t\t\t\t\t<\/span>\n\t\t<\/a>\n\t<\/div>\n<\/div><\/div><\/div><\/div><\/div>","protected":false},"excerpt":{"rendered":"<p>Dr. Engelhardt (Beijing Computational Science Research Center, China) Prof. J. Cao, (MIT, USA) Prof. H.Q. Xu (Lund University, Sweden; Beijing University, China) Dr. A. Sachrajda (National Research Council, Ottawa, Canada) Prof. M. Grifoni (Regensburg University, Germany) Prof. K. Richter (Regensburg University, Germany) Prof. D. Weiss (Regensburg University, Germany) Dr. R&#8230;.<\/p>\n<p class=\"continue-reading-button\"> <a class=\"continue-reading-link\" href=\"https:\/\/wp.icmm.csic.es\/npqsic\/our-people\/visitors-2\/\">Continue reading<i class=\"crycon-right-dir\"><\/i><\/a><\/p>\n","protected":false},"author":36,"featured_media":0,"parent":1585,"menu_order":0,"comment_status":"closed","ping_status":"closed","template":"","meta":{"ngg_post_thumbnail":0,"footnotes":""},"class_list":["post-1629","page","type-page","status-publish","hentry"],"_links":{"self":[{"href":"https:\/\/wp.icmm.csic.es\/npqsic\/wp-json\/wp\/v2\/pages\/1629","targetHints":{"allow":["GET"]}}],"collection":[{"href":"https:\/\/wp.icmm.csic.es\/npqsic\/wp-json\/wp\/v2\/pages"}],"about":[{"href":"https:\/\/wp.icmm.csic.es\/npqsic\/wp-json\/wp\/v2\/types\/page"}],"author":[{"embeddable":true,"href":"https:\/\/wp.icmm.csic.es\/npqsic\/wp-json\/wp\/v2\/users\/36"}],"replies":[{"embeddable":true,"href":"https:\/\/wp.icmm.csic.es\/npqsic\/wp-json\/wp\/v2\/comments?post=1629"}],"version-history":[{"count":10,"href":"https:\/\/wp.icmm.csic.es\/npqsic\/wp-json\/wp\/v2\/pages\/1629\/revisions"}],"predecessor-version":[{"id":2045,"href":"https:\/\/wp.icmm.csic.es\/npqsic\/wp-json\/wp\/v2\/pages\/1629\/revisions\/2045"}],"up":[{"embeddable":true,"href":"https:\/\/wp.icmm.csic.es\/npqsic\/wp-json\/wp\/v2\/pages\/1585"}],"wp:attachment":[{"href":"https:\/\/wp.icmm.csic.es\/npqsic\/wp-json\/wp\/v2\/media?parent=1629"}],"curies":[{"name":"wp","href":"https:\/\/api.w.org\/{rel}","templated":true}]}}