{"id":2004,"date":"2023-06-26T17:15:10","date_gmt":"2023-06-26T15:15:10","guid":{"rendered":"https:\/\/wp.icmm.csic.es\/npqsic\/?page_id=2004"},"modified":"2023-06-27T12:15:12","modified_gmt":"2023-06-27T10:15:12","slug":"2020-2","status":"publish","type":"page","link":"https:\/\/wp.icmm.csic.es\/npqsic\/2020-2\/","title":{"rendered":"2020"},"content":{"rendered":"<p><a href=\"https:\/\/onlinelibrary.wiley.com\/doi\/full\/10.1002\/qute.201900105\">Topology and interactions in the photonic Creutz and Creutz-Hubbard ladders (Inside Cover)<\/a><br \/>\nJ. Zurita, C.E. Creffield and G. Platero<br \/>\n<span style=\"color: #8eaebd\">Advanced Quantum Technologies&nbsp;<strong>3<\/strong>, 2, 1900105<\/span><\/p>\n<p><a href=\"https:\/\/journals.aps.org\/prl\/abstract\/10.1103\/PhysRevLett.125.077401\">Chiral Plasmons with Twisted Atomic Bilayers<\/a><br \/>\nXiao Lin, Zifei Liu, Tobias Stauber, Guillermo G\u00f3mez-Santos, Fei Gao, Hongsheng Chen, Baile Zhang, and Tony Low<br \/>\n<span style=\"color: #8eaebd\">Phys. Rev. Lett.&nbsp;<strong>125<\/strong>, 077401<\/span><\/p>\n<p><a href=\"https:\/\/journals.aps.org\/prl\/abstract\/10.1103\/PhysRevLett.125.206801\">Spectral Properties of Stochastic Resonance in Quantum Transport<\/a><br \/>\nRobert Hussein, Sigmund Kohler, Johannes C. Bayer, Timo Wagner, and Rolf J. Haug<br \/>\n<span style=\"color: #8eaebd\">Phys. Rev. Lett. <strong>125<\/strong>, 206801&nbsp;<\/span><\/p>\n<p><a href=\"https:\/\/journals.aps.org\/prl\/abstract\/10.1103\/PhysRevLett.124.257401\">Nonlocal Quantum Effects in Plasmons of Graphene Superlattices<\/a><br \/>\nLuis Brey, T. Stauber, L. Mart\u00edn-Moreno, and G. G\u00f3mez-Santos<br \/>\n<span style=\"color: #8eaebd\">Phys. Rev. Lett.&nbsp;<strong>124<\/strong>, 257401<\/span><\/p>\n<p><a href=\"https:\/\/journals.aps.org\/prresearch\/abstract\/10.1103\/PhysRevResearch.2.033412\">Designing adiabatic time evolution from high-frequency bichromatic sources<\/a><br \/>\n\u00c1. G\u00f3mez-Le\u00f3n and G. Platero<br \/>\n<span style=\"color: #8eaebd\">Phys. Rev. Research&nbsp;<strong>2<\/strong>, 033412<\/span><\/p>\n<p><a href=\"https:\/\/journals.aps.org\/prl\/abstract\/10.1103\/PhysRevLett.124.186801\">Marginal Fermi Liquid in Twisted Bilayer Graphene<\/a><br \/>\nJ. Gonz\u00e1lez and T. Stauber<br \/>\n<span style=\"color: #8eaebd\">Phys. Rev. Lett.&nbsp;<strong>124<\/strong>, 186801<\/span><\/p>\n<p>&nbsp;<\/p>\n","protected":false},"excerpt":{"rendered":"<p>Topology and interactions in the photonic Creutz and Creutz-Hubbard ladders (Inside Cover) J. Zurita, C.E. Creffield and G. Platero Advanced Quantum Technologies&nbsp;3, 2, 1900105 Chiral Plasmons with Twisted Atomic Bilayers Xiao Lin, Zifei Liu, Tobias Stauber, Guillermo G\u00f3mez-Santos, Fei Gao, Hongsheng Chen, Baile Zhang, and Tony Low Phys. Rev. Lett.&nbsp;125,&#8230;<\/p>\n<p class=\"continue-reading-button\"> <a class=\"continue-reading-link\" href=\"https:\/\/wp.icmm.csic.es\/npqsic\/2020-2\/\">Continue reading<i class=\"crycon-right-dir\"><\/i><\/a><\/p>\n","protected":false},"author":106,"featured_media":0,"parent":0,"menu_order":0,"comment_status":"closed","ping_status":"closed","template":"","meta":{"ngg_post_thumbnail":0,"footnotes":""},"class_list":["post-2004","page","type-page","status-publish","hentry"],"_links":{"self":[{"href":"https:\/\/wp.icmm.csic.es\/npqsic\/wp-json\/wp\/v2\/pages\/2004","targetHints":{"allow":["GET"]}}],"collection":[{"href":"https:\/\/wp.icmm.csic.es\/npqsic\/wp-json\/wp\/v2\/pages"}],"about":[{"href":"https:\/\/wp.icmm.csic.es\/npqsic\/wp-json\/wp\/v2\/types\/page"}],"author":[{"embeddable":true,"href":"https:\/\/wp.icmm.csic.es\/npqsic\/wp-json\/wp\/v2\/users\/106"}],"replies":[{"embeddable":true,"href":"https:\/\/wp.icmm.csic.es\/npqsic\/wp-json\/wp\/v2\/comments?post=2004"}],"version-history":[{"count":4,"href":"https:\/\/wp.icmm.csic.es\/npqsic\/wp-json\/wp\/v2\/pages\/2004\/revisions"}],"predecessor-version":[{"id":2049,"href":"https:\/\/wp.icmm.csic.es\/npqsic\/wp-json\/wp\/v2\/pages\/2004\/revisions\/2049"}],"wp:attachment":[{"href":"https:\/\/wp.icmm.csic.es\/npqsic\/wp-json\/wp\/v2\/media?parent=2004"}],"curies":[{"name":"wp","href":"https:\/\/api.w.org\/{rel}","templated":true}]}}