{"id":107,"date":"2022-03-22T17:44:02","date_gmt":"2022-03-22T17:44:02","guid":{"rendered":"https:\/\/wp.icmm.csic.es\/optomechanics\/?page_id=107"},"modified":"2022-03-24T10:38:31","modified_gmt":"2022-03-24T10:38:31","slug":"previous","status":"publish","type":"page","link":"https:\/\/wp.icmm.csic.es\/optomechanics\/previous\/","title":{"rendered":"Previous"},"content":{"rendered":"<ol>\n<li>Oscar Malvar, Daniel Ramos, Adri\u00e1n Sanz-Jim\u00e9nez, \u00a0AlbertoMart\u00edn-P\u00e9rez <a href=\"https:\/\/www.zhinst.com\/europe\/en\/pdf-viewer\/plain?pdf_title=Optomechanical%20mass%20sensing&amp;pdf_url=\/libraries\/pdf.js\/web\/viewer.html%3Ffile%3Dhttps%253A%252F%252Fwww.zhinst.com%252Fsites%252Fdefault%252Ffiles%252Fdocuments%252F2022-01%252Fzi_appnote_mass_sensing.pdf\"><strong>&#8220;Optomechanical mass sensing&#8221;<\/strong><\/a>\u00a0<em>Zurich Instruments Application Note<\/em> (2022)<\/li>\n<li>Juan Molina, Javier E Escobar, Daniel Ramos, Eduardo Gil-Santos, Jos\u00e9 J Ruz, Javier Tamayo, \u00c1lvaro San Paulo, Montserrat Calleja <a href=\"https:\/\/pubs.acs.org\/doi\/abs\/10.1021\/acs.nanolett.1c02056\"><strong>&#8220;High Dynamic Range Nanowire Resonators&#8221;<\/strong><\/a> <em>Nano Letters<\/em> <strong>21 (15)<\/strong>, 6617-6624 (2021)<\/li>\n<li>Alberto Mart\u00edn-P\u00e9rez, Daniel Ramos, Marina L Yubero, Sergio Garc\u00eda-L\u00f3pez, Priscila M Kosaka, Javier Tamayo, Montserrat Calleja<a href=\"https:\/\/www.nature.com\/articles\/s41598-021-82708-0\"><strong> &#8220;Hydrodynamic assisted multiparametric particle spectrometry&#8221;<\/strong><\/a>\u00a0<em>Scientific Reports<\/em> <strong>11 (1)<\/strong>, 1-9 (2021)<\/li>\n<li>A Mart\u00edn-P\u00e9rez, D Ramos, J Tamayo, M Calleja <a href=\"https:\/\/www.mdpi.com\/1424-8220\/21\/10\/3337\"><strong>&#8220;Nanomechanical Molecular Mass Sensing Using Suspended Microchannel Resonators&#8221;<\/strong><\/a> <em>Sensors<\/em> <strong>21 (10)<\/strong>, 3337 (2021)<\/li>\n<li>JJ Ruz, O Malvar, E Gil-Santos, D Ramos, M Calleja, J Tamayo<a href=\"https:\/\/www.mdpi.com\/2227-9717\/9\/1\/164\"><strong> &#8220;A review on theory and modelling of nanomechanical sensors for biological applications&#8221;<\/strong><\/a> <em>Processes<\/em><strong> 9 (1)<\/strong>, 164 (2021)<\/li>\n<li>LM Weituschat, W Dickmann, J Guimbao, D Ramos, S Kroker, PA Postigo <a href=\"https:\/\/www.mdpi.com\/2079-4991\/10\/5\/934\"><strong>&#8220;Photonic and thermal modelling of microrings in silicon, diamond and gan for temperature sensing&#8221;<\/strong><\/a> <em>Nanomaterials<\/em> <strong>10 (5)<\/strong>, 934 (2020)<\/li>\n<li>Juan Molina, Daniel Ramos, Eduardo Gil-Santos, Javier E Escobar, Jose\u0301 J Ruz, Javier Tamayo, \u00c1lvaro San Paulo, Montserrat Calleja <a href=\"https:\/\/pubs.acs.org\/doi\/abs\/10.1021\/acs.nanolett.9b04909\"><strong>&#8220;Optical transduction for vertical nanowire resonators&#8221;<\/strong><\/a> <em>Nano letters<\/em><strong> 20 (4)<\/strong>, 2359-2369 (2020)<\/li>\n<li>Alberto Martin-Perez, Daniel Ramos, Eduardo Gil-Santos, Sergio Garc\u00eda-L\u00f3pez, Marina L Yubero, Priscila M Kosaka, A\u0301lvaro San Paulo, Javier Tamayo, Montserrat Calleja <a href=\"https:\/\/pubs.acs.org\/doi\/abs\/10.1021\/acssensors.9b02038\"><strong>&#8220;Mechano-optical analysis of single cells with transparent microcapillary resonators&#8221;<\/strong> <\/a><em>ACS sensors<\/em> <strong>4 (12)<\/strong>, 3325-3332 (2019)<\/li>\n<li>A Mart\u00edn-P\u00e9rez, D Ramos, J Tamayo, M Calleja <a href=\"https:\/\/ieeexplore.ieee.org\/abstract\/document\/8808536\"><strong>&#8220;Real-time particle spectrometry in liquid environment using microfluidic-nanomechanical resonators&#8221;<\/strong> <\/a><em>2019 20th International Conference on Solid-State Sensors, Actuators and Microsystems &amp; Eurosensors XXXIII (TRANSDUCERS &amp; EUROSENSORS XXXIII)<\/em>\u00a0pp\u00a0<strong>2146-2149<\/strong> (2019)<\/li>\n<li>A Mart\u00edn-P\u00e9rez, D Ramos, J Tamayo, M Calleja <a href=\"https:\/\/www.mdpi.com\/1424-8220\/19\/23\/5069\"><strong>&#8220;Coherent optical transduction of suspended microcapillary resonators for multi-parameter sensing applications&#8221;<\/strong> <\/a><em>Sensors<\/em> <strong>19 (23)<\/strong>, 5069 (2019)<\/li>\n<li>D Ramos, O Malvar, ZJ Davis, J Tamayo, M Calleja <a href=\"https:\/\/pubs.acs.org\/doi\/abs\/10.1021\/acs.nanolett.8b03236\"><strong>&#8220;Nanomechanical plasmon spectroscopy of single gold nanoparticles&#8221;<\/strong><\/a> <em>Nano Letters<\/em> <strong>18 (11)<\/strong>, 7165-7170 (2018)<\/li>\n<li>CV Manzano, D Ramos, L Petho, G Burki, J Michler, L Philippe <a href=\"https:\/\/pubs.acs.org\/doi\/abs\/10.1021\/acs.jpcc.7b11131\"><strong>&#8220;Controlling the color and effective refractive index of metal-Anodic Aluminum Oxide (AAO)\u2013Al nanostructures: Morphology of AAO&#8221;<\/strong>\u00a0<\/a><em>The Journal of Physical Chemistry C<\/em> <strong>122 (1)<\/strong>, 957-963 (2018)<\/li>\n<li>Carmen M Dom\u00ednguez, Daniel Ramos, Jesu\u0301s Mingorance, Jos\u00e9 LG Fierro, Javier Tamayo, Montserrat Calleja <a href=\"https:\/\/pubs.acs.org\/doi\/abs\/10.1021\/acs.analchem.7b04094\"><strong>&#8220;Direct detection of OXA-48 carbapenemase gene in lysate samples through changes in mechanical properties of DNA monolayers upon hybridization&#8221;<\/strong><\/a> <em>Analytical chemistry<\/em> <strong>90 (1)<\/strong>, 968-973 (2018)<\/li>\n<li>Valerio Pini, Daniel Ramos, Carmen M Dominguez, Jose Jaime Ruz, Oscar Malvar, Priscila M Kosaka, Zachary J Davis, Javier Tamayo, Montserrat Calleja <a href=\"https:\/\/www.sciencedirect.com\/science\/article\/abs\/pii\/S0167931717303489\"><strong>&#8220;Optimization of the readout of microdrum optomechanical resonators&#8221;<\/strong><\/a> <em>Microelectronic Engineering<\/em> <strong>183<\/strong>, 37-41 (2017)<\/li>\n<li>Carmen M Dom\u00ednguez, Daniel Ramos, Jes\u00fas I Mendieta-Moreno, Jos\u00e9 LG Fierro, Jes\u00fas Mendieta, Javier Tamayo, Montserrat Calleja <a href=\"https:\/\/www.nature.com\/articles\/s41598-017-00605-x\"><strong>&#8220;Effect of water-DNA interactions on elastic properties of DNA self-assembled monolayers&#8221;<\/strong> <\/a><em>Scientific reports<\/em><strong> 7 (1)<\/strong>, 1-8 (2017)<\/li>\n<li>Eduardo Gil-Santos, Valerio Pini, \u00c1lvaro San Paulo, Montserrat Calleja, Javier Tamayo, Daniel Ramos <a href=\"https:\/\/books.google.es\/books?hl=en&amp;lr=&amp;id=hwhCCwAAQBAJ&amp;oi=fnd&amp;pg=PA285&amp;dq=info:ooYka8LmTOYJ:scholar.google.com&amp;ots=lWi8nIZWOO&amp;sig=LwQHNam2qGRLxkCj3ZC6k3EY1GA&amp;redir_esc=y#v=onepage&amp;q&amp;f=false\"><strong>&#8220;Optical Transduction and Actuation of Subwavelength Nanomechanical Resonators&#8221;<\/strong><\/a> <em>Nanocantilever Beams: Modeling, Fabrication, and Applications<\/em> pp <strong>285<\/strong> (2016)<\/li>\n<li>PM Kosaka, V Pini, JJ Ruz, RA da Silva, M Ujue-Gonz\u00e1lez, D Ramos, M Calleja, J Tamayo <a href=\"https:\/\/ieeexplore.ieee.org\/abstract\/document\/7180950\"><strong>&#8220;Detection of cancer biomarkers in serum by merging nanomechanics and optoplasmonics&#8221;<\/strong> <\/a><em>2015 Transducers-2015 18th International Conference on Solid-State Sensors, Actuators and Microsystems (TRANSDUCERS)<\/em> <strong>419-423<\/strong> (2015)<\/li>\n<li>O Malvar, D Ramos, C Mart\u00ednez, P Kosaka, J Tamayo, M Calleja <a href=\"https:\/\/www.mdpi.com\/1424-8220\/15\/4\/7650\"><strong>&#8220;Highly sensitive measurement of liquid density in air using suspended microcapillary resonators&#8221;<\/strong> <\/a><em>Sensors<\/em> <strong>15 (4)<\/strong>, 7650-7657 (2015)<\/li>\n<li>Miguel Mu\u00f1oz Rojo, Juan Jos\u00e9 Romero, Daniel Ramos, Diana-Andra Borca-Tasciuc, Theodorian Borca-Tasciuc, Marisol Mart\u00edn Gonzalez <a href=\"https:\/\/www.sciencedirect.com\/science\/article\/abs\/pii\/S1290072914002981\"><strong>&#8220;Modeling of transient thermoelectric transport in Harman method for films and nanowires&#8221;<\/strong><\/a> <em>International Journal of Thermal Sciences<\/em> <strong>89<\/strong>, 193-202 (2015)<\/li>\n<li>Priscila M Kosaka, Valerio Pini, Jose Jaime Ruz, RA Da Silva, MU Gonz\u00e1lez, Daniel Ramos, Montserrat Calleja, Javier Tamayo<a href=\"https:\/\/www.nature.com\/articles\/nnano.2014.250\"><strong> &#8220;Detection of cancer biomarkers in serum using a hybrid mechanical and optoplasmonic nanosensor&#8221;<\/strong><\/a> <em>Nature nanotechnology<\/em> <strong>9 (12)<\/strong>, 1047-1053 (2014)<\/li>\n<li>D Ramos, IW Frank, PB Deotare, I Bulu, M Lon\u010dar<a href=\"https:\/\/aip.scitation.org\/doi\/abs\/10.1063\/1.4901441\"><strong> &#8220;Non-linear mixing in coupled photonic crystal nanobeam cavities due to cross-coupling opto-mechanical mechanisms&#8221;<\/strong><\/a> <em>Applied Physics Letters<\/em> <strong>105 (18)<\/strong>, 181121 (2014)<\/li>\n<li>Carmen M Dom\u00ednguez, Priscila M Kosaka, Guillermo Mokry, Valerio Pini, Oscar Malvar, Mercedes del Rey, Daniel Ramos, \u00c1lvaro San Paulo, Javier Tamayo, Montserrat Calleja <a href=\"https:\/\/pubs.acs.org\/doi\/abs\/10.1021\/la501865h\"><strong>&#8220;Hydration induced stress on DNA monolayers grafted on microcantilevers&#8221;<\/strong> <\/a><em>Langmuir<\/em> <strong>30 (36)<\/strong>, 10962-10969 (2014)<\/li>\n<li>Daniel Ramos, Eduardo Gil-Santos, Oscar Malvar, Jose M Llorens, Valerio Pini, Alvaro San Paulo, Montserrat Calleja, Javier Tamayo <a href=\"https:\/\/www.nature.com\/articles\/srep03445\"><strong>&#8220;Silicon nanowires: where mechanics and optics meet at the nanoscale&#8221;<\/strong><\/a> <em>Scientific reports<\/em> <strong>3 (1)<\/strong>, 1-7 (2013)<\/li>\n<li>MJ Burek, D Ramos, P Patel, IW Frank, M Lon\u010dar <a href=\"https:\/\/aip.scitation.org\/doi\/abs\/10.1063\/1.4821917\"><strong>&#8220;Nanomechanical resonant structures in single-crystal diamond&#8221;<\/strong><\/a>\u00a0<em>Applied Physics Letters<\/em> <strong>103 (13)<\/strong>, 131904 (2013)<\/li>\n<li>O Malvar, Eduardo Gil-Santos, JJ Ruz, D Ramos, Valerio Pini, Marta Fern\u00e1ndez-Reg\u00falez, Montserrat Calleja, J Tamayo, A San Paulo <a href=\"https:\/\/aip.scitation.org\/doi\/abs\/10.1063\/1.4813819\"><strong>&#8220;Tapered silicon nanowires for enhanced nanomechanical sensing&#8221;<\/strong><\/a> <em>Applied Physics Letters<\/em> <strong>103 (3)<\/strong>, 033101 (2013)<\/li>\n<li>Pui-Chuen Hui, David Woolf, Eiji Iwase, Young-Ik Sohn, Daniel Ramos, Mughees Khan, Alejandro W Rodriguez, Steven G Johnson, Federico Capasso, Marko Loncar <a href=\"https:\/\/aip.scitation.org\/doi\/abs\/10.1063\/1.4813121\"><strong>&#8220;Optical bistability with a repulsive optical force in coupled silicon photonic crystal membranes&#8221;<\/strong><\/a><em> Applied Physics Letters<\/em> <strong>103 (2)<\/strong>, 021102 (2013)<\/li>\n<li>Eduardo Gil-Santos, D Ramos, Valerio Pini, J Llorens, Marta Fern\u00e1ndez-Reg\u00falez, Montserrat Calleja, J Tamayo, A San Paulo <a href=\"https:\/\/iopscience.iop.org\/article\/10.1088\/1367-2630\/15\/3\/035001\/meta\"><strong>&#8220;Optical back-action in silicon nanowire resonators: bolometric versus radiation pressure effects&#8221;<\/strong><\/a> <em>New Journal of Physics<\/em> <strong>15 (3)<\/strong>, 035001 (2013)<\/li>\n<li>Daniel Ramos, Eduardo Gil-Santos, Valerio Pini, Jose M Llorens, Marta Fern\u00e1ndez-Reg\u00falez, \u00c1lvaro San Paulo, Montserrat Calleja, Javier Tamayo <a href=\"https:\/\/pubs.acs.org\/doi\/abs\/10.1021\/nl204002u\"><strong>&#8220;Optomechanics with silicon nanowires by harnessing confined electromagnetic modes&#8221;<\/strong><\/a> <em>Nano letters<\/em> <strong>12 (2)<\/strong>, 932-937 (2012)<\/li>\n<li>Valerio Pini, Javier Tamayo, Eduardo Gil-Santos, Daniel Ramos, Priscila Kosaka, Hien-Duy Tong, Cees van Rijn, Montserrat Calleja <a href=\"https:\/\/pubs.acs.org\/doi\/abs\/10.1021\/nn200623c\"><strong>&#8220;Shedding light on axial stress effect on resonance frequencies of nanocantilevers&#8221;<\/strong><\/a> <em>ACS nano<\/em> <strong>5 (6)<\/strong>, 4269-4275 (2011)<\/li>\n<li>E Gil-Santos, D Ramos, V Pini, M Calleja, J Tamayo <a href=\"https:\/\/aip.scitation.org\/doi\/abs\/10.1063\/1.3569588\"><strong>&#8220;Exponential tuning of the coupling constant of coupled microcantilevers by modifying their separation&#8221;<\/strong><\/a> <em>Applied physics letters<\/em> <strong>98 (12)<\/strong>, 123108 (2011)<\/li>\n<li>Eduardo Gil-Santos, Daniel Ramos, Javier Mart\u00ednez, Marta Fern\u00e1ndez-Reg\u00falez, Ricardo Garc\u00eda, \u00c1lvaro San Paulo, Montserrat Calleja, Javier Tamayo <a href=\"https:\/\/www.nature.com\/articles\/nnano.2010.151?message-global=remove&amp;page=1\"><strong>&#8220;Nanomechanical mass sensing and stiffness spectrometry based on two-dimensional vibrations of resonant nanowires&#8221;<\/strong><\/a> <em>Nature nanotechnology<\/em> <strong>5 (9)<\/strong>, 641-645 (2010)<\/li>\n<li>E Gil-Santos, D Ramos, A Jana, M Calleja, A Raman, J Tamayo <a href=\"https:\/\/pubs.acs.org\/doi\/abs\/10.1021\/nl902350b\"><strong>&#8220;Mass sensing based on deterministic and stochastic responses of elastically coupled nanocantilevers&#8221;<\/strong><\/a> <em>Nano letters<\/em><strong> 9 (12)<\/strong>, 4122-4127 (2009)<\/li>\n<li>Daniel Ramos, Maria Arroyo-Hernandez, Eduardo Gil-Santos, Hien Duy Tong, Cees Van Rijn, Montserrat Calleja, Javier Tamayo<a href=\"https:\/\/pubs.acs.org\/doi\/abs\/10.1021\/ac8024152\"><strong> &#8220;Arrays of dual nanomechanical resonators for selective biological detection&#8221;<\/strong><\/a> <em>Analytical chemistry<\/em> <strong>81 (6)<\/strong>, 2274-2279 (2009)<\/li>\n<li>Johann Mertens, Celia Rogero, Montserrat Calleja, Daniel Ramos, Jose Angel Mart\u00edn-Gago, Carlos Briones, Javier Tamayo <a href=\"https:\/\/www.nature.com\/articles\/nnano.2008.91\"><strong>&#8220;Label-free detection of DNA hybridization based on hydration-induced tension in nucleic acid films&#8221;<\/strong><\/a> <em>Nature nanotechnology<\/em> <strong>3 (5)<\/strong>, 301-307 (2008)<\/li>\n<li>D Ramos, J Mertens, M Calleja, J Tamayo <a href=\"https:\/\/aip.scitation.org\/doi\/abs\/10.1063\/1.2917718\"><strong>&#8220;Phototermal self-excitation of nanomechanical resonators in liquids&#8221;<\/strong><\/a><em> Applied physics letters<\/em> <strong>92 (17)<\/strong>, 173108 (2008)<\/li>\n<li>D Ramos, J Tamayo, J Mertens, M Calleja, LG Villanueva, A Zaballos <a href=\"https:\/\/iopscience.iop.org\/article\/10.1088\/0957-4484\/19\/03\/035503\/meta\"><strong>&#8220;Detection of bacteria based on the thermomechanical noise of a nanomechanical resonator: origin of the response and detection limits&#8221;<\/strong><\/a> <em>Nanotechnology<\/em> <strong>19 (3)<\/strong>, 035503 (2007)<\/li>\n<li>J Tamayo, M Calleja, D Ramos, J Mertens <a href=\"https:\/\/journals.aps.org\/prb\/abstract\/10.1103\/PhysRevB.76.180201\"><strong>&#8220;Underlying mechanisms of the self-sustained oscillation of a nanomechanical stochastic resonator in a liquid&#8221;<\/strong><\/a><em> Physical review B<\/em> <strong>76 (18)<\/strong>, 180201 (2007)<\/li>\n<li>D Ramos, M Calleja, J Mertens, \u00c1 Zaballos, J Tamayo <a href=\"https:\/\/www.mdpi.com\/1424-8220\/7\/9\/1834\"><strong>&#8220;Measurement of the mass and rigidity of adsorbates on a microcantilever sensor&#8221;<\/strong><\/a>\u00a0<em>Sensors<\/em> <strong>7 (9)<\/strong>, 1834-1845 (2007)<\/li>\n<li>D Ramos, J Mertens, M Calleja, J Tamayo <a href=\"https:\/\/www.mdpi.com\/1476\"><strong>&#8220;Study of the origin of bending induced by bimetallic effect on microcantilever&#8221;<\/strong><\/a> <em>Sensors<\/em> <strong>7 (9)<\/strong>, 1757-1765 (2007)<\/li>\n<li>J Mertens, M Calleja, D Ramos, A Tar\u00edn, J Tamayo <a href=\"https:\/\/aip.scitation.org\/doi\/abs\/10.1063\/1.2434011\"><strong>&#8220;Role of the gold film nanostructure on the nanomechanical response of microcantilever sensors&#8221;<\/strong><\/a> <em>Journal of applied physics<\/em> <strong>101 (3)<\/strong>, 034904 (2007)<\/li>\n<li>J Tamayo, D Ramos, J Mertens, M Calleja <a href=\"https:\/\/aip.scitation.org\/doi\/abs\/10.1063\/1.2388925\"><strong>&#8220;Effect of the adsorbate stiffness on the resonance response of microcantilever sensors&#8221;<\/strong><\/a> <em>Applied physics letters<\/em> <strong>89 (22)<\/strong>, 224104 (2006)<\/li>\n<li>D Ramos, J Tamayo, J Mertens, M Calleja, A Zaballos <a href=\"https:\/\/aip.scitation.org\/doi\/abs\/10.1063\/1.2370507\"><strong>&#8220;Origin of the response of nanomechanical resonators to bacteria adsorption&#8221;<\/strong><\/a><em>Journal of Applied Physics<\/em> <strong>100 (10)<\/strong>, 106105 (2006)<\/li>\n<li>D Ramos, J Tamayo, J Mertens, M Calleja <a href=\"https:\/\/aip.scitation.org\/doi\/abs\/10.1063\/1.2205409\"><strong>&#8220;Photothermal excitation of microcantilevers in liquids&#8221;<\/strong><\/a><em>Journal of applied physics<\/em> <strong>99 (12)<\/strong>, 124904 (2006)<\/li>\n<\/ol>\n","protected":false},"excerpt":{"rendered":"<p>Oscar Malvar, Daniel Ramos, Adri\u00e1n Sanz-Jim\u00e9nez, \u00a0AlbertoMart\u00edn-P\u00e9rez &#8220;Optomechanical mass sensing&#8221;\u00a0Zurich Instruments Application Note (2022) Juan Molina, Javier E Escobar, Daniel Ramos, Eduardo Gil-Santos, Jos\u00e9 J Ruz, Javier Tamayo, \u00c1lvaro San Paulo, Montserrat Calleja &#8220;High Dynamic Range Nanowire Resonators&#8221; Nano Letters 21 (15), 6617-6624 (2021) Alberto Mart\u00edn-P\u00e9rez, Daniel Ramos, Marina L Yubero, Sergio Garc\u00eda-L\u00f3pez, Priscila M&#8230;<\/p>\n","protected":false},"author":102,"featured_media":0,"parent":0,"menu_order":0,"comment_status":"closed","ping_status":"closed","template":"","meta":{"footnotes":""},"class_list":["post-107","page","type-page","status-publish","hentry"],"_links":{"self":[{"href":"https:\/\/wp.icmm.csic.es\/optomechanics\/wp-json\/wp\/v2\/pages\/107","targetHints":{"allow":["GET"]}}],"collection":[{"href":"https:\/\/wp.icmm.csic.es\/optomechanics\/wp-json\/wp\/v2\/pages"}],"about":[{"href":"https:\/\/wp.icmm.csic.es\/optomechanics\/wp-json\/wp\/v2\/types\/page"}],"author":[{"embeddable":true,"href":"https:\/\/wp.icmm.csic.es\/optomechanics\/wp-json\/wp\/v2\/users\/102"}],"replies":[{"embeddable":true,"href":"https:\/\/wp.icmm.csic.es\/optomechanics\/wp-json\/wp\/v2\/comments?post=107"}],"version-history":[{"count":8,"href":"https:\/\/wp.icmm.csic.es\/optomechanics\/wp-json\/wp\/v2\/pages\/107\/revisions"}],"predecessor-version":[{"id":257,"href":"https:\/\/wp.icmm.csic.es\/optomechanics\/wp-json\/wp\/v2\/pages\/107\/revisions\/257"}],"wp:attachment":[{"href":"https:\/\/wp.icmm.csic.es\/optomechanics\/wp-json\/wp\/v2\/media?parent=107"}],"curies":[{"name":"wp","href":"https:\/\/api.w.org\/{rel}","templated":true}]}}