{"id":131,"date":"2022-03-23T09:25:09","date_gmt":"2022-03-23T09:25:09","guid":{"rendered":"https:\/\/wp.icmm.csic.es\/optomechanics\/?page_id=131"},"modified":"2022-03-24T10:41:44","modified_gmt":"2022-03-24T10:41:44","slug":"nanostructured-materials","status":"publish","type":"page","link":"https:\/\/wp.icmm.csic.es\/optomechanics\/nanostructured-materials\/","title":{"rendered":"Nanostructured Materials"},"content":{"rendered":"<div id=\"metaslider-id-199\" style=\"width: 100%;\" class=\"ml-slider-3-108-0 metaslider metaslider-flex metaslider-199 ml-slider has-dots-nav ms-theme-default\" role=\"region\" aria-label=\"Nanostructured\" data-height=\"300\" data-width=\"700\">\n    <div id=\"metaslider_container_199\">\n        <div id=\"metaslider_199\">\n            <ul class='slides'>\n                <li style=\"display: block; width: 100%;\" class=\"slide-201 ms-image \" aria-roledescription=\"slide\" data-date=\"2022-03-23 15:48:59\" data-filename=\"Imagen-1-2.png\" data-slide-type=\"image\"><img loading=\"lazy\" decoding=\"async\" width=\"683\" height=\"262\" src=\"https:\/\/wp.icmm.csic.es\/optomechanics\/wp-content\/uploads\/sites\/59\/2022\/03\/Imagen-1-2.png\" class=\"slider-199 slide-201 msDefaultImage\" alt=\"\" rel=\"\" title=\"Imagen 1\" style=\"margin-top: 2.2484835808408%\" srcset=\"https:\/\/wp.icmm.csic.es\/optomechanics\/wp-content\/uploads\/sites\/59\/2022\/03\/Imagen-1-2.png 683w, https:\/\/wp.icmm.csic.es\/optomechanics\/wp-content\/uploads\/sites\/59\/2022\/03\/Imagen-1-2-300x115.png 300w, https:\/\/wp.icmm.csic.es\/optomechanics\/wp-content\/uploads\/sites\/59\/2022\/03\/Imagen-1-2-644x247.png 644w\" sizes=\"auto, (max-width: 683px) 100vw, 683px\" \/><\/li>\n                <li style=\"display: none; width: 100%;\" class=\"slide-203 ms-image \" aria-roledescription=\"slide\" data-date=\"2022-03-23 15:49:17\" data-filename=\"Imagen-2.png\" data-slide-type=\"image\"><img loading=\"lazy\" decoding=\"async\" width=\"354\" height=\"356\" src=\"https:\/\/wp.icmm.csic.es\/optomechanics\/wp-content\/uploads\/sites\/59\/2022\/03\/Imagen-2.png\" class=\"slider-199 slide-203 msDefaultImage\" alt=\"\" rel=\"\" title=\"Imagen 2\" style=\"margin: 0 auto; width: 42.616372391653%\" srcset=\"https:\/\/wp.icmm.csic.es\/optomechanics\/wp-content\/uploads\/sites\/59\/2022\/03\/Imagen-2.png 354w, https:\/\/wp.icmm.csic.es\/optomechanics\/wp-content\/uploads\/sites\/59\/2022\/03\/Imagen-2-298x300.png 298w, https:\/\/wp.icmm.csic.es\/optomechanics\/wp-content\/uploads\/sites\/59\/2022\/03\/Imagen-2-150x150.png 150w\" sizes=\"auto, (max-width: 354px) 100vw, 354px\" \/><\/li>\n                <li style=\"display: none; width: 100%;\" class=\"slide-205 ms-image \" aria-roledescription=\"slide\" data-date=\"2022-03-23 15:49:33\" data-filename=\"NanoHiloScattering.png\" data-slide-type=\"image\"><img loading=\"lazy\" decoding=\"async\" width=\"1280\" height=\"1260\" src=\"https:\/\/wp.icmm.csic.es\/optomechanics\/wp-content\/uploads\/sites\/59\/2022\/03\/NanoHiloScattering.png\" class=\"slider-199 slide-205 msDefaultImage\" alt=\"\" rel=\"\" title=\"NanoHiloScattering\" style=\"margin: 0 auto; width: 43.537414965986%\" srcset=\"https:\/\/wp.icmm.csic.es\/optomechanics\/wp-content\/uploads\/sites\/59\/2022\/03\/NanoHiloScattering.png 1280w, https:\/\/wp.icmm.csic.es\/optomechanics\/wp-content\/uploads\/sites\/59\/2022\/03\/NanoHiloScattering-300x295.png 300w, https:\/\/wp.icmm.csic.es\/optomechanics\/wp-content\/uploads\/sites\/59\/2022\/03\/NanoHiloScattering-644x634.png 644w, https:\/\/wp.icmm.csic.es\/optomechanics\/wp-content\/uploads\/sites\/59\/2022\/03\/NanoHiloScattering-768x756.png 768w\" sizes=\"auto, (max-width: 1280px) 100vw, 1280px\" \/><\/li>\n                <li style=\"display: none; width: 100%;\" class=\"slide-207 ms-image \" aria-roledescription=\"slide\" data-date=\"2022-03-23 15:50:02\" data-filename=\"Sin-titulo.jpg\" data-slide-type=\"image\"><img loading=\"lazy\" decoding=\"async\" width=\"1877\" height=\"1275\" src=\"https:\/\/wp.icmm.csic.es\/optomechanics\/wp-content\/uploads\/sites\/59\/2022\/03\/Sin-titulo.jpg\" class=\"slider-199 slide-207 msDefaultImage\" alt=\"\" rel=\"\" title=\"Sin t\u00edtulo\" style=\"margin: 0 auto; width: 63.09243697479%\" srcset=\"https:\/\/wp.icmm.csic.es\/optomechanics\/wp-content\/uploads\/sites\/59\/2022\/03\/Sin-titulo.jpg 1877w, https:\/\/wp.icmm.csic.es\/optomechanics\/wp-content\/uploads\/sites\/59\/2022\/03\/Sin-titulo-300x204.jpg 300w, https:\/\/wp.icmm.csic.es\/optomechanics\/wp-content\/uploads\/sites\/59\/2022\/03\/Sin-titulo-644x437.jpg 644w, https:\/\/wp.icmm.csic.es\/optomechanics\/wp-content\/uploads\/sites\/59\/2022\/03\/Sin-titulo-768x522.jpg 768w, https:\/\/wp.icmm.csic.es\/optomechanics\/wp-content\/uploads\/sites\/59\/2022\/03\/Sin-titulo-1536x1043.jpg 1536w\" sizes=\"auto, (max-width: 1877px) 100vw, 1877px\" \/><\/li>\n                <li style=\"display: none; width: 100%;\" class=\"slide-209 ms-image \" aria-roledescription=\"slide\" data-date=\"2022-03-23 15:50:13\" data-filename=\"Sin-titulo2.png\" data-slide-type=\"image\"><img loading=\"lazy\" decoding=\"async\" width=\"76\" height=\"43\" src=\"https:\/\/wp.icmm.csic.es\/optomechanics\/wp-content\/uploads\/sites\/59\/2022\/03\/Sin-titulo2.png\" class=\"slider-199 slide-209 msDefaultImage\" alt=\"\" rel=\"\" title=\"Sin t\u00edtulo2\" style=\"margin: 0 auto; width: 75.747508305648%\" \/><\/li>\n            <\/ul>\n        <\/div>\n        \n    <\/div>\n<\/div>\n<p>A small mixed bag where there is room for different interdisciplinary studies with light-matter interaction as the connecting link. We are especially interested in manipulating the transmission of optical and acoustic waves through:<\/p>\n<ul>\n<li>photonic crystals<\/li>\n<li>phonon crystals<\/li>\n<li>topological waveguides<\/li>\n<li>nanophotonic integrated circuits<\/li>\n<\/ul>\n<h3>Related publications<\/h3>\n<ul>\n<li>LM Weituschat, W Dickmann, J Guimbao, D Ramos, S Kroker, PA Postigo <a href=\"https:\/\/www.mdpi.com\/2079-4991\/10\/5\/934\"><strong>&#8220;Photonic and thermal modelling of microrings in silicon, diamond and gan for temperature sensing&#8221;<\/strong><\/a> <em>Nanomaterials<\/em> <strong>10 (5)<\/strong>, 934 (2020)<\/li>\n<li>Juan Molina, Daniel Ramos, Eduardo Gil-Santos, Javier E Escobar, Jose\u0301 J Ruz, Javier Tamayo, \u00c1lvaro San Paulo, Montserrat Calleja <a href=\"https:\/\/pubs.acs.org\/doi\/abs\/10.1021\/acs.nanolett.9b04909\"><strong>&#8220;Optical transduction for vertical nanowire resonators&#8221;<\/strong><\/a> <em>Nano letters<\/em><strong> 20 (4)<\/strong>, 2359-2369 (2020)<\/li>\n<li>D Ramos, O Malvar, ZJ Davis, J Tamayo, M Calleja <a href=\"https:\/\/pubs.acs.org\/doi\/abs\/10.1021\/acs.nanolett.8b03236\"><strong>&#8220;Nanomechanical plasmon spectroscopy of single gold nanoparticles&#8221;<\/strong><\/a> <em>Nano Letters<\/em> <strong>18 (11)<\/strong>, 7165-7170 (2018)<\/li>\n<li>CV Manzano, D Ramos, L Petho, G Burki, J Michler, L Philippe <a href=\"https:\/\/pubs.acs.org\/doi\/abs\/10.1021\/acs.jpcc.7b11131\"><strong>&#8220;Controlling the color and effective refractive index of metal-Anodic Aluminum Oxide (AAO)\u2013Al nanostructures: Morphology of AAO&#8221;<\/strong>\u00a0<\/a><em>The Journal of Physical Chemistry C<\/em> <strong>122 (1)<\/strong>, 957-963 (2018)<\/li>\n<li>Valerio Pini, Daniel Ramos, Carmen M Dominguez, Jose Jaime Ruz, Oscar Malvar, Priscila M Kosaka, Zachary J Davis, Javier Tamayo, Montserrat Calleja <a href=\"https:\/\/www.sciencedirect.com\/science\/article\/abs\/pii\/S0167931717303489\"><strong>&#8220;Optimization of the readout of microdrum optomechanical resonators&#8221;<\/strong><\/a> <em>Microelectronic Engineering<\/em> <strong>183<\/strong>, 37-41 (2017)<\/li>\n<li>Miguel Mu\u00f1oz Rojo, Juan Jos\u00e9 Romero, Daniel Ramos, Diana-Andra Borca-Tasciuc, Theodorian Borca-Tasciuc, Marisol Mart\u00edn Gonzalez <a href=\"https:\/\/www.sciencedirect.com\/science\/article\/abs\/pii\/S1290072914002981\"><strong>&#8220;Modeling of transient thermoelectric transport in Harman method for films and nanowires&#8221;<\/strong><\/a> <em>International Journal of Thermal Sciences<\/em> <strong>89<\/strong>, 193-202 (2015)<\/li>\n<li>D Ramos, IW Frank, PB Deotare, I Bulu, M Lon\u010dar<a href=\"https:\/\/aip.scitation.org\/doi\/abs\/10.1063\/1.4901441\"><strong> &#8220;Non-linear mixing in coupled photonic crystal nanobeam cavities due to cross-coupling opto-mechanical mechanisms&#8221;<\/strong><\/a> <em>Applied Physics Letters<\/em> <strong>105 (18)<\/strong>, 181121 (2014)<\/li>\n<li>Daniel Ramos, Eduardo Gil-Santos, Oscar Malvar, Jose M Llorens, Valerio Pini, Alvaro San Paulo, Montserrat Calleja, Javier Tamayo <a href=\"https:\/\/www.nature.com\/articles\/srep03445\"><strong>&#8220;Silicon nanowires: where mechanics and optics meet at the nanoscale&#8221;<\/strong><\/a> <em>Scientific reports<\/em> <strong>3 (1)<\/strong>, 1-7 (2013)<\/li>\n<li>MJ Burek, D Ramos, P Patel, IW Frank, M Lon\u010dar <a href=\"https:\/\/aip.scitation.org\/doi\/abs\/10.1063\/1.4821917\"><strong>&#8220;Nanomechanical resonant structures in single-crystal diamond&#8221;<\/strong><\/a>\u00a0<em>Applied Physics Letters<\/em> <strong>103 (13)<\/strong>, 131904 (2013)<\/li>\n<li>O Malvar, Eduardo Gil-Santos, JJ Ruz, D Ramos, Valerio Pini, Marta Fern\u00e1ndez-Reg\u00falez, Montserrat Calleja, J Tamayo, A San Paulo <a href=\"https:\/\/aip.scitation.org\/doi\/abs\/10.1063\/1.4813819\"><strong>&#8220;Tapered silicon nanowires for enhanced nanomechanical sensing&#8221;<\/strong><\/a> <em>Applied Physics Letters<\/em> <strong>103 (3)<\/strong>, 033101 (2013)<\/li>\n<li>Pui-Chuen Hui, David Woolf, Eiji Iwase, Young-Ik Sohn, Daniel Ramos, Mughees Khan, Alejandro W Rodriguez, Steven G Johnson, Federico Capasso, Marko Loncar <a href=\"https:\/\/aip.scitation.org\/doi\/abs\/10.1063\/1.4813121\"><strong>&#8220;Optical bistability with a repulsive optical force in coupled silicon photonic crystal membranes&#8221;<\/strong><\/a><em> Applied Physics Letters<\/em> <strong>103 (2)<\/strong>, 021102 (2013)<\/li>\n<li>J Mertens, M Calleja, D Ramos, A Tar\u00edn, J Tamayo <a href=\"https:\/\/aip.scitation.org\/doi\/abs\/10.1063\/1.2434011\"><strong>&#8220;Role of the gold film nanostructure on the nanomechanical response of microcantilever sensors&#8221;<\/strong><\/a> <em>Journal of applied physics<\/em> <strong>101 (3)<\/strong>, 034904 (2007)<\/li>\n<\/ul>\n","protected":false},"excerpt":{"rendered":"<p>A small mixed bag where there is room for different interdisciplinary studies with light-matter interaction as the connecting link. We are especially interested in manipulating the transmission of optical and acoustic waves through: photonic crystals phonon crystals topological waveguides nanophotonic integrated circuits Related publications LM Weituschat, W Dickmann, J Guimbao, D Ramos, S Kroker, PA&#8230;<\/p>\n","protected":false},"author":102,"featured_media":0,"parent":0,"menu_order":0,"comment_status":"closed","ping_status":"closed","template":"","meta":{"footnotes":""},"class_list":["post-131","page","type-page","status-publish","hentry"],"_links":{"self":[{"href":"https:\/\/wp.icmm.csic.es\/optomechanics\/wp-json\/wp\/v2\/pages\/131","targetHints":{"allow":["GET"]}}],"collection":[{"href":"https:\/\/wp.icmm.csic.es\/optomechanics\/wp-json\/wp\/v2\/pages"}],"about":[{"href":"https:\/\/wp.icmm.csic.es\/optomechanics\/wp-json\/wp\/v2\/types\/page"}],"author":[{"embeddable":true,"href":"https:\/\/wp.icmm.csic.es\/optomechanics\/wp-json\/wp\/v2\/users\/102"}],"replies":[{"embeddable":true,"href":"https:\/\/wp.icmm.csic.es\/optomechanics\/wp-json\/wp\/v2\/comments?post=131"}],"version-history":[{"count":10,"href":"https:\/\/wp.icmm.csic.es\/optomechanics\/wp-json\/wp\/v2\/pages\/131\/revisions"}],"predecessor-version":[{"id":258,"href":"https:\/\/wp.icmm.csic.es\/optomechanics\/wp-json\/wp\/v2\/pages\/131\/revisions\/258"}],"wp:attachment":[{"href":"https:\/\/wp.icmm.csic.es\/optomechanics\/wp-json\/wp\/v2\/media?parent=131"}],"curies":[{"name":"wp","href":"https:\/\/api.w.org\/{rel}","templated":true}]}}