{"id":132,"date":"2022-03-23T09:25:09","date_gmt":"2022-03-23T09:25:09","guid":{"rendered":"https:\/\/wp.icmm.csic.es\/optomechanics\/?page_id=132"},"modified":"2022-03-24T10:42:52","modified_gmt":"2022-03-24T10:42:52","slug":"optical-forces","status":"publish","type":"page","link":"https:\/\/wp.icmm.csic.es\/optomechanics\/optical-forces\/","title":{"rendered":"Optical Forces"},"content":{"rendered":"<div id=\"metaslider-id-212\" style=\"width: 100%;\" class=\"ml-slider-3-108-0 metaslider metaslider-flex metaslider-212 ml-slider has-dots-nav ms-theme-default\" role=\"region\" aria-label=\"OpticalForces\" data-height=\"300\" data-width=\"700\">\n    <div id=\"metaslider_container_212\">\n        <div id=\"metaslider_212\">\n            <ul class='slides'>\n                <li style=\"display: block; width: 100%;\" class=\"slide-217 ms-image \" aria-roledescription=\"slide\" data-date=\"2022-03-23 16:12:59\" data-filename=\"Imagen-1-3.png\" data-slide-type=\"image\"><img loading=\"lazy\" decoding=\"async\" width=\"1250\" height=\"474\" src=\"https:\/\/wp.icmm.csic.es\/optomechanics\/wp-content\/uploads\/sites\/59\/2022\/03\/Imagen-1-3.png\" class=\"slider-212 slide-217 msDefaultImage\" alt=\"\" rel=\"\" title=\"Imagen 1\" style=\"margin-top: 2.4685714285714%\" srcset=\"https:\/\/wp.icmm.csic.es\/optomechanics\/wp-content\/uploads\/sites\/59\/2022\/03\/Imagen-1-3.png 1250w, https:\/\/wp.icmm.csic.es\/optomechanics\/wp-content\/uploads\/sites\/59\/2022\/03\/Imagen-1-3-300x114.png 300w, https:\/\/wp.icmm.csic.es\/optomechanics\/wp-content\/uploads\/sites\/59\/2022\/03\/Imagen-1-3-644x244.png 644w, https:\/\/wp.icmm.csic.es\/optomechanics\/wp-content\/uploads\/sites\/59\/2022\/03\/Imagen-1-3-768x291.png 768w\" sizes=\"auto, (max-width: 1250px) 100vw, 1250px\" \/><\/li>\n                <li style=\"display: none; width: 100%;\" class=\"slide-219 ms-image \" aria-roledescription=\"slide\" data-date=\"2022-03-23 16:13:01\" data-filename=\"Sin-titulo-2.jpg\" data-slide-type=\"image\"><img loading=\"lazy\" decoding=\"async\" width=\"1013\" height=\"670\" src=\"https:\/\/wp.icmm.csic.es\/optomechanics\/wp-content\/uploads\/sites\/59\/2022\/03\/Sin-titulo-2.jpg\" class=\"slider-212 slide-219 msDefaultImage\" alt=\"\" rel=\"\" title=\"Sin t\u00edtulo 2\" style=\"margin: 0 auto; width: 64.797441364606%\" srcset=\"https:\/\/wp.icmm.csic.es\/optomechanics\/wp-content\/uploads\/sites\/59\/2022\/03\/Sin-titulo-2.jpg 1013w, https:\/\/wp.icmm.csic.es\/optomechanics\/wp-content\/uploads\/sites\/59\/2022\/03\/Sin-titulo-2-300x198.jpg 300w, https:\/\/wp.icmm.csic.es\/optomechanics\/wp-content\/uploads\/sites\/59\/2022\/03\/Sin-titulo-2-644x426.jpg 644w, https:\/\/wp.icmm.csic.es\/optomechanics\/wp-content\/uploads\/sites\/59\/2022\/03\/Sin-titulo-2-768x508.jpg 768w\" sizes=\"auto, (max-width: 1013px) 100vw, 1013px\" \/><\/li>\n                <li style=\"display: none; width: 100%;\" class=\"slide-220 ms-image \" aria-roledescription=\"slide\" data-date=\"2022-03-23 16:13:01\" data-filename=\"Sin-titulo-3.jpg\" data-slide-type=\"image\"><img loading=\"lazy\" decoding=\"async\" width=\"1106\" height=\"1416\" src=\"https:\/\/wp.icmm.csic.es\/optomechanics\/wp-content\/uploads\/sites\/59\/2022\/03\/Sin-titulo-3.jpg\" class=\"slider-212 slide-220 msDefaultImage\" alt=\"\" rel=\"\" title=\"Sin t\u00edtulo 3\" style=\"margin: 0 auto; width: 33.474576271186%\" srcset=\"https:\/\/wp.icmm.csic.es\/optomechanics\/wp-content\/uploads\/sites\/59\/2022\/03\/Sin-titulo-3.jpg 1106w, https:\/\/wp.icmm.csic.es\/optomechanics\/wp-content\/uploads\/sites\/59\/2022\/03\/Sin-titulo-3-234x300.jpg 234w, https:\/\/wp.icmm.csic.es\/optomechanics\/wp-content\/uploads\/sites\/59\/2022\/03\/Sin-titulo-3-644x825.jpg 644w, https:\/\/wp.icmm.csic.es\/optomechanics\/wp-content\/uploads\/sites\/59\/2022\/03\/Sin-titulo-3-768x983.jpg 768w\" sizes=\"auto, (max-width: 1106px) 100vw, 1106px\" \/><\/li>\n                <li style=\"display: none; width: 100%;\" class=\"slide-224 ms-image \" aria-roledescription=\"slide\" data-date=\"2022-03-23 16:14:55\" data-filename=\"photothermal.jpg\" data-slide-type=\"image\"><img loading=\"lazy\" decoding=\"async\" width=\"1296\" height=\"840\" src=\"https:\/\/wp.icmm.csic.es\/optomechanics\/wp-content\/uploads\/sites\/59\/2022\/03\/photothermal.jpg\" class=\"slider-212 slide-224 msDefaultImage\" alt=\"\" rel=\"\" title=\"photothermal\" style=\"margin: 0 auto; width: 66.122448979592%\" srcset=\"https:\/\/wp.icmm.csic.es\/optomechanics\/wp-content\/uploads\/sites\/59\/2022\/03\/photothermal.jpg 1296w, https:\/\/wp.icmm.csic.es\/optomechanics\/wp-content\/uploads\/sites\/59\/2022\/03\/photothermal-300x194.jpg 300w, https:\/\/wp.icmm.csic.es\/optomechanics\/wp-content\/uploads\/sites\/59\/2022\/03\/photothermal-644x417.jpg 644w, https:\/\/wp.icmm.csic.es\/optomechanics\/wp-content\/uploads\/sites\/59\/2022\/03\/photothermal-768x498.jpg 768w\" sizes=\"auto, (max-width: 1296px) 100vw, 1296px\" \/><\/li>\n            <\/ul>\n        <\/div>\n        \n    <\/div>\n<\/div>\n<p>The interest in using light to propel objects has a long history. The first to suggest this idea was Johannes Kepler in the 17th century, observing that the tail of comets always points away from the sun. Since then, optical forces have been used in different configurations to grasp objects using <strong>optical tweezers<\/strong>, to couple optical and mechanical modes in <strong>optomechanical cavities<\/strong>, or, through the coupling between photons and free electrons, to use <strong>Surface Plasmon Polaritons<\/strong> (SPPs) to modulate the mechanical motion.<\/p>\n<h3>Related publications<\/h3>\n<ul>\n<li>Eduardo Gil-Santos, Valerio Pini, \u00c1lvaro San Paulo, Montserrat Calleja, Javier Tamayo, Daniel Ramos <a href=\"https:\/\/books.google.es\/books?hl=en&amp;lr=&amp;id=hwhCCwAAQBAJ&amp;oi=fnd&amp;pg=PA285&amp;dq=info:ooYka8LmTOYJ:scholar.google.com&amp;ots=lWi8nIZWOO&amp;sig=LwQHNam2qGRLxkCj3ZC6k3EY1GA&amp;redir_esc=y#v=onepage&amp;q&amp;f=false\"><strong>&#8220;Optical Transduction and Actuation of Subwavelength Nanomechanical Resonators&#8221;<\/strong><\/a> <em>Nanocantilever Beams: Modeling, Fabrication, and Applications<\/em> pp <strong>285<\/strong> (2016)<\/li>\n<li>D Ramos, IW Frank, PB Deotare, I Bulu, M Lon\u010dar<a href=\"https:\/\/aip.scitation.org\/doi\/abs\/10.1063\/1.4901441\"><strong> &#8220;Non-linear mixing in coupled photonic crystal nanobeam cavities due to cross-coupling opto-mechanical mechanisms&#8221;<\/strong><\/a> <em>Applied Physics Letters<\/em> <strong>105 (18)<\/strong>, 181121 (2014)<\/li>\n<li>Daniel Ramos, Eduardo Gil-Santos, Oscar Malvar, Jose M Llorens, Valerio Pini, Alvaro San Paulo, Montserrat Calleja, Javier Tamayo <a href=\"https:\/\/www.nature.com\/articles\/srep03445\"><strong>&#8220;Silicon nanowires: where mechanics and optics meet at the nanoscale&#8221;<\/strong><\/a> <em>Scientific reports<\/em> <strong>3 (1)<\/strong>, 1-7 (2013)<\/li>\n<li>Pui-Chuen Hui, David Woolf, Eiji Iwase, Young-Ik Sohn, Daniel Ramos, Mughees Khan, Alejandro W Rodriguez, Steven G Johnson, Federico Capasso, Marko Loncar <a href=\"https:\/\/aip.scitation.org\/doi\/abs\/10.1063\/1.4813121\"><strong>&#8220;Optical bistability with a repulsive optical force in coupled silicon photonic crystal membranes&#8221;<\/strong><\/a><em> Applied Physics Letters<\/em> <strong>103 (2)<\/strong>, 021102 (2013)<\/li>\n<li>Eduardo Gil-Santos, D Ramos, Valerio Pini, J Llorens, Marta Fern\u00e1ndez-Reg\u00falez, Montserrat Calleja, J Tamayo, A San Paulo <a href=\"https:\/\/iopscience.iop.org\/article\/10.1088\/1367-2630\/15\/3\/035001\/meta\"><strong>&#8220;Optical back-action in silicon nanowire resonators: bolometric versus radiation pressure effects&#8221;<\/strong><\/a> <em>New Journal of Physics<\/em> <strong>15 (3)<\/strong>, 035001 (2013)<\/li>\n<li>Daniel Ramos, Eduardo Gil-Santos, Valerio Pini, Jose M Llorens, Marta Fern\u00e1ndez-Reg\u00falez, \u00c1lvaro San Paulo, Montserrat Calleja, Javier Tamayo <a href=\"https:\/\/pubs.acs.org\/doi\/abs\/10.1021\/nl204002u\"><strong>&#8220;Optomechanics with silicon nanowires by harnessing confined electromagnetic modes&#8221;<\/strong><\/a> <em>Nano letters<\/em> <strong>12 (2)<\/strong>, 932-937 (2012)<\/li>\n<li>D Ramos, J Mertens, M Calleja, J Tamayo <a href=\"https:\/\/aip.scitation.org\/doi\/abs\/10.1063\/1.2917718\"><strong>&#8220;Phototermal self-excitation of nanomechanical resonators in liquids&#8221;<\/strong><\/a><em> Applied physics letters<\/em> <strong>92 (17)<\/strong>, 173108 (2008)<\/li>\n<li>D Ramos, J Tamayo, J Mertens, M Calleja <a href=\"https:\/\/aip.scitation.org\/doi\/abs\/10.1063\/1.2205409\"><strong>&#8220;Photothermal excitation of microcantilevers in liquids&#8221;<\/strong><\/a><em>Journal of applied physics<\/em> <strong>99 (12)<\/strong>, 124904 (2006)<\/li>\n<\/ul>\n","protected":false},"excerpt":{"rendered":"<p>The interest in using light to propel objects has a long history. The first to suggest this idea was Johannes Kepler in the 17th century, observing that the tail of comets always points away from the sun. Since then, optical forces have been used in different configurations to grasp objects using optical tweezers, to couple&#8230;<\/p>\n","protected":false},"author":102,"featured_media":0,"parent":0,"menu_order":0,"comment_status":"closed","ping_status":"closed","template":"","meta":{"footnotes":""},"class_list":["post-132","page","type-page","status-publish","hentry"],"_links":{"self":[{"href":"https:\/\/wp.icmm.csic.es\/optomechanics\/wp-json\/wp\/v2\/pages\/132","targetHints":{"allow":["GET"]}}],"collection":[{"href":"https:\/\/wp.icmm.csic.es\/optomechanics\/wp-json\/wp\/v2\/pages"}],"about":[{"href":"https:\/\/wp.icmm.csic.es\/optomechanics\/wp-json\/wp\/v2\/types\/page"}],"author":[{"embeddable":true,"href":"https:\/\/wp.icmm.csic.es\/optomechanics\/wp-json\/wp\/v2\/users\/102"}],"replies":[{"embeddable":true,"href":"https:\/\/wp.icmm.csic.es\/optomechanics\/wp-json\/wp\/v2\/comments?post=132"}],"version-history":[{"count":11,"href":"https:\/\/wp.icmm.csic.es\/optomechanics\/wp-json\/wp\/v2\/pages\/132\/revisions"}],"predecessor-version":[{"id":259,"href":"https:\/\/wp.icmm.csic.es\/optomechanics\/wp-json\/wp\/v2\/pages\/132\/revisions\/259"}],"wp:attachment":[{"href":"https:\/\/wp.icmm.csic.es\/optomechanics\/wp-json\/wp\/v2\/media?parent=132"}],"curies":[{"name":"wp","href":"https:\/\/api.w.org\/{rel}","templated":true}]}}