{"id":107,"date":"2012-10-11T10:33:45","date_gmt":"2012-10-11T10:33:45","guid":{"rendered":"http:\/\/www.icmm.csic.es\/phbhmg\/?page_id=107"},"modified":"2026-02-26T13:35:57","modified_gmt":"2026-02-26T13:35:57","slug":"members","status":"publish","type":"page","link":"https:\/\/wp.icmm.csic.es\/phbhmg\/members\/","title":{"rendered":"Members"},"content":{"rendered":"<ul>\n<li>\n<h5><strong>Permanent Staff<\/strong><\/h5>\n<ul>\n<li>\n<h5><a href=\"http:\/\/www.icmm.csic.es\/phbhmg\/?page_id=74\">Prof. Dr. Eduardo Ruiz-Hitzky<\/a><\/h5>\n<\/li>\n<\/ul>\n<ul>\n<li>\n<h5><a href=\"http:\/\/www.icmm.csic.es\/phbhmg\/?page_id=80\">Prof. Dr. Miguel Camblor<\/a><\/h5>\n<\/li>\n<\/ul>\n<ul>\n<li>\n<h5><a href=\"http:\/\/www.icmm.csic.es\/phbhmg\/?page_id=76\">Dr. Pilar Aranda<\/a><\/h5>\n<\/li>\n<li>\n<h5><a href=\"http:\/\/www.icmm.csic.es\/phbhmg\/?page_id=78\">Dr. Margarita Darder<\/a><\/h5>\n<\/li>\n<li>\n<h5><a href=\"http:\/\/www.icmm.csic.es\/phbhmg\/?page_id=140\">Dr. M. \u00c1ngeles Mart\u00edn-Luengo<\/a><\/h5>\n<\/li>\n<li>\n<h5><a href=\"http:\/\/www.icmm.csic.es\/phbhmg\/?page_id=975\">Dr. Eva M. Garc\u00eda-Frutos<\/a><\/h5>\n<\/li>\n<li>\n<h5><a href=\"http:\/\/www.icmm.csic.es\/phbhmg\/?page_id=944\">Dr. Bernd Wicklein<\/a><\/h5>\n<\/li>\n<\/ul>\n<\/li>\n<\/ul>\n<ul>\n<li>\n<h5><strong>Contracted Scientists<br \/>\n<\/strong><\/h5>\n<ul>\n<li>\n<h5><a href=\"https:\/\/wp.icmm.csic.es\/phbhmg\/members\/graduate-contracts\/javier-perez-carvajal\/\">Dr. Javier P\u00e9rez Carvajal<\/a><\/h5>\n<\/li>\n<\/ul>\n<\/li>\n<li>\n<h5><strong>PhD and Master Students<\/strong><\/h5>\n<ul>\n<li>\n<h5><a href=\"https:\/\/wp.icmm.csic.es\/phbhmg\/members\/phd-students\/huajian-yu\/\">Vanessa Jacqueline S\u00e1nchez V\u00e1zquez<\/a><\/h5>\n<\/li>\n<li>\n<h5><a href=\"https:\/\/wp.icmm.csic.es\/phbhmg\/members\/graduate-contracts\/joabdavidguerrero\/\">Joab David Guerrero<\/a><\/h5>\n<\/li>\n<li>\n<h5><a href=\"https:\/\/wp.icmm.csic.es\/phbhmg\/?page_id=2166&amp;preview=true\">Guillermo Vergara<\/a><\/h5>\n<\/li>\n<li>\n<h5><a href=\"https:\/\/wp.icmm.csic.es\/phbhmg\/members\/graduate-contracts\/celia-martin-morales\/\">Celia Mart\u00edn Morales<\/a><\/h5>\n<\/li>\n<\/ul>\n<\/li>\n<\/ul>\n","protected":false},"excerpt":{"rendered":"<p>Permanent Staff Prof. Dr. Eduardo Ruiz-Hitzky Prof. Dr. Miguel Camblor Dr. Pilar Aranda Dr. Margarita Darder Dr. M. \u00c1ngeles Mart\u00edn-Luengo Dr. Eva M. Garc\u00eda-Frutos Dr. Bernd Wicklein Contracted Scientists Dr. Javier P\u00e9rez Carvajal PhD and Master Students Vanessa Jacqueline S\u00e1nchez V\u00e1zquez Joab David Guerrero Guillermo Vergara Celia Mart\u00edn Morales<\/p>\n<p> <a class=\"continue-reading-link\" href=\"https:\/\/wp.icmm.csic.es\/phbhmg\/members\/\"><span>Continue reading<\/span><i class=\"crycon-right-dir\"><\/i><\/a> <\/p>\n","protected":false},"author":1,"featured_media":0,"parent":0,"menu_order":1,"comment_status":"closed","ping_status":"closed","template":"","meta":{"ngg_post_thumbnail":0,"footnotes":""},"class_list":["post-107","page","type-page","status-publish","hentry"],"_links":{"self":[{"href":"https:\/\/wp.icmm.csic.es\/phbhmg\/wp-json\/wp\/v2\/pages\/107","targetHints":{"allow":["GET"]}}],"collection":[{"href":"https:\/\/wp.icmm.csic.es\/phbhmg\/wp-json\/wp\/v2\/pages"}],"about":[{"href":"https:\/\/wp.icmm.csic.es\/phbhmg\/wp-json\/wp\/v2\/types\/page"}],"author":[{"embeddable":true,"href":"https:\/\/wp.icmm.csic.es\/phbhmg\/wp-json\/wp\/v2\/users\/1"}],"replies":[{"embeddable":true,"href":"https:\/\/wp.icmm.csic.es\/phbhmg\/wp-json\/wp\/v2\/comments?post=107"}],"version-history":[{"count":31,"href":"https:\/\/wp.icmm.csic.es\/phbhmg\/wp-json\/wp\/v2\/pages\/107\/revisions"}],"predecessor-version":[{"id":2466,"href":"https:\/\/wp.icmm.csic.es\/phbhmg\/wp-json\/wp\/v2\/pages\/107\/revisions\/2466"}],"wp:attachment":[{"href":"https:\/\/wp.icmm.csic.es\/phbhmg\/wp-json\/wp\/v2\/media?parent=107"}],"curies":[{"name":"wp","href":"https:\/\/api.w.org\/{rel}","templated":true}]}}