{"id":1308,"date":"2018-01-25T17:15:09","date_gmt":"2018-01-25T17:15:09","guid":{"rendered":"http:\/\/www.icmm.csic.es\/phbhmg\/?page_id=1308"},"modified":"2026-01-23T16:21:40","modified_gmt":"2026-01-23T16:21:40","slug":"2018-2","status":"publish","type":"page","link":"https:\/\/wp.icmm.csic.es\/phbhmg\/porous\/publications\/2018-2\/","title":{"rendered":"2023"},"content":{"rendered":"<h5>\u2013 J. Li, Z. R. Gao, Q.-F. Lin, C. Liu, F. Gao, C. Lin, S. Zhang, H. Deng, A. Mayoral, W. Fan, S. Luo, X. Chen, H. He, M.A. Camblor, F.-J. Chen, J. Yu. A 3D extra-large-pore zeolite enabled by 1D-to-3D topotactic condensation of a chain silicate. <strong>Science<\/strong>, 379, 283\u2013287 (2023). DOI: <a href=\"https:\/\/www.science.org\/doi\/10.1126\/science.ade1771\" target=\"_blank\" rel=\"noopener\">10.1126\/science.ade1771<\/a><\/h5>\n<h5>&#8211; D.A. Brooks, O. Pietrement, E. Dardillac, A. Jayantha, M.A. Lores Guevara, F.A. Castro-Smirnov, P. Aranda, E. Ruiz-Hitzky, B.S. Lopez. Impact of Increased Sonication-Induced Dispersion of Sepiolite on Its Interaction with Biological Macromolecules and Toxicity\/Proliferation in Human Cells. <strong>ACS Omega<\/strong>, 8, 1026-1036 (2023). DOI: <a href=\"https:\/\/pubs.acs.org\/doi\/full\/10.1021\/acsomega.2c06391\" target=\"_blank\" rel=\"noopener\">10.1021\/acsomega.2c06391<\/a><\/h5>\n<h5>&#8211; S. Tang, Z. Wu, G. Feng, L. Wei, J. Weng, E. Ruiz-Hitzky, X. Wang. Multifunctional sandwich-like composite film based on superhydrophobic MXene for self-cleaning, photodynamic and antimicrobial applications. <strong>Chemical Engineering Journal<\/strong>, 454, 140457 (2023). DOI: <a class=\"anchor doi anchor-default anchor-external-link\" title=\"Persistent link using digital object identifier\" href=\"https:\/\/doi.org\/10.1016\/j.cej.2022.140457\" target=\"_blank\" rel=\"noreferrer noopener\" aria-label=\"Persistent link using digital object identifier\"><span class=\"anchor-text\">10.1016\/j.cej.2022.140457<\/span><\/a><\/h5>\n<h5>&#8211; L. Wei, Z. Wu, S. Tang, X. Qin, Y. Xiong, J. Li, E. Ruiz-Hitzky, X. Wang. Tracheid-inspired nanoarchitectured carbon-based aerogels with ultra-compressibility for wearable piezoresistive sensors. <strong>Carbon<\/strong>, 203, 386-396 (2023). DOI: <a class=\"anchor doi anchor-default anchor-external-link\" title=\"Persistent link using digital object identifier\" href=\"https:\/\/doi.org\/10.1016\/j.carbon.2022.11.081\" target=\"_blank\" rel=\"noreferrer noopener\" aria-label=\"Persistent link using digital object identifier\"><span class=\"anchor-text\">10.1016\/j.carbon.2022.11.081<\/span><\/a><\/h5>\n<h5>&#8211; S. Tang, Z. Wu, X. Li, F. Xie, D. Ye, E. Ruiz-Hitzky, L. Wei, X. Wang. Nacre-inspired biodegradable nanocellulose\/MXene\/AgNPs films with high strength and superior gas barrier properties. <strong>Carbohydrate Polymers,<\/strong> 299, 120204 (2023). DOI: <a class=\"anchor doi anchor-default anchor-external-link\" title=\"Persistent link using digital object identifier\" href=\"https:\/\/doi.org\/10.1016\/j.carbpol.2022.120204\" target=\"_blank\" rel=\"noreferrer noopener\" aria-label=\"Persistent link using digital object identifier\"><span class=\"anchor-text\">10.1016\/j.carbpol.2022.120204<\/span><\/a><\/h5>\n<h5>&#8211; I. Bravo, L. Viejo, C. de los R\u00edos, E. M. Garc\u00eda-Frutos, M. Darder. Cellulose\/pectin-based materials incorporating Laponite-indole derivative hybrid for oral administration and controlled delivery of the neuroprotective drug. <strong>International Journal of Biological Macromolecules<\/strong>, 234, 123765 (2023). DOI: <a href=\"https:\/\/doi.org\/10.1016\/j.ijbiomac.2023.123765\" target=\"_blank\" rel=\"noopener\">10.1016\/j.ijbiomac.2023.123765<\/a><\/h5>\n<h5>&#8211; Ruiz-Hitzky, E.; Ruiz-Garcia, C. MXenes <em>vs.<\/em> Clays: Emerging and Traditional 2D Layered Nanoarchitectonics. <strong>Nanoscale <\/strong><em>15<\/em>, 18959\u201318979 (2023). <a href=\"https:\/\/pubs.rsc.org\/en\/content\/articlelanding\/2023\/NR\/D3NR03037G\" target=\"_blank\" rel=\"noopener\">https:\/\/doi.org\/10.1039\/d3nr03037g<\/a>. <strong><a href=\"https:\/\/pubs.rsc.org\/en\/content\/articlelanding\/2023\/nr\/d3nr90234j\" target=\"_blank\" rel=\"noopener\">Front cover<\/a>.<\/strong><\/h5>\n<h5>&#8211; Alcantara, A. C. S.; Gonzalez-Alfaro, Y.; Darder, M.; Ruiz-Hitzky, E.; Aranda, P. Magnetite-Sepiolite Nanoarchitectonics for Improving Zein-Based Bionanocomposite Foams. <strong>Dalton Transactions<\/strong>, <em>52<\/em> (45), 16951\u201316962 (2023). <a href=\"https:\/\/pubs.rsc.org\/en\/Content\/ArticleLanding\/2023\/DT\/D3DT02845C\" target=\"_blank\" rel=\"noopener\">https:\/\/doi.org\/10.1039\/d3dt02845c<\/a>.<\/h5>\n<h5>&#8211; Yu, H.; Rojas, A.; Gao, Z. R.; Gomez-Hortiguela, L.; Villaescusa, L. A.; Li, J.; Paillaud, J.-L.; Camblor, M. A. 2-Isopropyl-1,3-Dimethylimidazolium as a Versatile Structure-Directing Agent in the Synthesis of Zeolites. <strong>Dalton Transactions<\/strong>, <em>52<\/em> (43), 15697\u201315711 (2023). <a href=\"https:\/\/doi.org\/10.1039\/d3dt02414h\" target=\"_blank\" rel=\"noopener\">https:\/\/doi.org\/10.1039\/d3dt02414h<\/a>.<\/h5>\n<h5>&#8211; Martin-Sampedro, R.; Aranda, P.; del Real, G.; Ruiz-Hitzky, E.; Darder, M. Effect of the Combined Addition of Ultrasonicated Kraft Lignin and Montmorillonite on Hydroxypropyl Methylcellulose Bionanocomposites. <strong>Nanoscale Advances<\/strong>, <em>5<\/em> (16), 4107\u20134123 (2023). <a href=\"https:\/\/doi.org\/10.1039\/d3na00283g\" target=\"_blank\" rel=\"noopener\">https:\/\/doi.org\/10.1039\/d3na00283g<\/a>.<\/h5>\n<h5>&#8211; Marugan, E.; Rebitski, E. P.; Darder, M.; Balestra, S. R. G.; del Real, G.; Aranda, P. Allantoin-Zinc Layered Simple Hydroxide Biohybrid as Antimicrobial Active Phase in Cellulosic Bionanocomposites as Potential Wound Dressings. <strong>Appl. Clay Sci.<\/strong>, <em>241, <\/em>107002. <a href=\"https:\/\/doi.org\/10.1016\/j.clay.2023.107002\" target=\"_blank\" rel=\"noopener\">https:\/\/doi.org\/10.1016\/j.clay.2023.107002<\/a>.<\/h5>\n<h5>&#8211; Gonzalez, J.; Ghaffarinejad, A.; Ivanov, M.; Ferreira, P.; Vilarinho, P. M.; Borras, A.; Amorin, H.; Wicklein, B. Advanced Cellulose-Nanocarbon Composite Films for High-Performance Triboelectric and Piezoelectric Nanogenerators. <strong>Nanomaterials<\/strong>, <em>13<\/em> (7), 1206. <a href=\"https:\/\/doi.org\/10.3390\/nano13071206\" target=\"_blank\" rel=\"noopener\">https:\/\/doi.org\/10.3390\/nano13071206<\/a>.<\/h5>\n<h5>&#8211; Arribas, R. L.; Viejo, L.; Bravo, I.; Martinez, M.; Ramos, E.; Romero, A.; Garcia-Frutos, E. M.; Janssens, V.; Montiel, C.; de los Rios, C. C-Glycosides Analogues of the Okadaic Acid Central Fragment Exert Neuroprotection via Restoration of PP2A-Phosphatase Activity: A Rational Design of Potential Drugs for Alzheimer&#8217;s Disease Targeting Tauopathies. <strong>Eur. J. Med. Chem.<\/strong>, <em>251,<\/em> 115245 (2023). <a href=\"https:\/\/doi.org\/10.1016\/j.ejmech.2023.115245\" target=\"_blank\" rel=\"noopener\">https:\/\/doi.org\/10.1016\/j.ejmech.2023.115245<\/a>.<\/h5>\n<h5>&#8211; Martin, M. B.; Recuero, A.; Garzon-Ruiz, A.; Moral, M.; Garcia-Espejo, G.; Cabanillas-Gonzalez, J.; de Miguel, G.; Garcia-Frutos, E. M. Design of Donor-Acceptor Small Molecules Based on Diazaisoindigo Unit: Synthesis, Theoretical Calculations and Photophysical Studies. <strong>Dyes and Pigments<\/strong>, <em>214, <\/em>111197 (2023). <a href=\"https:\/\/doi.org\/10.1016\/j.dyepig.2023.111197\" target=\"_blank\" rel=\"noopener\">https:\/\/doi.org\/10.1016\/j.dyepig.2023.111197<\/a>.<\/h5>\n<h5>&#8211; de Lera-Garrido, F.; Dominguez, R.; Fernandez-Liencres, M. P.; Martin, C.; Tolosa, J.; Garcia-Frutos, E. M.; Perles, J.; Hofkens, J.; Garcia-Martinez, J. C.; Garzon-Ruiz, A.; Navarro, A. Effect of Bulky Side Groups on Photophysical Properties and Electroluminescent Performance of Oligo(Styryl)Benzenes. <strong>Dyes and Pigments<\/strong>, <em>213, <\/em>111179 (2023). <a href=\"https:\/\/doi.org\/10.1016\/j.dyepig.2023.111179\" target=\"_blank\" rel=\"noopener\">https:\/\/doi.org\/10.1016\/j.dyepig.2023.111179<\/a>.<\/h5>\n<h5>&#8211; Penas-Garzon, M.; Gomez-Aviles, A.; Alvarez-Conde, J.; Bedia, J.; Garcia-Frutos, E. M.; Belver, C. Azaindole Grafted Titanium Dioxide for the Photodegradation of Pharmaceuticals under Solar Irradiation. <strong>Journal of Colloid and Interface Science<\/strong><em>,<\/em> <em>629<\/em>, 593\u2013603 (2023). <a href=\"https:\/\/doi.org\/10.1016\/j.jcis.2022.09.005\" target=\"_blank\" rel=\"noopener\">https:\/\/doi.org\/10.1016\/j.jcis.2022.09.005<\/a>.<\/h5>\n<h5>&#8211; Mart\u00edn-Morales, C.; Fern\u00e1ndez-M\u00e9ndez, J.; Aranda, P.; Ruiz-Hitzky, E. Nanoarchitectonics to Entrap Living Cells in Silica-Based Systems: Encapsulations with Yolk-Shell and Sepiolite Nanomaterials. Beilstein Journal of Nanotechnology, 14, 522\u2013534 (2023). <a href=\"https:\/\/doi.org\/10.3762\/bjnano.14.43\" target=\"_blank\" rel=\"noopener\">https:\/\/doi.org\/10.3762\/bjnano.14.43<\/a>.<\/h5>\n<h5>&nbsp;<\/h5>\n","protected":false},"excerpt":{"rendered":"<p>\u2013 J. Li, Z. R. Gao, Q.-F. Lin, C. Liu, F. Gao, C. Lin, S. Zhang, H. Deng, A. Mayoral, W. Fan, S. Luo, X. Chen, H. He, M.A. Camblor, F.-J. Chen, J. Yu. A 3D extra-large-pore zeolite enabled by 1D-to-3D topotactic condensation of a chain silicate. Science, 379, 283\u2013287&#8230;<\/p>\n<p> <a class=\"continue-reading-link\" href=\"https:\/\/wp.icmm.csic.es\/phbhmg\/porous\/publications\/2018-2\/\"><span>Continue reading<\/span><i class=\"crycon-right-dir\"><\/i><\/a> <\/p>\n","protected":false},"author":1,"featured_media":0,"parent":35,"menu_order":4,"comment_status":"closed","ping_status":"closed","template":"","meta":{"ngg_post_thumbnail":0,"footnotes":""},"class_list":["post-1308","page","type-page","status-publish","hentry"],"_links":{"self":[{"href":"https:\/\/wp.icmm.csic.es\/phbhmg\/wp-json\/wp\/v2\/pages\/1308","targetHints":{"allow":["GET"]}}],"collection":[{"href":"https:\/\/wp.icmm.csic.es\/phbhmg\/wp-json\/wp\/v2\/pages"}],"about":[{"href":"https:\/\/wp.icmm.csic.es\/phbhmg\/wp-json\/wp\/v2\/types\/page"}],"author":[{"embeddable":true,"href":"https:\/\/wp.icmm.csic.es\/phbhmg\/wp-json\/wp\/v2\/users\/1"}],"replies":[{"embeddable":true,"href":"https:\/\/wp.icmm.csic.es\/phbhmg\/wp-json\/wp\/v2\/comments?post=1308"}],"version-history":[{"count":37,"href":"https:\/\/wp.icmm.csic.es\/phbhmg\/wp-json\/wp\/v2\/pages\/1308\/revisions"}],"predecessor-version":[{"id":2147,"href":"https:\/\/wp.icmm.csic.es\/phbhmg\/wp-json\/wp\/v2\/pages\/1308\/revisions\/2147"}],"up":[{"embeddable":true,"href":"https:\/\/wp.icmm.csic.es\/phbhmg\/wp-json\/wp\/v2\/pages\/35"}],"wp:attachment":[{"href":"https:\/\/wp.icmm.csic.es\/phbhmg\/wp-json\/wp\/v2\/media?parent=1308"}],"curies":[{"name":"wp","href":"https:\/\/api.w.org\/{rel}","templated":true}]}}