{"id":177,"date":"2012-10-11T16:26:11","date_gmt":"2012-10-11T16:26:11","guid":{"rendered":"http:\/\/www.icmm.csic.es\/phbhmg\/?page_id=177"},"modified":"2012-10-11T16:26:11","modified_gmt":"2012-10-11T16:26:11","slug":"patents","status":"publish","type":"page","link":"https:\/\/wp.icmm.csic.es\/phbhmg\/porous\/patents\/","title":{"rendered":"Patents"},"content":{"rendered":"<h3>&#8211; E. Ruiz-Hitzky, P. Aranda, M. Darder, F.M. Fernandes, C.R. Santos-Matos, \u201cEspumas r\u00edgidas de tipo composite basadas en biopol\u00edmeros combinados con arcillas fibrosas y su m\u00e9todo de preparaci\u00f3n\u201d Holder: CSIC. Spanish patent ES2342871 (14\/01\/2009)<\/h3>\n<h3>&#8211; E. Ruiz-Hitzky, P. Aranda, M. Darder, A.C.S. Alc\u00e2ntara, \u201cMateriales composites basados en bio-h\u00edbridos ze\u00edna-arcilla, su procedimiento de obtenci\u00f3n y usos de estos materiales\u201d; Holder: CSIC. Spanish Pat. &amp; PCT, WO\/2010\/146216 (17\/06\/2009).<\/h3>\n<h3>&#8211; E. Ruiz-Hitzky, F.M. Fernandes, \u00abUso de arcillas fibrosas como coadyuvantes para mejorar la dispersi\u00f3n y estabilidad coloidal de materiales filamentosos de carbono en medios hidrof\u00edlicos\u00bb; Holder: CSIC. PCT ES2010\/070809 (07\/12\/2010)<\/h3>\n<h3>&#8211; E. Ruiz-Hitzky, P. Aranda, Y. Gonz\u00e1lez-Alfaro,\u201cProcedimiento de obtenci\u00f3n de materiales con comportamiento superparamagnetico\u201d; Owner: CSIC; Spanish Pat &amp; PCT, WO\/2011\/110711 (08\/03\/2010); Lic. NanoBiomatters Ind.S.L. (2011)<\/h3>\n<h3>&#8211; E. Ruiz-Hitzky, F.M. Fernandes, \u00abComposici\u00f3n de material carbonoso obtenible por carbonizaci\u00f3n de un biopol\u00edmero soportado sobre arcilla \u00ab; Holder: CSIC. Spanish Pat. P201130835 (23\/05\/2011).<\/h3>\n<h3>&#8211; A.E. Rojas, M.A. Camblor, \u00abZeolita HPM-1, procedimiento de obtenci\u00f3n y uso\u00bb, Holder: CSIC. Spanish pat. P201131874 (22\/11\/2011).<\/h3>\n<h3>&#8211; E. Ruiz-Hitzky, P. Aranda, M. Darder, Y. Gonz\u00e1lez-Alfaro,\u201cProcedimiento de preparaci\u00f3n de materiales con propiedades superparamagn\u00e9ticas para la extracci\u00f3n de iones cesio en medio acuoso, material obtenido y utilizaci\u00f3n\u00bb, Holder: CSIC, P201330062 (21\/1\/2013).<\/h3>\n<h3>&#8211; Malcolm Yates, Maria de los Angeles Mart\u00edn-Luengo, Maria Blanca Casal Piga. \u201cPreparaci\u00f3n de materiales biocompatibles a partir de deshechos del proceso de fabricaci\u00f3n de cerveza y sus usos\u201d . Holder: CSIC. Spanish pat. P200803331 (08.11.2008)<\/h3>\n<h3>&#8211; Maria de los Angeles Mart\u00edn-Luengo, Malcolm Yates, Milagros Ramos Gomez.\u00a0 \u201cProcedimiento de Obtenci\u00f3n de Materiales Multifuncionales y Renovables a partir del Rechazo de Pipa procedente de la Producci\u00f3n de Aceite de Girasol\u201d. Holder: CSIC. Spanish pat. P201130303 (07.03.2011)<\/h3>\n<h3>&#8211; Maria de los Angeles Martin Luengo, Malcolm Yates Buxcey,\u00a0 Francisco Plou Gasca, Milagros Gomez. \u201cProcedimiento de obtenci\u00f3n de una enzima inmovilizada en un soporte renovable derivado de un residuo agroalimentario\u201d. Holder: CSIC. Spanish pat. P201330114 (01.02.2013)<\/h3>\n<h3>&#8211; Eva M. Garc\u00eda Frutos, \u00abOrganogel basado en 5-(4-nonilfenil)-7-azaindoles\u00bb, Holder: CSIC, Spanish Pat. P201530187 (Solicitud: 17\/02\/2015)<\/h3>\n<h3>&#8211; Eva M. Garc\u00eda Frutos. \u00abOrganogel basado en Mol\u00e9culas Derivadas de 7,7&#8242;-diazaisoindigo\u00bb, Holder: CSIC, Spanish Pat. P201530966 (Solicitud: 06\/07\/2015)<\/h3>\n<h3><\/h3>\n<h4><\/h4>\n","protected":false},"excerpt":{"rendered":"<p>&#8211; E. Ruiz-Hitzky, P. Aranda, M. Darder, F.M. Fernandes, C.R. Santos-Matos, \u201cEspumas r\u00edgidas de tipo composite basadas en biopol\u00edmeros combinados con arcillas fibrosas y su m\u00e9todo de preparaci\u00f3n\u201d Holder: CSIC. Spanish patent ES2342871 (14\/01\/2009) &#8211; E. Ruiz-Hitzky, P. Aranda, M. Darder, A.C.S. Alc\u00e2ntara, \u201cMateriales composites basados en bio-h\u00edbridos ze\u00edna-arcilla, su&#8230;<\/p>\n<p> <a class=\"continue-reading-link\" href=\"https:\/\/wp.icmm.csic.es\/phbhmg\/porous\/patents\/\"><span>Continue reading<\/span><i class=\"crycon-right-dir\"><\/i><\/a> <\/p>\n","protected":false},"author":1,"featured_media":0,"parent":1368,"menu_order":5,"comment_status":"closed","ping_status":"closed","template":"","meta":{"ngg_post_thumbnail":0,"footnotes":""},"class_list":["post-177","page","type-page","status-publish","hentry"],"_links":{"self":[{"href":"https:\/\/wp.icmm.csic.es\/phbhmg\/wp-json\/wp\/v2\/pages\/177","targetHints":{"allow":["GET"]}}],"collection":[{"href":"https:\/\/wp.icmm.csic.es\/phbhmg\/wp-json\/wp\/v2\/pages"}],"about":[{"href":"https:\/\/wp.icmm.csic.es\/phbhmg\/wp-json\/wp\/v2\/types\/page"}],"author":[{"embeddable":true,"href":"https:\/\/wp.icmm.csic.es\/phbhmg\/wp-json\/wp\/v2\/users\/1"}],"replies":[{"embeddable":true,"href":"https:\/\/wp.icmm.csic.es\/phbhmg\/wp-json\/wp\/v2\/comments?post=177"}],"version-history":[{"count":0,"href":"https:\/\/wp.icmm.csic.es\/phbhmg\/wp-json\/wp\/v2\/pages\/177\/revisions"}],"up":[{"embeddable":true,"href":"https:\/\/wp.icmm.csic.es\/phbhmg\/wp-json\/wp\/v2\/pages\/1368"}],"wp:attachment":[{"href":"https:\/\/wp.icmm.csic.es\/phbhmg\/wp-json\/wp\/v2\/media?parent=177"}],"curies":[{"name":"wp","href":"https:\/\/api.w.org\/{rel}","templated":true}]}}