{"id":1908,"date":"2022-10-05T12:38:47","date_gmt":"2022-10-05T12:38:47","guid":{"rendered":"https:\/\/wp.icmm.csic.es\/phbhmg\/?page_id=1908"},"modified":"2026-04-15T15:46:57","modified_gmt":"2026-04-15T15:46:57","slug":"gallery","status":"publish","type":"page","link":"https:\/\/wp.icmm.csic.es\/phbhmg\/gallery\/","title":{"rendered":"Gallery"},"content":{"rendered":"<p><strong>9-10\/04\/2026<\/strong><\/p>\n<h5>Nuestros compa\u00f1eros Bernd Wicklein, Vanessa S\u00e1nchez, Guillermo Vergara y Maya Allard han participado en el congreso <a href=\"https:\/\/www.ciceco.ua.pt\/?language=eng&amp;menu=710&amp;tabela=geral\" target=\"_blank\" rel=\"noopener\">REFLEX 2026 &#8211; Responsive polymer systems for next-generation flexible electronics<\/a>, celebrado en Aveiro (Portugal). Vanessa result\u00f3 ganadora de la mejor presentaci\u00f3n Flash.<\/h5>\n<p>ngg_shortcode_0_placeholder<strong>19\/03\/2026<\/strong><\/p>\n<h5>Hemos participado de nuevo en la <a href=\"https:\/\/www.madrimasd.org\/feriamadridesciencia\/\">Feria Madrid es Ciencia<\/a>, que en esta ocasi\u00f3n se celebr\u00f3 en La Nave:&nbsp;<\/h5>\n<p>ngg_shortcode_1_placeholder<strong>14\/03\/2026<\/strong><\/p>\n<h5>Nuestra compa\u00f1era Eva M. Garc\u00eda Frutos ha inaugurado junto con el fot\u00f3grafo Manuel Ter\u00e1n la exposici\u00f3n \u00abLos colores del mar\u00bb,&nbsp; en el Aula de Medioambiente \u00abLas Vaquerizas\u00bb de Tres Cantos. Vanessa S\u00e1nchez ha participado junto con nuestro compa\u00f1ero del ICMM I\u00f1igo Bretos en el taller de divulgaci\u00f3n cient\u00edfica \u00abY la qu\u00edmica dijo: h\u00e1gase la luz\u00bb, realizado en paralelo con la exposici\u00f3n fotogr\u00e1fica.&nbsp;<\/h5>\n<h5>La exposici\u00f3n estar\u00e1 disponible desde el 14 de marzo al 14 de mayo de 2026 y habr\u00e1 otros dos talleres de divulgaci\u00f3n cient\u00edfica a cargo de Eva M. Garc\u00eda Frutos: s\u00e1bado 25 de abril (12:30) y s\u00e1bado 9 de mayo (12:30).<\/h5>\n<h5>Queremos dar las gracias al Ayuntamiento de Tres Cantos por cedernos el Aula de Medioambiente \u00abLas Vaquerizas\u00bb, a la Real Sociedad Espa\u00f1ola de Qu\u00edmica-Secci\u00f3n Territorial de Madrid (RSEQ-STM) por su apoyo econ\u00f3mico, y a <a href=\"https:\/\/www.elitestudios.es\/\" target=\"_blank\" rel=\"noopener\">Elite Studios<\/a> por la producci\u00f3n del v\u00eddeo educativo\/divulgativo.&nbsp;<\/h5>\nngg_shortcode_2_placeholder\n<p><strong>20\/02\/2026<\/strong><\/p>\n<h5>Hemos celebrado la jornada <strong>11F en Tres Cantos: Celebrando la Ciencia con el CSIC<\/strong>, coordinada por Eva M. Garc\u00eda-Frutos y Margarita Darder, con talleres cient\u00edficos, la exposici\u00f3n-yincana \u00abEscape Road: A la b\u00fasqueda de las Cient\u00edficas Nobel y no Nobel\u00bb promovida por las Comisiones de Igualdad de los diez centros CSIC del Campus de Cantoblanco, y charlas de seis cient\u00edficas del ICMM sobre su propia labor investigadora o difundiendo las contribuciones de investigadoras que, con su trabajo, fueron pioneras y sentaron las bases para la ciencia moderna.<\/h5>\n<h5>Queremos dar las gracias al Ayuntamiento de Tres Cantos por cedernos el espacio en el Centro Cultural Adolfo Su\u00e1rez, a la Real Sociedad Espa\u00f1ola de Qu\u00edmica-Secci\u00f3n Territorial de Madrid (RSEQ-STM) por su apoyo econ\u00f3mico y a las voluntarias y los voluntarios del ICMM que han contribuido al \u00e9xito de esta jornada.<\/h5>\n<p>&nbsp;<\/p>\nngg_shortcode_3_placeholder\n<p><strong>28-29\/04\/2025<\/strong><\/p>\n<h5>Vanessa S\u00e1nchez y Guillermo Vergara han participado en el congreso <a href=\"https:\/\/www.icmm.csic.es\/en\/icmm\/youmat25\" target=\"_blank\" rel=\"noopener\">YOUMAT25<\/a> celebrado en el ICMM los d\u00edas 28 y 29 de abril de 2025. Guillermo present\u00f3 la comunicaci\u00f3n flash \u00abStudy, design and development of piezoelectric nanogenerators by 3D printing\u00bb y Vanessa el p\u00f3ster \u00abSynthesis methods and surface modification for KNN as filler in composite materials\u00bb, que recibi\u00f3 el premio al mejor p\u00f3ster de esta edici\u00f3n de YOUMAT.&nbsp;<\/h5>\nngg_shortcode_4_placeholder\n<p><strong>23\/04\/2025<\/strong><\/p>\n<h5>El pasado 23 de abril de 2025, Eva M. Garc\u00eda Frutos imparti\u00f3 en la Universidad Aut\u00f3noma de Madrid&nbsp;la conferencia titulada \u00abEstudio y desarrollo de materiales semiconductores org\u00e1nicos basados en el 7-azaindol y el 7,7&#8242;-diazaiso\u00edndigo para su aplicaci\u00f3n en dispositivos electr\u00f3nicos y fot\u00f3nicos\u00bb,&nbsp;por invitaci\u00f3n del Departamento de Qu\u00edmica Inorg\u00e1nica.<\/h5>\n<p>ngg_shortcode_5_placeholder<strong>28-29\/03\/2025<\/strong><\/p>\n<h5>Este a\u00f1o hemos vuelto a participar en la <a href=\"https:\/\/www.madrimasd.org\/feriamadridesciencia\/\" target=\"_blank\" rel=\"noopener\">Feria Madrid es Ciencia 2025<\/a> en IFEMA:<\/h5>\n<p>ngg_shortcode_6_placeholder<strong>17\/01\/2025<\/strong><\/p>\n<h5>De nuevo llevamos nuestro taller de divulgaci\u00f3n al CEIP El Bercial como parte de la actividad <a href=\"https:\/\/www.icmm.csic.es\/en\/actualidad-y-divulgacion\/toca-la-ciencia\" target=\"_blank\" rel=\"noopener\">Toca la Ciencia<\/a> del ICMM-CSIC, para alumnos\/as de 4\u00ba de primaria<\/h5>\nngg_shortcode_7_placeholder\n<p><strong>11-12\/12\/2024<\/strong><\/p>\n<h5>Hemos participado en el \u00ab<a href=\"https:\/\/pti-sosecocir.csic.es\/cseca\/\" target=\"_blank\" rel=\"noopener\">Congreso de Sostenibilidad y Econom\u00eda Circular Aplicada (CSECA). A la B\u00fasqueda de Soluciones<\/a>\u00bb (11-12 de diciembre de 2024. Sede Central CSIC), organizado por la <a href=\"https:\/\/pti-sosecocir.csic.es\/\" target=\"_blank\" rel=\"noopener\">PTI SosEcoCir<\/a>, con la ponencia \u00abHacia una producci\u00f3n de energ\u00eda sostenible: multirecolectores c\u00e9lula solar org\u00e1nica\/nanogenerador basados en materiales naturales\u00bb a cargo de Eva M. Garc\u00eda-Frutos.<\/h5>\nngg_shortcode_8_placeholder\n<p><strong>7-8\/03\/2024<\/strong><\/p>\n<h5>Divulgaci\u00f3n en la <a href=\"https:\/\/www.madrimasd.org\/feriamadridesciencia\/\" target=\"_blank\" rel=\"noopener\">XIII FERIA madridesciencia<\/a>, en IFEMA<\/h5>\nngg_shortcode_9_placeholder\n<p><strong>04\/03\/2024<\/strong><\/p>\n<h5>Divulgaci\u00f3n en el CEIP El Bercial como parte de la actividad <a href=\"https:\/\/www.icmm.csic.es\/en\/actualidad-y-divulgacion\/toca-la-ciencia\" target=\"_blank\" rel=\"noopener\">Toca la Ciencia<\/a> del ICMM-CSIC, para alumnos\/as de 5\u00ba de primaria<\/h5>\nngg_shortcode_10_placeholder\n<p><strong>18-20\/10\/2023<\/strong><\/p>\n<h5>Celebraci\u00f3n del <a href=\"https:\/\/wp.icmm.csic.es\/quimbioquim-v\/\" target=\"_blank\" rel=\"noopener\">V Congreso de J\u00f3venes Qu\u00edmicos y Bioqu\u00edmicos Terap\u00e9uticos (V QuimBioQuim)<\/a> en colaboraci\u00f3n con UNED Segovia, UNED y URJC. Gracias a todos los participantes por haber contribuido al \u00e9xito de esta edici\u00f3n del QuimBioQuim. Y mil gracias a UNED Segovia por abrirnos las puertas de su maravillosa sede.<\/h5>\nngg_shortcode_11_placeholder\n<p><strong>30\/09\/2022<\/strong><\/p>\n<p><img loading=\"lazy\" decoding=\"async\" class=\"wp-image-1909 alignleft\" src=\"https:\/\/wp.icmm.csic.es\/phbhmg\/wp-content\/uploads\/sites\/40\/2022\/10\/Una-Noche-de-Ciencia-en-el-CSIC-e1664972223660-300x99.png\" alt=\"\" width=\"270\" height=\"89\" srcset=\"https:\/\/wp.icmm.csic.es\/phbhmg\/wp-content\/uploads\/sites\/40\/2022\/10\/Una-Noche-de-Ciencia-en-el-CSIC-e1664972223660-300x99.png 300w, https:\/\/wp.icmm.csic.es\/phbhmg\/wp-content\/uploads\/sites\/40\/2022\/10\/Una-Noche-de-Ciencia-en-el-CSIC-e1664972223660-644x213.png 644w, https:\/\/wp.icmm.csic.es\/phbhmg\/wp-content\/uploads\/sites\/40\/2022\/10\/Una-Noche-de-Ciencia-en-el-CSIC-e1664972223660-768x253.png 768w, https:\/\/wp.icmm.csic.es\/phbhmg\/wp-content\/uploads\/sites\/40\/2022\/10\/Una-Noche-de-Ciencia-en-el-CSIC-e1664972223660-1536x507.png 1536w, https:\/\/wp.icmm.csic.es\/phbhmg\/wp-content\/uploads\/sites\/40\/2022\/10\/Una-Noche-de-Ciencia-en-el-CSIC-e1664972223660-2048x676.png 2048w, https:\/\/wp.icmm.csic.es\/phbhmg\/wp-content\/uploads\/sites\/40\/2022\/10\/Una-Noche-de-Ciencia-en-el-CSIC-e1664972223660-150x49.png 150w\" sizes=\"auto, (max-width: 270px) 100vw, 270px\" \/><\/p>\n<h3 style=\"text-align: left\"><strong>European Researchers Night<\/strong><\/h3>\n<p>&nbsp;<\/p>\n<h5 style=\"text-align: center\">Un a\u00f1o m\u00e1s nuestro grupo participa activamente en la Noche de los y las investigadores. De nuevo, un \u00e9xito de participaci\u00f3n.<\/h5>\n<p>&nbsp;<\/p>\n<p><img loading=\"lazy\" decoding=\"async\" class=\"aligncenter wp-image-1925\" src=\"https:\/\/wp.icmm.csic.es\/phbhmg\/wp-content\/uploads\/sites\/40\/2022\/10\/noche-csic.jpg\" alt=\"\" width=\"678\" height=\"392\" srcset=\"https:\/\/wp.icmm.csic.es\/phbhmg\/wp-content\/uploads\/sites\/40\/2022\/10\/noche-csic.jpg 1911w, https:\/\/wp.icmm.csic.es\/phbhmg\/wp-content\/uploads\/sites\/40\/2022\/10\/noche-csic-300x173.jpg 300w, https:\/\/wp.icmm.csic.es\/phbhmg\/wp-content\/uploads\/sites\/40\/2022\/10\/noche-csic-644x372.jpg 644w, https:\/\/wp.icmm.csic.es\/phbhmg\/wp-content\/uploads\/sites\/40\/2022\/10\/noche-csic-768x444.jpg 768w, https:\/\/wp.icmm.csic.es\/phbhmg\/wp-content\/uploads\/sites\/40\/2022\/10\/noche-csic-1536x887.jpg 1536w, https:\/\/wp.icmm.csic.es\/phbhmg\/wp-content\/uploads\/sites\/40\/2022\/10\/noche-csic-150x87.jpg 150w\" sizes=\"auto, (max-width: 678px) 100vw, 678px\" \/><\/p>\n<p>&nbsp;<\/p>\n<p>&nbsp;<\/p>\n<p><strong>7\/10\/2022<\/strong><\/p>\n<h5>Nuestra peque\u00f1a celebraci\u00f3n tras la resoluci\u00f3n de la convocatoria de proyectos TED2021:<\/h5>\n<p><img loading=\"lazy\" decoding=\"async\" class=\"aligncenter wp-image-1933\" src=\"https:\/\/wp.icmm.csic.es\/phbhmg\/wp-content\/uploads\/sites\/40\/2022\/10\/celebracion-proyecto-TED2021_2.jpg\" alt=\"\" width=\"696\" height=\"286\" srcset=\"https:\/\/wp.icmm.csic.es\/phbhmg\/wp-content\/uploads\/sites\/40\/2022\/10\/celebracion-proyecto-TED2021_2.jpg 1139w, https:\/\/wp.icmm.csic.es\/phbhmg\/wp-content\/uploads\/sites\/40\/2022\/10\/celebracion-proyecto-TED2021_2-300x123.jpg 300w, https:\/\/wp.icmm.csic.es\/phbhmg\/wp-content\/uploads\/sites\/40\/2022\/10\/celebracion-proyecto-TED2021_2-644x265.jpg 644w, https:\/\/wp.icmm.csic.es\/phbhmg\/wp-content\/uploads\/sites\/40\/2022\/10\/celebracion-proyecto-TED2021_2-768x316.jpg 768w, https:\/\/wp.icmm.csic.es\/phbhmg\/wp-content\/uploads\/sites\/40\/2022\/10\/celebracion-proyecto-TED2021_2-150x62.jpg 150w\" sizes=\"auto, (max-width: 696px) 100vw, 696px\" \/><\/p>\n","protected":false},"excerpt":{"rendered":"<p>9-10\/04\/2026 Nuestros compa\u00f1eros Bernd Wicklein, Vanessa S\u00e1nchez, Guillermo Vergara y Maya Allard han participado en el congreso REFLEX 2026 &#8211; Responsive polymer systems for next-generation flexible electronics, celebrado en Aveiro (Portugal). Vanessa result\u00f3 ganadora de la mejor presentaci\u00f3n Flash. 19\/03\/2026 Hemos participado de nuevo en la Feria Madrid es Ciencia,&#8230;<\/p>\n<p> <a class=\"continue-reading-link\" href=\"https:\/\/wp.icmm.csic.es\/phbhmg\/gallery\/\"><span>Continue reading<\/span><i class=\"crycon-right-dir\"><\/i><\/a> <\/p>\n","protected":false},"author":79,"featured_media":0,"parent":0,"menu_order":6,"comment_status":"closed","ping_status":"closed","template":"","meta":{"ngg_post_thumbnail":0,"footnotes":""},"class_list":["post-1908","page","type-page","status-publish","hentry"],"_links":{"self":[{"href":"https:\/\/wp.icmm.csic.es\/phbhmg\/wp-json\/wp\/v2\/pages\/1908","targetHints":{"allow":["GET"]}}],"collection":[{"href":"https:\/\/wp.icmm.csic.es\/phbhmg\/wp-json\/wp\/v2\/pages"}],"about":[{"href":"https:\/\/wp.icmm.csic.es\/phbhmg\/wp-json\/wp\/v2\/types\/page"}],"author":[{"embeddable":true,"href":"https:\/\/wp.icmm.csic.es\/phbhmg\/wp-json\/wp\/v2\/users\/79"}],"replies":[{"embeddable":true,"href":"https:\/\/wp.icmm.csic.es\/phbhmg\/wp-json\/wp\/v2\/comments?post=1908"}],"version-history":[{"count":66,"href":"https:\/\/wp.icmm.csic.es\/phbhmg\/wp-json\/wp\/v2\/pages\/1908\/revisions"}],"predecessor-version":[{"id":2540,"href":"https:\/\/wp.icmm.csic.es\/phbhmg\/wp-json\/wp\/v2\/pages\/1908\/revisions\/2540"}],"wp:attachment":[{"href":"https:\/\/wp.icmm.csic.es\/phbhmg\/wp-json\/wp\/v2\/media?parent=1908"}],"curies":[{"name":"wp","href":"https:\/\/api.w.org\/{rel}","templated":true}]}}