{"id":2176,"date":"2024-11-08T08:28:17","date_gmt":"2024-11-08T08:28:17","guid":{"rendered":"https:\/\/wp.icmm.csic.es\/phbhmg\/?page_id=2176"},"modified":"2026-01-23T16:21:16","modified_gmt":"2026-01-23T16:21:16","slug":"2025-2","status":"publish","type":"page","link":"https:\/\/wp.icmm.csic.es\/phbhmg\/porous\/publications\/2025-2\/","title":{"rendered":"2025"},"content":{"rendered":"<h5>&#8211; Borrego-S\u00e1nchez, A.; Garc\u00eda-Frutos, E. M.; Darder, M.; Sainz-D\u00edaz, C. I. Molecular insights of 7-azaindole drugs and their intercalation in the confined space of montmorillonite. <strong>ACS Omega<\/strong>, in press. DOI: <a href=\"https:\/\/doi.org\/10.1021\/acsomega.5c06055\">https:\/\/doi.org\/10.1021\/acsomega.5c06055<\/a><\/h5>\n<h5>&#8211; Tan, X.; Camblor, M.A; Hong, S. B. Synergistic zeolite synthesis via a fluoride-deficient mixed approach. <strong>Chemical Science<\/strong>, 16, 21028-21040 (2025). DOI: <a href=\"https:\/\/doi.org\/10.1039\/D5SC04097C\">https:\/\/doi.org\/10.1039\/D5SC04097C<\/a><\/h5>\n<h5>&#8211; Barra, A.; Garc\u00eda-Galv\u00e1n, F.R.; Galv\u00e1n, J.C.; Nunes, C.; Ferreira, P.; Ruiz-Hitzky, E. Bionanocomposite coatings incorporating carbon-sepiolite within biopolymer matrices for corrosion protection of aluminium alloys: An electrochemical study. <strong>Applied Clay Science<\/strong> 276, 107955 (2025). DOI: <a href=\"https:\/\/doi.org\/10.1016\/j.clay.2025.107955\">https:\/\/doi.org\/10.1016\/j.clay.2025.107955<\/a><\/h5>\n<h5>&#8211; Misol, A.; Saez, E.; Colom, M.F.; Darder, M.; Aranda, P. Amphotericin B intercalated in layered clays as effective antifungal systems against eumycetoma causative agents. <strong>International Journal of Pharmaceutics<\/strong>, 683, 126029 (2025). DOI: <a href=\"https:\/\/www.sciencedirect.com\/science\/article\/pii\/S037851732500866X?dgcid=rss_sd_all\" target=\"_blank\" rel=\"noopener\">10.1016\/j.ijpharm.2025.126029<\/a><\/h5>\n<h5>&#8211;<span class=\"hlFld-ContribAuthor\" data-id=\"article_author_info\"> Guerrero, J.D.;&nbsp;<\/span><span class=\"hlFld-ContribAuthor\" data-id=\"article_author_info\">Mart\u00edn-Sampedro, R.;<\/span><span class=\"hlFld-ContribAuthor\" data-id=\"article_author_info\"> Cuadrado, R.; <\/span><span class=\"hlFld-ContribAuthor\" data-id=\"article_author_info\">Llano, I.; <\/span><span class=\"hlFld-ContribAuthor\" data-id=\"article_author_info\">Garc\u00eda-Frutos, E.M.;<\/span><span class=\"hlFld-ContribAuthor\" data-id=\"article_author_info\"> Aranda, P.;<\/span><span class=\"hlFld-ContribAuthor\" data-id=\"article_author_info\"> Ibarra, D.;<\/span><span class=\"hlFld-ContribAuthor\" data-id=\"article_author_info\"> Eugenio, M.E.;<\/span><span class=\"hlFld-ContribAuthor\" data-id=\"article_author_info\"> V\u00e1zquez, L.;<\/span><span class=\"hlFld-ContribAuthor\" data-id=\"article_author_info\"> P\u00e9rez-Carvajal, <\/span>J.; <span class=\"hlFld-ContribAuthor\" data-id=\"article_author_info\">Darder, M.&nbsp;<\/span><span class=\"hlFld-Title\">Modulated Optoelectronic Properties of MOF\/CNF Bionanocomposite Films for Bacterial Growth Control under Visible Light. <strong>ACS Applied Materials &amp; Interfaces<\/strong> <span class=\"cit-volume\"> 17<\/span><span class=\"cit-issue\">, <\/span><span class=\"cit-pageRange\">30006\u201330018 <\/span><\/span><span class=\"hlFld-Title\">(2025). DOI: <a href=\"https:\/\/doi.org\/10.1021\/acsami.5c04982\" target=\"_blank\" rel=\"noopener\">https:\/\/doi.org\/10.1021\/acsami.5c04982<\/a><\/span><\/h5>\n<h5>&#8211; Ma, C.; Zhang, Z.H.; Zhang, M.D.; Tian, X.D.; Lin, C.; Han, L.; Li, G.C.; Lo, B.T.W.; Yung, K.F.; Song, H.T.; Lin, W.; Camblor, M.A.; Xu, L.; Li, J. Accelerated discovery of stable, extra-large-pore nano zeolites with micro-electron diffraction. <strong>Science<\/strong> 388, 1417-1421 (2025). DOI: <a href=\"https:\/\/www.science.org\/doi\/10.1126\/science.adv5073\" target=\"_blank\" rel=\"noopener\">10.1126\/science.adv5073<\/a><\/h5>\n<h5>&#8211; Yu, H.J.; Balestra, S.R.G.; Gao, Z.R.; Camblor, M.A. An overloaded pure silica zeolite ISV synthesized using a phosphonium cation. <strong>Dalton Transactions<\/strong>, 54, 3887-3896 (2025). DOI: <a href=\"https:\/\/pubs.rsc.org\/en\/content\/articlelanding\/2025\/dt\/d4dt03454f\" target=\"_blank\" rel=\"noopener\">10.1039\/d4dt03454f<\/a><\/h5>\n<h5>&#8211; <span class=\"hlFld-ContribAuthor\" data-id=\"article_author_info\">Pascual-Gonz\u00e1lez<\/span><strong>, <\/strong>C.; <span class=\"hlFld-ContribAuthor\" data-id=\"article_author_info\">Pacheco-Carpio, G.;<\/span><span class=\"hlFld-ContribAuthor\" data-id=\"article_author_info\"> Fern\u00e1ndez-Bl\u00e1zquez, J.P.;&nbsp;<\/span><span class=\"hlFld-ContribAuthor\" data-id=\"article_author_info\">Serrano, M.C.; Wicklein, B.;&nbsp;<\/span><span class=\"hlFld-ContribAuthor\" data-id=\"article_author_info\">Alguer\u00f3, M.; Amor\u00edn, H. <\/span><span class=\"hlFld-Title\">Tailorable Piezoelectric Chain Morphology in Biocompatible Poly-<span class=\"smallcaps smallerCapital\">L<\/span>-lactide Induced by Melt-Based 3D Printing. <strong>ACS Applied Polymer Materials<\/strong>,&nbsp;<\/span>7, 6067-6081 (2025). DOI: <a href=\"https:\/\/doi.org\/10.1021\/acsapm.5c00450\" target=\"_blank\" rel=\"noopener\">https:\/\/doi.org\/10.1021\/acsapm.5c00450<\/a><\/h5>\n<h5>&#8211; Brooks, D.A.; Pi\u00e9trement, O.; Dardillac, E.; Castro Smirnov, F.A.; Aranda, P.; Ruiz-Hitzky, E.; Lopez, B.S. Competition Between Protein and DNA for Binding to Natural Sepiolite Nanofibers. <strong>International Journal of Nanomedicine<\/strong> 20, 2711-2726 (2025). DOI: <a href=\"https:\/\/www.dovepress.com\/competition-between-protein-and-dna-for-binding-to-natural-sepiolite-n-peer-reviewed-fulltext-article-IJN\" target=\"_blank\" rel=\"noopener\">10.2147\/IJN.S488353<\/a><\/h5>\n<h5>&#8211; Abdelghani-Idrissi, S.; Ries, L.; Monet, G.; Perez-Carvajal, J.; Pilo, Z.; Sarnikowski, P.; Siria, A.; Bocquet, L. Resonant osmotic diodes for voltage-induced water filtration across composite membranes. <strong>Nature Materials<\/strong> 24, 1109-1115 (2025). DOI: <a href=\"https:\/\/www.nature.com\/articles\/s41563-025-02257-z\" target=\"_blank\" rel=\"noopener\">10.1038\/s41563-025-02257-z<\/a><\/h5>\n<h5>&#8211;&nbsp;Xu, Z.; Wu, N.; Abdelghani-Idrissi, S.; Tr\u00e9gou\u00ebt, C.; Perez-Carvajal, J.; Colin, A.; Ma, M.; Nigu\u00e8s, A.; Siria, A. Advanced Nanoscale Functionalities for Water and Energy Technologies. <strong>Advanced Physics Research<\/strong> 4, 2400195 (2025). DOI: <a href=\"https:\/\/advanced.onlinelibrary.wiley.com\/doi\/full\/10.1002\/apxr.202400195\" target=\"_blank\" rel=\"noopener\">10.1002\/apxr.202400195<\/a><\/h5>\n<h5>&#8211; Yu, H.J.; Lu, P.; Gao, Z.R.; Blanco, A.; Camblor, M.A. An imidazolium dication affords a stable UWY-like zeolite and enables a subtle structure direction towards EMM-17. <strong>Dalton Transactions<\/strong>, 54, 11878-11886 (2025). DOI: <a href=\"https:\/\/pubs.rsc.org\/en\/content\/articlelanding\/2025\/dt\/d5dt01413a\" target=\"_blank\" rel=\"noopener\">10.1039\/d5dt01413a<\/a><\/h5>\n<h5>&#8211; Wicklein, B.; Yoo, H.; Valurouthu, G.; Kim, J.-S.; Khan, M.; Mahato, M.; Carosio, F.; Gogotsi, Y.; Oh, I.-K. Multifunctional Ti<sub>3<\/sub>C<sub>2<\/sub>T<sub><em>x<\/em><\/sub>-alginate foams for energy harvesting and fire warning. <strong>Nanoscale Horizons<\/strong> 10, 1084-1095 (2025). DOI: <a class=\"text--small\" title=\"Link to landing page via DOI\" href=\"https:\/\/doi.org\/10.1039\/D5NH00049A\">https:\/\/doi.org\/10.1039\/D5NH00049A<\/a><\/h5>\n<h5>&#8211; Moral, M.; Garc\u00eda, R.; Garz\u00f3n-Ruiz, A.; Garc\u00eda-Frutos, E. M. Unusual high fluorescence of a 7,7\u2032-diazaisoindigo derivative: A photophysical study. <strong><span class=\"anchor-text-container\"><span class=\"anchor-text\">Spectrochimica Acta Part A: Molecular and Biomolecular Spectroscopy<\/span><\/span><\/strong>&nbsp;330, 125699 (2025). DOI: <a href=\"https:\/\/www.sciencedirect.com\/science\/article\/pii\/S1386142525000058\" target=\"_blank\" rel=\"noopener\">10.1016\/j.saa.2025.125699<\/a><\/h5>\n<h5>&#8211; Garc\u00eda-Fuentevilla, L. L., Mart\u00edn-Sampedro, R., Darder, M., Ibarra, D., Eugenio, M. E. Bioactive nanocellulose films by incorporation of enzymatically polymerized lignin nanoparticles. <strong>International Journal of Biological Macromolecules<\/strong>, 299, 140051 (2025). DOI: <a href=\"https:\/\/doi.org\/10.1016\/j.ijbiomac.2025.140051\" target=\"_blank\" rel=\"noopener\">https:\/\/doi.org\/10.1016\/j.ijbiomac.2025.140051<\/a><\/h5>\n<h5>&#8211; L\u00f3pez-Garc\u00eda, C.; Skorynina, A.A.; Esteban-Beteg\u00f3n, F.; P\u00e9rez-Carvajal, J.; Iglesias, M.; Monge, M.A.; Guti\u00e9rrez-Puebla, E.; G\u00e1ndara, F. Precisely Controlled Integration of Multiple Metal Cations in Diverse Metal-Organic Framework Topologies via Messenger Building Unit Approach. <strong>Small Structures<\/strong> 6, 2400581. DOI: <a href=\"https:\/\/onlinelibrary.wiley.com\/doi\/am-pdf\/10.1002\/sstr.202400581\" target=\"_blank\" rel=\"noopener\">10.1002\/sstr.202400581<\/a><\/h5>\n<h5>&#8211; Barra, A.; Ferreira, N.M.; Po\u00e7as, F.; Ruiz-Hitzky, E.; Nunes, C.; Ferreira, P. Boosting through-plane electrical conductivity: chitosan composite films with carbon-sepiolite and multiwalled carbon nanotubes. <strong>Carbon<\/strong> 231, 119691 (2025). DOI: <a href=\"https:\/\/www.sciencedirect.com\/science\/article\/pii\/S0008622324009102\" target=\"_blank\" rel=\"noopener\">10.1016\/j.carbon.2024.119691<\/a><\/h5>\n<h5>&#8211; \u00c1lvarez-Conde, J.; Fern\u00e1ndez-Liencres, M.P.; Jim\u00e9nez-Pulido, S.B.; Mart\u00edn, C.; Navarro, A.; Cabanillas-Gonz\u00e1lez, J.; Garc\u00eda-Frutos, E.M. Lasing in Crystals Based on 7-Azaindole-Phenylhydrazone Organoboron Compounds. <strong>Advanced Functional Materials<\/strong> 35, 2402859 (2025). DOI: <a href=\"https:\/\/advanced.onlinelibrary.wiley.com\/doi\/10.1002\/adfm.202402859\" target=\"_blank\" rel=\"noopener\">10.1002\/adfm.202402859<\/a><\/h5>\n<h5>&#8211; Eugenio, M.E., Garc\u00eda-Fuentevilla, L., Mart\u00edn-Sampedro, R., Santos, J.I., Wicklein, B., Ibarra, D. Tuning the antioxidant and antibacterial properties of lignin by physicochemical modification during sequential acid precipitation from Kraft black liquor. <strong>Wood Science and Technology<\/strong> 59:4 (2025). <a href=\"https:\/\/doi.org\/10.1007\/s00226-024-01612-8\" target=\"_blank\" rel=\"noopener\">https:\/\/doi.org\/10.1007\/s00226-024-01612-8<\/a><\/h5>\n","protected":false},"excerpt":{"rendered":"<p>&#8211; Borrego-S\u00e1nchez, A.; Garc\u00eda-Frutos, E. M.; Darder, M.; Sainz-D\u00edaz, C. I. Molecular insights of 7-azaindole drugs and their intercalation in the confined space of montmorillonite. ACS Omega, in press. DOI: https:\/\/doi.org\/10.1021\/acsomega.5c06055 &#8211; Tan, X.; Camblor, M.A; Hong, S. B. Synergistic zeolite synthesis via a fluoride-deficient mixed approach. Chemical Science, 16,&#8230;<\/p>\n<p> <a class=\"continue-reading-link\" href=\"https:\/\/wp.icmm.csic.es\/phbhmg\/porous\/publications\/2025-2\/\"><span>Continue reading<\/span><i class=\"crycon-right-dir\"><\/i><\/a> <\/p>\n","protected":false},"author":79,"featured_media":0,"parent":35,"menu_order":2,"comment_status":"closed","ping_status":"closed","template":"","meta":{"ngg_post_thumbnail":0,"footnotes":""},"class_list":["post-2176","page","type-page","status-publish","hentry"],"_links":{"self":[{"href":"https:\/\/wp.icmm.csic.es\/phbhmg\/wp-json\/wp\/v2\/pages\/2176","targetHints":{"allow":["GET"]}}],"collection":[{"href":"https:\/\/wp.icmm.csic.es\/phbhmg\/wp-json\/wp\/v2\/pages"}],"about":[{"href":"https:\/\/wp.icmm.csic.es\/phbhmg\/wp-json\/wp\/v2\/types\/page"}],"author":[{"embeddable":true,"href":"https:\/\/wp.icmm.csic.es\/phbhmg\/wp-json\/wp\/v2\/users\/79"}],"replies":[{"embeddable":true,"href":"https:\/\/wp.icmm.csic.es\/phbhmg\/wp-json\/wp\/v2\/comments?post=2176"}],"version-history":[{"count":29,"href":"https:\/\/wp.icmm.csic.es\/phbhmg\/wp-json\/wp\/v2\/pages\/2176\/revisions"}],"predecessor-version":[{"id":2405,"href":"https:\/\/wp.icmm.csic.es\/phbhmg\/wp-json\/wp\/v2\/pages\/2176\/revisions\/2405"}],"up":[{"embeddable":true,"href":"https:\/\/wp.icmm.csic.es\/phbhmg\/wp-json\/wp\/v2\/pages\/35"}],"wp:attachment":[{"href":"https:\/\/wp.icmm.csic.es\/phbhmg\/wp-json\/wp\/v2\/media?parent=2176"}],"curies":[{"name":"wp","href":"https:\/\/api.w.org\/{rel}","templated":true}]}}