{"id":2321,"date":"2025-01-20T09:29:01","date_gmt":"2025-01-20T09:29:01","guid":{"rendered":"https:\/\/wp.icmm.csic.es\/phbhmg\/?page_id=2321"},"modified":"2025-09-02T13:41:34","modified_gmt":"2025-09-02T13:41:34","slug":"celia-martin-morales","status":"publish","type":"page","link":"https:\/\/wp.icmm.csic.es\/phbhmg\/members\/phd-students\/celia-martin-morales\/","title":{"rendered":"Celia Mart\u00edn Morales"},"content":{"rendered":"<h5><img loading=\"lazy\" decoding=\"async\" class=\"alignleft wp-image-2322 \" src=\"https:\/\/wp.icmm.csic.es\/phbhmg\/wp-content\/uploads\/sites\/40\/2025\/01\/foto-Celia-Martin-e1737365217343.jpeg\" alt=\"\" width=\"294\" height=\"308\" srcset=\"https:\/\/wp.icmm.csic.es\/phbhmg\/wp-content\/uploads\/sites\/40\/2025\/01\/foto-Celia-Martin-e1737365217343.jpeg 1016w, https:\/\/wp.icmm.csic.es\/phbhmg\/wp-content\/uploads\/sites\/40\/2025\/01\/foto-Celia-Martin-e1737365217343-286x300.jpeg 286w, https:\/\/wp.icmm.csic.es\/phbhmg\/wp-content\/uploads\/sites\/40\/2025\/01\/foto-Celia-Martin-e1737365217343-644x676.jpeg 644w, https:\/\/wp.icmm.csic.es\/phbhmg\/wp-content\/uploads\/sites\/40\/2025\/01\/foto-Celia-Martin-e1737365217343-768x806.jpeg 768w, https:\/\/wp.icmm.csic.es\/phbhmg\/wp-content\/uploads\/sites\/40\/2025\/01\/foto-Celia-Martin-e1737365217343-143x150.jpeg 143w\" sizes=\"auto, (max-width: 294px) 100vw, 294px\" \/>Celia graduated in Chemistry from the Universidad Aut\u00f3noma de Madrid (UAM) in 2023. In 2020 she joined the 4C Fuels team, made up of students from the Complutense University of Madrid (UCM), as part of the iGEM international synthetic biology and biotechnology competition. The ultimate goal of the research was to engineer a cyanobacterium capable of directly producing a useful product: butanol, and then encapsulate it to develop a photobiocatalyst suitable for industrial needs. During this project, Celia was responsible for the chemical part of the project, which was carried out at the ICMM under the supervision of Dr Pilar Aranda and Prof Eduardo Ruiz-Hitzky.&nbsp;In 2021 4C Fuels was recognised with a gold medal at iGEM.<br \/>\nShe then carried out her chemical bachelor&#8217;s thesis at the Universidad Aut\u00f3noma de Madrid, in collaboration with the Hospital General Universitario Gregorio Mara\u00f1\u00f3n, on the development of magnetic nanoparticles for applications in the study of stroke, which she continued during her MSc&#8217;s thesis in Biomaterials at the Hospital Gregorio Mara\u00f1\u00f3n.<br \/>\nAfter completing her MSc , she returned to the NHBPM group in 2024 as a contract researcher, working on biomaterials with relevant biomedical applications under the supervision of Dr Pilar Aranda and Prof Eduardo Ruiz-Hitzky.<\/h5>\n","protected":false},"excerpt":{"rendered":"<p>Celia graduated in Chemistry from the Universidad Aut\u00f3noma de Madrid (UAM) in 2023. In 2020 she joined the 4C Fuels team, made up of students from the Complutense University of Madrid (UCM), as part of the iGEM international synthetic biology and biotechnology competition. The ultimate goal of the research was&#8230;<\/p>\n<p> <a class=\"continue-reading-link\" href=\"https:\/\/wp.icmm.csic.es\/phbhmg\/members\/phd-students\/celia-martin-morales\/\"><span>Continue reading<\/span><i class=\"crycon-right-dir\"><\/i><\/a> <\/p>\n","protected":false},"author":79,"featured_media":0,"parent":56,"menu_order":5,"comment_status":"closed","ping_status":"closed","template":"","meta":{"ngg_post_thumbnail":0,"footnotes":""},"class_list":["post-2321","page","type-page","status-publish","hentry"],"_links":{"self":[{"href":"https:\/\/wp.icmm.csic.es\/phbhmg\/wp-json\/wp\/v2\/pages\/2321","targetHints":{"allow":["GET"]}}],"collection":[{"href":"https:\/\/wp.icmm.csic.es\/phbhmg\/wp-json\/wp\/v2\/pages"}],"about":[{"href":"https:\/\/wp.icmm.csic.es\/phbhmg\/wp-json\/wp\/v2\/types\/page"}],"author":[{"embeddable":true,"href":"https:\/\/wp.icmm.csic.es\/phbhmg\/wp-json\/wp\/v2\/users\/79"}],"replies":[{"embeddable":true,"href":"https:\/\/wp.icmm.csic.es\/phbhmg\/wp-json\/wp\/v2\/comments?post=2321"}],"version-history":[{"count":4,"href":"https:\/\/wp.icmm.csic.es\/phbhmg\/wp-json\/wp\/v2\/pages\/2321\/revisions"}],"predecessor-version":[{"id":2326,"href":"https:\/\/wp.icmm.csic.es\/phbhmg\/wp-json\/wp\/v2\/pages\/2321\/revisions\/2326"}],"up":[{"embeddable":true,"href":"https:\/\/wp.icmm.csic.es\/phbhmg\/wp-json\/wp\/v2\/pages\/56"}],"wp:attachment":[{"href":"https:\/\/wp.icmm.csic.es\/phbhmg\/wp-json\/wp\/v2\/media?parent=2321"}],"curies":[{"name":"wp","href":"https:\/\/api.w.org\/{rel}","templated":true}]}}