{"id":45,"date":"2012-09-19T21:16:10","date_gmt":"2012-09-19T21:16:10","guid":{"rendered":"http:\/\/www.icmm.csic.es\/phbhmg\/?page_id=45"},"modified":"2025-04-30T15:49:33","modified_gmt":"2025-04-30T15:49:33","slug":"find-us","status":"publish","type":"page","link":"https:\/\/wp.icmm.csic.es\/phbhmg\/find-us\/","title":{"rendered":"Find us"},"content":{"rendered":"<h4 style=\"text-align: center\">Instituto de Ciencia de Materiales Madrid (ICMM), CSIC<\/h4>\n<h4 style=\"text-align: center\">Sor Juana In\u00e9s de la Cruz 3, 28049 Cantoblanco, Madrid, Spain<\/h4>\n<p>&nbsp;<\/p>\n<p><a href=\"https:\/\/www.google.com\/maps\/place\/Instituto+de+Ciencia+de+Materiales+de+Madrid+%7C+CSIC\/@40.5437073,-3.6895273,17z\/data=!3m1!4b1!4m5!3m4!1s0xd422b0e5bc8fe6b:0x1f7c5df22164de3!8m2!3d40.5437073!4d-3.6895273?hl=es-ES\"><img loading=\"lazy\" decoding=\"async\" class=\"aligncenter wp-image-1894\" src=\"https:\/\/wp.icmm.csic.es\/phbhmg\/wp-content\/uploads\/sites\/40\/2022\/10\/boton-Map-2.jpg\" alt=\"\" width=\"390\" height=\"354\" srcset=\"https:\/\/wp.icmm.csic.es\/phbhmg\/wp-content\/uploads\/sites\/40\/2022\/10\/boton-Map-2.jpg 473w, https:\/\/wp.icmm.csic.es\/phbhmg\/wp-content\/uploads\/sites\/40\/2022\/10\/boton-Map-2-300x272.jpg 300w, https:\/\/wp.icmm.csic.es\/phbhmg\/wp-content\/uploads\/sites\/40\/2022\/10\/boton-Map-2-150x136.jpg 150w\" sizes=\"auto, (max-width: 390px) 100vw, 390px\" \/><\/a><\/p>\n<p>&nbsp;<\/p>\n<h3><strong>Arriving by train (<em>Cercan\u00edas<\/em>):<\/strong><\/h3>\n<p><strong>From either one of<\/strong><\/p>\n<ul>\n<li>Atocha<\/li>\n<li>Sol<\/li>\n<li>Nuevos Ministerios<\/li>\n<li>Chamart\u00edn<\/li>\n<\/ul>\n<p><strong>take the <a href=\"https:\/\/www.renfe.com\/es\/en\/suburban\/suburban-madrid\/maps\" target=\"_blank\" rel=\"noopener noreferrer\">train<\/a> in direction<br \/>\n<\/strong><\/p>\n<ul>\n<li>Alcobendas\/San Sebasti\u00e1n de los Reyes<\/li>\n<li>Colmenar Viejo<\/li>\n<\/ul>\n<p><strong>and get off at<br \/>\nCantoblanco Universidad <\/strong><\/p>\n<p>from there you have to walk approximately 10-15 minutes (see map below).<\/p>\n<p><a href=\"https:\/\/wp.icmm.csic.es\/phbhmg\/wp-content\/uploads\/sites\/40\/2012\/09\/ICMM-desde-Renfe1.jpg\"><img loading=\"lazy\" decoding=\"async\" class=\"aligncenter size-full wp-image-539\" title=\"ICMM desde Renfe\" src=\"https:\/\/wp.icmm.csic.es\/phbhmg\/wp-content\/uploads\/sites\/40\/2012\/09\/ICMM-desde-Renfe1.jpg\" alt=\"\" width=\"1245\" height=\"642\" srcset=\"https:\/\/wp.icmm.csic.es\/phbhmg\/wp-content\/uploads\/sites\/40\/2012\/09\/ICMM-desde-Renfe1.jpg 1245w, https:\/\/wp.icmm.csic.es\/phbhmg\/wp-content\/uploads\/sites\/40\/2012\/09\/ICMM-desde-Renfe1-300x155.jpg 300w, https:\/\/wp.icmm.csic.es\/phbhmg\/wp-content\/uploads\/sites\/40\/2012\/09\/ICMM-desde-Renfe1-768x396.jpg 768w, https:\/\/wp.icmm.csic.es\/phbhmg\/wp-content\/uploads\/sites\/40\/2012\/09\/ICMM-desde-Renfe1-1024x528.jpg 1024w\" sizes=\"auto, (max-width: 1245px) 100vw, 1245px\" \/><\/a><\/p>\n<h3><strong><strong>Arriving by bus:<\/strong><\/strong><\/h3>\n<p style=\"padding-left: 30px\"><span style=\"color: #990000\"><strong>Direct<\/strong><\/span><br \/>\n\u2022 <span style=\"color: #990000\"><strong>Bus no. 714<\/strong> &#8211; Plaza de Castilla &#8211; Cantoblanco. <\/span><\/p>\n<p style=\"padding-left: 30px\">\u2022 <strong>Bus 715<\/strong> &#8211; UAM &#8211; Universidad de Comillas<br \/>\n\u2022 <strong>Bus 827<\/strong> &#8211; Canillejas &#8211; Alcobendas-UAM-Tres Cantos [Tres Cantos-<strong>Universidad Aut\u00f3noma<\/strong>-Alcobendas-<strong>T4 llegadas<\/strong>-Metro de Barajas-Metro de Canillejas.]<br \/>\n\u2022 <strong>Bus 827A<\/strong> &#8211; San Sebasti\u00e1n de los Reyes &#8211; Alcobendas &#8211; UAM<\/p>\n<p style=\"padding-left: 30px\">\u2022 <strong>Bus 828<\/strong> &#8211; Universidad Aut\u00f3noma-Recintos Feriales. [<strong>Universidad Aut\u00f3noma<\/strong>-Alcobendas-<strong>T4 llegadas<\/strong>-Metro de Barajas-Metro de Canillejas.]<\/p>\n<p>&nbsp;<\/p>\n<h3><strong><strong>Arriving by car:<\/strong><\/strong><\/h3>\n<ul>\n<li><strong>Coordinates:<\/strong> 40\u00ba 32&#8242; 35.72&#8243; N &#8211; 3\u00ba 41&#8242; 21.51&#8243; W<\/li>\n<\/ul>\n<ul>\n<li><strong>Road M-607<\/strong> Madrid-Colmenar Viejo (Northwest) Exit number 15<\/li>\n<\/ul>\n<ul>\n<li><strong>Road M-616<\/strong> Alcobendas-El Pardo direction Colmenar Viejo<\/li>\n<\/ul>\n<ul>\n<li><strong>(Beltway &#8211; Ring Road)M-40 (North)<\/strong> Exit M-607 direction to Colmenar Viejo<\/li>\n<\/ul>\n","protected":false},"excerpt":{"rendered":"<p>Instituto de Ciencia de Materiales Madrid (ICMM), CSIC Sor Juana In\u00e9s de la Cruz 3, 28049 Cantoblanco, Madrid, Spain &nbsp; &nbsp; Arriving by train (Cercan\u00edas): From either one of Atocha Sol Nuevos Ministerios Chamart\u00edn take the train in direction Alcobendas\/San Sebasti\u00e1n de los Reyes Colmenar Viejo and get off at&#8230;<\/p>\n<p> <a class=\"continue-reading-link\" href=\"https:\/\/wp.icmm.csic.es\/phbhmg\/find-us\/\"><span>Continue reading<\/span><i class=\"crycon-right-dir\"><\/i><\/a> <\/p>\n","protected":false},"author":1,"featured_media":0,"parent":0,"menu_order":7,"comment_status":"closed","ping_status":"closed","template":"","meta":{"ngg_post_thumbnail":0,"footnotes":""},"class_list":["post-45","page","type-page","status-publish","hentry"],"_links":{"self":[{"href":"https:\/\/wp.icmm.csic.es\/phbhmg\/wp-json\/wp\/v2\/pages\/45","targetHints":{"allow":["GET"]}}],"collection":[{"href":"https:\/\/wp.icmm.csic.es\/phbhmg\/wp-json\/wp\/v2\/pages"}],"about":[{"href":"https:\/\/wp.icmm.csic.es\/phbhmg\/wp-json\/wp\/v2\/types\/page"}],"author":[{"embeddable":true,"href":"https:\/\/wp.icmm.csic.es\/phbhmg\/wp-json\/wp\/v2\/users\/1"}],"replies":[{"embeddable":true,"href":"https:\/\/wp.icmm.csic.es\/phbhmg\/wp-json\/wp\/v2\/comments?post=45"}],"version-history":[{"count":6,"href":"https:\/\/wp.icmm.csic.es\/phbhmg\/wp-json\/wp\/v2\/pages\/45\/revisions"}],"predecessor-version":[{"id":1889,"href":"https:\/\/wp.icmm.csic.es\/phbhmg\/wp-json\/wp\/v2\/pages\/45\/revisions\/1889"}],"wp:attachment":[{"href":"https:\/\/wp.icmm.csic.es\/phbhmg\/wp-json\/wp\/v2\/media?parent=45"}],"curies":[{"name":"wp","href":"https:\/\/api.w.org\/{rel}","templated":true}]}}