{"id":528,"date":"2013-04-30T13:31:31","date_gmt":"2013-04-30T13:31:31","guid":{"rendered":"http:\/\/www.icmm.csic.es\/phbhmg\/?page_id=528"},"modified":"2025-08-12T15:03:42","modified_gmt":"2025-08-12T15:03:42","slug":"news","status":"publish","type":"page","link":"https:\/\/wp.icmm.csic.es\/phbhmg\/news\/","title":{"rendered":"Highlights"},"content":{"rendered":"<h4><strong>\u2022&nbsp; <\/strong><strong>Review on \u00ab<a href=\"http:\/\/xlink.rsc.org\/?DOI=D3NR03037G\" target=\"_blank\" rel=\"noopener\">MXenes vs. clays: emerging and traditional 2D layered nanoarchitectonics<\/a>\u00bb by Eduardo Ruiz-Hitzky and&nbsp; Cristina Ruiz-Garcia, in Nanoscale:<br \/>\n<\/strong><\/h4>\n<p><a href=\"https:\/\/pubs.rsc.org\/en\/content\/articlelanding\/2023\/nr\/d3nr90234j\" target=\"_blank\" rel=\"noopener\"><img loading=\"lazy\" decoding=\"async\" class=\"aligncenter wp-image-2050\" src=\"https:\/\/wp.icmm.csic.es\/phbhmg\/wp-content\/uploads\/sites\/40\/2024\/02\/PUBLISHED-COVER-Nanoscale-2023-scaled.jpg\" alt=\"\" width=\"375\" height=\"491\" srcset=\"https:\/\/wp.icmm.csic.es\/phbhmg\/wp-content\/uploads\/sites\/40\/2024\/02\/PUBLISHED-COVER-Nanoscale-2023-scaled.jpg 1957w, https:\/\/wp.icmm.csic.es\/phbhmg\/wp-content\/uploads\/sites\/40\/2024\/02\/PUBLISHED-COVER-Nanoscale-2023-229x300.jpg 229w, https:\/\/wp.icmm.csic.es\/phbhmg\/wp-content\/uploads\/sites\/40\/2024\/02\/PUBLISHED-COVER-Nanoscale-2023-644x842.jpg 644w, https:\/\/wp.icmm.csic.es\/phbhmg\/wp-content\/uploads\/sites\/40\/2024\/02\/PUBLISHED-COVER-Nanoscale-2023-768x1005.jpg 768w, https:\/\/wp.icmm.csic.es\/phbhmg\/wp-content\/uploads\/sites\/40\/2024\/02\/PUBLISHED-COVER-Nanoscale-2023-1174x1536.jpg 1174w, https:\/\/wp.icmm.csic.es\/phbhmg\/wp-content\/uploads\/sites\/40\/2024\/02\/PUBLISHED-COVER-Nanoscale-2023-1566x2048.jpg 1566w, https:\/\/wp.icmm.csic.es\/phbhmg\/wp-content\/uploads\/sites\/40\/2024\/02\/PUBLISHED-COVER-Nanoscale-2023-115x150.jpg 115w\" sizes=\"auto, (max-width: 375px) 100vw, 375px\" \/><\/a><\/p>\n<p>&nbsp;<\/p>\n<p>&nbsp;<\/p>\n<h4><strong>\u2022&nbsp; <\/strong><strong>Special Issue on \u201c<a href=\"https:\/\/onlinelibrary.wiley.com\/toc\/15280691\/2018\/18\/7-8\">Recent Advances on Nanostructured Functional Materials<\/a>\u201d<\/strong><\/h4>\n<h4><a href=\"https:\/\/onlinelibrary.wiley.com\/toc\/15280691\/2018\/18\/7-8\"><img loading=\"lazy\" decoding=\"async\" class=\"alignleft size-medium wp-image-1404\" src=\"https:\/\/wp.icmm.csic.es\/phbhmg\/wp-content\/uploads\/sites\/40\/2018\/07\/cover-page-Special-Issue-Chem-Rec-jpg-226x300.jpg\" alt=\"\" width=\"226\" height=\"300\" srcset=\"https:\/\/wp.icmm.csic.es\/phbhmg\/wp-content\/uploads\/sites\/40\/2018\/07\/cover-page-Special-Issue-Chem-Rec-jpg-226x300.jpg 226w, https:\/\/wp.icmm.csic.es\/phbhmg\/wp-content\/uploads\/sites\/40\/2018\/07\/cover-page-Special-Issue-Chem-Rec-jpg.jpg 454w\" sizes=\"auto, (max-width: 226px) 100vw, 226px\" \/><\/a><\/h4>\n<h5>This Special Issue (Chem. Rec., Vol. 18, Issue 7-8, July 2018) is dedicated to Professor Eduardo Ruiz\u2010Hitzky on the occasion of his retirement.<\/h5>\n<h5>It counts with around 50 contributions from relevant scientists all around the world and it has been guest edited by Pilar Aranda, ICMM-CSIC (Spain), Cl\u00e9ment Sanchez, Coll\u00e8ge de France, Sorbonne Universit\u00e9, PSL University, CNRS (France) and Katsuhiko Ariga, NIMS &amp; University of Tokyo (Japan).<\/h5>\n<h5>&nbsp;<\/h5>\n<p>&nbsp;<\/p>\n<p>&nbsp;<\/p>\n<p>&nbsp;<\/p>\n<h4><strong>\u2022&nbsp; Professor Eduardo Ruiz-Hitzky has been appointed \u00abSocio de Honor de la SEA\u00bb during the XXV Scientific Meeting of the Spanish Clay Society held in Zamora on July 5-7, 2018. <\/strong><a href=\"https:\/\/wp.icmm.csic.es\/phbhmg\/wp-content\/uploads\/sites\/40\/2018\/07\/nombramiento-Eduardo-Socio-de-Honor.jpg\"><img loading=\"lazy\" decoding=\"async\" class=\"aligncenter wp-image-1413\" src=\"https:\/\/wp.icmm.csic.es\/phbhmg\/wp-content\/uploads\/sites\/40\/2018\/07\/nombramiento-Eduardo-Socio-de-Honor-278x300.jpg\" alt=\"\" width=\"241\" height=\"260\" srcset=\"https:\/\/wp.icmm.csic.es\/phbhmg\/wp-content\/uploads\/sites\/40\/2018\/07\/nombramiento-Eduardo-Socio-de-Honor-278x300.jpg 278w, https:\/\/wp.icmm.csic.es\/phbhmg\/wp-content\/uploads\/sites\/40\/2018\/07\/nombramiento-Eduardo-Socio-de-Honor-768x830.jpg 768w, https:\/\/wp.icmm.csic.es\/phbhmg\/wp-content\/uploads\/sites\/40\/2018\/07\/nombramiento-Eduardo-Socio-de-Honor-948x1024.jpg 948w\" sizes=\"auto, (max-width: 241px) 100vw, 241px\" \/><\/a><\/h4>\n<h4>&nbsp;<\/h4>\n<h4><strong>\u2022&nbsp; <\/strong><strong> <a href=\"https:\/\/phys.org\/news\/2017-03-biomaterials-regeneration-bone-cartilage-tissues.html\">Biomaterials for the regeneration of bone and cartilage tissues from apple waste<\/a><\/strong><\/h4>\n<div style=\"text-align: right\">\n<p><a href=\"https:\/\/wp.icmm.csic.es\/phbhmg\/wp-content\/uploads\/sites\/40\/2013\/04\/biomaterials_highlights_Angeles.jpg\"><img loading=\"lazy\" decoding=\"async\" class=\"alignright wp-image-1238\" src=\"https:\/\/wp.icmm.csic.es\/phbhmg\/wp-content\/uploads\/sites\/40\/2013\/04\/biomaterials_highlights_Angeles-300x226.jpg\" alt=\"\" width=\"273\" height=\"206\" srcset=\"https:\/\/wp.icmm.csic.es\/phbhmg\/wp-content\/uploads\/sites\/40\/2013\/04\/biomaterials_highlights_Angeles-300x226.jpg 300w, https:\/\/wp.icmm.csic.es\/phbhmg\/wp-content\/uploads\/sites\/40\/2013\/04\/biomaterials_highlights_Angeles.jpg 488w\" sizes=\"auto, (max-width: 273px) 100vw, 273px\" \/><\/a><\/p>\n<h4>&nbsp;<\/h4>\n<h5>Osteoblast cells of a mouse growing on 3-D matrices and developed from waste of the agri-food industry. Credit: Milagros Ramos, \u00c1ngeles Mart\u00edn, Malcolm Yates and Violeta Zurdo (CTB-UPM y CSIC)<\/h5>\n<\/div>\n<p>&nbsp;<\/p>\n<p>&nbsp;<\/p>\n<h4>&nbsp;<\/h4>\n<h4>&nbsp;<strong>\u2022&nbsp; <\/strong><strong>New Technology on MAGNETIC ADSORBENT MATERIALS<\/strong><\/h4>\n<div style=\"width: 900px;\" class=\"wp-video\"><video class=\"wp-video-shortcode\" id=\"video-528-1\" width=\"900\" height=\"506\" preload=\"metadata\" controls=\"controls\"><source type=\"video\/mp4\" src=\"https:\/\/wp.icmm.csic.es\/phbhmg\/wp-content\/uploads\/sites\/40\/2022\/03\/Magnetic-cork-2012-HD_short.mp4?_=1\" \/><a href=\"https:\/\/wp.icmm.csic.es\/phbhmg\/wp-content\/uploads\/sites\/40\/2022\/03\/Magnetic-cork-2012-HD_short.mp4\">https:\/\/wp.icmm.csic.es\/phbhmg\/wp-content\/uploads\/sites\/40\/2022\/03\/Magnetic-cork-2012-HD_short.mp4<\/a><\/video><\/div>\n<p>&nbsp;<\/p>\n<h4>&nbsp;<\/h4>\n<h4>&nbsp;<strong>\u2022&nbsp; Nota de prensa: <a href=\"https:\/\/wp.icmm.csic.es\/phbhmg\/wp-content\/uploads\/sites\/40\/2013\/04\/Nota-de-Prensa-paper-AFM2013-07febrero2013_gripe.pdf\">Un nuevo sensor electroqu\u00edmico permite detectar de forma r\u00e1pida y selectiva diferentes fenotipos del virus de la gripe<\/a><\/strong><\/h4>\n<h4><strong>&nbsp;<\/strong><\/h4>\n<h4><strong>\u2022 Interview to Dr. Mar\u00eda \u00c1ngeles Martin-Luengo in Radio Exterior: <a href=\"http:\/\/www.rtve.es\/alacarta\/audios\/eureka\/eureka-biomateriales-residuos-cerveza-para-regenerar-huesos-23-06-14\/2627405\/\" target=\"_blank\" rel=\"noopener noreferrer\">development of biomaterials for bone regeneration <\/a><strong><a href=\"http:\/\/www.rtve.es\/alacarta\/audios\/eureka\/eureka-biomateriales-residuos-cerveza-para-regenerar-huesos-23-06-14\/2627405\/\" target=\"_blank\" rel=\"noopener noreferrer\">from beer residues<\/a><\/strong>.<\/strong><\/h4>\n<p>&nbsp;<\/p>\n<p>&nbsp;<\/p>\n<h4><strong>Awards:<\/strong><\/h4>\n<h4>&nbsp;<strong>\u2022&nbsp; Ana Clecia Santos Alc\u00e2ntara, winner of the AIPEA Bradley Award 2013:<\/strong><\/h4>\n<p><img loading=\"lazy\" decoding=\"async\" class=\"size-medium wp-image-778 aligncenter\" src=\"https:\/\/wp.icmm.csic.es\/phbhmg\/wp-content\/uploads\/sites\/40\/2013\/04\/foto-Ana-con-premio-Bradley-300x167.jpg\" alt=\"\" width=\"300\" height=\"167\" srcset=\"https:\/\/wp.icmm.csic.es\/phbhmg\/wp-content\/uploads\/sites\/40\/2013\/04\/foto-Ana-con-premio-Bradley-300x167.jpg 300w, https:\/\/wp.icmm.csic.es\/phbhmg\/wp-content\/uploads\/sites\/40\/2013\/04\/foto-Ana-con-premio-Bradley.jpg 489w\" sizes=\"auto, (max-width: 300px) 100vw, 300px\" \/><\/p>\n<h5>Dr. Ana C.S. Alc\u00e2ntara was the recipient of the \u00abBradley Award\u00bb for young researchers granted by the International Association for the Study of Clays (AIPEA) in the XV International Clay Conference (Rio de Janeiro, Brazil).<\/h5>\n<p>&nbsp;<\/p>\n<h4>&nbsp;<strong>\u2022&nbsp; Cristina Ruiz Garc\u00eda, winner of the \u00abInitiation to Clay Studies Award 2013\u00bb of the Spanish Clay Society:<\/strong><\/h4>\n<h5>&nbsp;Cristina Ruiz Garc\u00eda was the winner of the \u00abInitiation to Clay Studies Award 2013\u00bb granted by the Spanish Clay Society during its annual meeting held on November 15<sup>th<\/sup>, 2013. The award was granted for the Master Degree dissertation entitled \u201cMateriales graf\u00e9nicos soportados en silicatos a partir de precursores naturales: preparaci\u00f3n, caracterizaci\u00f3n y estudio de aplicaciones\u201d, Universidad Nacional de Educaci\u00f3n a Distancia (UNED).<\/h5>\n<p>&nbsp;<\/p>\n<h4><strong>&nbsp;\u2022 Bernd Wicklein, winner of the Martin Vivaldi Award 2015:<\/strong><\/h4>\n<p><a href=\"https:\/\/wp.icmm.csic.es\/phbhmg\/wp-content\/uploads\/sites\/40\/2013\/04\/entrega-premio-Martin-Vivaldi_Euroclay-2015.jpg\"><img loading=\"lazy\" decoding=\"async\" class=\"size-medium wp-image-1080 aligncenter\" src=\"https:\/\/wp.icmm.csic.es\/phbhmg\/wp-content\/uploads\/sites\/40\/2013\/04\/entrega-premio-Martin-Vivaldi_Euroclay-2015-300x239.jpg\" alt=\"entrega premio Martin Vivaldi_Euroclay 2015\" width=\"300\" height=\"239\" srcset=\"https:\/\/wp.icmm.csic.es\/phbhmg\/wp-content\/uploads\/sites\/40\/2013\/04\/entrega-premio-Martin-Vivaldi_Euroclay-2015-300x239.jpg 300w, https:\/\/wp.icmm.csic.es\/phbhmg\/wp-content\/uploads\/sites\/40\/2013\/04\/entrega-premio-Martin-Vivaldi_Euroclay-2015-768x611.jpg 768w, https:\/\/wp.icmm.csic.es\/phbhmg\/wp-content\/uploads\/sites\/40\/2013\/04\/entrega-premio-Martin-Vivaldi_Euroclay-2015-1024x814.jpg 1024w, https:\/\/wp.icmm.csic.es\/phbhmg\/wp-content\/uploads\/sites\/40\/2013\/04\/entrega-premio-Martin-Vivaldi_Euroclay-2015.jpg 1181w\" sizes=\"auto, (max-width: 300px) 100vw, 300px\" \/><\/a><\/p>\n<h5>Dr. Bernd Wicklein was the recipient of the&nbsp; Mart\u00edn Vivaldi Award, sponsored by the European Clay Groups Association (ECGA) and financially supported by the Sociedad Espa\u00f1ola de Arcillas (SEA). The award was granted during the Euroclay2015 meeting held in Edinburgh in July 2015.<\/h5>\n<h4>&nbsp;<\/h4>\n<h4><strong>\u2022 Marwa Akkari, winner of the Jos\u00e9 Mar\u00eda Serratosa Award 2017:<a href=\"https:\/\/wp.icmm.csic.es\/phbhmg\/wp-content\/uploads\/sites\/40\/2013\/04\/Serratosa-award.jpg\" rel=\"attachment wp-att-1297\"><img loading=\"lazy\" decoding=\"async\" class=\"wp-image-1297 aligncenter\" src=\"https:\/\/wp.icmm.csic.es\/phbhmg\/wp-content\/uploads\/sites\/40\/2013\/04\/Serratosa-award-229x300.jpg\" alt=\"Serratosa award\" width=\"232\" height=\"304\" srcset=\"https:\/\/wp.icmm.csic.es\/phbhmg\/wp-content\/uploads\/sites\/40\/2013\/04\/Serratosa-award-229x300.jpg 229w, https:\/\/wp.icmm.csic.es\/phbhmg\/wp-content\/uploads\/sites\/40\/2013\/04\/Serratosa-award-768x1007.jpg 768w, https:\/\/wp.icmm.csic.es\/phbhmg\/wp-content\/uploads\/sites\/40\/2013\/04\/Serratosa-award-781x1024.jpg 781w, https:\/\/wp.icmm.csic.es\/phbhmg\/wp-content\/uploads\/sites\/40\/2013\/04\/Serratosa-award.jpg 1504w\" sizes=\"auto, (max-width: 232px) 100vw, 232px\" \/><\/a><\/strong><\/h4>\n<h5>Dr. Marwa Akkari was the recipient of the Jos\u00e9 Mar\u00eda Serratosa Award, sponsored and financially supported by Sociedad Espa\u00f1ola de Arcillas \u2013 SEA (Spanish Clay Society). The award was granted during the XVI International Clay Conference meeting held in Granada in July 2017.<\/h5>\n<p>&nbsp;<\/p>\n<h4><strong>\u2022 Ediana P. Rebitski, best communication award in the XXV Meeting of the Spanish Clay Society:<\/strong><\/h4>\n<h5><a href=\"https:\/\/wp.icmm.csic.es\/phbhmg\/wp-content\/uploads\/sites\/40\/2018\/07\/entrega-premio-comunicacion-a-Ediana_SEA-2018.jpg\"><img loading=\"lazy\" decoding=\"async\" class=\"wp-image-1435 aligncenter\" src=\"https:\/\/wp.icmm.csic.es\/phbhmg\/wp-content\/uploads\/sites\/40\/2018\/07\/entrega-premio-comunicacion-a-Ediana_SEA-2018-300x236.jpg\" alt=\"\" width=\"282\" height=\"222\" srcset=\"https:\/\/wp.icmm.csic.es\/phbhmg\/wp-content\/uploads\/sites\/40\/2018\/07\/entrega-premio-comunicacion-a-Ediana_SEA-2018-300x236.jpg 300w, https:\/\/wp.icmm.csic.es\/phbhmg\/wp-content\/uploads\/sites\/40\/2018\/07\/entrega-premio-comunicacion-a-Ediana_SEA-2018-768x603.jpg 768w, https:\/\/wp.icmm.csic.es\/phbhmg\/wp-content\/uploads\/sites\/40\/2018\/07\/entrega-premio-comunicacion-a-Ediana_SEA-2018-1024x804.jpg 1024w\" sizes=\"auto, (max-width: 282px) 100vw, 282px\" \/><\/a>Ediana P. Rebitski was awarded for the best communication by young researchers granted by the Spanish Clay Society during its annual meeting held in Zamora on July 5-7, 2018. The award was granted for her oral communication entitled \u201c<strong>Bionanocomposites basados en arcilla y biopolimeros para liberaci\u00f3n controlada del antidiab\u00e9tico metformina<\/strong>\u201d, coauthored by P. Aranda, M. Darder, R. Carraro and E. Ruiz-Hitzky.<\/h5>\n<p>&nbsp;<\/p>\n<h4><strong>&nbsp;\u2022 <\/strong><strong>Ediana P. Rebitski, <\/strong><strong>winner of the Martin Vivaldi Award 2019:<img loading=\"lazy\" decoding=\"async\" class=\"wp-image-1698 aligncenter\" src=\"https:\/\/wp.icmm.csic.es\/phbhmg\/wp-content\/uploads\/sites\/40\/2019\/11\/IMG_0735-e1573138692180-300x280.jpg\" alt=\"\" width=\"239\" height=\"223\" srcset=\"https:\/\/wp.icmm.csic.es\/phbhmg\/wp-content\/uploads\/sites\/40\/2019\/11\/IMG_0735-e1573138692180-300x280.jpg 300w, https:\/\/wp.icmm.csic.es\/phbhmg\/wp-content\/uploads\/sites\/40\/2019\/11\/IMG_0735-e1573138692180-768x718.jpg 768w, https:\/\/wp.icmm.csic.es\/phbhmg\/wp-content\/uploads\/sites\/40\/2019\/11\/IMG_0735-e1573138692180-1024x957.jpg 1024w\" sizes=\"auto, (max-width: 239px) 100vw, 239px\" \/><\/strong><\/h4>\n<h5>Ediana P. Rebitski was the recipient of the Mart\u00edn Vivaldi Award, sponsored by the European Clay Groups Association (ECGA) and financially supported by the Sociedad Espa\u00f1ola de Arcillas (SEA). The award was granted during the Euroclay2019 meeting held in Paris in July 2019.<\/h5>\n<p>&nbsp;<\/p>\n<h4><strong>\u2022 <\/strong><strong>Celia Mart\u00edn Morales, best&nbsp;<\/strong><strong>communication award in the 18th ICC Dublin<\/strong><strong>:<\/strong><\/h4>\n<h5><img loading=\"lazy\" decoding=\"async\" class=\"aligncenter wp-image-2429\" src=\"https:\/\/wp.icmm.csic.es\/phbhmg\/wp-content\/uploads\/sites\/40\/2025\/08\/premio-Celia-ICC-Dublin-scaled.jpg\" alt=\"\" width=\"277\" height=\"370\" srcset=\"https:\/\/wp.icmm.csic.es\/phbhmg\/wp-content\/uploads\/sites\/40\/2025\/08\/premio-Celia-ICC-Dublin-scaled.jpg 1920w, https:\/\/wp.icmm.csic.es\/phbhmg\/wp-content\/uploads\/sites\/40\/2025\/08\/premio-Celia-ICC-Dublin-225x300.jpg 225w, https:\/\/wp.icmm.csic.es\/phbhmg\/wp-content\/uploads\/sites\/40\/2025\/08\/premio-Celia-ICC-Dublin-644x859.jpg 644w, https:\/\/wp.icmm.csic.es\/phbhmg\/wp-content\/uploads\/sites\/40\/2025\/08\/premio-Celia-ICC-Dublin-768x1024.jpg 768w, https:\/\/wp.icmm.csic.es\/phbhmg\/wp-content\/uploads\/sites\/40\/2025\/08\/premio-Celia-ICC-Dublin-1152x1536.jpg 1152w, https:\/\/wp.icmm.csic.es\/phbhmg\/wp-content\/uploads\/sites\/40\/2025\/08\/premio-Celia-ICC-Dublin-1536x2048.jpg 1536w, https:\/\/wp.icmm.csic.es\/phbhmg\/wp-content\/uploads\/sites\/40\/2025\/08\/premio-Celia-ICC-Dublin-113x150.jpg 113w\" sizes=\"auto, (max-width: 277px) 100vw, 277px\" \/><\/h5>\n<h5>Celia Mart\u00edn Morales has been awarded one of the Best Student Oral Communication prizes at the 18th International Clay Conference, held in Dublin in July 2025. The award recognizes her presentation titled \u00abClay-based nanostructured systems for the controlled delivery of chlorhexidine\u00bb, coauthored by P. Aranda, R. Martin-Sampedro, D. Ibarra, M.E. Eugenio, F. S\u00e1nchez del Valle and E. Ruiz-Hitzky.<\/h5>\n<p>&nbsp;<\/p>\n","protected":false},"excerpt":{"rendered":"<p>\u2022&nbsp; Review on \u00abMXenes vs. clays: emerging and traditional 2D layered nanoarchitectonics\u00bb by Eduardo Ruiz-Hitzky and&nbsp; Cristina Ruiz-Garcia, in Nanoscale: &nbsp; &nbsp; \u2022&nbsp; Special Issue on \u201cRecent Advances on Nanostructured Functional Materials\u201d This Special Issue (Chem. Rec., Vol. 18, Issue 7-8, July 2018) is dedicated to Professor Eduardo Ruiz\u2010Hitzky on&#8230;<\/p>\n<p> <a class=\"continue-reading-link\" href=\"https:\/\/wp.icmm.csic.es\/phbhmg\/news\/\"><span>Continue reading<\/span><i class=\"crycon-right-dir\"><\/i><\/a> <\/p>\n","protected":false},"author":1,"featured_media":0,"parent":0,"menu_order":5,"comment_status":"closed","ping_status":"closed","template":"","meta":{"ngg_post_thumbnail":0,"footnotes":""},"class_list":["post-528","page","type-page","status-publish","hentry"],"_links":{"self":[{"href":"https:\/\/wp.icmm.csic.es\/phbhmg\/wp-json\/wp\/v2\/pages\/528","targetHints":{"allow":["GET"]}}],"collection":[{"href":"https:\/\/wp.icmm.csic.es\/phbhmg\/wp-json\/wp\/v2\/pages"}],"about":[{"href":"https:\/\/wp.icmm.csic.es\/phbhmg\/wp-json\/wp\/v2\/types\/page"}],"author":[{"embeddable":true,"href":"https:\/\/wp.icmm.csic.es\/phbhmg\/wp-json\/wp\/v2\/users\/1"}],"replies":[{"embeddable":true,"href":"https:\/\/wp.icmm.csic.es\/phbhmg\/wp-json\/wp\/v2\/comments?post=528"}],"version-history":[{"count":67,"href":"https:\/\/wp.icmm.csic.es\/phbhmg\/wp-json\/wp\/v2\/pages\/528\/revisions"}],"predecessor-version":[{"id":2431,"href":"https:\/\/wp.icmm.csic.es\/phbhmg\/wp-json\/wp\/v2\/pages\/528\/revisions\/2431"}],"wp:attachment":[{"href":"https:\/\/wp.icmm.csic.es\/phbhmg\/wp-json\/wp\/v2\/media?parent=528"}],"curies":[{"name":"wp","href":"https:\/\/api.w.org\/{rel}","templated":true}]}}