{"id":53,"date":"2012-09-19T21:19:12","date_gmt":"2012-09-19T21:19:12","guid":{"rendered":"http:\/\/www.icmm.csic.es\/phbhmg\/?page_id=53"},"modified":"2024-01-08T16:18:37","modified_gmt":"2024-01-08T16:18:37","slug":"permanent-staff","status":"publish","type":"page","link":"https:\/\/wp.icmm.csic.es\/phbhmg\/members\/permanent-staff\/","title":{"rendered":"Permanent Staff"},"content":{"rendered":"<ul>\n<li>\n<h4><a href=\"http:\/\/www.icmm.csic.es\/phbhmg\/?page_id=74\">Prof. Dr. Eduardo Ruiz-Hitzky<\/a><\/h4>\n<\/li>\n<li>\n<h4><a href=\"http:\/\/www.icmm.csic.es\/phbhmg\/?page_id=80\">Prof. Dr. Miguel Camblor<\/a><\/h4>\n<\/li>\n<li>\n<h4><a href=\"http:\/\/www.icmm.csic.es\/phbhmg\/?page_id=76\">Dr. Pilar Aranda<\/a><\/h4>\n<\/li>\n<li>\n<h4><a href=\"http:\/\/www.icmm.csic.es\/phbhmg\/?page_id=78\">Dr. Margarita Darder<\/a><\/h4>\n<\/li>\n<li>\n<h4><a href=\"http:\/\/www.icmm.csic.es\/phbhmg\/?page_id=140\">Dr. M. \u00c1ngeles Mart\u00edn-Luengo<\/a><\/h4>\n<\/li>\n<li>\n<h4><a href=\"http:\/\/www.icmm.csic.es\/phbhmg\/?page_id=975\">Dr. Eva M. Garc\u00eda-Frutos<\/a><\/h4>\n<\/li>\n<li>\n<h4><a href=\"http:\/\/www.icmm.csic.es\/phbhmg\/?page_id=944\">Dr. Bernd Wicklein<\/a><\/h4>\n<\/li>\n<\/ul>\n","protected":false},"excerpt":{"rendered":"<p>Prof. Dr. Eduardo Ruiz-Hitzky Prof. Dr. Miguel Camblor Dr. Pilar Aranda Dr. Margarita Darder Dr. M. \u00c1ngeles Mart\u00edn-Luengo Dr. Eva M. Garc\u00eda-Frutos Dr. Bernd Wicklein<\/p>\n<p> <a class=\"continue-reading-link\" href=\"https:\/\/wp.icmm.csic.es\/phbhmg\/members\/permanent-staff\/\"><span>Continue reading<\/span><i class=\"crycon-right-dir\"><\/i><\/a> <\/p>\n","protected":false},"author":1,"featured_media":0,"parent":107,"menu_order":1,"comment_status":"closed","ping_status":"closed","template":"","meta":{"ngg_post_thumbnail":0,"footnotes":""},"class_list":["post-53","page","type-page","status-publish","hentry"],"_links":{"self":[{"href":"https:\/\/wp.icmm.csic.es\/phbhmg\/wp-json\/wp\/v2\/pages\/53","targetHints":{"allow":["GET"]}}],"collection":[{"href":"https:\/\/wp.icmm.csic.es\/phbhmg\/wp-json\/wp\/v2\/pages"}],"about":[{"href":"https:\/\/wp.icmm.csic.es\/phbhmg\/wp-json\/wp\/v2\/types\/page"}],"author":[{"embeddable":true,"href":"https:\/\/wp.icmm.csic.es\/phbhmg\/wp-json\/wp\/v2\/users\/1"}],"replies":[{"embeddable":true,"href":"https:\/\/wp.icmm.csic.es\/phbhmg\/wp-json\/wp\/v2\/comments?post=53"}],"version-history":[{"count":3,"href":"https:\/\/wp.icmm.csic.es\/phbhmg\/wp-json\/wp\/v2\/pages\/53\/revisions"}],"predecessor-version":[{"id":1978,"href":"https:\/\/wp.icmm.csic.es\/phbhmg\/wp-json\/wp\/v2\/pages\/53\/revisions\/1978"}],"up":[{"embeddable":true,"href":"https:\/\/wp.icmm.csic.es\/phbhmg\/wp-json\/wp\/v2\/pages\/107"}],"wp:attachment":[{"href":"https:\/\/wp.icmm.csic.es\/phbhmg\/wp-json\/wp\/v2\/media?parent=53"}],"curies":[{"name":"wp","href":"https:\/\/api.w.org\/{rel}","templated":true}]}}