{"id":56,"date":"2012-09-19T21:20:29","date_gmt":"2012-09-19T21:20:29","guid":{"rendered":"http:\/\/www.icmm.csic.es\/phbhmg\/?page_id=56"},"modified":"2025-09-02T13:42:35","modified_gmt":"2025-09-02T13:42:35","slug":"phd-students","status":"publish","type":"page","link":"https:\/\/wp.icmm.csic.es\/phbhmg\/members\/phd-students\/","title":{"rendered":"PhD and Master Students"},"content":{"rendered":"<ul>\r\n<li>\r\n<h4><a href=\"https:\/\/wp.icmm.csic.es\/phbhmg\/members\/phd-students\/huajian-yu\/\">Huajian Yu<\/a><\/h4>\r\n<\/li>\r\n<li>\r\n<h4><a href=\"https:\/\/wp.icmm.csic.es\/phbhmg\/members\/phd-students\/vanessa-jacqueline-sanchez-vazquez\/\">Vanessa Jacqueline S\u00e1nchez V\u00e1zquez<\/a><\/h4>\r\n<\/li>\r\n<li>\r\n<h4><a href=\"https:\/\/wp.icmm.csic.es\/phbhmg\/members\/phd-students\/joabdavidguerrero\/\">Joab David Guerrero<\/a><\/h4>\r\n<\/li>\r\n<li>\r\n<h4><a href=\"https:\/\/wp.icmm.csic.es\/phbhmg\/?page_id=2166&amp;preview=true\">Guillermo Vergara<\/a><\/h4>\r\n<\/li>\r\n<li>\r\n<h4><a href=\"https:\/\/wp.icmm.csic.es\/phbhmg\/members\/graduate-contracts\/celia-martin-morales\/\">Celia Mart\u00edn Morales<\/a><\/h4>\r\n<\/li>\r\n<\/ul>\r\n\r\n<p>&nbsp;<\/p>\r\n","protected":false},"excerpt":{"rendered":"<p>Huajian Yu Vanessa Jacqueline S\u00e1nchez V\u00e1zquez Joab David Guerrero Guillermo Vergara Celia Mart\u00edn Morales &nbsp;<\/p>\n<p> <a class=\"continue-reading-link\" href=\"https:\/\/wp.icmm.csic.es\/phbhmg\/members\/phd-students\/\"><span>Continue reading<\/span><i class=\"crycon-right-dir\"><\/i><\/a> <\/p>\n","protected":false},"author":1,"featured_media":0,"parent":107,"menu_order":3,"comment_status":"closed","ping_status":"closed","template":"","meta":{"ngg_post_thumbnail":0,"footnotes":""},"class_list":["post-56","page","type-page","status-publish","hentry"],"_links":{"self":[{"href":"https:\/\/wp.icmm.csic.es\/phbhmg\/wp-json\/wp\/v2\/pages\/56","targetHints":{"allow":["GET"]}}],"collection":[{"href":"https:\/\/wp.icmm.csic.es\/phbhmg\/wp-json\/wp\/v2\/pages"}],"about":[{"href":"https:\/\/wp.icmm.csic.es\/phbhmg\/wp-json\/wp\/v2\/types\/page"}],"author":[{"embeddable":true,"href":"https:\/\/wp.icmm.csic.es\/phbhmg\/wp-json\/wp\/v2\/users\/1"}],"replies":[{"embeddable":true,"href":"https:\/\/wp.icmm.csic.es\/phbhmg\/wp-json\/wp\/v2\/comments?post=56"}],"version-history":[{"count":19,"href":"https:\/\/wp.icmm.csic.es\/phbhmg\/wp-json\/wp\/v2\/pages\/56\/revisions"}],"predecessor-version":[{"id":2447,"href":"https:\/\/wp.icmm.csic.es\/phbhmg\/wp-json\/wp\/v2\/pages\/56\/revisions\/2447"}],"up":[{"embeddable":true,"href":"https:\/\/wp.icmm.csic.es\/phbhmg\/wp-json\/wp\/v2\/pages\/107"}],"wp:attachment":[{"href":"https:\/\/wp.icmm.csic.es\/phbhmg\/wp-json\/wp\/v2\/media?parent=56"}],"curies":[{"name":"wp","href":"https:\/\/api.w.org\/{rel}","templated":true}]}}