{"id":715,"date":"2014-01-10T16:50:53","date_gmt":"2014-01-10T16:50:53","guid":{"rendered":"http:\/\/www.icmm.csic.es\/phbhmg\/?page_id=715"},"modified":"2026-01-23T16:21:24","modified_gmt":"2026-01-23T16:21:24","slug":"2014-2","status":"publish","type":"page","link":"https:\/\/wp.icmm.csic.es\/phbhmg\/porous\/publications\/2014-2\/","title":{"rendered":"2024"},"content":{"rendered":"<h5>&#8211; Yu, H.; Kim, E. J.; Gao, Z. R.; Lee, J. H.; Balestra, S.R.G.; Ma, C.; Li, J.; M\u00e1rquez-\u00c1lvarez, C.; Marler, B.; Hong, S.B.; Camblor, M.A. Structure, and Phase Transformations of HPM-3: A Layered Precursor of the Neutral Aluminophosphate with JSN Topology. <strong>Inorg. Chem.<\/strong> 63, 24429\u221224439 (2024). DOI: <a href=\"https:\/\/pubs.acs.org\/doi\/10.1021\/acs.inorgchem.4c04881\" target=\"_blank\" rel=\"noopener\">10.1021\/acs.inorgchem.4c04881<\/a><\/h5>\n<h5>&#8211; Fern\u00e1ndez-Sainz, J.; Herrera-Ochoa, D.; Pacheco-Li\u00f1\u00e1n, P.J.; Darder, M.; Albaladejo, J.; Bravo, I.; Garz\u00f3n-Ruiz, A. Spectroscopic study on volasertib: Highly stable complexes with albumin and encapsulation into alginate\/montmorillonite bionanocomposites, <strong>Spectrochim. Acta A<\/strong>, 322, 124823 (2024). DOI: <a href=\"https:\/\/doi.org\/10.1016\/j.saa.2024.124823\" target=\"_blank\" rel=\"noopener\">https:\/\/doi.org\/10.1016\/j.saa.2024.124823<\/a><\/h5>\n<h5>&#8211; <span dir=\"ltr\" role=\"presentation\">Saatchi, D.; Oh, S.; Yoo, H.; Kim, J.-S.; Lee, M.-J.; <\/span><span dir=\"ltr\" role=\"presentation\">Khan, M.; Wicklein, B.; Mahato, M.; Oh, I.-K. Dynamic Schwarz Meta-Foams: Customizable Solutions for Environmental Noise Reduction, <strong>Advanced Science<\/strong>, 2402872 (2024). DOI: <a href=\"https:\/\/onlinelibrary.wiley.com\/doi\/10.1002\/advs.202402872\" target=\"_blank\" rel=\"noopener\">10.1002\/advs.202402872<\/a><\/span><\/h5>\n<h5>&#8211; Wicklein, B.; Valurouthu, G.; Yoon, H.Y.; Yoo, H.; Ponnan, S.; Mahato, M.; Kim, J.; Ali, S.S.; Park, J.Y.; Gogotsi, Y.; Oh, I.-K. Influence of MXene Composition on Triboelectricity of MXene-Alginate Nanocomposites, <strong><span class=\"cit-title\">ACS Appl. Mater. Interfaces <\/span><\/strong><span class=\"cit-volume\">16<\/span><span class=\"cit-issue\">, 18<\/span><span class=\"cit-pageRange\">, 23948\u201323959 (<\/span><span class=\"cit-year-info\">2024<\/span>).&nbsp;<a title=\"DOI URL\" href=\"https:\/\/doi.org\/10.1021\/acsami.4c03298\" target=\"_blank\" rel=\"noopener\">https:\/\/doi.org\/10.1021\/acsami.4c03298<\/a><\/h5>\n<h5>&#8211; Jim\u00e9nez-L\u00f3pez, B.A.; Mart\u00edn-Sampedro, R.; Leyva-Ramos, R.; Darder, M.; Aranda, P. Nanoarchitectonics of lignin-sepiolite bionanocomposite foams for application in environmental remediation, <strong>Sustainable Chemistry for the Environment<\/strong> 6, 100096 (2024). <a href=\"https:\/\/doi.org\/10.1016\/j.scenv.2024.100096\" target=\"_blank\" rel=\"noopener\">https:\/\/doi.org\/10.1016\/j.scenv.2024.100096<\/a><\/h5>\n<h5>&#8211; Gao, Z.R.; Yu, H.; Chen, F.-J.; Mayoral, A.; Niu, Z.; Niu, Z.; Li, X.; Deng, H.; M\u00e1rquez-\u00c1lvarez, C.; He, H.; Xu, S.; Zhou, Y.; Xu, J.; Xu, H.; Fan, W.; Balestra, S.R.G.; Ma, C.; Hao, J.; Li, J.; Wu, P.; Yu, J.; Camblor, M.A. Interchain-expanded extra-large-pore zeolites. <strong>Nature<\/strong>, 628, 99-105 (2024). <a href=\"https:\/\/www.nature.com\/articles\/s41586-024-07194-6\">https:\/\/doi.org\/10.1038\/s41586-024-07194-6<\/a><\/h5>\n<h5>&#8211; Barra, A.; Laz\u0103r, O.; Mihai, G.; Bratu, C.; Ruiz-Garc\u00eda, C.; Darder, M.; Aranda, P.; En\u0103chescu, M.; Nunes, C.; Ferreira, P.; Ruiz-Hitzky, E. Graphene-like Materials Supported on Sepiolite Clay Synthesized at Relatively Low Temperature. <strong>Carbon,<\/strong> 218, 118767 (2024). <a href=\"https:\/\/doi.org\/https:\/\/doi.org\/10.1016\/j.carbon.2023.118767\" target=\"_blank\" rel=\"noopener\">https:\/\/doi.org\/https:\/\/doi.org\/10.1016\/j.carbon.2023.118767<\/a><\/h5>\n<h5>&#8211; Karan, A.; Sharma, N. S.; Darder, M.; Su, Y.; Andrabi, S. M.; Shahriar, S. M. S.; John, J. V.; Luo, Z.; DeCoster, M. A.; Zhang, Y. S.; Xie, J. Copper\u2212Cystine Biohybrid-Embedded Nanofiber Aerogels Show Antibacterial and Angiogenic Properties, <strong>ACS Omega<\/strong>, 9, 9765\u22129781 (2024). <a href=\"https:\/\/doi.org\/10.1021\/acsomega.3c10012\" target=\"_blank\" rel=\"noopener\">https:\/\/doi.org\/10.1021\/acsomega.3c10012<\/a><\/h5>\n<h5>&#8211; Sathiyanathan, P.; Saatchi, D.; Boo, Y.; Mahato, M.; Wicklein, B.; Kim, J.-S.; Yoo, H.; Song, T.-E.; Taseer, A. K.; Kim, W. J.; Oh, I.-K. Nitrogen and Sulfur Rich Covalent Organic Framework-Chitosan Triboelectric Nanogenerator for Disposable Urination Evaluation Tool. <strong>Advanced Materials Technologies<\/strong><em>,<\/em> <span dir=\"ltr\">9<\/span><span dir=\"ltr\">, 2301883<\/span> (2024). <a href=\"https:\/\/doi.org\/10.1002\/admt.202301883\" target=\"_blank\" rel=\"noopener\">https:\/\/doi.org\/10.1002\/admt.202301883<\/a><\/h5>\n<h5>&#8211; Barra, A.; Wychowaniec, J. K.; Winning, D.; Cruz, M. M.; Ferreira, L. P.; Rodriguez, B. J.; Oliveira, H.; Ruiz-Hitzky, E.; Nunes, C.; Brougham, D. F.; Ferreira, P. Magnetic Chitosan Bionanocomposite Films as a Versatile Platform for Biomedical Hyperthermia. <strong>Advanced Healthcare Materials<\/strong>, <span dir=\"ltr\" role=\"presentation\">13<\/span><span dir=\"ltr\" role=\"presentation\">, 2303861<\/span> (2024). <a href=\"https:\/\/doi.org\/10.1002\/adhm.202303861\" target=\"_blank\" rel=\"noopener\">https:\/\/doi.org\/10.1002\/adhm.202303861<\/a>.<\/h5>\n","protected":false},"excerpt":{"rendered":"<p>&#8211; Yu, H.; Kim, E. J.; Gao, Z. R.; Lee, J. H.; Balestra, S.R.G.; Ma, C.; Li, J.; M\u00e1rquez-\u00c1lvarez, C.; Marler, B.; Hong, S.B.; Camblor, M.A. Structure, and Phase Transformations of HPM-3: A Layered Precursor of the Neutral Aluminophosphate with JSN Topology. Inorg. Chem. 63, 24429\u221224439 (2024). DOI: 10.1021\/acs.inorgchem.4c04881 &#8211;&#8230;<\/p>\n<p> <a class=\"continue-reading-link\" href=\"https:\/\/wp.icmm.csic.es\/phbhmg\/porous\/publications\/2014-2\/\"><span>Continue reading<\/span><i class=\"crycon-right-dir\"><\/i><\/a> <\/p>\n","protected":false},"author":1,"featured_media":0,"parent":35,"menu_order":3,"comment_status":"closed","ping_status":"closed","template":"","meta":{"ngg_post_thumbnail":0,"footnotes":""},"class_list":["post-715","page","type-page","status-publish","hentry"],"_links":{"self":[{"href":"https:\/\/wp.icmm.csic.es\/phbhmg\/wp-json\/wp\/v2\/pages\/715","targetHints":{"allow":["GET"]}}],"collection":[{"href":"https:\/\/wp.icmm.csic.es\/phbhmg\/wp-json\/wp\/v2\/pages"}],"about":[{"href":"https:\/\/wp.icmm.csic.es\/phbhmg\/wp-json\/wp\/v2\/types\/page"}],"author":[{"embeddable":true,"href":"https:\/\/wp.icmm.csic.es\/phbhmg\/wp-json\/wp\/v2\/users\/1"}],"replies":[{"embeddable":true,"href":"https:\/\/wp.icmm.csic.es\/phbhmg\/wp-json\/wp\/v2\/comments?post=715"}],"version-history":[{"count":32,"href":"https:\/\/wp.icmm.csic.es\/phbhmg\/wp-json\/wp\/v2\/pages\/715\/revisions"}],"predecessor-version":[{"id":2341,"href":"https:\/\/wp.icmm.csic.es\/phbhmg\/wp-json\/wp\/v2\/pages\/715\/revisions\/2341"}],"up":[{"embeddable":true,"href":"https:\/\/wp.icmm.csic.es\/phbhmg\/wp-json\/wp\/v2\/pages\/35"}],"wp:attachment":[{"href":"https:\/\/wp.icmm.csic.es\/phbhmg\/wp-json\/wp\/v2\/media?parent=715"}],"curies":[{"name":"wp","href":"https:\/\/api.w.org\/{rel}","templated":true}]}}