{"id":78,"date":"2012-09-19T22:02:36","date_gmt":"2012-09-19T22:02:36","guid":{"rendered":"http:\/\/www.icmm.csic.es\/phbhmg\/?page_id=78"},"modified":"2026-02-26T13:32:55","modified_gmt":"2026-02-26T13:32:55","slug":"dra-margarita-darder","status":"publish","type":"page","link":"https:\/\/wp.icmm.csic.es\/phbhmg\/members\/permanent-staff\/dra-margarita-darder\/","title":{"rendered":"Dr. Margarita Darder"},"content":{"rendered":"<h5 class=\"alignleft size-full wp-image-237\" title=\"foto Marga\"><a href=\"https:\/\/wp.icmm.csic.es\/phbhmg\/wp-content\/uploads\/sites\/40\/2012\/09\/foto-Marga-21.jpg\"><img loading=\"lazy\" decoding=\"async\" class=\"alignleft wp-image-1097\" src=\"https:\/\/wp.icmm.csic.es\/phbhmg\/wp-content\/uploads\/sites\/40\/2012\/09\/foto-Marga-21-1024x863.jpg\" alt=\"foto Marga (2)\" width=\"262\" height=\"220\" srcset=\"https:\/\/wp.icmm.csic.es\/phbhmg\/wp-content\/uploads\/sites\/40\/2012\/09\/foto-Marga-21-1024x863.jpg 1024w, https:\/\/wp.icmm.csic.es\/phbhmg\/wp-content\/uploads\/sites\/40\/2012\/09\/foto-Marga-21-300x253.jpg 300w, https:\/\/wp.icmm.csic.es\/phbhmg\/wp-content\/uploads\/sites\/40\/2012\/09\/foto-Marga-21-768x648.jpg 768w, https:\/\/wp.icmm.csic.es\/phbhmg\/wp-content\/uploads\/sites\/40\/2012\/09\/foto-Marga-21.jpg 1461w\" sizes=\"auto, (max-width: 262px) 100vw, 262px\" \/><\/a>Margarita Darder graduated in Chemistry at the Autonomous University of Madrid (UAM) in 1995 and received her PhD from the same University in 2000. In 2001, she joined Prof. Ruiz-Hitzky\u2019s team at the Materials Science Institute of Madrid (CSIC) as a postdoctoral Fellow. She has also held post-doctoral positions at the Laboratoire de Physico-Chimie des Polym\u00e8res et des Milieux Dispers\u00e9s (Ecole Sup\u00e9rieure de Physique et de Chimie Industrielles de Paris) and at the Instituto de Microelectr\u00f3nica de Barcelona-Centro Nacional de Microelectr\u00f3nica (CSIC). Later, she joined the Madrid Institute for Advanced Studies in Materials (IMDEA-Materials) as a Ram\u00f3n y Cajal researcher, and in 2010 she got a Tenured Scientist position at ICMM-CSIC, and thereafter as Senior Scientist in 2023. Her research activities focus on the synthesis and characterization of nanostructured hybrid and bio-hybrid materials for application in the fields of health, environmental remediation and energy.<\/h5>\r\n<p class=\"alignleft size-full wp-image-237\" title=\"foto Marga\">&nbsp;<\/p>\r\n\r\n<p style=\"font-size: 17px\">ORCID iD: <a href=\"https:\/\/orcid.org\/0000-0002-7032-0419\">https:\/\/orcid.org\/0000-0002-7032-0419<\/a><\/p>\r\n\r\n\r\n\r\n<p class=\"has-small-font-size\"><strong>e-mail: darder@icmm.csic.es<\/strong><\/p>\r\n","protected":false},"excerpt":{"rendered":"<p>Margarita Darder graduated in Chemistry at the Autonomous University of Madrid (UAM) in 1995 and received her PhD from the same University in 2000. In 2001, she joined Prof. Ruiz-Hitzky\u2019s team at the Materials Science Institute of Madrid (CSIC) as a postdoctoral Fellow. She has also held post-doctoral positions at&#8230;<\/p>\n<p> <a class=\"continue-reading-link\" href=\"https:\/\/wp.icmm.csic.es\/phbhmg\/members\/permanent-staff\/dra-margarita-darder\/\"><span>Continue reading<\/span><i class=\"crycon-right-dir\"><\/i><\/a> <\/p>\n","protected":false},"author":1,"featured_media":0,"parent":53,"menu_order":4,"comment_status":"closed","ping_status":"closed","template":"","meta":{"ngg_post_thumbnail":0,"footnotes":""},"class_list":["post-78","page","type-page","status-publish","hentry"],"_links":{"self":[{"href":"https:\/\/wp.icmm.csic.es\/phbhmg\/wp-json\/wp\/v2\/pages\/78","targetHints":{"allow":["GET"]}}],"collection":[{"href":"https:\/\/wp.icmm.csic.es\/phbhmg\/wp-json\/wp\/v2\/pages"}],"about":[{"href":"https:\/\/wp.icmm.csic.es\/phbhmg\/wp-json\/wp\/v2\/types\/page"}],"author":[{"embeddable":true,"href":"https:\/\/wp.icmm.csic.es\/phbhmg\/wp-json\/wp\/v2\/users\/1"}],"replies":[{"embeddable":true,"href":"https:\/\/wp.icmm.csic.es\/phbhmg\/wp-json\/wp\/v2\/comments?post=78"}],"version-history":[{"count":14,"href":"https:\/\/wp.icmm.csic.es\/phbhmg\/wp-json\/wp\/v2\/pages\/78\/revisions"}],"predecessor-version":[{"id":2464,"href":"https:\/\/wp.icmm.csic.es\/phbhmg\/wp-json\/wp\/v2\/pages\/78\/revisions\/2464"}],"up":[{"embeddable":true,"href":"https:\/\/wp.icmm.csic.es\/phbhmg\/wp-json\/wp\/v2\/pages\/53"}],"wp:attachment":[{"href":"https:\/\/wp.icmm.csic.es\/phbhmg\/wp-json\/wp\/v2\/media?parent=78"}],"curies":[{"name":"wp","href":"https:\/\/api.w.org\/{rel}","templated":true}]}}