{"id":900,"date":"2014-09-02T08:36:24","date_gmt":"2014-09-02T08:36:24","guid":{"rendered":"http:\/\/www.icmm.csic.es\/phbhmg\/?page_id=900"},"modified":"2025-06-12T07:28:56","modified_gmt":"2025-06-12T07:28:56","slug":"projects","status":"publish","type":"page","link":"https:\/\/wp.icmm.csic.es\/phbhmg\/porous\/projects\/","title":{"rendered":"Projects"},"content":{"rendered":"<h4><em><strong>Current projects:<\/strong><\/em><\/h4>\n<h5>&#8211;<strong>\u201cNanoarquitecturas h\u00edbridas complejas para la multifuncionalidad y soluciones sostenibles (MATPLEX)\u201d.<\/strong> AEI, Ref. PID2022-137889OB-I00. IPs: Dr. P. Aranda &amp; Dr. M. Darder, ICMM-CSIC. Period: 2023-2027. Total: 365,000 \u20ac<\/h5>\n<h5>&#8211; <strong>\u00abApproach to clean production processes and technologies, to design safe and sustainable chemicals and materials\u00bb<\/strong>, PIE 202480E146. IPs: Dr. M.A. Mart\u00edn Luengo. Period: 30\/05\/2024-31\/05\/2027.<\/h5>\n<p>&nbsp;<\/p>\n<h4><em><strong>Closed projects:<\/strong><\/em><\/h4>\n<h5><b>&#8211; <\/b><strong>\u201cHacia una producci\u00f3n de energ\u00eda sostenible: multirecolectores c\u00e9lula solar org\u00e1nica\/nanogenerador basados en materiales naturales (ENERPRO)\u201d. <\/strong>Agencia Estatal Investigaci\u00f3n, Proyectos de Transici\u00f3n Ecol\u00f3gica y Transici\u00f3n Digital, Ref. TED2021-131223B-I00. IPs: Dr. E.M. Garc\u00eda-Frutos &amp; Dr. J. P\u00e9rez-Carvajal, ICMM-CSIC. Period: 2022-2024. Total: 241,500 \u20ac.<\/h5>\n<h5>&#8211; <strong>\u00abRecycling agroindustrial wastes for advanced uses. Climate Change, Sustainable Development, and Circular Economy\u00bb<\/strong>.&nbsp;PIE 202180E025. IPs: Dr. M.A. Mart\u00edn Luengo. Period: 24\/04\/2021-24\/02\/2024<\/h5>\n<h5><b>&#8211; <\/b><strong>\u201cMateriales funcionales a partir de recursos naturales para soluciones sostenibles en energ\u00eda, medioambiente y salud (SustMat)\u201d. <\/strong>AEI, Ref. PID2019-105479RB-I00. IPs: Dr. P. Aranda &amp; Dr. M. Darder, ICMM-CSIC. Period: 2020-2023. Total: 175,450 \u20ac<\/h5>\n<h5><b>&#8211; <\/b><strong>\u201cEspumas avanzadas para producci\u00f3n de energ\u00eda sostenible y conceptos de aislamiento inteligente.\u201d <\/strong>AEI, Ref. PID2019-107022RJ-I00. IP: Dr. B. Wicklein, ICMM-CSIC. Period: 2020-2023. &nbsp;Total: 192,334 \u20ac<\/h5>\n<h5>&nbsp;<\/h5>\n","protected":false},"excerpt":{"rendered":"<p>Current projects: &#8211;\u201cNanoarquitecturas h\u00edbridas complejas para la multifuncionalidad y soluciones sostenibles (MATPLEX)\u201d. AEI, Ref. PID2022-137889OB-I00. IPs: Dr. P. Aranda &amp; Dr. M. Darder, ICMM-CSIC. Period: 2023-2027. Total: 365,000 \u20ac &#8211; \u00abApproach to clean production processes and technologies, to design safe and sustainable chemicals and materials\u00bb, PIE 202480E146. IPs: Dr. M.A&#8230;.<\/p>\n<p> <a class=\"continue-reading-link\" href=\"https:\/\/wp.icmm.csic.es\/phbhmg\/porous\/projects\/\"><span>Continue reading<\/span><i class=\"crycon-right-dir\"><\/i><\/a> <\/p>\n","protected":false},"author":1,"featured_media":0,"parent":1368,"menu_order":3,"comment_status":"closed","ping_status":"closed","template":"","meta":{"ngg_post_thumbnail":0,"footnotes":""},"class_list":["post-900","page","type-page","status-publish","hentry"],"_links":{"self":[{"href":"https:\/\/wp.icmm.csic.es\/phbhmg\/wp-json\/wp\/v2\/pages\/900","targetHints":{"allow":["GET"]}}],"collection":[{"href":"https:\/\/wp.icmm.csic.es\/phbhmg\/wp-json\/wp\/v2\/pages"}],"about":[{"href":"https:\/\/wp.icmm.csic.es\/phbhmg\/wp-json\/wp\/v2\/types\/page"}],"author":[{"embeddable":true,"href":"https:\/\/wp.icmm.csic.es\/phbhmg\/wp-json\/wp\/v2\/users\/1"}],"replies":[{"embeddable":true,"href":"https:\/\/wp.icmm.csic.es\/phbhmg\/wp-json\/wp\/v2\/comments?post=900"}],"version-history":[{"count":14,"href":"https:\/\/wp.icmm.csic.es\/phbhmg\/wp-json\/wp\/v2\/pages\/900\/revisions"}],"predecessor-version":[{"id":2423,"href":"https:\/\/wp.icmm.csic.es\/phbhmg\/wp-json\/wp\/v2\/pages\/900\/revisions\/2423"}],"up":[{"embeddable":true,"href":"https:\/\/wp.icmm.csic.es\/phbhmg\/wp-json\/wp\/v2\/pages\/1368"}],"wp:attachment":[{"href":"https:\/\/wp.icmm.csic.es\/phbhmg\/wp-json\/wp\/v2\/media?parent=900"}],"curies":[{"name":"wp","href":"https:\/\/api.w.org\/{rel}","templated":true}]}}