{"id":24,"date":"2023-02-15T14:36:01","date_gmt":"2023-02-15T14:36:01","guid":{"rendered":"https:\/\/wp.icmm.csic.es\/quimbioquim-v\/?page_id=24"},"modified":"2023-10-09T09:50:03","modified_gmt":"2023-10-09T09:50:03","slug":"ponentes","status":"publish","type":"page","link":"https:\/\/wp.icmm.csic.es\/quimbioquim-v\/ponentes\/","title":{"rendered":"Conferencias Plenarias"},"content":{"rendered":"<p>El V QuimBioQuim cuenta con tres sesiones plenarias, coincidentes con las l\u00edneas tem\u00e1ticas que vertebran el encuentro:<\/p>\n<p><strong>1.- Qu\u00edmica m\u00e9dica o farmac\u00e9utica<\/strong><\/p>\n<p><em><strong>El largo viaje de un antituberculoso de la idea al hospital<\/strong><\/em><\/p>\n<p><img loading=\"lazy\" decoding=\"async\" class=\" wp-image-337 alignleft\" src=\"https:\/\/wp.icmm.csic.es\/quimbioquim-v\/wp-content\/uploads\/sites\/62\/2023\/04\/Carlos-190x300.jpg\" alt=\"\" width=\"98\" height=\"155\" srcset=\"https:\/\/wp.icmm.csic.es\/quimbioquim-v\/wp-content\/uploads\/sites\/62\/2023\/04\/Carlos-190x300.jpg 190w, https:\/\/wp.icmm.csic.es\/quimbioquim-v\/wp-content\/uploads\/sites\/62\/2023\/04\/Carlos-650x1024.jpg 650w, https:\/\/wp.icmm.csic.es\/quimbioquim-v\/wp-content\/uploads\/sites\/62\/2023\/04\/Carlos-768x1211.jpg 768w, https:\/\/wp.icmm.csic.es\/quimbioquim-v\/wp-content\/uploads\/sites\/62\/2023\/04\/Carlos-95x150.jpg 95w, https:\/\/wp.icmm.csic.es\/quimbioquim-v\/wp-content\/uploads\/sites\/62\/2023\/04\/Carlos.jpg 958w\" sizes=\"auto, (max-width: 98px) 100vw, 98px\" \/><\/p>\n<p><strong>Carlos Alemparte, GlaxoSmithKline<\/strong><\/p>\n<p><strong>Biograf\u00eda: <\/strong>Licenciado y doctorado en Qu\u00edmica Org\u00e1nica por la UAM, realiz\u00f3 a continuaci\u00f3n una estancia post-doctoral en la Universidad de Aarhus (Dinamarca). Posteriormente se incorpor\u00f3 a GSK como qu\u00edmico m\u00e9dico. En la actualidad dirige equipos multidisciplinares dedicados al descubrimiento de f\u00e1rmacos para el tratamiento de la malaria y la tuberculosis.<\/p>\n<p><strong>2.- Nanomateriales en biomedicina<\/strong><\/p>\n<p><em><strong>Nanopart\u00edculas magn\u00e9ticas para tratamiento de c\u00e1ncer mediante hipertermia magn\u00e9tica<\/strong><\/em><\/p>\n<p><strong><img loading=\"lazy\" decoding=\"async\" class=\"size-medium wp-image-168 alignleft\" src=\"https:\/\/wp.icmm.csic.es\/quimbioquim-v\/wp-content\/uploads\/sites\/62\/2023\/04\/Lucia_Gutierrez_photo-223x300.jpg\" alt=\"Luc\u00eda Guti\u00e9rrez\" width=\"223\" height=\"300\" srcset=\"https:\/\/wp.icmm.csic.es\/quimbioquim-v\/wp-content\/uploads\/sites\/62\/2023\/04\/Lucia_Gutierrez_photo-223x300.jpg 223w, https:\/\/wp.icmm.csic.es\/quimbioquim-v\/wp-content\/uploads\/sites\/62\/2023\/04\/Lucia_Gutierrez_photo-762x1024.jpg 762w, https:\/\/wp.icmm.csic.es\/quimbioquim-v\/wp-content\/uploads\/sites\/62\/2023\/04\/Lucia_Gutierrez_photo-768x1032.jpg 768w, https:\/\/wp.icmm.csic.es\/quimbioquim-v\/wp-content\/uploads\/sites\/62\/2023\/04\/Lucia_Gutierrez_photo-676x908.jpg 676w, https:\/\/wp.icmm.csic.es\/quimbioquim-v\/wp-content\/uploads\/sites\/62\/2023\/04\/Lucia_Gutierrez_photo.jpg 893w\" sizes=\"auto, (max-width: 223px) 100vw, 223px\" \/><a href=\"https:\/\/bionanosurf.unizar.es\/members\/lucia-gutierrez\/\" target=\"_blank\" rel=\"noopener\">Luc\u00eda Guti\u00e9rrez, Instituto Universitario de Nanociencia y Materiales de Arago\u0301n (INMA) y CIBER-BBN, Zaragoza, Spain<\/a><\/strong><\/p>\n<p>Las nanopart\u00edculas magn\u00e9ticas, y en concreto las compuestas de \u00f3xidos de hierro llevan us\u00e1ndose desde hace m\u00e1s de dos d\u00e9cadas en el marco de las aplicaciones biom\u00e9dicas. Estos materiales se producen mediante diferentes m\u00e9todos de s\u00edntesis que permiten ajustar de manera controlada su tama\u00f1o, forma, o agregaci\u00f3n, lo que hace que podamos controlar con gran nivel de detalle sus propiedades magn\u00e9ticas, lo que hace que puedan utilizarse para diferentes aplicaciones como, por ejemplo, agentes de contraste para resonancia magn\u00e9tica o para el transporte de f\u00e1rmacos.<\/p>\n<p>La aplicaci\u00f3n biom\u00e9dica en la que se centra esta charla es el tratamiento del c\u00e1ncer por hipertermia magn\u00e9tica. Este tratamiento est\u00e1 basado en el calor producido por las part\u00edculas cuando est\u00e1n expuestas a un campo magn\u00e9tico alterno y es una t\u00e9cnica que ya se ha trasladado, aunque de forma minoritaria, a la pr\u00e1ctica cl\u00ednica.<\/p>\n<p>En esta charla expondr\u00e9 de manera cr\u00edtica el trabajo que se ha realizado en el marco de la hipertermia magn\u00e9tica en los \u00faltimas d\u00e9cadas. Posteriormente, introducir\u00e9 el trabajo que estamos realizando en el grupo de investigaci\u00f3n recientemente. Describir\u00e9 el uso de cultivos celulares tridimensionales para estudiar otros efectos de las part\u00edculas adem\u00e1s de la generaci\u00f3n de muerte celular y expondr\u00e9 diferentes par\u00e1metros que afectan al tratamiento in vivo. Finalmente, describir\u00e9 aspectos que consideramos que son necesarios para mejorar la eficacia del tratamiento en un futuro pr\u00f3ximo.<\/p>\n<p><strong>Biograf\u00eda:<\/strong>\u00a0Mi trabajo investigador ha tenido lugar en cuatro instituciones diferentes. Primero en la a Universidad de Zaragoza donde hice la tesis y a la que volv\u00ed en 2016. Y por otra parte en la Universidad Queen Mary de Londres (Reino Unido), el Instituto de Ciencia de Materiales de Madrid (ICMM-CSIC) y la Universidad de Western Australia en Perth (Australia), donde trabaj\u00e9 como investigadora postdoctoral.\u00a0En la actualidad soy Profesora Contratada Doctora en el departamento de Qu\u00edmica Anal\u00edtica de la Universidad de Zaragoza y formo parte del Instituto de Nanociencia y Materiales de Arag\u00f3n (INMA) y el CIBER-BBN.<\/p>\n<p>Durante todo este tiempo, mi trabajo ha estado centrado en el uso de nanopart\u00edculas magn\u00e9ticas para aplicaciones biom\u00e9dicas. He explorado diferentes m\u00e9todos para su s\u00edntesis, he evaluado su toxicidad en sistemas biol\u00f3gicos, prestando especial atenci\u00f3n a los procesos de biodistribuci\u00f3n y transformaciones que sufren con el tiempo y he desarrollado un m\u00e9todo basado en medidas de susceptibilidad magn\u00e9tica AC para su identificaci\u00f3n y cuantificaci\u00f3n en matrices complejas.<\/p>\n<p><strong>3. Biomateriales para medicina regenerativa<\/strong><\/p>\n<p><em><strong>Nanomateriales para el dise\u00f1o de nuevas terapias neurales<\/strong><\/em><\/p>\n<p><strong><img loading=\"lazy\" decoding=\"async\" class=\"alignleft wp-image-82 size-medium\" src=\"https:\/\/wp.icmm.csic.es\/quimbioquim-v\/wp-content\/uploads\/sites\/62\/2023\/03\/Conchi-serrano-206x300.jpg\" alt=\"Conchi Serrano\" width=\"206\" height=\"300\" srcset=\"https:\/\/wp.icmm.csic.es\/quimbioquim-v\/wp-content\/uploads\/sites\/62\/2023\/03\/Conchi-serrano-206x300.jpg 206w, https:\/\/wp.icmm.csic.es\/quimbioquim-v\/wp-content\/uploads\/sites\/62\/2023\/03\/Conchi-serrano.jpg 262w\" sizes=\"auto, (max-width: 206px) 100vw, 206px\" \/><a href=\"https:\/\/www.icmm.csic.es\/es\/people\/persona.php?num=1217\" target=\"_blank\" rel=\"noopener\">Serrano L\u00f3pez-Terradas, Mar\u00eda Concepci\u00f3n (ICMM-CSIC)<\/a><\/strong><\/p>\n<p>La reparaci\u00f3n del da\u00f1o del sistema nervioso central, incluida la lesi\u00f3n de la m\u00e9dula espinal, sigue siendo un desaf\u00edo terap\u00e9utico. La nanotecnolog\u00eda est\u00e1 proporcionando cada vez m\u00e1s herramientas personalizadas y efectivas para abordar la reparaci\u00f3n neural. En particular, los materiales basados en grafeno y las nanopart\u00edculas de \u00f3xido de hierro superparamagn\u00e9ticas han surgido como nanomateriales prometedores para el desarrollo de una amplia diversidad de biomateriales\/dispositivos con capacidad para interactuar favorablemente con los sistemas neurales. Nuestro grupo est\u00e1 contribuyendo en esta \u00e1rea espec\u00edfica con hallazgos notables in vitro (en cultivos primarios de c\u00e9lulas neurales) e in vivo (en modelos precl\u00ednicos en rata).<\/p>\n<p><strong>Biograf\u00eda<\/strong>: Soy Doctora en Biolog\u00eda (2006) por la Universidad Complutense de Madrid (UCM). Fui becaria predoctoral FPU en la UCM, becaria postdoctoral MINECO en Northwestern University (EEUU), becaria postdoctoral Juan de la Cierva en el ICMM-CSIC y becaria postdoctoral Miguel Servet en el Hospital Nacional de Parapl\u00e9jicos. Desde 2017 soy cient\u00edfico titular en el Grupo de Materiales para Medicina y Biotecnolog\u00eda del Instituto de Ciencia de Materiales de Madrid (ICMM-CSIC). He publicado m\u00e1s de 70 art\u00edculos de investigaci\u00f3n, coeditado un libro para Springer-Nature y m\u00e1s de 100 contribuciones a conferencias cient\u00edficas, adem\u00e1s de numerosas actividades de divulgaci\u00f3n. Mis intereses de investigaci\u00f3n se centran en biomateriales, ingenier\u00eda de tejidos y nanomedicina.<\/p>\n","protected":false},"excerpt":{"rendered":"<p>El V QuimBioQuim cuenta con tres sesiones plenarias, coincidentes con las l\u00edneas tem\u00e1ticas que vertebran el encuentro: 1.- Qu\u00edmica m\u00e9dica o farmac\u00e9utica El largo viaje de un antituberculoso de la idea al hospital Carlos Alemparte, GlaxoSmithKline Biograf\u00eda: Licenciado y doctorado en Qu\u00edmica Org\u00e1nica por la UAM, realiz\u00f3 a continuaci\u00f3n una&#8230;<\/p>\n<p> <a class=\"continue-reading-link\" href=\"https:\/\/wp.icmm.csic.es\/quimbioquim-v\/ponentes\/\"><span>Continue reading<\/span><i class=\"crycon-right-dir\"><\/i><\/a> <\/p>\n","protected":false},"author":110,"featured_media":0,"parent":0,"menu_order":0,"comment_status":"closed","ping_status":"closed","template":"","meta":{"footnotes":""},"class_list":["post-24","page","type-page","status-publish","hentry"],"_links":{"self":[{"href":"https:\/\/wp.icmm.csic.es\/quimbioquim-v\/wp-json\/wp\/v2\/pages\/24","targetHints":{"allow":["GET"]}}],"collection":[{"href":"https:\/\/wp.icmm.csic.es\/quimbioquim-v\/wp-json\/wp\/v2\/pages"}],"about":[{"href":"https:\/\/wp.icmm.csic.es\/quimbioquim-v\/wp-json\/wp\/v2\/types\/page"}],"author":[{"embeddable":true,"href":"https:\/\/wp.icmm.csic.es\/quimbioquim-v\/wp-json\/wp\/v2\/users\/110"}],"replies":[{"embeddable":true,"href":"https:\/\/wp.icmm.csic.es\/quimbioquim-v\/wp-json\/wp\/v2\/comments?post=24"}],"version-history":[{"count":15,"href":"https:\/\/wp.icmm.csic.es\/quimbioquim-v\/wp-json\/wp\/v2\/pages\/24\/revisions"}],"predecessor-version":[{"id":382,"href":"https:\/\/wp.icmm.csic.es\/quimbioquim-v\/wp-json\/wp\/v2\/pages\/24\/revisions\/382"}],"wp:attachment":[{"href":"https:\/\/wp.icmm.csic.es\/quimbioquim-v\/wp-json\/wp\/v2\/media?parent=24"}],"curies":[{"name":"wp","href":"https:\/\/api.w.org\/{rel}","templated":true}]}}