{"id":49,"date":"2023-02-20T16:13:40","date_gmt":"2023-02-20T16:13:40","guid":{"rendered":"https:\/\/wp.icmm.csic.es\/quimbioquim-v\/?page_id=49"},"modified":"2023-10-09T09:57:27","modified_gmt":"2023-10-09T09:57:27","slug":"comite-organizador","status":"publish","type":"page","link":"https:\/\/wp.icmm.csic.es\/quimbioquim-v\/comite-organizador\/","title":{"rendered":"Abstract"},"content":{"rendered":"\n<p>Los abstracts se deben preparar utilizando <strong><a href=\"https:\/\/wp.icmm.csic.es\/quimbioquim-v\/wp-content\/uploads\/sites\/62\/2023\/04\/Template_Abstract_VQuimBioQuim.docx\" target=\"_blank\" rel=\"noopener\">la plantilla que se descarga al clickar aqu\u00ed<\/a><\/strong> y siguiendo las indicaciones detalladas en la misma. La extensi\u00f3n m\u00e1xima ser\u00e1 de una p\u00e1gina en tama\u00f1o A4. Los archivos deben enviarse como archivos de Word (.doc o .docx), indicando el apellido del autor, el tipo de contribuci\u00f3n y la tem\u00e1tica* a la que va dirigido. Por ejemplo, apellido_ oral_T1.docx o apellido_poster_T2.docx<\/p>\n\n\n\n<p>*Tem\u00e1ticas:<\/p>\n\n\n\n<p>1.- Qu\u00edmica m\u00e9dica o farmac\u00e9utica.<br>2.- Nanomateriales en biomedicina.<br>3.- Biomateriales para medicina regenerativa.<\/p>\n\n\n\n<p>Los res\u00famenes deben ser enviados por correo electr\u00f3nico a la direcci\u00f3n del congreso: <a href=\"Vquimbioquim@gmail.com\">Vquimbioquim@gmail.com<\/a> una vez se haya recibido la confirmaci\u00f3n de la disponibilidad de plaza por parte de la organizaci\u00f3n.<\/p>\n\n\n\n<p><strong>Informaci\u00f3n para posters:<\/strong><\/p>\n\n\n\n<p>Se quedar\u00e1n expuestos a lo largo de todo el congreso (18-20 de octubre) y tendr\u00e1n unas dimensioens m\u00e1ximas de 90*120 cm. <\/p>\n\n\n\n<p><strong>Informaci\u00f3n para comunicaciones:<\/strong><\/p>\n\n\n\n<p>Las charlas son de 15 minutos + 5 de preguntas. <\/p>\n\n\n\n<p>El Libro de res\u00famenes del <strong>VQuimBioQuim<\/strong> se pondr\u00e1 a disposici\u00f3n de los asistentes en la p\u00e1gina web al inicio del congreso.<\/p>\n\n\n\n<figure class=\"wp-block-image size-large\"><img loading=\"lazy\" decoding=\"async\" width=\"1024\" height=\"576\" src=\"https:\/\/wp.icmm.csic.es\/quimbioquim-v\/wp-content\/uploads\/sites\/62\/2023\/04\/Sede-UNED-Segovia-1024x576.jpg\" alt=\"\" class=\"wp-image-284\" srcset=\"https:\/\/wp.icmm.csic.es\/quimbioquim-v\/wp-content\/uploads\/sites\/62\/2023\/04\/Sede-UNED-Segovia-1024x576.jpg 1024w, https:\/\/wp.icmm.csic.es\/quimbioquim-v\/wp-content\/uploads\/sites\/62\/2023\/04\/Sede-UNED-Segovia-300x169.jpg 300w, https:\/\/wp.icmm.csic.es\/quimbioquim-v\/wp-content\/uploads\/sites\/62\/2023\/04\/Sede-UNED-Segovia-768x432.jpg 768w, https:\/\/wp.icmm.csic.es\/quimbioquim-v\/wp-content\/uploads\/sites\/62\/2023\/04\/Sede-UNED-Segovia-1536x864.jpg 1536w, https:\/\/wp.icmm.csic.es\/quimbioquim-v\/wp-content\/uploads\/sites\/62\/2023\/04\/Sede-UNED-Segovia-150x84.jpg 150w, https:\/\/wp.icmm.csic.es\/quimbioquim-v\/wp-content\/uploads\/sites\/62\/2023\/04\/Sede-UNED-Segovia.jpg 1600w\" sizes=\"auto, (max-width: 1024px) 100vw, 1024px\" \/><\/figure>\n","protected":false},"excerpt":{"rendered":"<p>Los abstracts se deben preparar utilizando la plantilla que se descarga al clickar aqu\u00ed y siguiendo las indicaciones detalladas en la misma. La extensi\u00f3n m\u00e1xima ser\u00e1 de una p\u00e1gina en tama\u00f1o A4. Los archivos deben enviarse como archivos de Word (.doc o .docx), indicando el apellido del autor, el tipo&#8230;<\/p>\n<p> <a class=\"continue-reading-link\" href=\"https:\/\/wp.icmm.csic.es\/quimbioquim-v\/comite-organizador\/\"><span>Continue reading<\/span><i class=\"crycon-right-dir\"><\/i><\/a> <\/p>\n","protected":false},"author":110,"featured_media":0,"parent":0,"menu_order":0,"comment_status":"closed","ping_status":"closed","template":"","meta":{"footnotes":""},"class_list":["post-49","page","type-page","status-publish","hentry"],"_links":{"self":[{"href":"https:\/\/wp.icmm.csic.es\/quimbioquim-v\/wp-json\/wp\/v2\/pages\/49","targetHints":{"allow":["GET"]}}],"collection":[{"href":"https:\/\/wp.icmm.csic.es\/quimbioquim-v\/wp-json\/wp\/v2\/pages"}],"about":[{"href":"https:\/\/wp.icmm.csic.es\/quimbioquim-v\/wp-json\/wp\/v2\/types\/page"}],"author":[{"embeddable":true,"href":"https:\/\/wp.icmm.csic.es\/quimbioquim-v\/wp-json\/wp\/v2\/users\/110"}],"replies":[{"embeddable":true,"href":"https:\/\/wp.icmm.csic.es\/quimbioquim-v\/wp-json\/wp\/v2\/comments?post=49"}],"version-history":[{"count":13,"href":"https:\/\/wp.icmm.csic.es\/quimbioquim-v\/wp-json\/wp\/v2\/pages\/49\/revisions"}],"predecessor-version":[{"id":386,"href":"https:\/\/wp.icmm.csic.es\/quimbioquim-v\/wp-json\/wp\/v2\/pages\/49\/revisions\/386"}],"wp:attachment":[{"href":"https:\/\/wp.icmm.csic.es\/quimbioquim-v\/wp-json\/wp\/v2\/media?parent=49"}],"curies":[{"name":"wp","href":"https:\/\/api.w.org\/{rel}","templated":true}]}}