{"id":52,"date":"2023-02-20T16:14:16","date_gmt":"2023-02-20T16:14:16","guid":{"rendered":"https:\/\/wp.icmm.csic.es\/quimbioquim-v\/?page_id=52"},"modified":"2023-10-09T10:51:31","modified_gmt":"2023-10-09T10:51:31","slug":"comite-cientifico","status":"publish","type":"page","link":"https:\/\/wp.icmm.csic.es\/quimbioquim-v\/comite-cientifico\/","title":{"rendered":"Organizaci\u00f3n"},"content":{"rendered":"\n<h2 class=\"wp-block-heading has-text-align-center\"><strong>Comit\u00e9 organizador<\/strong><\/h2>\n\n\n\n<div class=\"wp-block-group is-content-justification-center is-nowrap is-layout-flex wp-container-core-group-is-layout-94bc23d7 wp-block-group-is-layout-flex\">\n<figure class=\"wp-block-image size-full is-resized\"><img loading=\"lazy\" decoding=\"async\" src=\"https:\/\/wp.icmm.csic.es\/quimbioquim-v\/wp-content\/uploads\/sites\/62\/2023\/04\/evaGarcia-1.jpg\" alt=\"\" class=\"wp-image-234\" style=\"width:181px;height:264px\" width=\"181\" height=\"264\" srcset=\"https:\/\/wp.icmm.csic.es\/quimbioquim-v\/wp-content\/uploads\/sites\/62\/2023\/04\/evaGarcia-1.jpg 262w, https:\/\/wp.icmm.csic.es\/quimbioquim-v\/wp-content\/uploads\/sites\/62\/2023\/04\/evaGarcia-1-206x300.jpg 206w, https:\/\/wp.icmm.csic.es\/quimbioquim-v\/wp-content\/uploads\/sites\/62\/2023\/04\/evaGarcia-1-103x150.jpg 103w\" sizes=\"auto, (max-width: 181px) 100vw, 181px\" \/><figcaption class=\"wp-element-caption\">Dra. Eva M. Garc\u00eda Frutos (ICMM, CSIC)<br>Presidenta V QuimBioQuim<\/figcaption><\/figure>\n\n\n\n<figure class=\"wp-block-image size-full is-resized\"><img loading=\"lazy\" decoding=\"async\" src=\"https:\/\/wp.icmm.csic.es\/quimbioquim-v\/wp-content\/uploads\/sites\/62\/2023\/04\/margaritaDarder.jpg\" alt=\"\" class=\"wp-image-182\" style=\"width:180px;height:262px\" width=\"180\" height=\"262\" srcset=\"https:\/\/wp.icmm.csic.es\/quimbioquim-v\/wp-content\/uploads\/sites\/62\/2023\/04\/margaritaDarder.jpg 262w, https:\/\/wp.icmm.csic.es\/quimbioquim-v\/wp-content\/uploads\/sites\/62\/2023\/04\/margaritaDarder-206x300.jpg 206w\" sizes=\"auto, (max-width: 180px) 100vw, 180px\" \/><figcaption class=\"wp-element-caption\">Dra. Margarita Darder (ICMM, CSIC)<br>Secretaria V QuimBioQuim<\/figcaption><\/figure>\n<\/div>\n\n\n\n<div class=\"wp-block-group\"><div class=\"wp-block-group__inner-container is-layout-constrained wp-block-group-is-layout-constrained\">\n<div class=\"wp-block-columns is-layout-flex wp-container-core-columns-is-layout-9d6595d7 wp-block-columns-is-layout-flex\"><\/div>\n<\/div><\/div>\n\n\n\n<div class=\"wp-block-group is-nowrap is-layout-flex wp-container-core-group-is-layout-ad2f72ca wp-block-group-is-layout-flex\">\n<figure class=\"wp-block-image size-full is-resized\"><img loading=\"lazy\" decoding=\"async\" src=\"https:\/\/wp.icmm.csic.es\/quimbioquim-v\/wp-content\/uploads\/sites\/62\/2023\/04\/Pilar_Aranda.jpg\" alt=\"\" class=\"wp-image-235\" style=\"width:175px;height:255px\" width=\"175\" height=\"255\" srcset=\"https:\/\/wp.icmm.csic.es\/quimbioquim-v\/wp-content\/uploads\/sites\/62\/2023\/04\/Pilar_Aranda.jpg 262w, https:\/\/wp.icmm.csic.es\/quimbioquim-v\/wp-content\/uploads\/sites\/62\/2023\/04\/Pilar_Aranda-206x300.jpg 206w, https:\/\/wp.icmm.csic.es\/quimbioquim-v\/wp-content\/uploads\/sites\/62\/2023\/04\/Pilar_Aranda-103x150.jpg 103w\" sizes=\"auto, (max-width: 175px) 100vw, 175px\" \/><figcaption class=\"wp-element-caption\">Dra. Pilar Aranda<br>(ICMM, CSIC)<\/figcaption><\/figure>\n\n\n\n<figure class=\"wp-block-image size-full is-resized\"><img loading=\"lazy\" decoding=\"async\" src=\"https:\/\/wp.icmm.csic.es\/quimbioquim-v\/wp-content\/uploads\/sites\/62\/2023\/04\/javierPerez.jpg\" alt=\"\" class=\"wp-image-181\" style=\"width:175px;height:256px\" width=\"175\" height=\"256\" srcset=\"https:\/\/wp.icmm.csic.es\/quimbioquim-v\/wp-content\/uploads\/sites\/62\/2023\/04\/javierPerez.jpg 262w, https:\/\/wp.icmm.csic.es\/quimbioquim-v\/wp-content\/uploads\/sites\/62\/2023\/04\/javierPerez-206x300.jpg 206w\" sizes=\"auto, (max-width: 175px) 100vw, 175px\" \/><figcaption class=\"wp-element-caption\">Dr. Javier P. Carvajal<br>(ICMM, CSIC)<\/figcaption><\/figure>\n\n\n\n<figure class=\"wp-block-image size-full is-resized\"><img loading=\"lazy\" decoding=\"async\" src=\"https:\/\/wp.icmm.csic.es\/quimbioquim-v\/wp-content\/uploads\/sites\/62\/2023\/04\/cristobal.jpg\" alt=\"\" class=\"wp-image-237\" style=\"width:177px;height:256px\" width=\"177\" height=\"256\" \/><figcaption class=\"wp-element-caption\">Prof. Crist\u00f3bal <br>de los R\u00edos (URJC)<\/figcaption><\/figure>\n\n\n\n<figure class=\"wp-block-image size-full is-resized\"><img loading=\"lazy\" decoding=\"async\" src=\"https:\/\/wp.icmm.csic.es\/quimbioquim-v\/wp-content\/uploads\/sites\/62\/2023\/04\/Vanesa.jpg\" alt=\"\" class=\"wp-image-238\" style=\"width:174px;height:253px\" width=\"174\" height=\"253\" srcset=\"https:\/\/wp.icmm.csic.es\/quimbioquim-v\/wp-content\/uploads\/sites\/62\/2023\/04\/Vanesa.jpg 262w, https:\/\/wp.icmm.csic.es\/quimbioquim-v\/wp-content\/uploads\/sites\/62\/2023\/04\/Vanesa-206x300.jpg 206w, https:\/\/wp.icmm.csic.es\/quimbioquim-v\/wp-content\/uploads\/sites\/62\/2023\/04\/Vanesa-103x150.jpg 103w\" sizes=\"auto, (max-width: 174px) 100vw, 174px\" \/><figcaption class=\"wp-element-caption\">Dra. Vanesa Calvino<br>(UNED)<\/figcaption><\/figure>\n\n\n\n<figure class=\"wp-block-image size-full is-resized\"><img loading=\"lazy\" decoding=\"async\" src=\"https:\/\/wp.icmm.csic.es\/quimbioquim-v\/wp-content\/uploads\/sites\/62\/2023\/04\/angelabonachera.jpg\" alt=\"\" class=\"wp-image-239\" style=\"width:174px;height:254px\" width=\"174\" height=\"254\" srcset=\"https:\/\/wp.icmm.csic.es\/quimbioquim-v\/wp-content\/uploads\/sites\/62\/2023\/04\/angelabonachera.jpg 262w, https:\/\/wp.icmm.csic.es\/quimbioquim-v\/wp-content\/uploads\/sites\/62\/2023\/04\/angelabonachera-206x300.jpg 206w, https:\/\/wp.icmm.csic.es\/quimbioquim-v\/wp-content\/uploads\/sites\/62\/2023\/04\/angelabonachera-103x150.jpg 103w\" sizes=\"auto, (max-width: 174px) 100vw, 174px\" \/><figcaption class=\"wp-element-caption\">\u00c1ngela Bonachera <br>(ICMM, CSIC)<\/figcaption><\/figure>\n<\/div>\n\n\n\n<div class=\"wp-block-columns is-layout-flex wp-container-core-columns-is-layout-9d6595d7 wp-block-columns-is-layout-flex\">\n<div class=\"wp-block-column is-layout-flow wp-block-column-is-layout-flow\"><\/div>\n\n\n\n<div class=\"wp-block-column is-layout-flow wp-block-column-is-layout-flow\"><\/div>\n<\/div>\n\n\n\n<p class=\"has-text-align-center\">En colaboraci\u00f3n con&nbsp;<a rel=\"noreferrer noopener\" href=\"https:\/\/www.segoviauned.es\/\" target=\"_blank\"><strong>UNED SEGOVIA<\/strong><\/a> <\/p>\n\n\n<div class=\"wp-block-image is-style-default\">\n<figure class=\"aligncenter size-full\"><img loading=\"lazy\" decoding=\"async\" width=\"804\" height=\"176\" src=\"https:\/\/wp.icmm.csic.es\/quimbioquim-v\/wp-content\/uploads\/sites\/62\/2023\/10\/image-2.png\" alt=\"\" class=\"wp-image-394\" srcset=\"https:\/\/wp.icmm.csic.es\/quimbioquim-v\/wp-content\/uploads\/sites\/62\/2023\/10\/image-2.png 804w, https:\/\/wp.icmm.csic.es\/quimbioquim-v\/wp-content\/uploads\/sites\/62\/2023\/10\/image-2-300x66.png 300w, https:\/\/wp.icmm.csic.es\/quimbioquim-v\/wp-content\/uploads\/sites\/62\/2023\/10\/image-2-768x168.png 768w, https:\/\/wp.icmm.csic.es\/quimbioquim-v\/wp-content\/uploads\/sites\/62\/2023\/10\/image-2-150x33.png 150w\" sizes=\"auto, (max-width: 804px) 100vw, 804px\" \/><\/figure>\n<\/div>\n\n\n<h2 class=\"wp-block-heading has-text-align-center\"><strong>Comit\u00e9 Cient\u00edfico<\/strong><\/h2>\n\n\n\n<p class=\"has-text-align-center\">Prof. Rosa Mart\u00edn Aranda (UNED)<\/p>\n\n\n\n<p class=\"has-text-align-center\">Prof. Carlos Alonso Moreno (UCLM)<\/p>\n\n\n\n<p class=\"has-text-align-center\">Dra. Patricia Horcajada Cort\u00e9s (IMDEA Energ\u00eda)<\/p>\n\n\n\n<p class=\"has-text-align-center\">Prof. Amparo Navarro Rasc\u00f3n (UJA)<\/p>\n\n\n\n<p class=\"has-text-align-center\">Prof. Andr\u00e9s Garz\u00f3n Ruiz (UCLM)<\/p>\n\n\n\n<p class=\"has-text-align-center\">Prof. Joaqu\u00edn Calixto Garc\u00eda Mart\u00ednez (UCLM)<\/p>\n\n\n\n<p class=\"has-text-align-center\">Prof. Alfonso Salinas (UGR)<\/p>\n\n\n\n<p class=\"has-text-align-center\">Dra. Beatriz Hernandez Ju\u00e1rez (ICMM, CSIC)<\/p>\n\n\n\n<p class=\"has-text-align-center\">Dr. Jos\u00e9 Mar\u00eda Abad (ICP, CSIC)<\/p>\n","protected":false},"excerpt":{"rendered":"<p>Comit\u00e9 organizador En colaboraci\u00f3n con&nbsp;UNED SEGOVIA Comit\u00e9 Cient\u00edfico Prof. Rosa Mart\u00edn Aranda (UNED) Prof. Carlos Alonso Moreno (UCLM) Dra. Patricia Horcajada Cort\u00e9s (IMDEA Energ\u00eda) Prof. Amparo Navarro Rasc\u00f3n (UJA) Prof. Andr\u00e9s Garz\u00f3n Ruiz (UCLM) Prof. Joaqu\u00edn Calixto Garc\u00eda Mart\u00ednez (UCLM) Prof. Alfonso Salinas (UGR) Dra. Beatriz Hernandez Ju\u00e1rez (ICMM, CSIC)&#8230;<\/p>\n<p> <a class=\"continue-reading-link\" href=\"https:\/\/wp.icmm.csic.es\/quimbioquim-v\/comite-cientifico\/\"><span>Continue reading<\/span><i class=\"crycon-right-dir\"><\/i><\/a> <\/p>\n","protected":false},"author":110,"featured_media":0,"parent":0,"menu_order":0,"comment_status":"closed","ping_status":"closed","template":"","meta":{"footnotes":""},"class_list":["post-52","page","type-page","status-publish","hentry"],"_links":{"self":[{"href":"https:\/\/wp.icmm.csic.es\/quimbioquim-v\/wp-json\/wp\/v2\/pages\/52","targetHints":{"allow":["GET"]}}],"collection":[{"href":"https:\/\/wp.icmm.csic.es\/quimbioquim-v\/wp-json\/wp\/v2\/pages"}],"about":[{"href":"https:\/\/wp.icmm.csic.es\/quimbioquim-v\/wp-json\/wp\/v2\/types\/page"}],"author":[{"embeddable":true,"href":"https:\/\/wp.icmm.csic.es\/quimbioquim-v\/wp-json\/wp\/v2\/users\/110"}],"replies":[{"embeddable":true,"href":"https:\/\/wp.icmm.csic.es\/quimbioquim-v\/wp-json\/wp\/v2\/comments?post=52"}],"version-history":[{"count":31,"href":"https:\/\/wp.icmm.csic.es\/quimbioquim-v\/wp-json\/wp\/v2\/pages\/52\/revisions"}],"predecessor-version":[{"id":395,"href":"https:\/\/wp.icmm.csic.es\/quimbioquim-v\/wp-json\/wp\/v2\/pages\/52\/revisions\/395"}],"wp:attachment":[{"href":"https:\/\/wp.icmm.csic.es\/quimbioquim-v\/wp-json\/wp\/v2\/media?parent=52"}],"curies":[{"name":"wp","href":"https:\/\/api.w.org\/{rel}","templated":true}]}}