{"id":92,"date":"2023-03-21T12:13:21","date_gmt":"2023-03-21T12:13:21","guid":{"rendered":"https:\/\/wp.icmm.csic.es\/quimbioquim-v\/?page_id=92"},"modified":"2023-10-09T10:50:46","modified_gmt":"2023-10-09T10:50:46","slug":"patrocinadores","status":"publish","type":"page","link":"https:\/\/wp.icmm.csic.es\/quimbioquim-v\/patrocinadores\/","title":{"rendered":"Patrocinadores"},"content":{"rendered":"\n<p class=\"has-text-align-center\">Universidad Nacional de Educaci\u00f3n a Distancia (<a href=\"https:\/\/www.uned.es\/universidad\/inicio.html\">UNED<\/a>)<\/p>\n\n\n\n<p class=\"has-text-align-center\">Diputaci\u00f3n de Segovia<\/p>\n\n\n\n<p class=\"has-text-align-center\"><a rel=\"noreferrer noopener\" href=\"https:\/\/www.elitestudios.es\/\" data-type=\"URL\" data-id=\"https:\/\/www.elitestudios.es\/\" target=\"_blank\">\u00c9lite Studios <\/a>Madrid<\/p>\n\n\n\n<p class=\"has-text-align-center\">Grupo Especializado Nanociencia y Materiales Moleculares, <a href=\"https:\/\/genam.rseq.org\/\">GENAM<\/a> (RSEQ y RSEF)<\/p>\n\n\n\n<figure class=\"wp-block-image size-full is-resized\"><img loading=\"lazy\" decoding=\"async\" src=\"https:\/\/wp.icmm.csic.es\/quimbioquim-v\/wp-content\/uploads\/sites\/62\/2023\/10\/image.png\" alt=\"\" class=\"wp-image-390\" style=\"width:846px;height:546px\" width=\"846\" height=\"546\" srcset=\"https:\/\/wp.icmm.csic.es\/quimbioquim-v\/wp-content\/uploads\/sites\/62\/2023\/10\/image.png 716w, https:\/\/wp.icmm.csic.es\/quimbioquim-v\/wp-content\/uploads\/sites\/62\/2023\/10\/image-300x194.png 300w, https:\/\/wp.icmm.csic.es\/quimbioquim-v\/wp-content\/uploads\/sites\/62\/2023\/10\/image-150x97.png 150w\" sizes=\"auto, (max-width: 846px) 100vw, 846px\" \/><\/figure>\n\n\n\n<h3 class=\"wp-block-heading\">Colaboradores<\/h3>\n\n\n\n<p class=\"has-text-align-center\">Aceites <a rel=\"noreferrer noopener\" href=\"https:\/\/www.orobailen.com\/\" target=\"_blank\">Oro de Bail\u00e9n<\/a><\/p>\n\n\n<div class=\"wp-block-image\">\n<figure class=\"aligncenter size-full\"><img loading=\"lazy\" decoding=\"async\" width=\"63\" height=\"106\" src=\"https:\/\/wp.icmm.csic.es\/quimbioquim-v\/wp-content\/uploads\/sites\/62\/2023\/10\/image-1.png\" alt=\"\" class=\"wp-image-392\" \/><\/figure>\n<\/div>","protected":false},"excerpt":{"rendered":"<p>Universidad Nacional de Educaci\u00f3n a Distancia (UNED) Diputaci\u00f3n de Segovia \u00c9lite Studios Madrid Grupo Especializado Nanociencia y Materiales Moleculares, GENAM (RSEQ y RSEF) Colaboradores Aceites Oro de Bail\u00e9n<\/p>\n<p> <a class=\"continue-reading-link\" href=\"https:\/\/wp.icmm.csic.es\/quimbioquim-v\/patrocinadores\/\"><span>Continue reading<\/span><i class=\"crycon-right-dir\"><\/i><\/a> <\/p>\n","protected":false},"author":110,"featured_media":0,"parent":0,"menu_order":0,"comment_status":"closed","ping_status":"closed","template":"","meta":{"footnotes":""},"class_list":["post-92","page","type-page","status-publish","hentry"],"_links":{"self":[{"href":"https:\/\/wp.icmm.csic.es\/quimbioquim-v\/wp-json\/wp\/v2\/pages\/92","targetHints":{"allow":["GET"]}}],"collection":[{"href":"https:\/\/wp.icmm.csic.es\/quimbioquim-v\/wp-json\/wp\/v2\/pages"}],"about":[{"href":"https:\/\/wp.icmm.csic.es\/quimbioquim-v\/wp-json\/wp\/v2\/types\/page"}],"author":[{"embeddable":true,"href":"https:\/\/wp.icmm.csic.es\/quimbioquim-v\/wp-json\/wp\/v2\/users\/110"}],"replies":[{"embeddable":true,"href":"https:\/\/wp.icmm.csic.es\/quimbioquim-v\/wp-json\/wp\/v2\/comments?post=92"}],"version-history":[{"count":23,"href":"https:\/\/wp.icmm.csic.es\/quimbioquim-v\/wp-json\/wp\/v2\/pages\/92\/revisions"}],"predecessor-version":[{"id":393,"href":"https:\/\/wp.icmm.csic.es\/quimbioquim-v\/wp-json\/wp\/v2\/pages\/92\/revisions\/393"}],"wp:attachment":[{"href":"https:\/\/wp.icmm.csic.es\/quimbioquim-v\/wp-json\/wp\/v2\/media?parent=92"}],"curies":[{"name":"wp","href":"https:\/\/api.w.org\/{rel}","templated":true}]}}