{"id":116,"date":"2018-01-24T08:39:01","date_gmt":"2018-01-24T08:39:01","guid":{"rendered":"http:\/\/www.icmm.csic.es\/realm\/?page_id=116"},"modified":"2025-08-05T16:39:45","modified_gmt":"2025-08-05T16:39:45","slug":"publications-nanoparticles","status":"publish","type":"page","link":"https:\/\/wp.icmm.csic.es\/realm\/publications-nanoparticles\/","title":{"rendered":"Publications nanoparticles"},"content":{"rendered":"<p><strong>Upconverting Nanoparticles in Aqueous Media: Not a Dead-End Road. Avoiding Degradation by Using Hydrophobic Polymer Shells<\/strong>, D. Mendez-Gonzalez, V. Torres Vera, I. Zabala Guti\u00e9rrez, C. Gerke, C. Cascales, J. Rubio-Retama, O. G. Calder\u00f3n, S. Melle, M. Laurenti, Small 2021, 2105652.\u00a0 https:\/\/doi.org\/ 10.1002\/smll.202105652<\/p>\n<p><strong><img loading=\"lazy\" decoding=\"async\" class=\"aligncenter wp-image-594 size-medium\" src=\"https:\/\/wp.icmm.csic.es\/realm\/wp-content\/uploads\/sites\/28\/2025\/08\/smll202105652-gra-0001-m-300x273.jpg\" alt=\"\" width=\"300\" height=\"273\" srcset=\"https:\/\/wp.icmm.csic.es\/realm\/wp-content\/uploads\/sites\/28\/2025\/08\/smll202105652-gra-0001-m-300x273.jpg 300w, https:\/\/wp.icmm.csic.es\/realm\/wp-content\/uploads\/sites\/28\/2025\/08\/smll202105652-gra-0001-m.jpg 394w\" sizes=\"auto, (max-width: 300px) 100vw, 300px\" \/><\/strong><\/p>\n<p>&nbsp;<\/p>\n<p><strong style=\"font-size: 1rem\">Efficient up-conversion in Yb:Er:NaT(XO4)2 thermal nanoprobes. Imaging of their distribution in a perfused mouse, <\/strong><span style=\"font-size: 1rem\">\u00a0C. Zaldo, M. D. Serrano, X. Han, C. Cascales, M. Cantero, L. Montoliu, E. Arza, V. R. Caiolfa, M. Zamai, <\/span><em style=\"font-size: 1rem\">PLoS ONE 1<\/em><span style=\"font-size: 1rem\">2(5): e0177596. <\/span><a style=\"font-size: 1rem\" href=\"https:\/\/doi.org\/10.1371\/journal.pone.0177596\">https:\/\/doi.org\/10.1371\/journal.pone.0177596<\/a><\/p>\n<p><strong>Ultrasmall, water dispersible, TWEEN80 modified Yb:Er:NaGd(WO4)2 nanoparticles with record upconversion ratiometric thermal sensitivity and their internalization by mesenchymal stem cells,<\/strong> C. Cascales, C. L. Pa\u00edno, E. Baz\u00e1n, and C. Zaldo, <em>Nanotechnology<\/em> 28 (2017) 185101 (11pp).<a href=\"https:\/\/doi.org\/10.1088\/1361-6528\/aa6834\">\u00a010.1088\/1361-6528\/aa6834<\/a><\/p>\n<p><strong>Novel low-cost, compact and fast signal processing sensor for ratiometric luminescent nanothermometry<\/strong>, Ol. A. Savchuk, J. J. Carvajal, J. Massons, C. Cascales, M. Aguil\u00f3 and F. D\u00edaz, <em>Sensors and Actuators<\/em> A 250 (2016) 87-95. http:\/\/dx.doi.org\/10.1016\/j.sna.2016.08.031.<\/p>\n<p><strong>Thermochromic upconversion nanoparticles for visual temperature sensors with high thermal, spatial and temporal resolution,<\/strong> Ol. A. Savchuk, J. J. Carvajal, C. Cascales, J. Massons, M. Aguil\u00f3 and F. D\u00edaz. <em>Mater. Chem. C<\/em>, 2016, 4, 6602-66013.\u00a0 10.1039\/c6tc01841f<\/p>\n<p><strong>Benefits of Silica Core\u2212Shell Structures on the Temperature Sensing Properties of Er,Yb:GdVO4 Up-Conversion Nanoparticles,<\/strong> O. A. Savchuk, J. J. Carvajal, C. Cascales, M. Aguilo\u0301, F. D\u00edaz, <em>ACS Appl. Mater. Interfaces <\/em>2016, 8, 7266\u22127273.<\/p>\n<p><strong>Nanoparticulate coatings with efficient up-conversion properties<\/strong>, G. Dantelle, R. Calderon-Villajos, C. Zaldo, C. Cascales, T. Gacoin, <em>ACS Applied Materials &amp; Interfaces<\/em> 6 (2014), 22483\u221222489.<\/p>\n<p><strong>High thermal sensitivity and selectable upconversion color of Ln, Yb:Y<sub>6<\/sub>O<sub>5<\/sub>F<sub>8<\/sub> nanotubes. <\/strong>C. Zaldo, C. Cascales <em>Phys. Chem. Chem. Phys<\/em>. 2014, 16, 23274-23285.<\/p>\n<p><strong>White light upconversion in Yb-sensitized (Tm, Ho)-doped KLu(WO<sub>4<\/sub>)<sub>2<\/sub> nanocrystals. Effect of Eu incorporation. <\/strong>E.W. Barrera, M.C. Pujol, J.J. Carvajal, X. Mateos, R.M. Sol\u00e9, J. Massons, A. Speguini, M. Bettinelli, C. Cascales, M. Aguil\u00f3 and F. D\u00edaz, <em>Phys. Chem. Chem. Phys<\/em>., 2014, 16, 1679-1686.<\/p>\n<p><strong>Enhanced upconversion multicolor and white light luminescence in SiO<sub>2<\/sub>-coated lanthanide-doped GdVO<sub>4<\/sub> hydrothermal nanocrystals, <\/strong>R. Calder\u00f3n-Villajos, C. Zaldo and C. Cascales. <em>Nanotechnology<\/em> 23 (2012) 505205 (10pp) (Publishers\u00b4s pick of December 2012).<\/p>\n<p><strong>From porous to dense Tm<sup>3+<\/sup>&#8211; Lu<sub>2<\/sub>O<sub>3 <\/sub>micro- and nanosized crystalline morphologies designed through hydrothermal precursors: assesment on infrared emission properties<\/strong>, C. Cascales, C. Zaldo, F. Esteban-Beteg\u00f3n, R. Calder\u00f3n-Villajos, <em>CrystEngComm<\/em> 14 (2012) 3577-3585.<\/p>\n<p><strong>Micro- and nanosized architectures in hydrothermal Tm<sup>3+<\/sup>-doped GdVO<sub>4<\/sub>: chemical insights towards preservation of the emission efficiency<\/strong>, R. Calder\u00f3n-Villajos, C. Zaldo and C. Cascales<strong>, <em>CrystEngComm<\/em><\/strong> 14 (2012) 2756-2768.<\/p>\n<p><strong>Spectroscopic characterization of sol-gel synthesized Tm-Lu<sub>2<\/sub>O<sub>3<\/sub> nanocrystals<\/strong>, E. W. Barrera, M.C. Pujol, C. Cascales, C. Zaldo, K. H. Park, S. B. Choi, F. Rotermund, J.J. Carvajal, X. Mateos, M. Aguil\u00f3 and\u00a0 F. D\u00edaz, <em>Applied Physics B-Lasers and Optics<\/em> 106 (2012) 409-417.<\/p>\n<p><strong>Synthesis and structural characterization of Tm-Lu<sub>2<\/sub>O<sub>3<\/sub> nanocrystals: An approach towards new laser ceramics,<\/strong> E. W. Barrera, M.C. Pujol, C. Cascales, J. J. Carvajal, X. Mateos, M. Aguil\u00f3 and F. D\u00edaz, <em>Optical Materials<\/em> 34 (2011) 722-727.<\/p>\n<p><strong>Synthesis and characterization of core-shell SiO<sub>2<\/sub>@(Er<sup>3+<\/sup>, Yb<sup>3+<\/sup>): Lu<sub>2<\/sub>O<sub>3<\/sub><\/strong>, W. Barrera, M.C. Pujol, C. Cascales, J. J. Carvajal, X. Mateos, R. Sol\u00e9, J. Massons, M. Aguil\u00f3 and F. D\u00edaz, <em>Optical Materials<\/em> 34 (2011) 355-359.<\/p>\n<p><strong>Hydrothermal trivalent lanthanide doped Lu<sub>2<\/sub>O<sub>3<\/sub> nanorods: Evaluation of the influence of the surface in optical emission properties<\/strong>, E. W. Barrera, M.C. Pujol, F. D\u00edaz, S. B. Choi, F. Rotermund, and C. Cascales, <em>Optical Materials<\/em> 34 (2011) 399-403.<\/p>\n<p><strong>Emission properties of hydrothermal Yb<sup>3+<\/sup>, Er<sup>3+<\/sup> and\u00a0 Yb<sup>3+<\/sup>, Tm<sup>3+<\/sup>-codoped Lu<sub>2<\/sub>O<sub>3<\/sub> nanorods: upconversion, cathodoluminescence and assessment on waveguide behavior<\/strong>, E. W. Barrera, M.C. Pujol, F. D\u00edaz, S. B. Choi, F. Rotermund, K. H. Park, M. S. Jeong and C. Cascales,<em>Nanotechnology<\/em> 22 (2011) 075205 (15pp). <em>doi:10.1088\/0957-4484\/22\/7\/075205<strong>. <\/strong><\/em>(Selected by Editors as Cover Article).<\/p>\n<p><strong>Hydrothermal Tm<sup>3+<\/sup>-Lu<sub>2<\/sub>O<sub>3<\/sub> Nanorods with Highly Efficient 2 \u00b5m Emission, <\/strong>\u00a0F. Esteban-Beteg\u00f3n, C. Zaldo, C. Cascales, <em>Inorganic Chemistry<\/em> <em>50 (2011) 1836-2843<\/em>.<\/p>\n<p><strong>Morphology controlled hydrothermal synthesis processes and emission near 2 \u00b5m of Tm<sup>3+<\/sup>-doped Lu<sub>2<\/sub>O<sub>3<\/sub> nanostructures,<\/strong> C. Cascales, F. Esteban-Beteg\u00f3n and C. Zaldo<strong>, <\/strong><em>Phys. Status Solidi C 7, No. 11\u201312 (2010) 2675\u20132678.\u00a0 <\/em><\/p>\n<p><strong>Hydrothermal Yb<sup>3+<\/sup> doped NaGd(WO<sub>4<\/sub>)<sub>2<\/sub> Nano- and Micrometer-Sized Crystals with Preserved Photoluminescence Properties,<\/strong> F. Esteban-Beteg\u00f3n, C. Zaldo, C. Cascales, <em>Chemistry of Materials<\/em><em> 22 (2010) 2315-2324. <\/em><\/p>\n","protected":false},"excerpt":{"rendered":"<p>Upconverting Nanoparticles in Aqueous Media: Not a Dead-End Road. Avoiding Degradation by Using Hydrophobic Polymer Shells, D. Mendez-Gonzalez, V. Torres Vera, I. Zabala Guti\u00e9rrez, C. Gerke, C. Cascales, J. Rubio-Retama, O. G. Calder\u00f3n, S. Melle, M. Laurenti, Small 2021, 2105652.\u00a0 https:\/\/doi.org\/ 10.1002\/smll.202105652 &nbsp; Efficient up-conversion in Yb:Er:NaT(XO4)2 thermal nanoprobes. Imaging of their distribution in a &hellip; <\/p>\n<p class=\"link-more\"><a href=\"https:\/\/wp.icmm.csic.es\/realm\/publications-nanoparticles\/\" class=\"more-link\">Continuar leyendo<span class=\"screen-reader-text\"> \u00abPublications nanoparticles\u00bb<\/span><\/a><\/p>\n","protected":false},"author":51,"featured_media":0,"parent":0,"menu_order":0,"comment_status":"closed","ping_status":"closed","template":"","meta":{"footnotes":""},"class_list":["post-116","page","type-page","status-publish","hentry"],"_links":{"self":[{"href":"https:\/\/wp.icmm.csic.es\/realm\/wp-json\/wp\/v2\/pages\/116","targetHints":{"allow":["GET"]}}],"collection":[{"href":"https:\/\/wp.icmm.csic.es\/realm\/wp-json\/wp\/v2\/pages"}],"about":[{"href":"https:\/\/wp.icmm.csic.es\/realm\/wp-json\/wp\/v2\/types\/page"}],"author":[{"embeddable":true,"href":"https:\/\/wp.icmm.csic.es\/realm\/wp-json\/wp\/v2\/users\/51"}],"replies":[{"embeddable":true,"href":"https:\/\/wp.icmm.csic.es\/realm\/wp-json\/wp\/v2\/comments?post=116"}],"version-history":[{"count":2,"href":"https:\/\/wp.icmm.csic.es\/realm\/wp-json\/wp\/v2\/pages\/116\/revisions"}],"predecessor-version":[{"id":601,"href":"https:\/\/wp.icmm.csic.es\/realm\/wp-json\/wp\/v2\/pages\/116\/revisions\/601"}],"wp:attachment":[{"href":"https:\/\/wp.icmm.csic.es\/realm\/wp-json\/wp\/v2\/media?parent=116"}],"curies":[{"name":"wp","href":"https:\/\/api.w.org\/{rel}","templated":true}]}}