{"id":119,"date":"2018-01-24T08:41:04","date_gmt":"2018-01-24T08:41:04","guid":{"rendered":"http:\/\/www.icmm.csic.es\/realm\/?page_id=119"},"modified":"2018-01-24T08:41:04","modified_gmt":"2018-01-24T08:41:04","slug":"publications-laser","status":"publish","type":"page","link":"https:\/\/wp.icmm.csic.es\/realm\/publications-laser\/","title":{"rendered":"Publications laser"},"content":{"rendered":"<h1><strong>Laser<\/strong><\/h1>\n<p>\u201cMode-locked laser operation of Indium-modified KY(WO<sub>4<\/sub>)<sub>2<\/sub> single crystal\u201d E. Castellano-Hern\u00e1ndez, X. Han, M. Rico, L. Roso, C. Cascales, C. Zaldo. Optics Express vol 23, pgs 11135-11140, 2015. (doi: 10.1364\/OE.23.011135).<\/p>\n<p>&nbsp;<\/p>\n<p>\u201cThermal characterization, crystal field analysis and in-band pumped laser performance of Er doped NaY(WO<sub>4<\/sub>)<sub>2<\/sub> disordered laser crystals\u201d. M. D. Serrano, C. Cascales, X. Han, P. Stachowiak V. Fromzel, <sup>\u00a0<\/sup>N. Ter-Gabrielyan, C. Zaldo, A. Jezowski, M. Dubinskii. PLOS ONE vol 8 (3), e59381, 2013. (doi:10.1371\/journal.pone.0059381).<\/p>\n<p>\u201cEfficient infrared (\u00bb1.9-20 mm) laser operation in defect-free Tm:NaGd(MoO<sub>4<\/sub>)<sub>2<\/sub> crystal\u201d. X. Han, M. Rico, M. D. Serrano, C. Cascales and C. Zaldo. Laser Physics Letters vol. 10, N\u00ba 045808, 2013. (doi: 10.1088\/1612-2011\/10\/4\/045808).<\/p>\n<p>\u201cComparative study of crystallographic, spectroscopic and laser properties of Tm<sup>3+<\/sup> in NaT(WO<sub>4<\/sub>)<sub>2<\/sub>, T=Gd, La, Y and Lu, single crystals\u201d J. M. Cano-Torres, M. Rico, X. Han, M. D. Serrano, C. Cascales, C. Zaldo, V. Petrov, U. Griebner, X. Mateos, P. Koopmann and C. Kr\u00e4nkel. \u00a0Physical Review B vol 84, 174207, 2011. (doi: 1098-0121\/2011\/84(17)\/174207(15) ).<\/p>\n<p>\u201cSpectroscopic characterization and laser performance of resonantly diode-pumped Er<sup>3+<\/sup>-doped disordered NaY(WO<sub>4<\/sub>)<sub>2<\/sub>\u201d M. Dubinskii, V. Fromzel, N. Ter-Gabrielyan, M. D. Serrano, D. E. Lahera, C. Cascales and C. Zaldo, Optics Letters vol 36, pg. 3263-3265, 2011.<\/p>\n<p>\u201cEfficient mid-infrared laser operation of Li<sub>3<\/sub>Lu<sub>3-x<\/sub>Tm<sub>x<\/sub>Ba<sub>2<\/sub>(MoO<sub>4<\/sub>)<sub>8<\/sub> disordered crystal\u201d M. Rico, X. Han, C. Cascales, F. Esteban-Beteg\u00f3n, C. Zaldo. Optics Express vol. 19, pag. 7640-7645, 2011.<\/p>\n<p>\u201cFemtosecond (191 fs) NaY(WO<sub>4<\/sub>)<sub>2<\/sub> Tm,Ho co-doped laser at 2060 nm\u201d A. A. Lagatsky, X. Han, M. D. Serrano, C. Cascales, C. Zaldo, S. Calvez, M. D. Dawson, J. A. Gupta, C. T. A. Brown and W. Sibbett. Optics Letters vol. 35, pg. 3027-3029, 2010.<\/p>\n<p>\u201cContinuous-wave laser operation of Tm and Ho co-doped NaY(WO<sub>4<\/sub>)<sub>2 <\/sub>and NaLu(WO<sub>4<\/sub>)<sub>2 <\/sub>crystals\u201d X. Han, F. Fusari, A. A. Lagatsky, M. D. Serrano, J. M. Cano-Torres, C. T. A. Brown, C. Zaldo and W. Sibbett, Optics Express vol. 18, pg 5413-5419, 2010.<\/p>\n<p>\u201cContinuous wave tunable and femtosecond mode-locked laser operation of Yb:NaY(MoO<sub>4<\/sub>)<sub>2<\/sub>\u201d. A. Schmidt, S. Rivier, V. Petrov, U. Griebner, X. Han, J. M. Cano-Torres, A. Garc\u00eda-Cort\u00e9s, M. D. Serrano, C. Cascales and C. Zaldo. Journal of the Optical Society of America B vol 25, pg. 1341-1349, \u00a02008.<\/p>\n<p>\u201cDiode pumped femtosecond Yb:NaY(WO<sub>4<\/sub>)<sub>2 <\/sub>laser\u201d A. Schmidt, S. Rivier, V. Petrov, U. Griebner, A. Garc\u00eda-Cort\u00e9s, F. Esteban-Beteg\u00f3n, M. D. Serrano and C. Zaldo. Electronics Letters vol 44 (13), 806-807,\u00a0 2008.<\/p>\n<p>\u201cSpectroscopy and efficient laser operation near 1.95 mm of Tm<sup>3+ <\/sup>in disordered NaLu(WO<sub>4<\/sub>)<sub>2<\/sub>\u201d X. Han, J. M. Cano-Torres, M. Rico, C. Cascales, C. Zaldo, X. Mateos, S. Rivier, U. Griebner and V. Petrov. Journal of Applied Physics vol. 103, pg. 083110-1-8, 2008.<\/p>\n<p>\u201cLaser operation of Yb<sup>3+<\/sup> in disordered Li<sub>0.75<\/sub>Gd<sub>0.75<\/sub>Ba<sub>0.5<\/sub>(MoO<sub>4<\/sub>)<sub>2<\/sub> crystal with small quantum defect\u201d. A. Garc\u00eda-Cort\u00e9s, C. Zaldo, C. Cascales, X. Mateos and V. Petrov. Optics Express vol 15, pg. 18162-18167, 2007.<\/p>\n<p>\u201cSpectroscopy and lasing of Yb-doped NaY(WO<sub>4<\/sub>)<sub>2<\/sub>: Tunable and femtosecond mode-locked laser operation\u201d A. Garc\u00eda-Cort\u00e9s, J. M. Cano-Torres, M. D. Serrano, C. Cascales, C. Zaldo, S. Rivier, X. Mateos, U. Griebner and V. Petrov. IEEE Journal of Quantum Electronics vol 43, pg. 758-764, \u00a02007.<\/p>\n<p>\u00abCrystal field analysis and emission cross sections of Ho<sup>3+<\/sup> in the locally disordered single-crystal laser hosts M<sup>+<\/sup>Bi(XO<sub>4<\/sub>)<sub>2<\/sub> (M<sup>+<\/sup>= Li or Na and X=W or Mo)\u00bb. A. M\u00e9ndez-Blas, M. Rico, V. Volkov, C. Zaldo and C. Cascales. Physical Review B vol 75, 174208-1-14, 2007.<\/p>\n<p>\u201cTunable continuous-wave and femtosecond mode-locked laser operation of Yb-doped NaLu(WO<sub>4<\/sub>)<sub>2<\/sub> single crystals\u201d. A. Garc\u00eda-Cort\u00e9s, J. M. Cano-Torres, X. Han, C. Cascales, C. Zaldo, X. Mateos, S. Rivier, U. Griebner, V. Petrov and F. J. Valle. Journal of Applied Physics vol 101, 063110-1-7, 2007.<\/p>\n<p>\u201cRaman shifting and Nd<sup>3+<\/sup> laser operation in NaLa(WO<sub>4<\/sub>)<sub>2<\/sub>\u201d. A. Garc\u00eda-Cort\u00e9s, C. Cascales, A. de Andr\u00e9s, C. Zaldo, E. V. Zharikov, K. A. Subbotin, S. Bjurshagen, V. Pasiskevicius and M. Rico. IEEE Journal Quantum Electronics vol 43, pg 157-167, 2007.<\/p>\n<p>\u201cContinuous-wave diode-pumped operation of an Yb:NaLa(WO<sub>4<\/sub>)<sub>2<\/sub> laser at room temperature\u201d. \u00a0Junhai Liu, Jos\u00e9 Mar\u00eda Cano-Torres, F\u00e1tima Esteban-Beteg\u00f3n, Mar\u00eda Dolores Serrano, Concepci\u00f3n Cascales, Carlos Zaldo, Mauricio Rico, Uwe Griebner, Valentin Petrov. Optics Laser Technology vol 39, pgs 558-561, 2007.<\/p>\n<p>\u201cBroadly tunable laser operation near 2 mm of Tm<sup>3+<\/sup> in locally disordered crystal of NaGd(WO<sub>4<\/sub>)<sub>2<\/sub>\u201d. J. M. Cano-Torres, M. D. Serrano, C. Zaldo, M. Rico, X. Mateos, J. Liu, U. Griebner, V. Petrov, F. J. Valle, M. Gal\u00e1n, G. Viera. Journal of the Optical Society of America B vol 23(12) 2494-2502, 2006.<\/p>\n<p>\u201cStructural, spectroscopic, and tunable laser properties of Yb<sup>3+<\/sup>-doped NaGd(WO<sub>4<\/sub>)<sub>2<\/sub>\u201d.\u00a0 C. Cascales, M. D. Serrano, F. Esteban-Beteg\u00f3n, C. Zaldo, R. Peters, K. Peterman, G. Huber, L. Ackermann, D. Rytz, C. Dupr\u00e9, M. \u00a0Rico, J. Liu, U. Griebner, V.\u00a0 Petrov. \u00a0Physical Review B. vol 74, 174114-1-15, 2006.<\/p>\n<p>\u201cPolarization and local disorder effects on the Er<sup>3+<\/sup> spectroscopy in XBi(YO<sub>4<\/sub>)<sub>2<\/sub>, X=Li or Na and Y= W or Mo, crystalline laser hosts\u201d. M. M\u00e9ndez-Blas, M. Rico, V. Volkov, M. A. Monge, C. Cascales, A. Kling, M.T. Fern\u00e1ndez-D\u00edaz and C. Zaldo.\u00a0 Journal of the Optical Society of America B \u00a0vol 23(10), 2066-2078, 2006.<\/p>\n<p>\u201cGrowth, spectroscopy and tunable laser operation of the disordered crystal LiGd(MoO<sub>4<\/sub>)<sub>2<\/sub> doped with ytterbium\u201d . M. Rico, U. Griebner, V. Petrov, P. Ortega, X. Han, C. Cascales and \u00a0C. Zaldo. Journal Optical Society of America B. vol 23(6), 1083-1090, 2006.<\/p>\n<p>\u201cContinuous wave and tunable laser operation of Yb<sup>3+<\/sup> in disordered NaLa(MoO<sub>4<\/sub>)<sub>2\u00a0<\/sub>M. Rico, J. Liu, J. M. Cano-Torres, A. Garc\u00eda-Cort\u00e9s, C. Cascales, C. Zaldo, U. Griebner, V. Petrov. Applied Physics B vol 81, 621-625, 2005.<\/p>\n<p>\u201cGrowth and continuous-wave laser operation of disordered crystals of Yb<sup>3+<\/sup>:NaLa(WO<sub>4<\/sub>)<sub>2<\/sub> and Yb<sup>3+<\/sup>:NaLa(MoO<sub>4<\/sub>)<sub>2<\/sub>\u201d J. Liu, J. M. Cano-Torres, C. Cascales, F. Esteban-Beteg\u00f3n, M. D. Serrano, V. Volkov, C. Zaldo, M. Rico, U. Griebner, and V. Petrov. Physica Status Solidi (a) Rapid Reseach Letters\u00a0 vol 202, N\u00ba4, pag R29-R31, 2005.<\/p>\n<p>\u201cTunable laser operation of ytterbium in disordered single crystals of Yb:NaGd(WO<sub>4<\/sub>)<sub>2<\/sub>\u201d M. Rico, J. Liu, U. Griebner, V. Petrov, M. D. Serrano, F. Esteban-Beteg\u00f3n, C. Cascales, C. Zaldo. Optics Express vol 12(22), pag 5362-5367, 2004.<\/p>\n<p>\u00abOptical spectroscopy of Pr<sup>3+<\/sup> in M<sup>+<\/sup>Bi(XO<sub>4<\/sub>)<sub>2<\/sub>, M<sup>+<\/sup>= Li or Na and X=W or Mo, locally disordered single crystals\u00bb. A. M\u00e9ndez-Blas, M. Rico, V. Volkov, C. Cascales, C. Zaldo, C. Coya, A. Kling and L. C. Alves. Journal of Physics: Condensed Matter 16, 2139-2160, 2004.<\/p>\n<p>\u201cOptical emission properties of Nd<sup>3+<\/sup> in NaBi(WO<sub>4<\/sub>)<sub>2<\/sub> single crystal\u201d. A. M\u00e9ndez-Blas, M. Rico, V. Volkov, C. Zaldo and C. Cascales. Molecular Physics vol. 101, 941-949, 2003.<\/p>\n<p>\u201cMeasurement and crystal-field analysis of energy levels of Er<sup>3+<\/sup> in disordered\u00a0 crystals of NaBi(XO<sub>4<\/sub>)<sub>2<\/sub>, X= Mo and W\u201d. M. Rico, V. Volkov, C. Cascales and C. Zaldo. Chemical Physics vol. 279, 73-86, 2002.<\/p>\n<p>\u00abCrystalline structure and optical spectroscopy of Er<sup>3+<\/sup> doped KGd(WO<sub>4<\/sub>)<sub>2<\/sub> single crystals. M. C. Pujol, M. Rico, R. Sol\u00e9, V. Nikolov, X. Solans, M. Aguil\u00f3, F. D\u00edaz V. Nikolov and C. Zaldo. Applied Physics B, 68, 187-197, 1999.<\/p>\n<p>\u201cEstimation of cross sections and spectroscopy of Ho<sup>3+<\/sup> laser channels in KGd(WO<sub>4<\/sub>)<sub>2<\/sub> single crystal\u201d. M.C. Pujol, J. Massons, M. Aguil\u00f3, F. D\u00edaz, M. Rico and C. Zaldo.\u00a0 IEEE Journal of Quantum Electronics, vol 38, 93-100, 2002.<\/p>\n<p>&nbsp;<\/p>\n<p>&nbsp;<\/p>\n<p>&nbsp;<\/p>\n<p>&nbsp;<\/p>\n<p>&nbsp;<\/p>\n<p>&nbsp;<\/p>\n<p>&nbsp;<\/p>\n<p>&nbsp;<\/p>\n<p>&nbsp;<\/p>\n<p>&nbsp;<\/p>\n<p>&nbsp;<\/p>\n","protected":false},"excerpt":{"rendered":"<p>Laser \u201cMode-locked laser operation of Indium-modified KY(WO4)2 single crystal\u201d E. Castellano-Hern\u00e1ndez, X. Han, M. Rico, L. Roso, C. Cascales, C. Zaldo. Optics Express vol 23, pgs 11135-11140, 2015. (doi: 10.1364\/OE.23.011135). &nbsp; \u201cThermal characterization, crystal field analysis and in-band pumped laser performance of Er doped NaY(WO4)2 disordered laser crystals\u201d. M. D. Serrano, C. Cascales, X. Han, &hellip; <\/p>\n<p class=\"link-more\"><a href=\"https:\/\/wp.icmm.csic.es\/realm\/publications-laser\/\" class=\"more-link\">Continuar leyendo<span class=\"screen-reader-text\"> \u00abPublications laser\u00bb<\/span><\/a><\/p>\n","protected":false},"author":51,"featured_media":0,"parent":0,"menu_order":0,"comment_status":"closed","ping_status":"closed","template":"","meta":{"footnotes":""},"class_list":["post-119","page","type-page","status-publish","hentry"],"_links":{"self":[{"href":"https:\/\/wp.icmm.csic.es\/realm\/wp-json\/wp\/v2\/pages\/119","targetHints":{"allow":["GET"]}}],"collection":[{"href":"https:\/\/wp.icmm.csic.es\/realm\/wp-json\/wp\/v2\/pages"}],"about":[{"href":"https:\/\/wp.icmm.csic.es\/realm\/wp-json\/wp\/v2\/types\/page"}],"author":[{"embeddable":true,"href":"https:\/\/wp.icmm.csic.es\/realm\/wp-json\/wp\/v2\/users\/51"}],"replies":[{"embeddable":true,"href":"https:\/\/wp.icmm.csic.es\/realm\/wp-json\/wp\/v2\/comments?post=119"}],"version-history":[{"count":0,"href":"https:\/\/wp.icmm.csic.es\/realm\/wp-json\/wp\/v2\/pages\/119\/revisions"}],"wp:attachment":[{"href":"https:\/\/wp.icmm.csic.es\/realm\/wp-json\/wp\/v2\/media?parent=119"}],"curies":[{"name":"wp","href":"https:\/\/api.w.org\/{rel}","templated":true}]}}