{"id":282,"date":"2018-01-31T12:15:20","date_gmt":"2018-01-31T12:15:20","guid":{"rendered":"http:\/\/www.icmm.csic.es\/realm\/?page_id=282"},"modified":"2025-08-05T17:35:00","modified_gmt":"2025-08-05T17:35:00","slug":"publications-upconversion","status":"publish","type":"page","link":"https:\/\/wp.icmm.csic.es\/realm\/publications-upconversion\/","title":{"rendered":"Publications upconversion"},"content":{"rendered":"<p><strong>Yb3+, Er3+, Tm3+ co-doped \u03b2\u2019Gd2(MoO4)3 for high sensitivity luminescence thermometry spanning from 300 to 890 K<\/strong>, C. Alarc\u00f3n-Fern\u00e1ndez, C. Zaldo, C. Cascales, J. Alloys Compds.\u00a0 913, 165180, 2022, https:\/\/doi.org\/10.1016\/j.jallcom.2022.165180<\/p>\n<p><img loading=\"lazy\" decoding=\"async\" class=\"wp-image-611 aligncenter\" src=\"https:\/\/wp.icmm.csic.es\/realm\/wp-content\/uploads\/sites\/28\/2025\/08\/ABSTRACT-GRAPH-THERMO-bGMO-scaled-e1754414901965-300x208.png\" alt=\"\" width=\"392\" height=\"271\" srcset=\"https:\/\/wp.icmm.csic.es\/realm\/wp-content\/uploads\/sites\/28\/2025\/08\/ABSTRACT-GRAPH-THERMO-bGMO-scaled-e1754414901965-300x208.png 300w, https:\/\/wp.icmm.csic.es\/realm\/wp-content\/uploads\/sites\/28\/2025\/08\/ABSTRACT-GRAPH-THERMO-bGMO-scaled-e1754414901965-1024x711.png 1024w, https:\/\/wp.icmm.csic.es\/realm\/wp-content\/uploads\/sites\/28\/2025\/08\/ABSTRACT-GRAPH-THERMO-bGMO-scaled-e1754414901965.png 1068w\" sizes=\"auto, (max-width: 392px) 100vw, 392px\" \/><\/p>\n<p><strong>Upconverting Nanoparticles in Aqueous Media: Not a Dead-End Road. Avoiding Degradation by Using Hydrophobic Polymer Shells<\/strong>, D. Mendez-Gonzalez, V. Torres Vera, I. Zabala Guti\u00e9rrez, C. Gerke, C. Cascales, J. Rubio-Retama, O. G. Calder\u00f3n, S. Melle, M. Laurenti, <em>Small<\/em> 2021, 2105652 , https:\/\/doi.org\/ 10.1002\/smll.202105652<\/p>\n<p><img loading=\"lazy\" decoding=\"async\" class=\"size-medium wp-image-594 aligncenter\" src=\"https:\/\/wp.icmm.csic.es\/realm\/wp-content\/uploads\/sites\/28\/2025\/08\/smll202105652-gra-0001-m-300x273.jpg\" alt=\"\" width=\"300\" height=\"273\" srcset=\"https:\/\/wp.icmm.csic.es\/realm\/wp-content\/uploads\/sites\/28\/2025\/08\/smll202105652-gra-0001-m-300x273.jpg 300w, https:\/\/wp.icmm.csic.es\/realm\/wp-content\/uploads\/sites\/28\/2025\/08\/smll202105652-gra-0001-m.jpg 394w\" sizes=\"auto, (max-width: 300px) 100vw, 300px\" \/><\/p>\n<p>&nbsp;<\/p>\n<p><strong>Efficient Up-conversion in Yb:Er:NaT(XO<sub>4<\/sub>)<sub>2<\/sub> Thermal Nanoprobes. Imaging of their Distribution in a Perfused Mouse<\/strong>, C. Zaldo, M. D. Serrano, \u00a0X. Han, C. Cascales, M. Cantero, L. Montoliu, E. Arza , V. R. Caiolfa, M. \u00a0Zamai, PLOS one 12(5) e0177596, 2017, https:\/\/doi.org\/10.1371\/journal.pone.0177596.<\/p>\n<p><img loading=\"lazy\" decoding=\"async\" class=\"aligncenter wp-image-597 size-large\" src=\"https:\/\/wp.icmm.csic.es\/realm\/wp-content\/uploads\/sites\/28\/2025\/08\/2017-PLOSONE-Efficient-UC-and-imaging-in-a-perfused-mouse-1-1024x742.jpg\" alt=\"\" width=\"525\" height=\"380\" srcset=\"https:\/\/wp.icmm.csic.es\/realm\/wp-content\/uploads\/sites\/28\/2025\/08\/2017-PLOSONE-Efficient-UC-and-imaging-in-a-perfused-mouse-1-1024x742.jpg 1024w, https:\/\/wp.icmm.csic.es\/realm\/wp-content\/uploads\/sites\/28\/2025\/08\/2017-PLOSONE-Efficient-UC-and-imaging-in-a-perfused-mouse-1-300x217.jpg 300w, https:\/\/wp.icmm.csic.es\/realm\/wp-content\/uploads\/sites\/28\/2025\/08\/2017-PLOSONE-Efficient-UC-and-imaging-in-a-perfused-mouse-1-768x556.jpg 768w, https:\/\/wp.icmm.csic.es\/realm\/wp-content\/uploads\/sites\/28\/2025\/08\/2017-PLOSONE-Efficient-UC-and-imaging-in-a-perfused-mouse-1.jpg 1078w\" sizes=\"auto, (max-width: 525px) 100vw, 525px\" \/><\/p>\n<p>&nbsp;<\/p>\n<p><strong>Ultrasmall, water dispersible,\u00a0 TWEEN80 modified Yb:Er:NaGd(WO<sub>4<\/sub>)<sub>2<\/sub>\u00a0 nanoparticles with record upconversion ratiometric thermal sensitivity and their internalization by mesenchymal stem cells,<\/strong> C. Cascales, C. Paino, E. Baz\u00e1n, C. Zaldo. Nanotechnology 28, 185101, 2017,\u00a0 https:\/\/doi.org\/10.1088\/1361-6528\/aa6834.<img loading=\"lazy\" decoding=\"async\" class=\"wp-image-598 aligncenter\" src=\"https:\/\/wp.icmm.csic.es\/realm\/wp-content\/uploads\/sites\/28\/2025\/08\/2017-Nanotechnology-Ultrasmall-water-dispersible-TWEEN80-modified-scaled-e1754411569584-300x146.jpg\" alt=\"\" width=\"508\" height=\"247\" srcset=\"https:\/\/wp.icmm.csic.es\/realm\/wp-content\/uploads\/sites\/28\/2025\/08\/2017-Nanotechnology-Ultrasmall-water-dispersible-TWEEN80-modified-scaled-e1754411569584-300x146.jpg 300w, https:\/\/wp.icmm.csic.es\/realm\/wp-content\/uploads\/sites\/28\/2025\/08\/2017-Nanotechnology-Ultrasmall-water-dispersible-TWEEN80-modified-scaled-e1754411569584-1024x500.jpg 1024w, https:\/\/wp.icmm.csic.es\/realm\/wp-content\/uploads\/sites\/28\/2025\/08\/2017-Nanotechnology-Ultrasmall-water-dispersible-TWEEN80-modified-scaled-e1754411569584-768x375.jpg 768w, https:\/\/wp.icmm.csic.es\/realm\/wp-content\/uploads\/sites\/28\/2025\/08\/2017-Nanotechnology-Ultrasmall-water-dispersible-TWEEN80-modified-scaled-e1754411569584-1536x750.jpg 1536w, https:\/\/wp.icmm.csic.es\/realm\/wp-content\/uploads\/sites\/28\/2025\/08\/2017-Nanotechnology-Ultrasmall-water-dispersible-TWEEN80-modified-scaled-e1754411569584-2048x1000.jpg 2048w\" sizes=\"auto, (max-width: 508px) 100vw, 508px\" \/><\/p>\n<p>&nbsp;<\/p>\n<p><strong>High thermal sensitivity and selectable upconversion color of Ln, Yb:Y<sub>6<\/sub>O<sub>5<\/sub>F<sub>8<\/sub> nanotubes<\/strong>, C. Zaldo and C. Cascales. Physical Chemistry Chemical Physics vol. 16, pgs 23274-23285, 2014. (doi: 10.1039\/c4cp03616f)<\/p>\n<p><strong>White and full colour upconversion film-on-glass displays driven by a single 978 nm laser<\/strong>, X. Han, E. Castellano-Hern\u00e1ndez, J. Hern\u00e1ndez-Rueda, J. Sol\u00eds and C. Zaldo. Optics Express 22, 24111, 2014. (doi: 10.1364\/OE.22.024111)<\/p>\n<p><strong>Nanopatterned PMMA-Yb:Er\/Tm:Lu<sub>2<\/sub>O<sub>3<\/sub> composites with visible upconversion emissions<\/strong>, X. Han, J. Maiz, C. Mijangos, C. Zaldo. Nanotechnology 25, 205302 (7 pgs) \u00a02014. (doi:10.1088\/0957-4484\/25\/20\/205302).<\/p>\n<p><strong>Enhanced upconversion multicolor and white light luminescence in SiO<sub>2<\/sub>-coated lanthanide-doped GdVO<sub>4<\/sub> hydrothermal nanocrystals<\/strong>, R. Calder\u00f3n-Villajos, C. Zaldo and C. Cascales. Nanotechnology vol. 23, N\u00ba 505205, \u00a02012. (doi: 10.1088\/0957-4484\/23\/50\/505205).<\/p>\n<p><strong>Photoluminescence and up-conversion of Er<sup>3+<\/sup> in tetragonal NaBi(XO<sub>4<\/sub>)<sub>2<\/sub> X= Mo or W, scheelites,<\/strong>\u00a0M. Rico, V. Volkov and C. Zaldo, J. Alloys Compds. 323-324, 806-810, 2001.<\/p>\n<p><strong>Yb sensitising of Er<sup>3+<\/sup> up-conversion emission in KGd(WO<sub>4<\/sub>)<sub>2<\/sub>:Er:Yb single crystals<\/strong>,\u00a0 M. Rico, M. C. Pujol, X. Mateos, J. Massons, C. Zaldo, M. Aguil\u00f3 and F. D\u00edaz. Journal of Alloys and Compounds vol 323-324, 362-366, 2001.<\/p>\n<p><strong>Green up-conversion of Er<sup>3+<\/sup> in KGd(WO<sub>4<\/sub>)<sub>2<\/sub> crystals. Effects of sample orientation and erbium concentration<\/strong>, M. Rico, M. C. Pujol, F. D\u00edaz and C. Zaldo.\u00a0 Applied Physics B\u00a0 vol 72, 157-162, 2001.<\/p>\n<p>&nbsp;<\/p>\n<p>&nbsp;<\/p>\n","protected":false},"excerpt":{"rendered":"<p>Yb3+, Er3+, Tm3+ co-doped \u03b2\u2019Gd2(MoO4)3 for high sensitivity luminescence thermometry spanning from 300 to 890 K, C. Alarc\u00f3n-Fern\u00e1ndez, C. Zaldo, C. Cascales, J. Alloys Compds.\u00a0 913, 165180, 2022, https:\/\/doi.org\/10.1016\/j.jallcom.2022.165180 Upconverting Nanoparticles in Aqueous Media: Not a Dead-End Road. Avoiding Degradation by Using Hydrophobic Polymer Shells, D. Mendez-Gonzalez, V. Torres Vera, I. Zabala Guti\u00e9rrez, C. Gerke, &hellip; <\/p>\n<p class=\"link-more\"><a href=\"https:\/\/wp.icmm.csic.es\/realm\/publications-upconversion\/\" class=\"more-link\">Continuar leyendo<span class=\"screen-reader-text\"> \u00abPublications upconversion\u00bb<\/span><\/a><\/p>\n","protected":false},"author":51,"featured_media":0,"parent":0,"menu_order":0,"comment_status":"closed","ping_status":"closed","template":"","meta":{"footnotes":""},"class_list":["post-282","page","type-page","status-publish","hentry"],"_links":{"self":[{"href":"https:\/\/wp.icmm.csic.es\/realm\/wp-json\/wp\/v2\/pages\/282","targetHints":{"allow":["GET"]}}],"collection":[{"href":"https:\/\/wp.icmm.csic.es\/realm\/wp-json\/wp\/v2\/pages"}],"about":[{"href":"https:\/\/wp.icmm.csic.es\/realm\/wp-json\/wp\/v2\/types\/page"}],"author":[{"embeddable":true,"href":"https:\/\/wp.icmm.csic.es\/realm\/wp-json\/wp\/v2\/users\/51"}],"replies":[{"embeddable":true,"href":"https:\/\/wp.icmm.csic.es\/realm\/wp-json\/wp\/v2\/comments?post=282"}],"version-history":[{"count":13,"href":"https:\/\/wp.icmm.csic.es\/realm\/wp-json\/wp\/v2\/pages\/282\/revisions"}],"predecessor-version":[{"id":617,"href":"https:\/\/wp.icmm.csic.es\/realm\/wp-json\/wp\/v2\/pages\/282\/revisions\/617"}],"wp:attachment":[{"href":"https:\/\/wp.icmm.csic.es\/realm\/wp-json\/wp\/v2\/media?parent=282"}],"curies":[{"name":"wp","href":"https:\/\/api.w.org\/{rel}","templated":true}]}}