{"id":122,"date":"2016-10-04T14:14:19","date_gmt":"2016-10-04T14:14:19","guid":{"rendered":"https:\/\/sp2es.wordpress.com\/?page_id=3"},"modified":"2016-10-04T14:14:19","modified_gmt":"2016-10-04T14:14:19","slug":"contact","status":"publish","type":"page","link":"https:\/\/wp.icmm.csic.es\/sp2es\/contact\/","title":{"rendered":"Contact"},"content":{"rendered":"<p>Please\u00a0contact us at <a href=\"mailto:sp2@csic.es\">sp2@csic.es<\/a>.<\/p>\n<p>The organizers,<\/p>\n<p>Andr\u00e9s Castellanos-G\u00f3mez, Rafael Rold\u00e1n and Pablo San-Jose.<\/p>\n<p>&nbsp;<\/p>\n","protected":false},"excerpt":{"rendered":"<p>This is just a short excerpt for the contact&nbsp;page.<\/p>\n","protected":false},"author":1,"featured_media":25,"parent":0,"menu_order":5,"comment_status":"closed","ping_status":"closed","template":"","meta":{"ngg_post_thumbnail":0,"footnotes":""},"class_list":["post-122","page","type-page","status-publish","has-post-thumbnail","hentry"],"_links":{"self":[{"href":"https:\/\/wp.icmm.csic.es\/sp2es\/wp-json\/wp\/v2\/pages\/122","targetHints":{"allow":["GET"]}}],"collection":[{"href":"https:\/\/wp.icmm.csic.es\/sp2es\/wp-json\/wp\/v2\/pages"}],"about":[{"href":"https:\/\/wp.icmm.csic.es\/sp2es\/wp-json\/wp\/v2\/types\/page"}],"author":[{"embeddable":true,"href":"https:\/\/wp.icmm.csic.es\/sp2es\/wp-json\/wp\/v2\/users\/1"}],"replies":[{"embeddable":true,"href":"https:\/\/wp.icmm.csic.es\/sp2es\/wp-json\/wp\/v2\/comments?post=122"}],"version-history":[{"count":0,"href":"https:\/\/wp.icmm.csic.es\/sp2es\/wp-json\/wp\/v2\/pages\/122\/revisions"}],"wp:featuredmedia":[{"embeddable":true,"href":"https:\/\/wp.icmm.csic.es\/sp2es\/wp-json\/"}],"wp:attachment":[{"href":"https:\/\/wp.icmm.csic.es\/sp2es\/wp-json\/wp\/v2\/media?parent=122"}],"curies":[{"name":"wp","href":"https:\/\/api.w.org\/{rel}","templated":true}]}}