{"id":56,"date":"2025-03-18T17:54:12","date_gmt":"2025-03-18T17:54:12","guid":{"rendered":"http:\/\/150.244.102.30\/stardust_web\/?page_id=56"},"modified":"2025-10-30T13:09:07","modified_gmt":"2025-10-30T12:09:07","slug":"nanoscience","status":"publish","type":"page","link":"https:\/\/wp.icmm.csic.es\/stardust\/nanoscience\/","title":{"rendered":"Nanoscience"},"content":{"rendered":"\n<div class=\"wp-block-cover alignfull is-light has-contrast-color has-text-color has-link-color wp-elements-dc107f2ed3c23cc5b732846b36cd5ff8\" style=\"margin-top:0;margin-bottom:0;padding-top:var(--wp--preset--spacing--60);padding-right:var(--wp--preset--spacing--50);padding-bottom:var(--wp--preset--spacing--60);padding-left:var(--wp--preset--spacing--50)\"><span aria-hidden=\"true\" class=\"wp-block-cover__background has-base-background-color has-background-dim-100 has-background-dim\"><\/span><div class=\"wp-block-cover__inner-container has-global-padding is-layout-constrained wp-container-core-cover-is-layout-873ee6b1 wp-block-cover-is-layout-constrained\">\n<div class=\"wp-block-columns alignwide is-layout-flex wp-container-core-columns-is-layout-7ee84d44 wp-block-columns-is-layout-flex\">\n<div class=\"wp-block-column is-layout-flow wp-block-column-is-layout-flow\" style=\"flex-basis:98%\">\n<h2 class=\"wp-block-heading has-text-align-left has-text-color has-link-color has-xx-large-font-size wp-elements-abbcac856055a8fd695d9a909a32b53c\" style=\"color:#cc232e;font-style:normal;font-weight:300;letter-spacing:-0.02em;line-height:1.5\"><strong>Nanoscience<\/strong><\/h2>\n\n\n\n<p class=\"is-style-text-subtitle has-link-color has-roboto-slab-font-family wp-elements-33f2840db496e6c90d45e2aa335f571a is-style-text-subtitle--1\" style=\"font-size:clamp(0.984rem, 0.984rem + ((1vw - 0.2rem) * 0.809), 1.5rem);line-height:1.5\">Stardust presents outstanding capabilities for the fabrication of well-controlled, ultrapure nanoparticles with complex architectures and accurate stoichiometry. The sputtering gas aggregation source houses three independent sources that can be arranged in different configurations by varying their relative positions. In this way, single-element, alloy, core-shell, or core-shell-shell nanoparticles can be produced. Additionally, a dedicated gas inlet to the aggregation zone allows for the production of, for instance, metal oxide nanoparticles with adjustable stoichiometry.<\/p>\n\n\n\n<figure data-wp-context=\"{&quot;imageId&quot;:&quot;69d0e7d848e97&quot;}\" data-wp-interactive=\"core\/image\" data-wp-key=\"69d0e7d848e97\" class=\"wp-block-image aligncenter size-large is-resized wp-lightbox-container\"><img loading=\"lazy\" decoding=\"async\" width=\"1024\" height=\"275\" data-wp-class--hide=\"state.isContentHidden\" data-wp-class--show=\"state.isContentVisible\" data-wp-init=\"callbacks.setButtonStyles\" data-wp-on--click=\"actions.showLightbox\" data-wp-on--load=\"callbacks.setButtonStyles\" data-wp-on-window--resize=\"callbacks.setButtonStyles\" src=\"https:\/\/wp.icmm.csic.es\/stardust\/wp-content\/uploads\/sites\/71\/2025\/03\/Screenshot-2025-03-26-at-09.18.24-1024x275.png\" alt=\"\" class=\"wp-image-179\" style=\"width:1042px;height:auto\" srcset=\"https:\/\/wp.icmm.csic.es\/stardust\/wp-content\/uploads\/sites\/71\/2025\/03\/Screenshot-2025-03-26-at-09.18.24-1024x275.png 1024w, https:\/\/wp.icmm.csic.es\/stardust\/wp-content\/uploads\/sites\/71\/2025\/03\/Screenshot-2025-03-26-at-09.18.24-300x81.png 300w, https:\/\/wp.icmm.csic.es\/stardust\/wp-content\/uploads\/sites\/71\/2025\/03\/Screenshot-2025-03-26-at-09.18.24-768x206.png 768w, https:\/\/wp.icmm.csic.es\/stardust\/wp-content\/uploads\/sites\/71\/2025\/03\/Screenshot-2025-03-26-at-09.18.24.png 1110w\" sizes=\"auto, (max-width: 1024px) 100vw, 1024px\" \/><button\n\t\t\tclass=\"lightbox-trigger\"\n\t\t\ttype=\"button\"\n\t\t\taria-haspopup=\"dialog\"\n\t\t\taria-label=\"Agrandar\"\n\t\t\tdata-wp-init=\"callbacks.initTriggerButton\"\n\t\t\tdata-wp-on--click=\"actions.showLightbox\"\n\t\t\tdata-wp-style--right=\"state.imageButtonRight\"\n\t\t\tdata-wp-style--top=\"state.imageButtonTop\"\n\t\t>\n\t\t\t<svg xmlns=\"http:\/\/www.w3.org\/2000\/svg\" width=\"12\" height=\"12\" fill=\"none\" viewBox=\"0 0 12 12\">\n\t\t\t\t<path fill=\"#fff\" d=\"M2 0a2 2 0 0 0-2 2v2h1.5V2a.5.5 0 0 1 .5-.5h2V0H2Zm2 10.5H2a.5.5 0 0 1-.5-.5V8H0v2a2 2 0 0 0 2 2h2v-1.5ZM8 12v-1.5h2a.5.5 0 0 0 .5-.5V8H12v2a2 2 0 0 1-2 2H8Zm2-12a2 2 0 0 1 2 2v2h-1.5V2a.5.5 0 0 0-.5-.5H8V0h2Z\" \/>\n\t\t\t<\/svg>\n\t\t<\/button><\/figure>\n\n\n\n<p class=\"is-style-text-subtitle has-link-color has-roboto-slab-font-family wp-elements-60a5f2929564ca0ec6a283b56c2a762d is-style-text-subtitle--2\" style=\"font-size:clamp(0.984rem, 0.984rem + ((1vw - 0.2rem) * 0.809), 1.5rem);line-height:1.5\">All these capabilities in nanoparticle production are complemented with the ability of nanoparticle deposition on arbitrary surfaces and with a battery of in-situ characterization techniques.<\/p>\n\n\n\n<p class=\"is-style-text-subtitle has-link-color has-roboto-slab-font-family wp-elements-dfe0338a2aeb35d0f1d45f9152c4ba32 is-style-text-subtitle--3\" style=\"font-size:clamp(0.984rem, 0.984rem + ((1vw - 0.2rem) * 0.809), 1.5rem);line-height:1.5\">The range of applications of the nanoparticles are broad including catalysis, sensors, energy, optoelectronics, magnetism and biomedicine.<\/p>\n\n\n\n<div style=\"height:50px\" aria-hidden=\"true\" class=\"wp-block-spacer\"><\/div>\n\n\n\n<hr class=\"wp-block-separator has-alpha-channel-opacity\" \/>\n\n\n\n<p class=\"has-roboto-slab-font-family\" style=\"font-size:clamp(0.984rem, 0.984rem + ((1vw - 0.2rem) * 0.809), 1.5rem);\"><strong>Selected bibliography<\/strong><\/p>\n\n\n\n<ul class=\"wp-block-list\">\n<li class=\"has-link-color has-roboto-slab-font-family has-medium-font-size wp-elements-4f1bfdb9c62de9dbb531875a2b2daa34\">E. Fern\u00e1ndez-Garc\u00eda, P. Merino, N. Gonz\u00e1lez-Rodr\u00edguez, L. Mart\u00ednez, M. del Pozo, J. Prieto, E. Blanco, G. Santoro, C. Quintana, M.D. Petit-Dom\u00ednguez, E. Casero, L. V\u00e1zquez, J. I. Mart\u00ednez and J.A. Mart\u00edn-Gago, \u201c<em>Enhanced Electrocatalysis on Copper Nanostructures: role of the Oxidation State in Sulfite Oxidation<\/em>\u201d ACS Catal. 14, 11522\u221211531 (2024). <a href=\"https:\/\/doi.org\/10.1021\/acscatal.3c05897\">https:\/\/doi.org\/10.1021\/acscatal.3c05897<\/a><\/li>\n\n\n\n<li class=\"has-link-color has-roboto-slab-font-family has-medium-font-size wp-elements-fa400898101d1461a3aa0c72f384e4b3\">N. Daems, D. Choukroun, P. Merino, C. Rettenmaier, L. Pacquets, A. Bergmann, G. Santoro, L. V\u00e1zquez, L. Mart\u00ednez, B. Rold\u00e1n Cuenya, J.A. Mart\u00edn-Gago and T. Breugelmans, \u201c<em>Steering Hydrocarbon Selectivity in CO2 Electroreduction over Soft-Landed CuOx Nanoparticle-Functionalized Gas Diffusion Electrodes<\/em>\u201d, ACS Appl. Mater. Interfaces 14, 2691-2702 (2022). <a href=\"https:\/\/doi.org\/10.1021\/acsami.1c17998\">https:\/\/doi.org\/10.1021\/acsami.1c17998<\/a><\/li>\n\n\n\n<li class=\"has-link-color has-roboto-slab-font-family has-medium-font-size wp-elements-1e8889b9abd5e7aa10a984bee2b15e3a\">L. Mart\u00ednez, K. Lauwaet, G. Santoro, J. M. Sobrado, R. J. Pel\u00e1ez, V. J. Herrero, I. Tanarro, G. Ellis, J. Cernicharo, C. Joblin, Y. Huttel, and J. A. Mart\u00edn-Gago \u201c<em>Precisely controlled fabrication, manipulation and in-situ analysis of Cu based nanoparticles<\/em>\u201d, Sci. Rep. 8, 7250 (2018). <a href=\"https:\/\/doi.org\/10.1038\/s41598-018-25472-y\">https:\/\/doi.org\/10.1038\/s41598-018-25472-y<\/a><\/li>\n<\/ul>\n<\/div>\n<\/div>\n<\/div><\/div>\n","protected":false},"excerpt":{"rendered":"","protected":false},"author":123,"featured_media":0,"parent":0,"menu_order":0,"comment_status":"closed","ping_status":"closed","template":"page-no-title","meta":{"footnotes":""},"class_list":["post-56","page","type-page","status-publish","hentry"],"_links":{"self":[{"href":"https:\/\/wp.icmm.csic.es\/stardust\/wp-json\/wp\/v2\/pages\/56","targetHints":{"allow":["GET"]}}],"collection":[{"href":"https:\/\/wp.icmm.csic.es\/stardust\/wp-json\/wp\/v2\/pages"}],"about":[{"href":"https:\/\/wp.icmm.csic.es\/stardust\/wp-json\/wp\/v2\/types\/page"}],"author":[{"embeddable":true,"href":"https:\/\/wp.icmm.csic.es\/stardust\/wp-json\/wp\/v2\/users\/123"}],"replies":[{"embeddable":true,"href":"https:\/\/wp.icmm.csic.es\/stardust\/wp-json\/wp\/v2\/comments?post=56"}],"version-history":[{"count":2,"href":"https:\/\/wp.icmm.csic.es\/stardust\/wp-json\/wp\/v2\/pages\/56\/revisions"}],"predecessor-version":[{"id":562,"href":"https:\/\/wp.icmm.csic.es\/stardust\/wp-json\/wp\/v2\/pages\/56\/revisions\/562"}],"wp:attachment":[{"href":"https:\/\/wp.icmm.csic.es\/stardust\/wp-json\/wp\/v2\/media?parent=56"}],"curies":[{"name":"wp","href":"https:\/\/api.w.org\/{rel}","templated":true}]}}