{"id":59,"date":"2025-03-18T17:12:12","date_gmt":"2025-03-18T17:12:12","guid":{"rendered":"http:\/\/150.244.102.30\/stardust_web\/?page_id=59"},"modified":"2025-10-17T15:18:21","modified_gmt":"2025-10-17T13:18:21","slug":"astrochemistry","status":"publish","type":"page","link":"https:\/\/wp.icmm.csic.es\/stardust\/astrochemistry\/","title":{"rendered":"Astrochemistry"},"content":{"rendered":"\n<div class=\"wp-block-cover alignfull is-light has-contrast-color has-text-color has-link-color wp-elements-6fef134ebd84ee2460e379b613637e1f\" style=\"margin-top:0;margin-bottom:0;padding-top:var(--wp--preset--spacing--60);padding-right:var(--wp--preset--spacing--50);padding-bottom:var(--wp--preset--spacing--60);padding-left:var(--wp--preset--spacing--50)\"><span aria-hidden=\"true\" class=\"wp-block-cover__background has-base-background-color has-background-dim-100 has-background-dim\"><\/span><div class=\"wp-block-cover__inner-container has-global-padding is-layout-constrained wp-container-core-cover-is-layout-873ee6b1 wp-block-cover-is-layout-constrained\">\n<div class=\"wp-block-columns alignwide is-layout-flex wp-container-core-columns-is-layout-7ee84d44 wp-block-columns-is-layout-flex\">\n<div class=\"wp-block-column is-layout-flow wp-block-column-is-layout-flow\" style=\"flex-basis:100%\">\n<h2 class=\"wp-block-heading has-text-align-left has-text-color has-link-color has-xx-large-font-size wp-elements-2e2b284996bd8be34bbdc27ce31f68d7\" style=\"color:#cc232e;font-style:normal;font-weight:300;letter-spacing:-0.02em;line-height:1.5\"><strong>Astrochemistry<\/strong><\/h2>\n\n\n\n<p class=\"is-style-text-subtitle has-link-color has-roboto-slab-font-family wp-elements-009d7943e8eb463a350ddf82f57485fd is-style-text-subtitle--1\" style=\"font-size:clamp(0.984rem, 0.984rem + ((1vw - 0.2rem) * 0.809), 1.5rem);line-height:1.5\">The formation of cosmic dust in dying stars is a fascinating topic that is still far from being completely understood. Once dust forms, it is expelled toward the interstellar medium (ISM), where it is processed by energetic radiation (UV, cosmic rays, etc.). Once dust reaches the densest part of the ISM, the so-called Dense Molecular Clouds, dust grains are coated with molecular ices (H2O, CO2, CO, CH4, NH3).<\/p>\n\n\n\n<p class=\"is-style-text-subtitle has-link-color has-roboto-slab-font-family wp-elements-10a796ce3094cc9807bbdf8974e1537e is-style-text-subtitle--2\" style=\"font-size:clamp(0.984rem, 0.984rem + ((1vw - 0.2rem) * 0.809), 1.5rem);line-height:1.5\">Stardust is capable of simulating in the laboratory the complete journey of dust nanograins from their formation in evolved stars to their processing in the ISM and in molecular clouds. In particular, in Stardust, dust nanograin analogs are fabricated from atomic precursors and from neutral species, which mimic the process of dust growth in evolved stars. Once formed, the dust analogs can be characterized by a battery of techniques in situ (i.e., without exposing them to air) and deposited on arbitrary substrates. It is also possible to cool down the analogs and process them with UV radiation, ion and electron bombardment, or expose them to gases, atomic H, and atomic O. In addition, molecular ices can be grown on the dust analogs, simulating the ice mantles that coat dust in Dense Molecular Clouds.<\/p>\n\n\n\n<p class=\"is-style-text-subtitle has-link-color has-roboto-slab-font-family wp-elements-7e811bfb1459fb174393a451294513db is-style-text-subtitle--3\" style=\"font-size:clamp(0.984rem, 0.984rem + ((1vw - 0.2rem) * 0.809), 1.5rem);line-height:1.5\">With all these capabilities, Stardust is a world-wide unique experimental station for laboratory astrochemistry and powerful tool for unveiling new physicochemical processes occurring in different environments of space.<\/p>\n\n\n\n<div style=\"height:47px\" aria-hidden=\"true\" class=\"wp-block-spacer\"><\/div>\n\n\n\n<figure class=\"wp-block-image aligncenter size-full is-resized\"><img loading=\"lazy\" decoding=\"async\" width=\"1371\" height=\"702\" src=\"https:\/\/wp.icmm.csic.es\/stardust\/wp-content\/uploads\/sites\/71\/2025\/10\/cosmos.png\" alt=\"\" class=\"wp-image-517\" style=\"width:793px;height:auto\" srcset=\"https:\/\/wp.icmm.csic.es\/stardust\/wp-content\/uploads\/sites\/71\/2025\/10\/cosmos.png 1371w, https:\/\/wp.icmm.csic.es\/stardust\/wp-content\/uploads\/sites\/71\/2025\/10\/cosmos-300x154.png 300w, https:\/\/wp.icmm.csic.es\/stardust\/wp-content\/uploads\/sites\/71\/2025\/10\/cosmos-1024x524.png 1024w, https:\/\/wp.icmm.csic.es\/stardust\/wp-content\/uploads\/sites\/71\/2025\/10\/cosmos-768x393.png 768w\" sizes=\"auto, (max-width: 1371px) 100vw, 1371px\" \/><\/figure>\n\n\n\n<div style=\"height:52px\" aria-hidden=\"true\" class=\"wp-block-spacer\"><\/div>\n\n\n\n<hr class=\"wp-block-separator has-alpha-channel-opacity\" \/>\n\n\n\n<p class=\"has-roboto-font-family\" style=\"font-size:clamp(0.984rem, 0.984rem + ((1vw - 0.2rem) * 0.809), 1.5rem);line-height:1.5\"><strong>Selected bibliography<\/strong><\/p>\n\n\n\n<ul class=\"wp-block-list has-small-font-size\">\n<li class=\"has-link-color has-roboto-slab-font-family has-medium-font-size wp-elements-e4e99d334e856c1055a1928971d13c29\">G. Tajuelo-Castilla, J. I. Mendieta-Moreno, M. Accolla, J.M. Sobrado, S. Canola, P. Jelinek, G. Ellis, J.A. Mart\u00edn-Gago and G. Santoro, <em>\u201cPhotocleavage of aliphatic C-C bonds in the interstellar medium\u201d<\/em> Astrophys. J. 965, 184 (2024). <a href=\"https:\/\/doi.org\/10.3847\/1538-4357\/ad33c4\">https:\/\/doi.org\/10.3847\/1538-4357\/ad33c4<\/a><\/li>\n\n\n\n<li class=\"has-link-color has-roboto-slab-font-family has-medium-font-size wp-elements-30abbe7b4ebfb900f96d6cceb6889546\">G. Santoro, L. Mart\u00ednez, K. Lauwaet, M. Accolla, G. Tajuelo-Castilla, P. Merino, J. M. Sobrado, R. J. Pel\u00e1ez V. J. Herrero, I. Tanarro, A. Mayoral, M. Ag\u00fandez, H. Sabbah, C. Joblin, J. Cernicharo and J. A. Mart\u00edn-Gago, \u201c<em>The chemistry of cosmic dust analogues from C, C<sub>2<\/sub> and C<sub>2<\/sub>H<sub>2<\/sub> in C-rich circumstellar envelopes<\/em>\u201d, Astrophys. J. 895, 97 (2020). <a href=\"https:\/\/doi.org\/10.3847\/1538-4357\/ab9086\">https:\/\/doi.org\/10.3847\/1538-4357\/ab9086<\/a>&nbsp;<\/li>\n\n\n\n<li class=\"has-link-color has-roboto-slab-font-family has-medium-font-size wp-elements-44ea896704fd8c1884c21505f1ebe55f\">L. Mart\u00ednez, G. Santoro, P. Merino, M. Accolla, K. Lauwaet, J. Sobrado, H. Sabbah, R. J. Pel\u00e1ez, V. J. Herrero, I. Tanarro, M. Ag\u00fandez, A. Mart\u00edn-Jim\u00e9nez, R. Otero, G. Ellis, C. Joblin, J. Cernicharo and J. A. Mart\u00edn-Gago, \u201c<em>Prevalence of non-aromatic carbonaceous molecules in the inner regions of circumstellar envelopes<\/em>\u201d, Nature Astronomy. 4, 97-105 (2020). <a href=\"https:\/\/doi.org\/10.1038\/s41550-019-0899-4\">https:\/\/doi.org\/10.1038\/s41550-019-0899-4<\/a>&nbsp;<\/li>\n<\/ul>\n<\/div>\n<\/div>\n<\/div><\/div>\n","protected":false},"excerpt":{"rendered":"","protected":false},"author":123,"featured_media":0,"parent":0,"menu_order":0,"comment_status":"closed","ping_status":"closed","template":"page-no-title","meta":{"footnotes":""},"class_list":["post-59","page","type-page","status-publish","hentry"],"_links":{"self":[{"href":"https:\/\/wp.icmm.csic.es\/stardust\/wp-json\/wp\/v2\/pages\/59","targetHints":{"allow":["GET"]}}],"collection":[{"href":"https:\/\/wp.icmm.csic.es\/stardust\/wp-json\/wp\/v2\/pages"}],"about":[{"href":"https:\/\/wp.icmm.csic.es\/stardust\/wp-json\/wp\/v2\/types\/page"}],"author":[{"embeddable":true,"href":"https:\/\/wp.icmm.csic.es\/stardust\/wp-json\/wp\/v2\/users\/123"}],"replies":[{"embeddable":true,"href":"https:\/\/wp.icmm.csic.es\/stardust\/wp-json\/wp\/v2\/comments?post=59"}],"version-history":[{"count":3,"href":"https:\/\/wp.icmm.csic.es\/stardust\/wp-json\/wp\/v2\/pages\/59\/revisions"}],"predecessor-version":[{"id":521,"href":"https:\/\/wp.icmm.csic.es\/stardust\/wp-json\/wp\/v2\/pages\/59\/revisions\/521"}],"wp:attachment":[{"href":"https:\/\/wp.icmm.csic.es\/stardust\/wp-json\/wp\/v2\/media?parent=59"}],"curies":[{"name":"wp","href":"https:\/\/api.w.org\/{rel}","templated":true}]}}