{"id":103,"date":"2012-05-18T10:48:24","date_gmt":"2012-05-18T08:48:24","guid":{"rendered":"http:\/\/www3.icmm.csic.es\/superconductividad\/?page_id=103"},"modified":"2018-02-26T12:21:52","modified_gmt":"2018-02-26T12:21:52","slug":"resistencia-nula","status":"publish","type":"page","link":"https:\/\/wp.icmm.csic.es\/superconductividad\/superconductividad\/resistencia-nula\/","title":{"rendered":"Resistencia nula"},"content":{"rendered":"<p style=\"text-align: justify;\">Durante el paso de la corriente el\u00e9ctrica se producen p\u00e9rdidas de energ\u00eda porque los electrones que forman esta corriente sufren colisiones. A este fen\u00f3meno se le llama resistencia. La energ\u00eda cin\u00e9tica de los electrones se pierde en forma de calor lo que se denomina efecto Joule. El efecto Joule es el mecanismo de funcionamiento de las planchas, tostadoras, estufas el\u00e9ctricas, etc.<\/p>\n<p style=\"text-align: justify;\">Un superconductor no presenta resistencia al paso de corriente. Por lo tanto, un superconductor puede conducir corriente indefinidamente sin p\u00e9rdida de energ\u00eda aunque est\u00e9 desenchufado (<em>perpetuum mobile<\/em>). No contradice ninguna ley de la termodin\u00e1mica porque primero se conecta el superconductor a una fuente de alimentaci\u00f3n y una vez generada la corriente se desconecta. Por lo tanto la energ\u00eda no proviene de la nada sino que se conserva. En diversos laboratorios se ha comprobado que al cabo de los a\u00f1os la corriente no decrece ni el campo magn\u00e9tico creado por ella. Por lo tanto un circuito superconductor se puede utilizar como acumulador de corriente para almacenar energ\u00eda o para crear los campos magn\u00e9ticos m\u00e1s potentes del mundo (v\u00e9ase <a href=\"https:\/\/wp.icmm.csic.es\/superconductividad\/?page_id=24\"> aplicaciones<\/a>). Esta propiedad tan sorprendente no se entendi\u00f3 hasta que se propuso la <a title=\"\u00bfPor qu\u00e9?\" href=\"https:\/\/wp.icmm.csic.es\/superconductividad\/?page_id=63\">teor\u00eda BCS<\/a>.<\/p>\n<p style=\"text-align: justify;\"><a href=\"https:\/\/wp.icmm.csic.es\/superconductividad\/?page_id=669\">Saber m\u00e1s&#8230;<\/a><\/p>\n<p>V\u00eddeo cortes\u00eda de Julien Bobroff, Universit\u00e9 Paris-Sud.<\/p>\n","protected":false},"excerpt":{"rendered":"<p>Durante el paso de la corriente el\u00e9ctrica se producen p\u00e9rdidas de energ\u00eda porque los electrones que forman esta corriente sufren colisiones. A este fen\u00f3meno se le llama resistencia. La energ\u00eda cin\u00e9tica de los electrones se pierde en forma de calor lo que se denomina efecto Joule. El efecto Joule es el mecanismo de funcionamiento de &hellip; <\/p>\n<p class=\"link-more\"><a href=\"https:\/\/wp.icmm.csic.es\/superconductividad\/superconductividad\/resistencia-nula\/\" class=\"more-link\">Continuar leyendo<span class=\"screen-reader-text\"> \u00abResistencia nula\u00bb<\/span><\/a><\/p>\n","protected":false},"author":1,"featured_media":0,"parent":371,"menu_order":1,"comment_status":"closed","ping_status":"closed","template":"","meta":{"ngg_post_thumbnail":0,"footnotes":""},"class_list":["post-103","page","type-page","status-publish","hentry"],"_links":{"self":[{"href":"https:\/\/wp.icmm.csic.es\/superconductividad\/wp-json\/wp\/v2\/pages\/103","targetHints":{"allow":["GET"]}}],"collection":[{"href":"https:\/\/wp.icmm.csic.es\/superconductividad\/wp-json\/wp\/v2\/pages"}],"about":[{"href":"https:\/\/wp.icmm.csic.es\/superconductividad\/wp-json\/wp\/v2\/types\/page"}],"author":[{"embeddable":true,"href":"https:\/\/wp.icmm.csic.es\/superconductividad\/wp-json\/wp\/v2\/users\/1"}],"replies":[{"embeddable":true,"href":"https:\/\/wp.icmm.csic.es\/superconductividad\/wp-json\/wp\/v2\/comments?post=103"}],"version-history":[{"count":2,"href":"https:\/\/wp.icmm.csic.es\/superconductividad\/wp-json\/wp\/v2\/pages\/103\/revisions"}],"predecessor-version":[{"id":1612,"href":"https:\/\/wp.icmm.csic.es\/superconductividad\/wp-json\/wp\/v2\/pages\/103\/revisions\/1612"}],"up":[{"embeddable":true,"href":"https:\/\/wp.icmm.csic.es\/superconductividad\/wp-json\/wp\/v2\/pages\/371"}],"wp:attachment":[{"href":"https:\/\/wp.icmm.csic.es\/superconductividad\/wp-json\/wp\/v2\/media?parent=103"}],"curies":[{"name":"wp","href":"https:\/\/api.w.org\/{rel}","templated":true}]}}