{"id":1156,"date":"2014-02-05T11:35:18","date_gmt":"2014-02-05T10:35:18","guid":{"rendered":"http:\/\/www3.icmm.csic.es\/superconductividad\/?page_id=1156"},"modified":"2018-04-03T08:23:41","modified_gmt":"2018-04-03T08:23:41","slug":"transiciones-de-fases","status":"publish","type":"page","link":"https:\/\/wp.icmm.csic.es\/superconductividad\/fisica-cuantica-y-transiciones\/temperatura\/transiciones-de-fases\/","title":{"rendered":"Transiciones de fases cl\u00e1sicas"},"content":{"rendered":"<p style=\"text-align: justify;\">Uno de los conceptos m\u00e1s poderosos de la f\u00edsica de la materia condensada es la clasificaci\u00f3n de fases seg\u00fan el principio de rotura espont\u00e1nea de simetr\u00eda incluso cuando las interacciones son is\u00f3tropas. Por ejemplo, cuando disminuye la temperatura, un s\u00f3lido cristalino deja de ser homog\u00e9neo y decimos que rompe la simetr\u00eda traslacional. Un <a title=\"Orden magn\u00e9tico\" href=\"https:\/\/wp.icmm.csic.es\/superconductividad\/?page_id=1009\">material magn\u00e9tico<\/a> rompe la simetr\u00eda de rotaci\u00f3n de <a title=\"Fermiones, bosones y anyones\" href=\"http:\/\/www3.icmm.csic.es\/superconductividad\/?page_id=742\">spin <\/a>y un material superconductor rompe una simetr\u00eda m\u00e1s sutil denominada simetr\u00eda \u201cgauge\u201d lo que da lugar a nuevos fen\u00f3menos tales como el <a title=\"Historia\" href=\"https:\/\/wp.icmm.csic.es\/superconductividad\/?page_id=14\">efecto Josephson<\/a>.<\/p>\n<p style=\"text-align: justify;\">Las fases con rotura de simetr\u00eda se caracterizan con un \u201cpar\u00e1metro de orden\u201d que es una cantidad diferente de cero en el estado ordenado. Puede describirse con la teor\u00eda de <a title=\"Historia\" href=\"https:\/\/wp.icmm.csic.es\/superconductividad\/?page_id=14\">Ginzburg-Landau<\/a>. En el caso del material magn\u00e9tico el par\u00e1metro de orden ser\u00eda la <a title=\"Orden magn\u00e9tico\" href=\"http:\/\/www3.icmm.csic.es\/superconductividad\/?page_id=1009\">magnetizaci\u00f3n<\/a> y en el caso del material superconductor ser\u00eda el <a title=\"Gap superconductor\" href=\"https:\/\/wp.icmm.csic.es\/superconductividad\/?page_id=1191\">par\u00e1metro de orden superconductor<\/a>, directamente relacionado al <a title=\"Gap superconductor\" href=\"https:\/\/wp.icmm.csic.es\/superconductividad\/?page_id=1191\">gap superconductor<\/a>. Esta teor\u00eda se utiliza ampliamente para entender fases de la materia.<\/p>\n<p style=\"text-align: justify;\">Existen transiciones de fase que ocurren a temperatura cero pero tienen consecuencias a temperatura distinta de cero. Se las denomina\u00a0<a title=\"Transiciones de fase cu\u00e1nticas\" href=\"https:\/\/wp.icmm.csic.es\/superconductividad\/?page_id=805\">transiciones de fase cu\u00e1nticas<\/a> y son un campo de investigaci\u00f3n muy activo.<\/p>\n<p style=\"text-align: justify;\">Recientemente ha ocurrido una revoluci\u00f3n en f\u00edsica por la propuesta y confirmaci\u00f3n experimental de fases que no se pueden clasificar seg\u00fan la teor\u00eda de Ginzburg Landau denominadas <a title=\"Fases topol\u00f3gicas\" href=\"https:\/\/wp.icmm.csic.es\/superconductividad\/?page_id=1163\">fases topol\u00f3gicas<\/a>.<\/p>\n<p style=\"text-align: justify;\">\n","protected":false},"excerpt":{"rendered":"<p>Uno de los conceptos m\u00e1s poderosos de la f\u00edsica de la materia condensada es la clasificaci\u00f3n de fases seg\u00fan el principio de rotura espont\u00e1nea de simetr\u00eda incluso cuando las interacciones son is\u00f3tropas. Por ejemplo, cuando disminuye la temperatura, un s\u00f3lido cristalino deja de ser homog\u00e9neo y decimos que rompe la simetr\u00eda traslacional. Un material magn\u00e9tico &hellip; <\/p>\n<p class=\"link-more\"><a href=\"https:\/\/wp.icmm.csic.es\/superconductividad\/fisica-cuantica-y-transiciones\/temperatura\/transiciones-de-fases\/\" class=\"more-link\">Continuar leyendo<span class=\"screen-reader-text\"> \u00abTransiciones de fases cl\u00e1sicas\u00bb<\/span><\/a><\/p>\n","protected":false},"author":1,"featured_media":0,"parent":69,"menu_order":2,"comment_status":"closed","ping_status":"closed","template":"","meta":{"ngg_post_thumbnail":0,"footnotes":""},"class_list":["post-1156","page","type-page","status-publish","hentry"],"_links":{"self":[{"href":"https:\/\/wp.icmm.csic.es\/superconductividad\/wp-json\/wp\/v2\/pages\/1156","targetHints":{"allow":["GET"]}}],"collection":[{"href":"https:\/\/wp.icmm.csic.es\/superconductividad\/wp-json\/wp\/v2\/pages"}],"about":[{"href":"https:\/\/wp.icmm.csic.es\/superconductividad\/wp-json\/wp\/v2\/types\/page"}],"author":[{"embeddable":true,"href":"https:\/\/wp.icmm.csic.es\/superconductividad\/wp-json\/wp\/v2\/users\/1"}],"replies":[{"embeddable":true,"href":"https:\/\/wp.icmm.csic.es\/superconductividad\/wp-json\/wp\/v2\/comments?post=1156"}],"version-history":[{"count":2,"href":"https:\/\/wp.icmm.csic.es\/superconductividad\/wp-json\/wp\/v2\/pages\/1156\/revisions"}],"predecessor-version":[{"id":1688,"href":"https:\/\/wp.icmm.csic.es\/superconductividad\/wp-json\/wp\/v2\/pages\/1156\/revisions\/1688"}],"up":[{"embeddable":true,"href":"https:\/\/wp.icmm.csic.es\/superconductividad\/wp-json\/wp\/v2\/pages\/69"}],"wp:attachment":[{"href":"https:\/\/wp.icmm.csic.es\/superconductividad\/wp-json\/wp\/v2\/media?parent=1156"}],"curies":[{"name":"wp","href":"https:\/\/api.w.org\/{rel}","templated":true}]}}