{"id":1173,"date":"2014-02-06T12:19:58","date_gmt":"2014-02-06T11:19:58","guid":{"rendered":"http:\/\/www3.icmm.csic.es\/superconductividad\/?page_id=1173"},"modified":"2018-02-26T12:44:16","modified_gmt":"2018-02-26T12:44:16","slug":"superconductores-topologicos","status":"publish","type":"page","link":"https:\/\/wp.icmm.csic.es\/superconductividad\/materiales-superconductores\/superconductores-topologicos\/","title":{"rendered":"Superconductores topol\u00f3gicos y fermiones de Majorana"},"content":{"rendered":"<p>La superconductividad topol\u00f3gica es una\u00a0<a title=\"Fases topol\u00f3gicas\" href=\"https:\/\/wp.icmm.csic.es\/superconductividad\/?page_id=1163\">fase topol\u00f3gica<\/a>. Estas fases\u00a0han despertado mucho inter\u00e9s cient\u00edfico recientemente. \u00a0En el caso del superconductor topol\u00f3gico adem\u00e1s de su ex\u00f3tico car\u00e1cter topol\u00f3gico sus excitaciones son <em>fermiones de Majorana<\/em>.<\/p>\n<p>En f\u00edsica de altas energ\u00edas un fermi\u00f3n de Majorana es una part\u00edcula que es a su vez su antipart\u00edcula.\u00a0 Mientras que no est\u00e1 del todo claro que existan en la naturaleza fermiones de Majorana, si parece que puedan existir como excitaciones \u00a0de baja energ\u00eda (denominadas cuasipart\u00edculas) en ciertos sistemas. Un fermi\u00f3n de Majorana ser\u00eda entonces una cuasipart\u00edcula que es su propia anti-cuasipart\u00edcula (es decir, es una superposici\u00f3n en partes iguales de una cuasipart\u00edcula y una anti-cuasipart\u00edcula). El inter\u00e9s en estos extra\u00f1os fermiones radica en su ex\u00f3tica f\u00edsica estad\u00edstica. En vez de ser <a title=\"Fermiones, bosones y anyones\" href=\"https:\/\/wp.icmm.csic.es\/superconductividad\/?page_id=742\">fermiones o bosones<\/a> como la materia ordinaria, son <a title=\"Fermiones, bosones y anyones\" href=\"https:\/\/wp.icmm.csic.es\/superconductividad\/?page_id=742\">anyones<\/a> no abelianos lo que significa que el intercambio de part\u00edculas no es una operaci\u00f3n trivial y en general no conmuta.<\/p>\n<p>Un <a title=\"Fermiones, bosones y anyones\" href=\"https:\/\/wp.icmm.csic.es\/superconductividad\/?page_id=742\">fermi\u00f3n<\/a> normal se puede expresar como superposici\u00f3n de dos fermiones de Majorana. Esta propiedad junto con la robustez de los estados topol\u00f3gicos, puede tener aplicaciones en computaci\u00f3n cu\u00e1ntica.<\/p>\n<p>Las excitaciones de un superconductor se denominan excitaciones de Bogoliubov y est\u00e1n formadas por la superposici\u00f3n de una cuasipart\u00edcula y una anti-cuasipart\u00edcula. En general no son fermiones de Majorana porque en estos \u00faltimos la superposici\u00f3n tiene que ser a partes iguales. Esta situaci\u00f3n se da en algunos superconductores especiales como los de <a title=\"Gap superconductor\" href=\"https:\/\/wp.icmm.csic.es\/superconductividad\/?page_id=1191\">tipo p<\/a>. La existencia de un fermi\u00f3n de Majorana es un <a title=\"Fases topol\u00f3gicas\" href=\"https:\/\/wp.icmm.csic.es\/superconductividad\/?page_id=1163\">invariante topol\u00f3gico<\/a> y existir\u00e1 en todos los sistemas con las mismas propiedades topol\u00f3gicas.<\/p>\n<p>La confirmaci\u00f3n experimental de los superconductores topol\u00f3gicos y de los fermiones de Majorana no es f\u00e1cil. En a\u00f1o 2008 la b\u00fasqueda de los fermiones de Majorana tuvo un fuerte impulso cuando mostraron que un <a title=\"Gap superconductor\" href=\"https:\/\/wp.icmm.csic.es\/superconductividad\/?page_id=1191\">superconductor de tipo p<\/a> podr\u00eda ocurrir en los estados de superficie de un <a title=\"Fases topol\u00f3gicas\" href=\"https:\/\/wp.icmm.csic.es\/superconductividad\/?page_id=1163\">aislante topol\u00f3gico<\/a> cuando se pon\u00eda en contacto con un superconductor de tipo s ordinario. Un candidato prometedor para superconductor topol\u00f3gico con fermiones de Majorana en sus estados de borde es el compuesto Cu<sub>x<\/sub>Bi<sub>2<\/sub>Se<sub>3<\/sub>.<\/p>\n","protected":false},"excerpt":{"rendered":"<p>La superconductividad topol\u00f3gica es una\u00a0fase topol\u00f3gica. Estas fases\u00a0han despertado mucho inter\u00e9s cient\u00edfico recientemente. \u00a0En el caso del superconductor topol\u00f3gico adem\u00e1s de su ex\u00f3tico car\u00e1cter topol\u00f3gico sus excitaciones son fermiones de Majorana. En f\u00edsica de altas energ\u00edas un fermi\u00f3n de Majorana es una part\u00edcula que es a su vez su antipart\u00edcula.\u00a0 Mientras que no est\u00e1 del &hellip; <\/p>\n<p class=\"link-more\"><a href=\"https:\/\/wp.icmm.csic.es\/superconductividad\/materiales-superconductores\/superconductores-topologicos\/\" class=\"more-link\">Continuar leyendo<span class=\"screen-reader-text\"> \u00abSuperconductores topol\u00f3gicos y fermiones de Majorana\u00bb<\/span><\/a><\/p>\n","protected":false},"author":1,"featured_media":0,"parent":456,"menu_order":3,"comment_status":"closed","ping_status":"closed","template":"","meta":{"ngg_post_thumbnail":0,"footnotes":""},"class_list":["post-1173","page","type-page","status-publish","hentry"],"_links":{"self":[{"href":"https:\/\/wp.icmm.csic.es\/superconductividad\/wp-json\/wp\/v2\/pages\/1173","targetHints":{"allow":["GET"]}}],"collection":[{"href":"https:\/\/wp.icmm.csic.es\/superconductividad\/wp-json\/wp\/v2\/pages"}],"about":[{"href":"https:\/\/wp.icmm.csic.es\/superconductividad\/wp-json\/wp\/v2\/types\/page"}],"author":[{"embeddable":true,"href":"https:\/\/wp.icmm.csic.es\/superconductividad\/wp-json\/wp\/v2\/users\/1"}],"replies":[{"embeddable":true,"href":"https:\/\/wp.icmm.csic.es\/superconductividad\/wp-json\/wp\/v2\/comments?post=1173"}],"version-history":[{"count":3,"href":"https:\/\/wp.icmm.csic.es\/superconductividad\/wp-json\/wp\/v2\/pages\/1173\/revisions"}],"predecessor-version":[{"id":1631,"href":"https:\/\/wp.icmm.csic.es\/superconductividad\/wp-json\/wp\/v2\/pages\/1173\/revisions\/1631"}],"up":[{"embeddable":true,"href":"https:\/\/wp.icmm.csic.es\/superconductividad\/wp-json\/wp\/v2\/pages\/456"}],"wp:attachment":[{"href":"https:\/\/wp.icmm.csic.es\/superconductividad\/wp-json\/wp\/v2\/media?parent=1173"}],"curies":[{"name":"wp","href":"https:\/\/api.w.org\/{rel}","templated":true}]}}