{"id":1276,"date":"2014-02-13T11:31:01","date_gmt":"2014-02-13T10:31:01","guid":{"rendered":"http:\/\/www3.icmm.csic.es\/superconductividad\/?page_id=1276"},"modified":"2018-02-26T13:31:38","modified_gmt":"2018-02-26T13:31:38","slug":"fisica-cuantica-y-transiciones","status":"publish","type":"page","link":"https:\/\/wp.icmm.csic.es\/superconductividad\/fisica-cuantica-y-transiciones\/","title":{"rendered":"F\u00edsica cu\u00e1ntica y transiciones de fase"},"content":{"rendered":"<p>La\u00a0<a href=\"https:\/\/wp.icmm.csic.es\/superconductividad\/?page_id=436\">f\u00edsica cu\u00e1ntica<\/a> y las <a href=\"https:\/\/wp.icmm.csic.es\/superconductividad\/?page_id=69\">transiciones de fase<\/a> son clave para entender e investigar la superconductividad y, en general, las propiedades de los materiales. En las siguientes p\u00e1ginas introducimos algunas de las ideas fundamentales que subyacen tras estos fen\u00f3menos.<\/p>\n<p><a href=\"https:\/\/wp.icmm.csic.es\/superconductividad\/?page_id=436\">F\u00edsica Cu\u00e1ntica<\/a><\/p>\n<ul>\n<li><a href=\"https:\/\/wp.icmm.csic.es\/superconductividad\/?page_id=730\">Cuantizaci\u00f3n<\/a><\/li>\n<li><a href=\"https:\/\/wp.icmm.csic.es\/superconductividad\/?page_id=737\">Efecto t\u00fanel<\/a><\/li>\n<li><a href=\"https:\/\/wp.icmm.csic.es\/superconductividad\/?page_id=727\">El principio de incertidumbre de Heisenberg<\/a><\/li>\n<li><a href=\"https:\/\/wp.icmm.csic.es\/superconductividad\/?page_id=742\">Fermiones, bosones y anyones<\/a><\/li>\n<li><a href=\"https:\/\/wp.icmm.csic.es\/superconductividad\/?page_id=749\">Los s\u00f3lidos cristalinos<\/a><\/li>\n<li><a href=\"https:\/\/wp.icmm.csic.es\/superconductividad\/?page_id=1009\">Orden magn\u00e9tico<\/a><\/li>\n<li><a href=\"https:\/\/wp.icmm.csic.es\/superconductividad\/?page_id=756\">Sistemas de electrones fuertemente correlacionados<\/a><\/li>\n<\/ul>\n<p><a href=\"https:\/\/wp.icmm.csic.es\/superconductividad\/?page_id=69\">Temperatura y Transici\u00f3n de Fase<\/a><\/p>\n<ul>\n<li><a href=\"https:\/\/wp.icmm.csic.es\/superconductividad\/?page_id=794\">Fen\u00f3meno emergente<\/a><\/li>\n<li><a href=\"https:\/\/wp.icmm.csic.es\/superconductividad\/?page_id=798\">Diagrama de fases<\/a><\/li>\n<li><a href=\"https:\/\/wp.icmm.csic.es\/superconductividad\/?page_id=1156\">Transiciones de fases cl\u00e1sicas<\/a><\/li>\n<li><a href=\"https:\/\/wp.icmm.csic.es\/superconductividad\/?page_id=805\">Transiciones de fase cu\u00e1nticas<\/a><\/li>\n<li><a href=\"https:\/\/wp.icmm.csic.es\/superconductividad\/?page_id=1163\">Fases topol\u00f3gicas<\/a><\/li>\n<\/ul>\n","protected":false},"excerpt":{"rendered":"<p>La\u00a0f\u00edsica cu\u00e1ntica y las transiciones de fase son clave para entender e investigar la superconductividad y, en general, las propiedades de los materiales. En las siguientes p\u00e1ginas introducimos algunas de las ideas fundamentales que subyacen tras estos fen\u00f3menos. F\u00edsica Cu\u00e1ntica Cuantizaci\u00f3n Efecto t\u00fanel El principio de incertidumbre de Heisenberg Fermiones, bosones y anyones Los s\u00f3lidos &hellip; <\/p>\n<p class=\"link-more\"><a href=\"https:\/\/wp.icmm.csic.es\/superconductividad\/fisica-cuantica-y-transiciones\/\" class=\"more-link\">Continuar leyendo<span class=\"screen-reader-text\"> \u00abF\u00edsica cu\u00e1ntica y transiciones de fase\u00bb<\/span><\/a><\/p>\n","protected":false},"author":1,"featured_media":0,"parent":0,"menu_order":4,"comment_status":"closed","ping_status":"closed","template":"","meta":{"ngg_post_thumbnail":0,"footnotes":""},"class_list":["post-1276","page","type-page","status-publish","hentry"],"_links":{"self":[{"href":"https:\/\/wp.icmm.csic.es\/superconductividad\/wp-json\/wp\/v2\/pages\/1276","targetHints":{"allow":["GET"]}}],"collection":[{"href":"https:\/\/wp.icmm.csic.es\/superconductividad\/wp-json\/wp\/v2\/pages"}],"about":[{"href":"https:\/\/wp.icmm.csic.es\/superconductividad\/wp-json\/wp\/v2\/types\/page"}],"author":[{"embeddable":true,"href":"https:\/\/wp.icmm.csic.es\/superconductividad\/wp-json\/wp\/v2\/users\/1"}],"replies":[{"embeddable":true,"href":"https:\/\/wp.icmm.csic.es\/superconductividad\/wp-json\/wp\/v2\/comments?post=1276"}],"version-history":[{"count":3,"href":"https:\/\/wp.icmm.csic.es\/superconductividad\/wp-json\/wp\/v2\/pages\/1276\/revisions"}],"predecessor-version":[{"id":1649,"href":"https:\/\/wp.icmm.csic.es\/superconductividad\/wp-json\/wp\/v2\/pages\/1276\/revisions\/1649"}],"wp:attachment":[{"href":"https:\/\/wp.icmm.csic.es\/superconductividad\/wp-json\/wp\/v2\/media?parent=1276"}],"curies":[{"name":"wp","href":"https:\/\/api.w.org\/{rel}","templated":true}]}}