{"id":24,"date":"2012-05-17T15:20:53","date_gmt":"2012-05-17T13:20:53","guid":{"rendered":"http:\/\/www3.icmm.csic.es\/superconductividad\/?page_id=24"},"modified":"2018-02-26T12:54:25","modified_gmt":"2018-02-26T12:54:25","slug":"aplicaciones","status":"publish","type":"page","link":"https:\/\/wp.icmm.csic.es\/superconductividad\/aplicaciones\/","title":{"rendered":"Aplicaciones"},"content":{"rendered":"<p style=\"text-align: justify;\">Los superconductores tienen numerosas aplicaciones. Actualmente, los imanes m\u00e1s potentes se fabrican con bobinas de cables superconductores (electroimanes superconductores). Este es el caso de los imanes que se utilizan en grandes instalaciones cient\u00edficas, como los aceleradores de part\u00edculas, y en <a href=\"https:\/\/wp.icmm.csic.es\/superconductividad\/?page_id=596\">medicina<\/a>, como los aparatos de resonancia magn\u00e9tica nuclear. Los imanes potentes son tambi\u00e9n un componente importante de los <a href=\"https:\/\/wp.icmm.csic.es\/superconductividad\/?page_id=77\">generadores<\/a> que transforman energ\u00eda mec\u00e1nica en electricidad (como es el caso de los generadores e\u00f3licos e hidr\u00e1ulicos). El uso de imanes producidos por bobinas superconductoras disminuyen las p\u00e9rdidas mec\u00e1nicas en la producci\u00f3n de energ\u00edas alternativas. De esta forma disminuye de forma muy importante el peso y las dimensiones de los motores. \u00a0Adem\u00e1s el uso de generadores superconductores disminuye\u00a0la dependencia en las escasas tierras raras que componen los imanes convencionales.<\/p>\n<p style=\"text-align: justify;\">Con superconductores se pueden tambi\u00e9n fabricar detectores ultrasensibles de campos magn\u00e9ticos utilizando el efecto Josephson. Otras aplicaciones que est\u00e1n en mayor o menor medida en desarrollo son relevantes para la <a href=\"https:\/\/wp.icmm.csic.es\/superconductividad\/?page_id=77\">eficiencia energ\u00e9tica <\/a>(por ej. cables que conducen la electricidad sin p\u00e9rdidas de energ\u00eda) y <a href=\"https:\/\/wp.icmm.csic.es\/superconductividad\/?page_id=594\">transportes <\/a>(trenes que levitan).<\/p>\n<figure id=\"attachment_282\" aria-describedby=\"caption-attachment-282\" style=\"width: 500px\" class=\"wp-caption aligncenter\"><a href=\"https:\/\/wp.icmm.csic.es\/superconductividad\/wp-content\/uploads\/sites\/17\/2012\/05\/maglev.jpg\"><img loading=\"lazy\" decoding=\"async\" class=\"size-full wp-image-282\" title=\"maglev\" src=\"https:\/\/wp.icmm.csic.es\/superconductividad\/wp-content\/uploads\/sites\/17\/2012\/05\/maglev.jpg\" alt=\"Maglev train\" width=\"500\" height=\"271\" srcset=\"https:\/\/wp.icmm.csic.es\/superconductividad\/wp-content\/uploads\/sites\/17\/2012\/05\/maglev.jpg 500w, https:\/\/wp.icmm.csic.es\/superconductividad\/wp-content\/uploads\/sites\/17\/2012\/05\/maglev-300x163.jpg 300w\" sizes=\"auto, (max-width: 500px) 100vw, 500px\" \/><\/a><figcaption id=\"caption-attachment-282\" class=\"wp-caption-text\">Tren superconductor<\/figcaption><\/figure>\n<p style=\"text-align: justify;\">Para poder desarrollar todo el potencial de los superconductores necesitamos a\u00fan superar ciertos <a href=\"https:\/\/wp.icmm.csic.es\/superconductividad\/?page_id=487\">retos<\/a> relacionados con los par\u00e1metros cr\u00edticos de los superconductores y con la propia producci\u00f3n de los materiales.<\/p>\n<div><\/div>\n","protected":false},"excerpt":{"rendered":"<p>Los superconductores tienen numerosas aplicaciones. Actualmente, los imanes m\u00e1s potentes se fabrican con bobinas de cables superconductores (electroimanes superconductores). Este es el caso de los imanes que se utilizan en grandes instalaciones cient\u00edficas, como los aceleradores de part\u00edculas, y en medicina, como los aparatos de resonancia magn\u00e9tica nuclear. Los imanes potentes son tambi\u00e9n un componente &hellip; <\/p>\n<p class=\"link-more\"><a href=\"https:\/\/wp.icmm.csic.es\/superconductividad\/aplicaciones\/\" class=\"more-link\">Continuar leyendo<span class=\"screen-reader-text\"> \u00abAplicaciones\u00bb<\/span><\/a><\/p>\n","protected":false},"author":1,"featured_media":0,"parent":0,"menu_order":3,"comment_status":"closed","ping_status":"closed","template":"","meta":{"ngg_post_thumbnail":0,"footnotes":""},"class_list":["post-24","page","type-page","status-publish","hentry"],"_links":{"self":[{"href":"https:\/\/wp.icmm.csic.es\/superconductividad\/wp-json\/wp\/v2\/pages\/24","targetHints":{"allow":["GET"]}}],"collection":[{"href":"https:\/\/wp.icmm.csic.es\/superconductividad\/wp-json\/wp\/v2\/pages"}],"about":[{"href":"https:\/\/wp.icmm.csic.es\/superconductividad\/wp-json\/wp\/v2\/types\/page"}],"author":[{"embeddable":true,"href":"https:\/\/wp.icmm.csic.es\/superconductividad\/wp-json\/wp\/v2\/users\/1"}],"replies":[{"embeddable":true,"href":"https:\/\/wp.icmm.csic.es\/superconductividad\/wp-json\/wp\/v2\/comments?post=24"}],"version-history":[{"count":2,"href":"https:\/\/wp.icmm.csic.es\/superconductividad\/wp-json\/wp\/v2\/pages\/24\/revisions"}],"predecessor-version":[{"id":1644,"href":"https:\/\/wp.icmm.csic.es\/superconductividad\/wp-json\/wp\/v2\/pages\/24\/revisions\/1644"}],"wp:attachment":[{"href":"https:\/\/wp.icmm.csic.es\/superconductividad\/wp-json\/wp\/v2\/media?parent=24"}],"curies":[{"name":"wp","href":"https:\/\/api.w.org\/{rel}","templated":true}]}}