{"id":309,"date":"2012-05-22T16:02:38","date_gmt":"2012-05-22T14:02:38","guid":{"rendered":"http:\/\/www3.icmm.csic.es\/superconductividad\/?page_id=309"},"modified":"2012-05-22T16:02:38","modified_gmt":"2012-05-22T14:02:38","slug":"links","status":"publish","type":"page","link":"https:\/\/wp.icmm.csic.es\/superconductividad\/links\/","title":{"rendered":"Enlaces"},"content":{"rendered":"<p><strong>P\u00e1ginas de divulgaci\u00f3n de superconductividad:<\/strong><\/p>\n<p>&#8211;\u00a0<a href=\"http:\/\/www.superconductivity.eu\/\" target=\"_blank\">www.superconductivity.eu<\/a>\u00a0(en ingl\u00e9s)<\/p>\n<p>&#8211; <a href=\"http:\/\/www.supraconductivite.fr\">http:\/\/www.supraconductivite.fr\/<\/a>\u00a0(misma p\u00e1gina en franc\u00e9s)<\/p>\n<p>&#8211;\u00a0\u00a0<a href=\"http:\/\/www.physicsreimagined.com\/\" target=\"_blank\">www.physicsreimagined.com<\/a>\u00a0(en ingl\u00e9s)<\/p>\n<p>&#8211; <a href=\"http:\/\/www.youtube.com\/user\/citecnomik1\/videos\"> Canal de youtube del Laboratorio de Bajas Temperaturas de la Universidad Aut\u00f3noma de Madrid.<\/a><\/p>\n<p>&#8211; <a href=\"http:\/\/www.aragoninvestiga.org\/Levitacion-magnetica-y-superconductividad\/\">P\u00e1gina de divulgaci\u00f3n sobre levitaci\u00f3n magn\u00e9tica en Arag\u00f3n Investiga.<\/a><\/p>\n<p><strong>P\u00e1ginas de divulgaci\u00f3n relacionadas con la superconductividad:<\/strong><\/p>\n<p>&#8211;\u00a0<a href=\"http:\/\/www.quantumMadeSimple.com\/\" target=\"_blank\">www.quantumMadeSimple.com<\/a>\u00a0(divulgaci\u00f3n sobre f\u00edsica cu\u00e1ntica).<\/p>\n<p>&#8211;\u00a0<a href=\"http:\/\/www.icmm.csic.es\/eng\/outreach\">Divulgaci\u00f3n en el Instituto de Ciencia de Materiales de Madrid<\/a>.<\/p>\n<p><strong>Webs relacionadas con la investigaci\u00f3n en superconductividad:<\/strong><\/p>\n<p>&#8211;\u00a0<a href=\"http:\/\/www.esas.org\">Web de la Sociedad Europea de Superconductividad Aplicada\u00a0<\/a>(en ingl\u00e9s).<\/p>\n<p>&#8211;\u00a0<a href=\"http:\/\/www.ewh.ieee.org\/tc\/csc\/global\/\">Web del foro de Noticias sobre Superconductividad<\/a> (en ingl\u00e9s).<\/p>\n<p>&#8211;\u00a0<a href=\"http:\/\/www.msm.cam.ac.uk\/ascg\/lectures\/\">Lecciones en video sobre superconductividad del grupo de superconductividad aplicada y crio-ciencia de la Universidad de Cambridge<\/a> (en ingl\u00e9s).<\/p>\n","protected":false},"excerpt":{"rendered":"<p>P\u00e1ginas de divulgaci\u00f3n de superconductividad: &#8211;\u00a0www.superconductivity.eu\u00a0(en ingl\u00e9s) &#8211; http:\/\/www.supraconductivite.fr\/\u00a0(misma p\u00e1gina en franc\u00e9s) &#8211;\u00a0\u00a0www.physicsreimagined.com\u00a0(en ingl\u00e9s) &#8211; Canal de youtube del Laboratorio de Bajas Temperaturas de la Universidad Aut\u00f3noma de Madrid. &#8211; P\u00e1gina de divulgaci\u00f3n sobre levitaci\u00f3n magn\u00e9tica en Arag\u00f3n Investiga. P\u00e1ginas de divulgaci\u00f3n relacionadas con la superconductividad: &#8211;\u00a0www.quantumMadeSimple.com\u00a0(divulgaci\u00f3n sobre f\u00edsica cu\u00e1ntica). &#8211;\u00a0Divulgaci\u00f3n en el Instituto de &hellip; <\/p>\n<p class=\"link-more\"><a href=\"https:\/\/wp.icmm.csic.es\/superconductividad\/links\/\" class=\"more-link\">Continuar leyendo<span class=\"screen-reader-text\"> \u00abEnlaces\u00bb<\/span><\/a><\/p>\n","protected":false},"author":1,"featured_media":0,"parent":0,"menu_order":8,"comment_status":"closed","ping_status":"closed","template":"","meta":{"ngg_post_thumbnail":0,"footnotes":""},"class_list":["post-309","page","type-page","status-publish","hentry"],"_links":{"self":[{"href":"https:\/\/wp.icmm.csic.es\/superconductividad\/wp-json\/wp\/v2\/pages\/309","targetHints":{"allow":["GET"]}}],"collection":[{"href":"https:\/\/wp.icmm.csic.es\/superconductividad\/wp-json\/wp\/v2\/pages"}],"about":[{"href":"https:\/\/wp.icmm.csic.es\/superconductividad\/wp-json\/wp\/v2\/types\/page"}],"author":[{"embeddable":true,"href":"https:\/\/wp.icmm.csic.es\/superconductividad\/wp-json\/wp\/v2\/users\/1"}],"replies":[{"embeddable":true,"href":"https:\/\/wp.icmm.csic.es\/superconductividad\/wp-json\/wp\/v2\/comments?post=309"}],"version-history":[{"count":0,"href":"https:\/\/wp.icmm.csic.es\/superconductividad\/wp-json\/wp\/v2\/pages\/309\/revisions"}],"wp:attachment":[{"href":"https:\/\/wp.icmm.csic.es\/superconductividad\/wp-json\/wp\/v2\/media?parent=309"}],"curies":[{"name":"wp","href":"https:\/\/api.w.org\/{rel}","templated":true}]}}