{"id":332,"date":"2012-05-23T11:09:34","date_gmt":"2012-05-23T09:09:34","guid":{"rendered":"http:\/\/www3.icmm.csic.es\/superconductividad\/?page_id=332"},"modified":"2012-05-23T11:09:34","modified_gmt":"2012-05-23T09:09:34","slug":"en-los-medios","status":"publish","type":"page","link":"https:\/\/wp.icmm.csic.es\/superconductividad\/en-los-medios\/","title":{"rendered":"En los medios"},"content":{"rendered":"<p>La superconductividad en el blog \u00abCiencia para llevar\u00bb:\u00a0<a href=\"http:\/\/blogs.20minutos.es\/ciencia-para-llevar-csic\/2015\/04\/08\/superconductividad-fisica-cuantica-que-puedes-ver\/\" target=\"_blank\">Superconductividad: F\u00edsica Cu\u00e1ntica que puedes ver.<\/a><\/p>\n<p>Los superconductores del ICMM en \u00d3rbita Laika #9!! Aqu\u00ed pod\u00e9is ver el v\u00eddeo:<\/p>\n<div>\n<div style=\"font-family: arial,helvetica,sans-serif;font-size: 12px;line-height: 1.833;padding: 5px 0 5px 10px\"><span style=\"float: left;margin-right: 10px\"><img decoding=\"async\" style=\"height: 20px;width: auto;background: transparent;padding: 0;margin: 0\" src=\"http:\/\/img.irtve.es\/css\/rtve.commons\/rtve.header.footer\/i\/logoRTVEes.png\" alt=\"\" \/><\/span> <a style=\"color: #333;font-weight: bold\" title=\"Superconductores\" href=\"http:\/\/www.rtve.es\/alacarta\/videos\/orbita-laika\/orbita-laika-superconductores\/2983836\/\"><strong>Superconductores<\/strong><\/a><\/div>\n<\/div>\n<p>&nbsp;<\/p>\n<p>&nbsp;<\/p>\n<p><img loading=\"lazy\" decoding=\"async\" title=\"logo\" src=\"https:\/\/wp.icmm.csic.es\/superconductividad\/wp-content\/uploads\/sites\/17\/2012\/05\/logo1.png\" alt=\"\" width=\"88\" height=\"91\" \/>Will Smith monta en un patinete superconductor\u00a0en el programa \u00a0<strong>El Hormiguero.\u00a0<\/strong>Para ver el v\u00eddeo pincha\u00a0<a href=\"http:\/\/www.antena3.com\/programas\/el-hormiguero\/secciones\/ciencia-marron\/hacemos-volar-will-smith_2012052300217.html\">aqu\u00ed<\/a>.<\/p>\n<p>En la pel\u00edcula de <strong>Avatar<\/strong> el material que buscan tan ansiosamente en el planeta extraterrestre es un superconductor a temperatura ambiente.<\/p>\n<p>Los superconductores de hierro en <a href=\"http:\/\/www.elconfidencial.com\/tecnologia\/2013-10-10\/a-las-puertas-del-nobel-los-avances-a-los-que-el-higgs-dejo-en-la-cuneta_39285\/\">El Confidencial<\/a><\/p>\n<div><\/div>\n","protected":false},"excerpt":{"rendered":"<p>La superconductividad en el blog \u00abCiencia para llevar\u00bb:\u00a0Superconductividad: F\u00edsica Cu\u00e1ntica que puedes ver. Los superconductores del ICMM en \u00d3rbita Laika #9!! Aqu\u00ed pod\u00e9is ver el v\u00eddeo: Superconductores &nbsp; &nbsp; Will Smith monta en un patinete superconductor\u00a0en el programa \u00a0El Hormiguero.\u00a0Para ver el v\u00eddeo pincha\u00a0aqu\u00ed. En la pel\u00edcula de Avatar el material que buscan tan ansiosamente &hellip; <\/p>\n<p class=\"link-more\"><a href=\"https:\/\/wp.icmm.csic.es\/superconductividad\/en-los-medios\/\" class=\"more-link\">Continuar leyendo<span class=\"screen-reader-text\"> \u00abEn los medios\u00bb<\/span><\/a><\/p>\n","protected":false},"author":1,"featured_media":0,"parent":0,"menu_order":5,"comment_status":"closed","ping_status":"closed","template":"","meta":{"ngg_post_thumbnail":0,"footnotes":""},"class_list":["post-332","page","type-page","status-publish","hentry"],"_links":{"self":[{"href":"https:\/\/wp.icmm.csic.es\/superconductividad\/wp-json\/wp\/v2\/pages\/332","targetHints":{"allow":["GET"]}}],"collection":[{"href":"https:\/\/wp.icmm.csic.es\/superconductividad\/wp-json\/wp\/v2\/pages"}],"about":[{"href":"https:\/\/wp.icmm.csic.es\/superconductividad\/wp-json\/wp\/v2\/types\/page"}],"author":[{"embeddable":true,"href":"https:\/\/wp.icmm.csic.es\/superconductividad\/wp-json\/wp\/v2\/users\/1"}],"replies":[{"embeddable":true,"href":"https:\/\/wp.icmm.csic.es\/superconductividad\/wp-json\/wp\/v2\/comments?post=332"}],"version-history":[{"count":1,"href":"https:\/\/wp.icmm.csic.es\/superconductividad\/wp-json\/wp\/v2\/pages\/332\/revisions"}],"predecessor-version":[{"id":1598,"href":"https:\/\/wp.icmm.csic.es\/superconductividad\/wp-json\/wp\/v2\/pages\/332\/revisions\/1598"}],"wp:attachment":[{"href":"https:\/\/wp.icmm.csic.es\/superconductividad\/wp-json\/wp\/v2\/media?parent=332"}],"curies":[{"name":"wp","href":"https:\/\/api.w.org\/{rel}","templated":true}]}}