{"id":371,"date":"2012-05-25T09:43:27","date_gmt":"2012-05-25T07:43:27","guid":{"rendered":"http:\/\/www3.icmm.csic.es\/superconductividad\/?page_id=371"},"modified":"2018-02-26T12:23:40","modified_gmt":"2018-02-26T12:23:40","slug":"superconductividad","status":"publish","type":"page","link":"https:\/\/wp.icmm.csic.es\/superconductividad\/","title":{"rendered":"Superconductividad"},"content":{"rendered":"<figure id=\"attachment_1470\" aria-describedby=\"caption-attachment-1470\" style=\"width: 600px\" class=\"wp-caption aligncenter\"><a href=\"https:\/\/wp.icmm.csic.es\/superconductividad\/wp-content\/uploads\/sites\/17\/2012\/05\/foto-mural-red.jpg\" rel=\"attachment wp-att-1470\"><img loading=\"lazy\" decoding=\"async\" class=\"wp-image-1470 size-large\" src=\"https:\/\/wp.icmm.csic.es\/superconductividad\/wp-content\/uploads\/sites\/17\/2012\/05\/foto-mural-red-1024x765.jpg\" alt=\"foto-mural-red\" width=\"600\" height=\"448\" srcset=\"https:\/\/wp.icmm.csic.es\/superconductividad\/wp-content\/uploads\/sites\/17\/2012\/05\/foto-mural-red-1024x765.jpg 1024w, https:\/\/wp.icmm.csic.es\/superconductividad\/wp-content\/uploads\/sites\/17\/2012\/05\/foto-mural-red-300x224.jpg 300w, https:\/\/wp.icmm.csic.es\/superconductividad\/wp-content\/uploads\/sites\/17\/2012\/05\/foto-mural-red-768x573.jpg 768w, https:\/\/wp.icmm.csic.es\/superconductividad\/wp-content\/uploads\/sites\/17\/2012\/05\/foto-mural-red.jpg 1500w\" sizes=\"auto, (max-width: 600px) 100vw, 600px\" \/><\/a><figcaption id=\"caption-attachment-1470\" class=\"wp-caption-text\">Superconductividad, por la ilustradora Isabel de Olano<\/figcaption><\/figure>\n<p style=\"text-align: justify;\">A muy\u00a0<a title=\"Temperatura\" href=\"https:\/\/wp.icmm.csic.es\/superconductividad\/?page_id=69\">bajas temperaturas<\/a>\u00a0algunos materiales tales como el plomo y el aluminio cambian radicalmente sus propiedades el\u00e9ctricas y magn\u00e9ticas.\u00a0<a title=\"Resistencia nula\" href=\"https:\/\/wp.icmm.csic.es\/superconductividad\/?page_id=103\">No poseen resistencia el\u00e9ctrica<\/a>\u00a0por lo que el superconductor es un conductor perfecto y la conducci\u00f3n de los electrones se realiza\u00a0<em>sin p\u00e9rdidas de energ\u00eda<\/em>. Los superconductores adem\u00e1s expulsan el campo magn\u00e9tico &#8211;<a href=\"https:\/\/wp.icmm.csic.es\/superconductividad\/?page_id=65\">efecto Meissner<\/a>&#8211; lo que da lugar a fen\u00f3menos de levitaci\u00f3n muy espectaculares.<\/p>\n<p style=\"text-align: justify;\"><a href=\"https:\/\/wp.icmm.csic.es\/superconductividad\/wp-content\/uploads\/sites\/17\/2012\/05\/super5_recorte.png\"><img loading=\"lazy\" decoding=\"async\" class=\"aligncenter\" title=\"super5_recorte\" src=\"https:\/\/wp.icmm.csic.es\/superconductividad\/wp-content\/uploads\/sites\/17\/2012\/05\/super5_recorte.png\" alt=\"\" width=\"422\" height=\"228\" \/><\/a><\/p>\n<p style=\"text-align: justify;\">La superconductividad es una manifestaci\u00f3n de un\u00a0<a href=\"https:\/\/wp.icmm.csic.es\/superconductividad\/?page_id=63\">estado cu\u00e1ntico colectivo<\/a>\u00a0a escala macrosc\u00f3pica en el que<a title=\"Estado cu\u00e1ntico colectivo\" href=\"https:\/\/wp.icmm.csic.es\/superconductividad\/?page_id=707\"> los electrones se unen en una onda cu\u00e1ntica<\/a> que se extiende por todo el material.<\/p>\n<p style=\"text-align: justify;\">Los superconductores ya se usan en m\u00faltiples\u00a0<a title=\"Aplicaciones\" href=\"https:\/\/wp.icmm.csic.es\/superconductividad\/?page_id=24\">aplicaciones<\/a>\u00a0y se prev\u00e9 que jueguen un papel fundamental en las tecnolog\u00edas del futuro pr\u00f3ximo en campos tales como\u00a0la\u00a0<a title=\"Energ\u00eda\" href=\"https:\/\/wp.icmm.csic.es\/superconductividad\/?page_id=77\">energ\u00eda<\/a>,\u00a0<a title=\"Medioambiente: Aerogeneradores superconductores\" href=\"https:\/\/wp.icmm.csic.es\/superconductividad\/?page_id=348\">el medio ambiente<\/a>, el <a title=\"Transportes\" href=\"https:\/\/wp.icmm.csic.es\/superconductividad\/?page_id=594\">transporte<\/a>, la nanotecnolog\u00eda y la <a title=\"Medicina\" href=\"https:\/\/wp.icmm.csic.es\/superconductividad\/?page_id=596\">salud<\/a>.<\/p>\n<p style=\"text-align: justify;\">Conseguir entender a nivel fundamental los superconductores es uno de los\u00a0<a title=\"Historia e investigaci\u00f3n\" href=\"https:\/\/wp.icmm.csic.es\/superconductividad\/?page_id=14\">grandes desaf\u00edos en investigaci\u00f3n<\/a>\u00a0del siglo XXI que podr\u00eda dar lugar a una gran revoluci\u00f3n tecnol\u00f3gica.<\/p>\n","protected":false},"excerpt":{"rendered":"<p>A muy\u00a0bajas temperaturas\u00a0algunos materiales tales como el plomo y el aluminio cambian radicalmente sus propiedades el\u00e9ctricas y magn\u00e9ticas.\u00a0No poseen resistencia el\u00e9ctrica\u00a0por lo que el superconductor es un conductor perfecto y la conducci\u00f3n de los electrones se realiza\u00a0sin p\u00e9rdidas de energ\u00eda. Los superconductores adem\u00e1s expulsan el campo magn\u00e9tico &#8211;efecto Meissner&#8211; lo que da lugar a fen\u00f3menos &hellip; <\/p>\n<p class=\"link-more\"><a href=\"https:\/\/wp.icmm.csic.es\/superconductividad\/\" class=\"more-link\">Continuar leyendo<span class=\"screen-reader-text\"> \u00abSuperconductividad\u00bb<\/span><\/a><\/p>\n","protected":false},"author":1,"featured_media":0,"parent":0,"menu_order":0,"comment_status":"closed","ping_status":"closed","template":"","meta":{"ngg_post_thumbnail":0,"footnotes":""},"class_list":["post-371","page","type-page","status-publish","hentry"],"_links":{"self":[{"href":"https:\/\/wp.icmm.csic.es\/superconductividad\/wp-json\/wp\/v2\/pages\/371","targetHints":{"allow":["GET"]}}],"collection":[{"href":"https:\/\/wp.icmm.csic.es\/superconductividad\/wp-json\/wp\/v2\/pages"}],"about":[{"href":"https:\/\/wp.icmm.csic.es\/superconductividad\/wp-json\/wp\/v2\/types\/page"}],"author":[{"embeddable":true,"href":"https:\/\/wp.icmm.csic.es\/superconductividad\/wp-json\/wp\/v2\/users\/1"}],"replies":[{"embeddable":true,"href":"https:\/\/wp.icmm.csic.es\/superconductividad\/wp-json\/wp\/v2\/comments?post=371"}],"version-history":[{"count":4,"href":"https:\/\/wp.icmm.csic.es\/superconductividad\/wp-json\/wp\/v2\/pages\/371\/revisions"}],"predecessor-version":[{"id":1613,"href":"https:\/\/wp.icmm.csic.es\/superconductividad\/wp-json\/wp\/v2\/pages\/371\/revisions\/1613"}],"wp:attachment":[{"href":"https:\/\/wp.icmm.csic.es\/superconductividad\/wp-json\/wp\/v2\/media?parent=371"}],"curies":[{"name":"wp","href":"https:\/\/api.w.org\/{rel}","templated":true}]}}