{"id":374,"date":"2012-05-30T15:22:17","date_gmt":"2012-05-30T13:22:17","guid":{"rendered":"http:\/\/www3.icmm.csic.es\/superconductividad\/?page_id=374"},"modified":"2018-11-12T12:34:19","modified_gmt":"2018-11-12T12:34:19","slug":"videos","status":"publish","type":"page","link":"https:\/\/wp.icmm.csic.es\/superconductividad\/videos\/","title":{"rendered":"V\u00eddeos"},"content":{"rendered":"<p>Superconductividad en 3 minutos<\/p>\n<p><iframe loading=\"lazy\" src=\"https:\/\/www.youtube.com\/embed\/K-J25u4lQCw\" width=\"560\" height=\"315\" frameborder=\"0\" allowfullscreen=\"allowfullscreen\"><\/iframe><\/p>\n<p>Superconductividad a alta temperatura (en <a href=\"https:\/\/www.youtube.com\/channel\/UCQX_MZRCaluNKxkywkLEgfA\">Date un Vlog<\/a>).<\/p>\n<p><iframe loading=\"lazy\" src=\"https:\/\/www.youtube.com\/embed\/MkuT7NShdiQ\" width=\"560\" height=\"315\" frameborder=\"0\" allowfullscreen=\"allowfullscreen\"><\/iframe><\/p>\n<p>La Superconductividad en Naukas Pro Bilbao 2017<\/p>\n<p><a href=\"http:\/\/euskalpmdeushd-vh.akamaihd.net\/multimediahd\/videos\/2017\/09\/15\/2185346\/20170915_11152500_0010364359_005_001_NAUKAS_PRO__.mp4\"><img loading=\"lazy\" decoding=\"async\" class=\"alignnone wp-image-1680 size-full\" src=\"https:\/\/wp.icmm.csic.es\/superconductividad\/wp-content\/uploads\/sites\/17\/2018\/03\/Naukas_2017.jpg\" alt=\"\" width=\"498\" height=\"286\" srcset=\"https:\/\/wp.icmm.csic.es\/superconductividad\/wp-content\/uploads\/sites\/17\/2018\/03\/Naukas_2017.jpg 498w, https:\/\/wp.icmm.csic.es\/superconductividad\/wp-content\/uploads\/sites\/17\/2018\/03\/Naukas_2017-300x172.jpg 300w\" sizes=\"auto, (max-width: 498px) 100vw, 498px\" \/><\/a><\/p>\n<p>\u00bfQu\u00e9 es un superconductor? <a href=\"https:\/\/www.youtube.com\/channel\/UCns-8DssCBba7M4nu7wk7Aw\" target=\"_blank\" rel=\"noopener\">Date un voltio<\/a> y te enterar\u00e1s.<\/p>\n<p><iframe loading=\"lazy\" src=\"https:\/\/www.youtube.com\/embed\/t9JF8LAIcxA\" width=\"560\" height=\"315\" frameborder=\"0\" allowfullscreen=\"allowfullscreen\"><\/iframe><\/p>\n<p>&nbsp;<\/p>\n<p>Aqu\u00ed ten\u00e9is el link al v\u00eddeo de nuestra participaci\u00f3n en Naukas Bilbao 2015.<\/p>\n<p><a href=\"http:\/\/www.eitb.eus\/es\/get\/multimedia\/screen\/id\/3469540\/tipo\/videos\/divulgacion\/\" target=\"_blank\" rel=\"noopener\"><img loading=\"lazy\" decoding=\"async\" class=\"alignnone wp-image-1658 size-full\" src=\"https:\/\/wp.icmm.csic.es\/superconductividad\/wp-content\/uploads\/sites\/17\/2018\/02\/naukas_superconductividad.jpg\" alt=\"\" width=\"505\" height=\"296\" srcset=\"https:\/\/wp.icmm.csic.es\/superconductividad\/wp-content\/uploads\/sites\/17\/2018\/02\/naukas_superconductividad.jpg 505w, https:\/\/wp.icmm.csic.es\/superconductividad\/wp-content\/uploads\/sites\/17\/2018\/02\/naukas_superconductividad-300x176.jpg 300w\" sizes=\"auto, (max-width: 505px) 100vw, 505px\" \/><\/a><\/p>\n<p><a href=\"https:\/\/www.eitb.eus\/es\/get\/multimedia\/screen\/id\/3469540\/tipo\/videos\/divulgacion\/\" target=\"_blank\" rel=\"noopener\">Naukas Bilbao 2015<\/a><\/p>\n<p>Los superconductores del ICMM en \u00d3rbita Laika #9!! Aqu\u00ed pod\u00e9is ver el v\u00eddeo.<\/p>\n<p><a href=\"http:\/\/www.rtve.es\/alacarta\/videos\/orbita-laika\/orbita-laika-superconductores\/2983836\/\" target=\"_blank\" rel=\"noopener\"><img loading=\"lazy\" decoding=\"async\" class=\"alignnone wp-image-1662 size-full\" src=\"https:\/\/wp.icmm.csic.es\/superconductividad\/wp-content\/uploads\/sites\/17\/2018\/02\/rtve_superconductores2.jpg\" alt=\"\" width=\"630\" height=\"404\" srcset=\"https:\/\/wp.icmm.csic.es\/superconductividad\/wp-content\/uploads\/sites\/17\/2018\/02\/rtve_superconductores2.jpg 630w, https:\/\/wp.icmm.csic.es\/superconductividad\/wp-content\/uploads\/sites\/17\/2018\/02\/rtve_superconductores2-300x192.jpg 300w\" sizes=\"auto, (max-width: 630px) 100vw, 630px\" \/><\/a><img decoding=\"async\" style=\"height: 20px; width: auto; background: transparent; padding: 0; margin: 0;\" src=\"http:\/\/img.irtve.es\/css\/rtve.commons\/rtve.header.footer\/i\/logoRTVEes.png\"><a style=\"color: #333; font-weight: bold;\" title=\"Superconductores\" href=\"http:\/\/www.rtve.es\/alacarta\/videos\/orbita-laika\/orbita-laika-superconductores\/2983836\/\" target=\"_blank\" rel=\"noopener\"><strong>Superconductores<\/strong><\/a><\/p>\n<p><a href=\"https:\/\/www.rtve.es\/drmn\/embed\/video\/2983836\" target=\"_blank\" rel=\"noopener\">\u00d3rbita Laika #9!!<\/a><\/p>\n<p>&nbsp;<\/p>\n<p><a title=\"Levitaci\u00f3n de un im\u00e1n sobre un superconductor de alta temperatura\" href=\"https:\/\/wp.icmm.csic.es\/superconductividad\/?page_id=65\">Levitaci\u00f3n magn\u00e9tica superconductora utilizando un superconductor de tipo-II<\/a>. Se enfr\u00eda con nitr\u00f3geno.<\/p>\n<p><iframe loading=\"lazy\" src=\"https:\/\/www.youtube.com\/embed\/D3rz3mVqQtQ\" width=\"560\" height=\"315\" frameborder=\"0\" allowfullscreen=\"allowfullscreen\"><\/iframe><\/p>\n<p>&nbsp;<\/p>\n<p><a title=\"Levitaci\u00f3n\" href=\"https:\/\/wp.icmm.csic.es\/superconductividad\/?page_id=65\">Efecto Meissner con un superconductor de tipo-I<\/a> As ser la temperatura cr\u00edtica menor es necesario enfriar con helio. Para que se produzca la levitaci\u00f3n estable es necesario un tubo ya que de otra forma el im\u00e1n ir\u00eda a las paredes del recipiente.<\/p>\n<p><iframe loading=\"lazy\" src=\"https:\/\/www.youtube.com\/embed\/l9MYUdYgeXs\" width=\"560\" height=\"315\" frameborder=\"0\" allowfullscreen=\"allowfullscreen\"><\/iframe><\/p>\n<p>&nbsp;<\/p>\n<p>TEDxRetiro: Charla sobre el concepto de emergencia en la Naturaleza y el caso particular de la superconductividad<\/p>\n<p><iframe loading=\"lazy\" src=\"https:\/\/www.youtube.com\/embed\/smVTYMIYxhk\" width=\"560\" height=\"315\" frameborder=\"0\" allowfullscreen=\"allowfullscreen\"><\/iframe><\/p>\n<p>Conferencia invitada en la serie \u00abLos s\u00e1bados en Principia\u00bb del Museo Principia (M\u00e1laga). T\u00edtulo: \u00abLa superconductividad: un problema centenario y un reto cient\u00edfico y tecnol\u00f3gico\u00bb.<\/p>\n<p><iframe loading=\"lazy\" src=\"https:\/\/www.youtube.com\/embed\/YkrzkPFDWN4\" width=\"560\" height=\"315\" frameborder=\"0\" allowfullscreen=\"allowfullscreen\"><\/iframe><\/p>\n<p><a href=\"http:\/\/www.antena3.com\/programas\/el-hormiguero\/secciones\/ciencia-marron\/hacemos-volar-will-smith_2012052300217.html\">Monopat\u00edn superconductor<\/a>: Will Smith monta en un monopat\u00edn superconductor en el programa <strong>El Hormiguero<\/strong>.<\/p>\n<p><a title=\"Resistencia nula\" href=\"https:\/\/wp.icmm.csic.es\/superconductividad\/?page_id=103\">Resistencia nula<\/a><\/p>\n<p><iframe loading=\"lazy\" src=\"https:\/\/www.youtube.com\/embed\/1wHm7WFBo7I\" width=\"560\" height=\"315\" frameborder=\"0\" allowfullscreen=\"allowfullscreen\"><\/iframe><\/p>\n<p>&nbsp;<\/p>\n<p><a title=\"Levitaci\u00f3n\" href=\"https:\/\/wp.icmm.csic.es\/superconductividad\/?page_id=65\"> Effecto Meissner<\/a> En este v\u00eddeo se muestra un im\u00e1n con sus l\u00edneas de campo magn\u00e9tico situado encima de un material superconductor. A una temperatura alta, el superconductor es un conductor normal y permite que el campo magn\u00e9tico lo atraviese. Cuando bajamos la temperatura, el superconductor superconduce y expulsa el campo magn\u00e9tico del im\u00e1n haciendo que levite.<\/p>\n<p><iframe loading=\"lazy\" src=\"https:\/\/www.youtube.com\/embed\/D2AcIrtqimU\" width=\"560\" height=\"315\" frameborder=\"0\" allowfullscreen=\"allowfullscreen\"><\/iframe><\/p>\n<p>&nbsp;<\/p>\n<p><a title=\"Explicaci\u00f3n\" href=\"https:\/\/wp.icmm.csic.es\/superconductividad\/?page_id=63\">Explicaci\u00f3n de la superconductividad<\/a>: condensado de pares de Cooper<\/p>\n<p><iframe loading=\"lazy\" src=\"https:\/\/www.youtube.com\/embed\/O6sukIs0ozk\" width=\"560\" height=\"315\" frameborder=\"0\" allowfullscreen=\"allowfullscreen\"><\/iframe><\/p>\n<div>&nbsp;<\/div>\n","protected":false},"excerpt":{"rendered":"<p>Superconductividad en 3 minutos Superconductividad a alta temperatura (en Date un Vlog). La Superconductividad en Naukas Pro Bilbao 2017 \u00bfQu\u00e9 es un superconductor? Date un voltio y te enterar\u00e1s. &nbsp; Aqu\u00ed ten\u00e9is el link al v\u00eddeo de nuestra participaci\u00f3n en Naukas Bilbao 2015. Naukas Bilbao 2015 Los superconductores del ICMM en \u00d3rbita Laika #9!! Aqu\u00ed &hellip; <\/p>\n<p class=\"link-more\"><a href=\"https:\/\/wp.icmm.csic.es\/superconductividad\/videos\/\" class=\"more-link\">Continuar leyendo<span class=\"screen-reader-text\"> \u00abV\u00eddeos\u00bb<\/span><\/a><\/p>\n","protected":false},"author":1,"featured_media":0,"parent":0,"menu_order":4,"comment_status":"closed","ping_status":"closed","template":"","meta":{"ngg_post_thumbnail":0,"footnotes":""},"class_list":["post-374","page","type-page","status-publish","hentry"],"_links":{"self":[{"href":"https:\/\/wp.icmm.csic.es\/superconductividad\/wp-json\/wp\/v2\/pages\/374","targetHints":{"allow":["GET"]}}],"collection":[{"href":"https:\/\/wp.icmm.csic.es\/superconductividad\/wp-json\/wp\/v2\/pages"}],"about":[{"href":"https:\/\/wp.icmm.csic.es\/superconductividad\/wp-json\/wp\/v2\/types\/page"}],"author":[{"embeddable":true,"href":"https:\/\/wp.icmm.csic.es\/superconductividad\/wp-json\/wp\/v2\/users\/1"}],"replies":[{"embeddable":true,"href":"https:\/\/wp.icmm.csic.es\/superconductividad\/wp-json\/wp\/v2\/comments?post=374"}],"version-history":[{"count":39,"href":"https:\/\/wp.icmm.csic.es\/superconductividad\/wp-json\/wp\/v2\/pages\/374\/revisions"}],"predecessor-version":[{"id":1714,"href":"https:\/\/wp.icmm.csic.es\/superconductividad\/wp-json\/wp\/v2\/pages\/374\/revisions\/1714"}],"wp:attachment":[{"href":"https:\/\/wp.icmm.csic.es\/superconductividad\/wp-json\/wp\/v2\/media?parent=374"}],"curies":[{"name":"wp","href":"https:\/\/api.w.org\/{rel}","templated":true}]}}