{"id":436,"date":"2013-12-04T12:44:35","date_gmt":"2013-12-04T10:44:35","guid":{"rendered":"http:\/\/www3.icmm.csic.es\/superconductividad\/?page_id=436"},"modified":"2018-02-26T08:42:10","modified_gmt":"2018-02-26T08:42:10","slug":"fisica-cuantica","status":"publish","type":"page","link":"https:\/\/wp.icmm.csic.es\/superconductividad\/fisica-cuantica-y-transiciones\/fisica-cuantica\/","title":{"rendered":"F\u00edsica Cu\u00e1ntica"},"content":{"rendered":"<p style=\"text-align: justify;\">La f\u00edsica cu\u00e1ntica es uno de los grandes logros del intelecto humano y es la base de la comprensi\u00f3n de los fen\u00f3menos naturales. La f\u00edsica cl\u00e1sica es un l\u00edmite de la cu\u00e1ntica. La f\u00edsica cu\u00e1ntica explica el \u00e1tomo, el enlace qu\u00edmico, las mol\u00e9culas, la interacci\u00f3n de la luz con las part\u00edculas, la materia\u2026 Aunque la f\u00edsica cu\u00e1ntica describe el mundo a escala at\u00f3mica podemos observar sus consecuencias a escala macrosc\u00f3pica en las propiedades t\u00e9rmicas (como la radiaci\u00f3n), \u00f3pticas (como los colores), el\u00e9ctricas (como la clasificaci\u00f3n entre aislantes, metales y semiconductores en <a href=\"https:\/\/wp.icmm.csic.es\/superconductividad\/?page_id=749\">los s\u00f3lidos cristalinos<\/a>) y magn\u00e9ticas (como el ferromagnetismo, antiferromagnetismo y otros ordenes magn\u00e9ticos de la materia). La f\u00edsica cu\u00e1ntica tiene a su vez importantes aplicaciones tecnol\u00f3gicas como la invenci\u00f3n del transistor y por lo tanto del ordenador y es la base de la mayor\u00eda de la alta tecnolog\u00eda electr\u00f3nica que utilizamos hoy en d\u00eda.<\/p>\n<p style=\"text-align: justify;\">La idea principal es que las part\u00edculas son tambi\u00e9n ondas y las ondas son tambi\u00e9n part\u00edculas. La intuici\u00f3n de que las part\u00edculas sean tambi\u00e9n ondas se la debemos a De Broglie que propuso que la velocidad por la masa (denominado momento en f\u00edsica p=mv) de una part\u00edcula es inversamente proporcional a la longitud de onda (p=h\/\u03bb). El factor proporcional h es la constante de Planck. La hip\u00f3tesis ondulatoria de las part\u00edculas ha sido confirmada numerosas veces en fen\u00f3menos de interferencia.<\/p>\n<p style=\"text-align: justify;\">El electr\u00f3n, por ejemplo, es entonces onda y part\u00edcula a la vez y se describe por una funci\u00f3n de onda que tiene una amplitud y una fase. El cuadrado de la funci\u00f3n de onda nos da la probabilidad de encontrar el electr\u00f3n y su fase se puede observar porque produce fen\u00f3menos de interferencia. La f\u00edsica cu\u00e1ntica es entonces esencialmente probabil\u00edstica en contraste con la f\u00edsica cl\u00e1sica que es determinista.<\/p>\n<p style=\"text-align: justify;\">En f\u00edsica cu\u00e1ntica ya no se pueden usar las ecuaciones de Newton para describir la evoluci\u00f3n de las part\u00edculas sino que la propagaci\u00f3n de la funci\u00f3n de ondas asociada a una part\u00edcula est\u00e1 descrita por la ecuaci\u00f3n de Schr\u00f6dinger.<\/p>\n<p style=\"text-align: justify;\">De la teor\u00eda de la f\u00edsica cu\u00e1ntica se deducen extra\u00f1as consecuencias como el <a href=\"https:\/\/wp.icmm.csic.es\/superconductividad\/?page_id=727\">principio de incertidumbre de Heisenberg<\/a>, <a href=\"https:\/\/wp.icmm.csic.es\/superconductividad\/?page_id=737\">el efecto t\u00fanel<\/a>,<a href=\"https:\/\/wp.icmm.csic.es\/superconductividad\/?page_id=730\"> la cuantizaci\u00f3n<\/a> de propiedades tales como la energ\u00eda o el momento (masa por velocidad) y en sistemas de muchas part\u00edculas su clasificaci\u00f3n en <a href=\"https:\/\/wp.icmm.csic.es\/superconductividad\/?page_id=742\">bosones y fermiones<\/a>, base para la comprensi\u00f3n del mundo que nos rodea.<\/p>\n<p style=\"text-align: justify;\">La superconductividad es uno de los pocos fen\u00f3menos macrosc\u00f3picos que est\u00e1n descritos por una funci\u00f3n de onda que se extiende por todo el material lo que nos ofrece una oportunidad \u00fanica para observar las rarezas de la f\u00edsica cu\u00e1ntica a escala humana. La fase de esa funci\u00f3n de onda es la clave para el uso de superconductores como los detectores m\u00e1s sensibles del campo magn\u00e9tico (SQUID) con importantes <a href=\"https:\/\/wp.icmm.csic.es\/superconductividad\/?page_id=596\">aplicaciones en medicina<\/a>.<\/p>\n<p>&nbsp;<\/p>\n","protected":false},"excerpt":{"rendered":"<p>La f\u00edsica cu\u00e1ntica es uno de los grandes logros del intelecto humano y es la base de la comprensi\u00f3n de los fen\u00f3menos naturales. La f\u00edsica cl\u00e1sica es un l\u00edmite de la cu\u00e1ntica. La f\u00edsica cu\u00e1ntica explica el \u00e1tomo, el enlace qu\u00edmico, las mol\u00e9culas, la interacci\u00f3n de la luz con las part\u00edculas, la materia\u2026 Aunque la &hellip; <\/p>\n<p class=\"link-more\"><a href=\"https:\/\/wp.icmm.csic.es\/superconductividad\/fisica-cuantica-y-transiciones\/fisica-cuantica\/\" class=\"more-link\">Continuar leyendo<span class=\"screen-reader-text\"> \u00abF\u00edsica Cu\u00e1ntica\u00bb<\/span><\/a><\/p>\n","protected":false},"author":1,"featured_media":0,"parent":1276,"menu_order":0,"comment_status":"closed","ping_status":"closed","template":"","meta":{"ngg_post_thumbnail":0,"footnotes":""},"class_list":["post-436","page","type-page","status-publish","hentry"],"_links":{"self":[{"href":"https:\/\/wp.icmm.csic.es\/superconductividad\/wp-json\/wp\/v2\/pages\/436","targetHints":{"allow":["GET"]}}],"collection":[{"href":"https:\/\/wp.icmm.csic.es\/superconductividad\/wp-json\/wp\/v2\/pages"}],"about":[{"href":"https:\/\/wp.icmm.csic.es\/superconductividad\/wp-json\/wp\/v2\/types\/page"}],"author":[{"embeddable":true,"href":"https:\/\/wp.icmm.csic.es\/superconductividad\/wp-json\/wp\/v2\/users\/1"}],"replies":[{"embeddable":true,"href":"https:\/\/wp.icmm.csic.es\/superconductividad\/wp-json\/wp\/v2\/comments?post=436"}],"version-history":[{"count":2,"href":"https:\/\/wp.icmm.csic.es\/superconductividad\/wp-json\/wp\/v2\/pages\/436\/revisions"}],"predecessor-version":[{"id":1587,"href":"https:\/\/wp.icmm.csic.es\/superconductividad\/wp-json\/wp\/v2\/pages\/436\/revisions\/1587"}],"up":[{"embeddable":true,"href":"https:\/\/wp.icmm.csic.es\/superconductividad\/wp-json\/wp\/v2\/pages\/1276"}],"wp:attachment":[{"href":"https:\/\/wp.icmm.csic.es\/superconductividad\/wp-json\/wp\/v2\/media?parent=436"}],"curies":[{"name":"wp","href":"https:\/\/api.w.org\/{rel}","templated":true}]}}