{"id":453,"date":"2013-12-04T12:55:17","date_gmt":"2013-12-04T10:55:17","guid":{"rendered":"http:\/\/www3.icmm.csic.es\/superconductividad\/?page_id=453"},"modified":"2018-02-26T12:50:48","modified_gmt":"2018-02-26T12:50:48","slug":"investigacion-actual","status":"publish","type":"page","link":"https:\/\/wp.icmm.csic.es\/superconductividad\/investigacion\/investigacion-actual\/","title":{"rendered":"Investigaci\u00f3n Actual"},"content":{"rendered":"<p><strong>Investigaci\u00f3n Fundamental en Materiales Superconductores<\/strong><\/p>\n<p>Desde hace m\u00e1s de treinta a\u00f1os la comunidad cient\u00edfica ha dedicado mucho esfuerzo a entender el mecanismo que produce la superconductividad en <a title=\"Superconductores No Convencionales\" href=\"https:\/\/wp.icmm.csic.es\/superconductividad\/?page_id=460\"> los superconductores no convencionales<\/a> y muy especialmente en <a title=\"Superconductores de alta temperatura\" href=\"https:\/\/wp.icmm.csic.es\/superconductividad\/?page_id=929\">los superconductores de alta temperatura cr\u00edtica<\/a>: <a title=\"Cupratos\" href=\"https:\/\/wp.icmm.csic.es\/superconductividad\/?page_id=932\">cupratos<\/a> y <a title=\"Superconductores de hierro\" href=\"https:\/\/wp.icmm.csic.es\/superconductividad\/?page_id=935\">superconductores de hierro<\/a>. El estudio se realiza tanto a nivel te\u00f3rico como experimental. Adem\u00e1s de superconductividad estos materiales presentan propiedades an\u00f3malas que suelen estar relacionadas con las fuertes interacciones entre los electrones y en muchos casos presentan estados magn\u00e9ticos.<\/p>\n<p>A nivel experimental se miden sus propiedades en laboratorios utilizando gran variedad de t\u00e9cnicas: fotoemisi\u00f3n, microscop\u00eda de efecto t\u00fanel, resonancia magn\u00e9tica nuclear, conductividad \u00f3ptica, espectroscop\u00eda Raman, espectroscop\u00eda de neutrones, resistividad, conductividad t\u00e9rmica, oscilaciones cu\u00e1nticas, aplicando presi\u00f3n, etc. Con estas t\u00e9cnicas se toman medidas, generalmente en peque\u00f1os cristales, tanto en el estado superconductor, como en el estado normal met\u00e1lico y en el magn\u00e9tico. Desde el punto de vista te\u00f3rico se proponen modelos, se calculan las propiedades que se esperan de estos modelos y se comparan con las que se observan experimentalmente. Para ello tambi\u00e9n se utilizan t\u00e9cnicas te\u00f3ricas muy variadas.<\/p>\n<p>La dificultad a la hora de entender las propiedades de los superconductores de alta temperatura ha llevado a un gran desarrollo de las t\u00e9cnicas de medici\u00f3n y c\u00e1lculo. Estas t\u00e9cnicas se est\u00e1n aplicando tambi\u00e9n a materiales superconductores que se cre\u00edan entendidos, lo que est\u00e1 permitiendo que se descubran nuevas propiedades.<\/p>\n<p>Tambi\u00e9n se investiga para descubrir <a title=\"Nuevos Superconductores\" href=\"https:\/\/wp.icmm.csic.es\/superconductividad\/?page_id=462\">nuevos materiales superconductores<\/a>. En ocasiones se sintetizan materiales similares a superconductores ya conocidos, en otras la superconductividad se ha descubierto en familias completamente diferentes.<\/p>\n<p>En los \u00faltimos a\u00f1os se ha estudiado la aparici\u00f3n de superconductividad en la interfaz entre dos materiales que forman una heteroestructura. Un campo emergente es el de los <a title=\"Superconductores topol\u00f3gicos\" href=\"https:\/\/wp.icmm.csic.es\/superconductividad\/?page_id=1173\">superconductores topol\u00f3gicos<\/a>.<\/p>\n<p><strong>Superconductividad a escala nanom\u00e9trica <\/strong><\/p>\n<p>A nivel nanom\u00e9trico se estudia c\u00f3mo cambian las propiedades de un superconductor cuando una o varias de sus dimensiones se reducen al tama\u00f1o de pocos \u00e1tomos. Tambi\u00e9n se crean hetero-estructuras h\u00edbridas formadas por materiales superconductores y materiales met\u00e1licos, semiconductores o con puntos cu\u00e1nticos y se estudia c\u00f3mo conectar dos tipos de materiales diferentes de dimensi\u00f3n reducida modifica sus propiedades.<\/p>\n<p>En la investigaci\u00f3n de la superconductividad en la nano-escala se trabaja m\u00e1s habitualmente con <a title=\"Superconductores No Convencionales\" href=\"https:\/\/wp.icmm.csic.es\/superconductividad\/?page_id=460\">superconductores convencionales<\/a> como el plomo, el alumnio o el esta\u00f1o, ya que en volumen sus propiedades est\u00e1n mejor entendidas. Muy frecuentemente se estudian propiedades de transporte electr\u00f3nico.<\/p>\n<p>En la \u00faltima d\u00e9cada la superconductividad en la nano-escala se ha estudiado mucho dentro del contexto de la posible aplicaci\u00f3n de dispositivos con uniones Josephson a la computaci\u00f3n cu\u00e1ntica. Una de las ramas m\u00e1s activas en este momento busca detectar en sistemas h\u00edbridos los fermiones de Majorana, una part\u00edcula que es su propia antipart\u00edcula.<\/p>\n<p><strong>Aplicaciones y Optimizaci\u00f3n de Materiales<br \/>\n<\/strong><\/p>\n<p>En el \u00e1mbito de las <a title=\"Aplicaciones\" href=\"https:\/\/wp.icmm.csic.es\/superconductividad\/?page_id=24\">aplicaciones <\/a> gran parte de la investigaci\u00f3n se centra en la<a title=\"Retos\" href=\"https:\/\/wp.icmm.csic.es\/superconductividad\/?page_id=487\"> optimizaci\u00f3n y el abaratamiento de cintas, hilos y l\u00e1minas superconductoras<\/a>, en particular en los procesos de producci\u00f3n y el anclaje de <a title=\"Levitaci\u00f3n\" href=\"https:\/\/wp.icmm.csic.es\/superconductividad\/?page_id=65\">v\u00f3rtices<\/a> que permitan aumentar las <a title=\"Par\u00e1metros Cr\u00edticos\" href=\"https:\/\/wp.icmm.csic.es\/superconductividad\/?page_id=432\">corrientes y campos cr\u00edticos<\/a> que pueden soportar los materiales producidos en condiciones aptas para su comercializaci\u00f3n.<\/p>\n<p>Tambi\u00e9n se trabaja en el desarollo de imanes super-potentes para el acelerador LHC, en detectores de luz superconductores, <a title=\"Material el\u00e9ctrico\" href=\"https:\/\/wp.icmm.csic.es\/superconductividad\/?page_id=820\">limitadores de corriente <\/a>y en generadores, entre otras aplicaciones.<\/p>\n","protected":false},"excerpt":{"rendered":"<p>Investigaci\u00f3n Fundamental en Materiales Superconductores Desde hace m\u00e1s de treinta a\u00f1os la comunidad cient\u00edfica ha dedicado mucho esfuerzo a entender el mecanismo que produce la superconductividad en los superconductores no convencionales y muy especialmente en los superconductores de alta temperatura cr\u00edtica: cupratos y superconductores de hierro. El estudio se realiza tanto a nivel te\u00f3rico como &hellip; <\/p>\n<p class=\"link-more\"><a href=\"https:\/\/wp.icmm.csic.es\/superconductividad\/investigacion\/investigacion-actual\/\" class=\"more-link\">Continuar leyendo<span class=\"screen-reader-text\"> \u00abInvestigaci\u00f3n Actual\u00bb<\/span><\/a><\/p>\n","protected":false},"author":1,"featured_media":0,"parent":616,"menu_order":2,"comment_status":"closed","ping_status":"closed","template":"","meta":{"ngg_post_thumbnail":0,"footnotes":""},"class_list":["post-453","page","type-page","status-publish","hentry"],"_links":{"self":[{"href":"https:\/\/wp.icmm.csic.es\/superconductividad\/wp-json\/wp\/v2\/pages\/453","targetHints":{"allow":["GET"]}}],"collection":[{"href":"https:\/\/wp.icmm.csic.es\/superconductividad\/wp-json\/wp\/v2\/pages"}],"about":[{"href":"https:\/\/wp.icmm.csic.es\/superconductividad\/wp-json\/wp\/v2\/types\/page"}],"author":[{"embeddable":true,"href":"https:\/\/wp.icmm.csic.es\/superconductividad\/wp-json\/wp\/v2\/users\/1"}],"replies":[{"embeddable":true,"href":"https:\/\/wp.icmm.csic.es\/superconductividad\/wp-json\/wp\/v2\/comments?post=453"}],"version-history":[{"count":3,"href":"https:\/\/wp.icmm.csic.es\/superconductividad\/wp-json\/wp\/v2\/pages\/453\/revisions"}],"predecessor-version":[{"id":1641,"href":"https:\/\/wp.icmm.csic.es\/superconductividad\/wp-json\/wp\/v2\/pages\/453\/revisions\/1641"}],"up":[{"embeddable":true,"href":"https:\/\/wp.icmm.csic.es\/superconductividad\/wp-json\/wp\/v2\/pages\/616"}],"wp:attachment":[{"href":"https:\/\/wp.icmm.csic.es\/superconductividad\/wp-json\/wp\/v2\/media?parent=453"}],"curies":[{"name":"wp","href":"https:\/\/api.w.org\/{rel}","templated":true}]}}