{"id":458,"date":"2013-12-04T12:56:50","date_gmt":"2013-12-04T10:56:50","guid":{"rendered":"http:\/\/www3.icmm.csic.es\/superconductividad\/?page_id=458"},"modified":"2018-02-26T12:34:29","modified_gmt":"2018-02-26T12:34:29","slug":"superconductores-convencionales","status":"publish","type":"page","link":"https:\/\/wp.icmm.csic.es\/superconductividad\/materiales-superconductores\/superconductores-convencionales\/","title":{"rendered":"Superconductores Convencionales"},"content":{"rendered":"<p><span style=\"color: #000000;\">La superconductividad se descubri\u00f3 en 1911 en mercurio. Junto al mercurio son muchos los materiales y elementos qu\u00edmicos que se vuelven superconductores al bajar la temperatura. Algunos de estos materiales como el plomo, el aluminio o el esta\u00f1o tienen amplia presencia en nuestra vida cotidiana.<\/span><\/p>\n<p><a href=\"https:\/\/wp.icmm.csic.es\/superconductividad\/wp-content\/uploads\/sites\/17\/2013\/12\/tablaperiodica.jpg\"><img loading=\"lazy\" decoding=\"async\" class=\"aligncenter size-full wp-image-1002\" title=\"tablaperiodica\" src=\"https:\/\/wp.icmm.csic.es\/superconductividad\/wp-content\/uploads\/sites\/17\/2013\/12\/tablaperiodica.jpg\" alt=\"\" width=\"480\" height=\"360\" srcset=\"https:\/\/wp.icmm.csic.es\/superconductividad\/wp-content\/uploads\/sites\/17\/2013\/12\/tablaperiodica.jpg 960w, https:\/\/wp.icmm.csic.es\/superconductividad\/wp-content\/uploads\/sites\/17\/2013\/12\/tablaperiodica-300x225.jpg 300w, https:\/\/wp.icmm.csic.es\/superconductividad\/wp-content\/uploads\/sites\/17\/2013\/12\/tablaperiodica-768x576.jpg 768w\" sizes=\"auto, (max-width: 480px) 100vw, 480px\" \/><\/a><\/p>\n<p><span style=\"color: #000000;\">Los llamados superconductores convencionales se entienden desde que en 1957 <a title=\"Historia\" href=\"https:\/\/wp.icmm.csic.es\/superconductividad\/?page_id=14\">Bardeen, Cooper y Schrieffer<\/a> propusieran su <a title=\"Explicaci\u00f3n BCS\" href=\"https:\/\/wp.icmm.csic.es\/superconductividad\/?page_id=63\">teor\u00eda BCS<\/a>. Adem\u00e1s de proponer que los electrones formaban parejas y que estas parejas se coordinaban entre ellas, nos explicaron que la formaci\u00f3n de parejas se deb\u00eda a la interacci\u00f3n entre los electrones y la red de \u00e1tomos. Que la superconductividad sea debida a las vibraciones de la red de \u00e1tomos es la caracter\u00edstica fundamental de los llamados superconductores convencionales.<\/span><\/p>\n<p>Las temperaturas cr\u00edticas de los superconductores convencionales (<a title=\"Superconductores de alta temperatura\" href=\"https:\/\/wp.icmm.csic.es\/superconductividad\/?page_id=929\">ver gr\u00e1fica de temperaturas cr\u00edticas<\/a>) son bastante bajas. A modo de ejemplo la temperatura cr\u00edtica del aluminio (-271,81\u00ba C) s\u00f3lo est\u00e1 1,19 grados por encima del <a title=\"Temperatura y Transici\u00f3n de Fase\" href=\"https:\/\/wp.icmm.csic.es\/superconductividad\/?page_id=69\">cero absoluto de temperatura<\/a>, la del esta\u00f1o (-269,28\u00ba C) y el plomo (-265,81\u00baC) est\u00e1n respectivamente 3,72 grados y 7,19 grados por encima del cero de temperatura. Algunas aleaciones de esta\u00f1o tienen temperaturas cr\u00edticas algo superiores, entre -255\u00ba y -250\u00ba C, y se usan bastante en la <a title=\"Aplicaciones\" href=\"https:\/\/wp.icmm.csic.es\/superconductividad\/?page_id=24\">fabricaci\u00f3n de imanes<\/a>.<\/p>\n<p><span style=\"text-decoration: underline;\"><strong><span style=\"color: #000000; text-decoration: underline;\">Diboruro de Magnesio<\/span><\/strong><\/span><\/p>\n<p><span style=\"color: #000000;\">Hasta hace unos a\u00f1os se cre\u00eda que la interacci\u00f3n de los electrones con la red era capaz de producir superconductividad solamente a temperaturas de hasta unos -250\u00baC. Sin embargo, en 2001 se descubri\u00f3 que el diboruro de magnesio, un material conocido y de f\u00e1cil s\u00edntesis, superconduc\u00eda hasta temperaturas de -234\u00baC.<\/span><\/p>\n<p><span style=\"color: #000000;\">En el diboruro de magnesio la superconductividad se produce por c\u00f3mo interaccionan los electrones con las vibraciones de la red de \u00e1tomos y por ello suele incluirse dentro de los superconductores convencionales y no dentro de los superconductores de alta temperatura, a pesar de tener una temperatura cr\u00edtica bastante alta.<\/span><\/p>\n<p><span style=\"color: #000000;\">La diferencia principal entre el diboruro de magnesio y los t\u00edpicos superconductores convencionales est\u00e1 en el hecho de que los electrones interaccionan con las vibraciones de la red de dos formas distintas (se dice que hay dos tipos de electrones). La presencia de dos tipos de electrones es en gran medida responsable de la alta temperatura cr\u00edtica. Las propiedades de este material se entendieron r\u00e1pidamente y en poco tiempo se han comenzado a desarrollar aplicaciones.<\/span><\/p>\n","protected":false},"excerpt":{"rendered":"<p>La superconductividad se descubri\u00f3 en 1911 en mercurio. Junto al mercurio son muchos los materiales y elementos qu\u00edmicos que se vuelven superconductores al bajar la temperatura. Algunos de estos materiales como el plomo, el aluminio o el esta\u00f1o tienen amplia presencia en nuestra vida cotidiana. Los llamados superconductores convencionales se entienden desde que en 1957 &hellip; <\/p>\n<p class=\"link-more\"><a href=\"https:\/\/wp.icmm.csic.es\/superconductividad\/materiales-superconductores\/superconductores-convencionales\/\" class=\"more-link\">Continuar leyendo<span class=\"screen-reader-text\"> \u00abSuperconductores Convencionales\u00bb<\/span><\/a><\/p>\n","protected":false},"author":1,"featured_media":0,"parent":456,"menu_order":0,"comment_status":"closed","ping_status":"closed","template":"","meta":{"ngg_post_thumbnail":0,"footnotes":""},"class_list":["post-458","page","type-page","status-publish","hentry"],"_links":{"self":[{"href":"https:\/\/wp.icmm.csic.es\/superconductividad\/wp-json\/wp\/v2\/pages\/458","targetHints":{"allow":["GET"]}}],"collection":[{"href":"https:\/\/wp.icmm.csic.es\/superconductividad\/wp-json\/wp\/v2\/pages"}],"about":[{"href":"https:\/\/wp.icmm.csic.es\/superconductividad\/wp-json\/wp\/v2\/types\/page"}],"author":[{"embeddable":true,"href":"https:\/\/wp.icmm.csic.es\/superconductividad\/wp-json\/wp\/v2\/users\/1"}],"replies":[{"embeddable":true,"href":"https:\/\/wp.icmm.csic.es\/superconductividad\/wp-json\/wp\/v2\/comments?post=458"}],"version-history":[{"count":3,"href":"https:\/\/wp.icmm.csic.es\/superconductividad\/wp-json\/wp\/v2\/pages\/458\/revisions"}],"predecessor-version":[{"id":1622,"href":"https:\/\/wp.icmm.csic.es\/superconductividad\/wp-json\/wp\/v2\/pages\/458\/revisions\/1622"}],"up":[{"embeddable":true,"href":"https:\/\/wp.icmm.csic.es\/superconductividad\/wp-json\/wp\/v2\/pages\/456"}],"wp:attachment":[{"href":"https:\/\/wp.icmm.csic.es\/superconductividad\/wp-json\/wp\/v2\/media?parent=458"}],"curies":[{"name":"wp","href":"https:\/\/api.w.org\/{rel}","templated":true}]}}